{"id":1654,"date":"2025-06-03T11:23:39","date_gmt":"2025-06-03T09:23:39","guid":{"rendered":"https:\/\/agora.xtec.cat\/ifeb\/?page_id=1654"},"modified":"2026-04-30T18:20:28","modified_gmt":"2026-04-30T16:20:28","slug":"llistats-provisionals-dacces","status":"publish","type":"page","link":"https:\/\/agora.xtec.cat\/ifeb\/llistats-provisionals-dacces\/","title":{"rendered":"LLISTATS PROVISIONALS D&#8217;ACC\u00c9S"},"content":{"rendered":"<p><!-- Secci\u00f3 principal --><\/p>\n<section style=\"background-color: #f9f6f8; padding: 2rem; border-radius: 1rem; font-family: 'Segoe UI', sans-serif;\">\n<p style=\"font-size: 1.2rem; color: #4a4a4a; margin-bottom: 1.5rem;\">Consulta en els seg\u00fcents apartats la informaci\u00f3 del <strong>proc\u00e9s de preinscripci\u00f3 i matr\u00edcula del curs 2026-27:<\/strong><\/p>\n<div style=\"display: grid; grid-template-columns: 1fr; gap: 1rem;\">\n<p><a style=\"display: block; background-color: #ffffff; color: #8f2658; text-decoration: none; padding: 1rem 1.5rem; border-radius: 0.75rem; border-left: 5px solid #8f2658; transition: background 0.3s;\" href=\"https:\/\/agora.xtec.cat\/ifeb\/llistats-provisionals-dacces\/publicacio-de-la-llista-provisional-de-sollicituds-pfi-2025-2026\/\"><strong>Llistats P.F.I<\/strong><\/a><\/p>\n<p><a style=\"display: block; background-color: #ffffff; color: #8f2658; text-decoration: none; padding: 1rem 1.5rem; border-radius: 0.75rem; border-left: 5px solid #8f2658; transition: background 0.3s;\" href=\"https:\/\/agora.xtec.cat\/ifeb\/llistats-provisionals-dacces\/publicacio-de-la-llista-provisional-de-sollicituds-formacio-professional-de-grau-basic-2025-2026\/\"><strong>Llistats Formaci\u00f3 Professional de Grau B\u00e0sic<\/strong><br \/><\/a><\/p>\n<div style=\"background-color: #ffffff; color: #8f2658; padding: 1rem 1.5rem; border-radius: 0.75rem; border-left: 5px solid #8f2658;\">\u00a0<a href=\"https:\/\/agora.xtec.cat\/ifeb\/llistats-provisionals-dacces\/publicacio-de-les-llistes-provisionals-amb-barem-dels-cicles-de-grau-mitja-2025-2026\/\"><strong><span style=\"background-color: #ffff00; color: #000000;\">NOVETAT \u00a0<\/span>Llistats Formaci\u00f3 Professional de Grau Mitj\u00e0<\/strong><\/a><\/div>\n<div>\u00a0<\/div>\n<div style=\"background-color: #ffffff; color: #8f2658; padding: 1rem 1.5rem; border-radius: 0.75rem; border-left: 5px solid #8f2658;\"><a href=\"https:\/\/agora.xtec.cat\/ifeb\/llistats-provisionals-dacces\/publicacio-de-les-llistes-provisionals-amb-barem-dels-cicles-de-grau-superior-2025-2026\/\"><strong><span style=\"background-color: #ffff00; color: #000000;\">NOVETAT <\/span>\u00a0Llistats Formaci\u00f3 Professional de Grau Superior<\/strong><\/a><\/div>\n<\/div>\n<\/section>\n<section style=\"background-color: #f9f6f8; padding: 2rem; border-radius: 1rem; font-family: 'Segoe UI', sans-serif;\">\n<div style=\"display: grid; grid-template-columns: 1fr; gap: 1rem;\">\n<div>\n<div style=\"background-color: #ffffff; color: #8f2658; padding: 1rem 1.5rem; border-radius: 0.75rem; border-left: 5px solid #8f2658;\"><strong>\u00a0<a href=\"https:\/\/agora.xtec.cat\/ifeb\/preinscripcio-del-curs-despecialitzacio-master-fp-de-redaccio-de-continguts-digitals\/\">Curs d&#8217;especialitzaci\u00f3 (M\u00e0ster FP) proc\u00e9s de preinscripci\u00f3 <\/a><\/strong><\/div>\n<div>\u00a0<\/div>\n<div>\u00a0<\/div>\n<\/div>\n<\/div>\n<\/section>\n\n<p><!-- Secci\u00f3 principal --><\/p>\n<section style=\"background-color: #f9f6f8; padding: 2rem; border-radius: 1rem; font-family: 'Segoe UI', sans-serif;\">\n<p style=\"font-size: 1.2rem; color: #4a4a4a; margin-bottom: 1.5rem;\">Consulta en els seg\u00fcents apartats la informaci\u00f3 del <strong>proc\u00e9s de preinscripci\u00f3 i matr\u00edcula del curs 2025-26:<\/strong><\/p>\n<div style=\"display: grid; grid-template-columns: 1fr; gap: 1rem;\">\n<p><a style=\"display: block; background-color: #ffffff; color: #8f2658; text-decoration: none; padding: 1rem 1.5rem; border-radius: 0.75rem; border-left: 5px solid #8f2658; transition: background 0.3s;\" href=\"https:\/\/agora.xtec.cat\/ifeb\/llistats-provisionals-dacces\/publicacio-de-la-llista-provisional-de-sollicituds-pfi-2025-2026\/\"><strong>Llistats P.F.I<\/strong><\/a><\/p>\n<p><a style=\"display: block; background-color: #ffffff; color: #8f2658; text-decoration: none; padding: 1rem 1.5rem; border-radius: 0.75rem; border-left: 5px solid #8f2658; transition: background 0.3s;\" href=\"https:\/\/agora.xtec.cat\/ifeb\/llistats-provisionals-dacces\/publicacio-de-la-llista-provisional-de-sollicituds-formacio-professional-de-grau-basic-2025-2026\/\"><strong>Llistats Formaci\u00f3 Professional de Grau B\u00e0sic<\/strong><br \/><\/a><\/p>\n<div style=\"background-color: #ffffff; color: #8f2658; padding: 1rem 1.5rem; border-radius: 0.75rem; border-left: 5px solid #8f2658;\">\u00a0<a href=\"https:\/\/agora.xtec.cat\/ifeb\/llistats-provisionals-dacces\/publicacio-de-les-llistes-provisionals-amb-barem-dels-cicles-de-grau-mitja-2025-2026\/\"><strong><span style=\"background-color: #ffff00; color: #000000;\">NOVETAT \u00a0<\/span>Llistats Formaci\u00f3 Professional de Grau Mitj\u00e0<\/strong><\/a><\/div>\n<div>\u00a0<\/div>\n<div style=\"background-color: #ffffff; color: #8f2658; padding: 1rem 1.5rem; border-radius: 0.75rem; border-left: 5px solid #8f2658;\"><a href=\"https:\/\/agora.xtec.cat\/ifeb\/llistats-provisionals-dacces\/publicacio-de-les-llistes-provisionals-amb-barem-dels-cicles-de-grau-superior-2025-2026\/\"><strong><span style=\"background-color: #ffff00; color: #000000;\">NOVETAT <\/span>\u00a0Llistats Formaci\u00f3 Professional de Grau Superior<\/strong><\/a><\/div>\n<\/div>\n<\/section>\n<section style=\"background-color: #f9f6f8; padding: 2rem; border-radius: 1rem; font-family: 'Segoe UI', sans-serif;\">\n<div style=\"display: grid; grid-template-columns: 1fr; gap: 1rem;\">\n<div>\n<div style=\"background-color: #ffffff; color: #8f2658; padding: 1rem 1.5rem; border-radius: 0.75rem; border-left: 5px solid #8f2658;\"><strong>\u00a0<a href=\"https:\/\/agora.xtec.cat\/ifeb\/preinscripcio-del-curs-despecialitzacio-master-fp-de-redaccio-de-continguts-digitals\/\">Curs d&#8217;especialitzaci\u00f3 (M\u00e0ster FP) proc\u00e9s de preinscripci\u00f3 <\/a><\/strong><\/div>\n<div>\u00a0<\/div>\n<div>\u00a0<\/div>\n<\/div>\n<\/div>\n<\/section>\n\n\n<hr class=\"wp-block-separator has-alpha-channel-opacity\"\/>\n","protected":false},"excerpt":{"rendered":"<p>Consulta en els seg\u00fcents apartats la informaci\u00f3 del proc\u00e9s de preinscripci\u00f3 i matr\u00edcula del curs 2026-27: Llistats P.F.I Llistats Formaci\u00f3 Professional de Grau B\u00e0sic \u00a0NOVETAT \u00a0Llistats Formaci\u00f3 Professional de Grau Mitj\u00e0 \u00a0 NOVETAT \u00a0Llistats Formaci\u00f3 Professional de Grau Superior \u00a0Curs d&#8217;especialitzaci\u00f3 (M\u00e0ster FP) proc\u00e9s de preinscripci\u00f3 \u00a0 \u00a0 Consulta en els seg\u00fcents apartats la informaci\u00f3 [&hellip;]<\/p>\n","protected":false},"author":5,"featured_media":0,"parent":0,"menu_order":0,"comment_status":"closed","ping_status":"close","template":"","meta":{"site-sidebar-layout":"default","site-content-layout":"","ast-site-content-layout":"default","site-content-style":"default","site-sidebar-style":"default","ast-global-header-display":"","ast-banner-title-visibility":"","ast-main-header-display":"","ast-hfb-above-header-display":"","ast-hfb-below-header-display":"","ast-hfb-mobile-header-display":"","site-post-title":"","ast-breadcrumbs-content":"","ast-featured-img":"","footer-sml-layout":"","theme-transparent-header-meta":"","adv-header-id-meta":"","stick-header-meta":"","header-above-stick-meta":"","header-main-stick-meta":"","header-below-stick-meta":"","astra-migrate-meta-layouts":"set","ast-page-background-enabled":"default","ast-page-background-meta":{"desktop":{"background-color":"var(--ast-global-color-4)","background-image":"","background-repeat":"repeat","background-position":"center center","background-size":"auto","background-attachment":"scroll","background-type":"","background-media":"","overlay-type":"","overlay-color":"","overlay-opacity":"","overlay-gradient":""},"tablet":{"background-color":"","background-image":"","background-repeat":"repeat","background-position":"center center","background-size":"auto","background-attachment":"scroll","background-type":"","background-media":"","overlay-type":"","overlay-color":"","overlay-opacity":"","overlay-gradient":""},"mobile":{"background-color":"","background-image":"","background-repeat":"repeat","background-position":"center center","background-size":"auto","background-attachment":"scroll","background-type":"","background-media":"","overlay-type":"","overlay-color":"","overlay-opacity":"","overlay-gradient":""}},"ast-content-background-meta":{"desktop":{"background-color":"var(--ast-global-color-5)","background-image":"","background-repeat":"repeat","background-position":"center center","background-size":"auto","background-attachment":"scroll","background-type":"","background-media":"","overlay-type":"","overlay-color":"","overlay-opacity":"","overlay-gradient":""},"tablet":{"background-color":"var(--ast-global-color-5)","background-image":"","background-repeat":"repeat","background-position":"center center","background-size":"auto","background-attachment":"scroll","background-type":"","background-media":"","overlay-type":"","overlay-color":"","overlay-opacity":"","overlay-gradient":""},"mobile":{"background-color":"var(--ast-global-color-5)","background-image":"","background-repeat":"repeat","background-position":"center center","background-size":"auto","background-attachment":"scroll","background-type":"","background-media":"","overlay-type":"","overlay-color":"","overlay-opacity":"","overlay-gradient":""}},"footnotes":""},"class_list":["post-1654","page","type-page","status-publish","hentry"],"post_mailing_queue_ids":[],"_links":{"self":[{"href":"https:\/\/agora.xtec.cat\/ifeb\/wp-json\/wp\/v2\/pages\/1654","targetHints":{"allow":["GET"]}}],"collection":[{"href":"https:\/\/agora.xtec.cat\/ifeb\/wp-json\/wp\/v2\/pages"}],"about":[{"href":"https:\/\/agora.xtec.cat\/ifeb\/wp-json\/wp\/v2\/types\/page"}],"author":[{"embeddable":true,"href":"https:\/\/agora.xtec.cat\/ifeb\/wp-json\/wp\/v2\/users\/5"}],"replies":[{"embeddable":true,"href":"https:\/\/agora.xtec.cat\/ifeb\/wp-json\/wp\/v2\/comments?post=1654"}],"version-history":[{"count":6,"href":"https:\/\/agora.xtec.cat\/ifeb\/wp-json\/wp\/v2\/pages\/1654\/revisions"}],"predecessor-version":[{"id":2341,"href":"https:\/\/agora.xtec.cat\/ifeb\/wp-json\/wp\/v2\/pages\/1654\/revisions\/2341"}],"wp:attachment":[{"href":"https:\/\/agora.xtec.cat\/ifeb\/wp-json\/wp\/v2\/media?parent=1654"}],"curies":[{"name":"wp","href":"https:\/\/api.w.org\/{rel}","templated":true}]}}