{"id":1322,"date":"2025-03-04T17:18:56","date_gmt":"2025-03-04T16:18:56","guid":{"rendered":"https:\/\/agora.xtec.cat\/ifeb\/?page_id=1322"},"modified":"2025-03-04T17:18:57","modified_gmt":"2025-03-04T16:18:57","slug":"oferta-de-treball-etp-xavier","status":"publish","type":"page","link":"https:\/\/agora.xtec.cat\/ifeb\/pagines-dinici\/pagina-dinici-buida\/borsa-de-treball\/oferta-de-treball-etp-xavier\/","title":{"rendered":"OFERTA DE TREBALL &#8211; ETP XAVIER"},"content":{"rendered":"\n<p><strong>OFERTA DE TREBALL<\/strong><\/p>\n\n\n\n<p><strong>Nom de l&#8217;empresa:<\/strong> Escola T\u00e8cnico Professional ETP Xavier<\/p>\n\n\n\n<p><strong>Posici\u00f3\/Lloc de treball a ocupar:<\/strong> Oficial Administratiu\/va de Secretaria<\/p>\n\n\n\n<p><strong>Descripci\u00f3 de la feina:<\/strong><\/p>\n\n\n\n<ul class=\"wp-block-list\">\n<li>Atenci\u00f3 telef\u00f2nica i presencial.<\/li>\n\n\n\n<li>Suport a l\u2019administraci\u00f3 del centre.<\/li>\n\n\n\n<li>Gesti\u00f3 de documents i arxiu.<\/li>\n\n\n\n<li>Altres tasques administratives pr\u00f2pies del lloc.<\/li>\n<\/ul>\n\n\n\n<p><strong>Perfil competencial:<\/strong><\/p>\n\n\n\n<ul class=\"wp-block-list\">\n<li>Formaci\u00f3 en cicle formatiu de la fam\u00edlia d&#8217;Administraci\u00f3.<\/li>\n\n\n\n<li>Capacitat de comunicaci\u00f3 i organitzaci\u00f3.<\/li>\n\n\n\n<li>Treball en equip i autonomia en la gesti\u00f3 de tasques.<\/li>\n<\/ul>\n\n\n\n<p><strong>Requisits:<\/strong><\/p>\n\n\n\n<ul class=\"wp-block-list\">\n<li>CFGS o CFGM de la fam\u00edlia d&#8217;administraci\u00f3.<\/li>\n\n\n\n<li>Domini del catal\u00e0.<\/li>\n<\/ul>\n\n\n\n<p><strong>Qu\u00e8 s&#8217;ofereix?<\/strong><\/p>\n\n\n\n<ul class=\"wp-block-list\">\n<li>Contracte de treball amb possibilitat d&#8217;estabilitat.<\/li>\n\n\n\n<li>Entorn de treball din\u00e0mic i col\u00b7laboratiu.<\/li>\n<\/ul>\n\n\n\n<p><strong>Horari:<\/strong><\/p>\n\n\n\n<ul class=\"wp-block-list\">\n<li>De 14:45 h a 21:45 h.<\/li>\n<\/ul>\n\n\n\n<p><strong>Correu per enviar candidatures:<\/strong><br><a>capsecretaria@etpx.fjaverianas.com<\/a><\/p>\n","protected":false},"excerpt":{"rendered":"<p>OFERTA DE TREBALL Nom de l&#8217;empresa: Escola T\u00e8cnico Professional ETP Xavier Posici\u00f3\/Lloc de treball a ocupar: Oficial Administratiu\/va de Secretaria Descripci\u00f3 de la feina: Perfil competencial: Requisits: Qu\u00e8 s&#8217;ofereix? Horari: Correu per enviar candidatures:capsecretaria@etpx.fjaverianas.com<\/p>\n","protected":false},"author":5,"featured_media":0,"parent":1282,"menu_order":10,"comment_status":"closed","ping_status":"close","template":"","meta":{"site-sidebar-layout":"default","site-content-layout":"","ast-site-content-layout":"","site-content-style":"default","site-sidebar-style":"default","ast-global-header-display":"","ast-banner-title-visibility":"","ast-main-header-display":"","ast-hfb-above-header-display":"","ast-hfb-below-header-display":"","ast-hfb-mobile-header-display":"","site-post-title":"","ast-breadcrumbs-content":"","ast-featured-img":"","footer-sml-layout":"","theme-transparent-header-meta":"","adv-header-id-meta":"","stick-header-meta":"","header-above-stick-meta":"","header-main-stick-meta":"","header-below-stick-meta":"","astra-migrate-meta-layouts":"default","ast-page-background-enabled":"default","ast-page-background-meta":{"desktop":{"background-color":"var(--ast-global-color-4)","background-image":"","background-repeat":"repeat","background-position":"center center","background-size":"auto","background-attachment":"scroll","background-type":"","background-media":"","overlay-type":"","overlay-color":"","overlay-opacity":"","overlay-gradient":""},"tablet":{"background-color":"","background-image":"","background-repeat":"repeat","background-position":"center center","background-size":"auto","background-attachment":"scroll","background-type":"","background-media":"","overlay-type":"","overlay-color":"","overlay-opacity":"","overlay-gradient":""},"mobile":{"background-color":"","background-image":"","background-repeat":"repeat","background-position":"center center","background-size":"auto","background-attachment":"scroll","background-type":"","background-media":"","overlay-type":"","overlay-color":"","overlay-opacity":"","overlay-gradient":""}},"ast-content-background-meta":{"desktop":{"background-color":"var(--ast-global-color-5)","background-image":"","background-repeat":"repeat","background-position":"center center","background-size":"auto","background-attachment":"scroll","background-type":"","background-media":"","overlay-type":"","overlay-color":"","overlay-opacity":"","overlay-gradient":""},"tablet":{"background-color":"var(--ast-global-color-5)","background-image":"","background-repeat":"repeat","background-position":"center center","background-size":"auto","background-attachment":"scroll","background-type":"","background-media":"","overlay-type":"","overlay-color":"","overlay-opacity":"","overlay-gradient":""},"mobile":{"background-color":"var(--ast-global-color-5)","background-image":"","background-repeat":"repeat","background-position":"center center","background-size":"auto","background-attachment":"scroll","background-type":"","background-media":"","overlay-type":"","overlay-color":"","overlay-opacity":"","overlay-gradient":""}},"footnotes":""},"class_list":["post-1322","page","type-page","status-publish","hentry"],"post_mailing_queue_ids":[],"_links":{"self":[{"href":"https:\/\/agora.xtec.cat\/ifeb\/wp-json\/wp\/v2\/pages\/1322","targetHints":{"allow":["GET"]}}],"collection":[{"href":"https:\/\/agora.xtec.cat\/ifeb\/wp-json\/wp\/v2\/pages"}],"about":[{"href":"https:\/\/agora.xtec.cat\/ifeb\/wp-json\/wp\/v2\/types\/page"}],"author":[{"embeddable":true,"href":"https:\/\/agora.xtec.cat\/ifeb\/wp-json\/wp\/v2\/users\/5"}],"replies":[{"embeddable":true,"href":"https:\/\/agora.xtec.cat\/ifeb\/wp-json\/wp\/v2\/comments?post=1322"}],"version-history":[{"count":1,"href":"https:\/\/agora.xtec.cat\/ifeb\/wp-json\/wp\/v2\/pages\/1322\/revisions"}],"predecessor-version":[{"id":1323,"href":"https:\/\/agora.xtec.cat\/ifeb\/wp-json\/wp\/v2\/pages\/1322\/revisions\/1323"}],"up":[{"embeddable":true,"href":"https:\/\/agora.xtec.cat\/ifeb\/wp-json\/wp\/v2\/pages\/1282"}],"wp:attachment":[{"href":"https:\/\/agora.xtec.cat\/ifeb\/wp-json\/wp\/v2\/media?parent=1322"}],"curies":[{"name":"wp","href":"https:\/\/api.w.org\/{rel}","templated":true}]}}