{"id":1166,"date":"2024-12-17T18:21:12","date_gmt":"2024-12-17T17:21:12","guid":{"rendered":"https:\/\/agora.xtec.cat\/ifeb\/?page_id=1166"},"modified":"2025-11-11T14:07:02","modified_gmt":"2025-11-11T13:07:02","slug":"exempcions-de-formacio-en-centres-de-treball","status":"publish","type":"page","link":"https:\/\/agora.xtec.cat\/ifeb\/secretaria\/exempcions-de-formacio-en-centres-de-treball\/","title":{"rendered":"Exempcions estada empresa dual general"},"content":{"rendered":"\n<p>Les persones que tinguin experi\u00e8ncia laboral pr\u00e8via al cicle formatiu podran sol\u00b7licitar l\u2019exempci\u00f3 parcial o total del m\u00f2dul de formaci\u00f3 en centres de treball.<\/p>\n\n\n\n<p><strong>Tipus d\u2019exempcions i documentaci\u00f3 a aportar en cada cas:<\/strong><\/p>\n\n\n\n<ul class=\"wp-block-list\">\n<li>Total 100% d\u2019hores quan l\u2019alumne\/a ha treballat el mateix nombre d\u2019hores de l\u2019acord fent les mateixes tasques que el pla d\u2019activitats dels seus estudis. <strong>Documentaci\u00f3 <\/strong>a aportar: Vida laboral, contracte i certificat segellat de l\u2019empresa.<\/li>\n\n\n\n<li>Parcial 50% d\u2019hores quan l\u2019alumne\/a ha treballat la meitat de nombre d\u2019hores de l\u2019acord fent les mateixes tasques que el pla d\u2019activitats dels seus estudis. <strong>Documentaci\u00f3 <\/strong>a aportar: Vida laboral, contracte i certificat segellat de l\u2019empresa.<\/li>\n\n\n\n<li>Parcial 25% d\u2019hores quan l\u2019alumne\/a ha treballat el doble del nombre d\u2019hores establertes curricularment fent altres tasques que el pla d\u2019activitats dels seus estudis.  <strong>Documentaci\u00f3 <\/strong>a aportar: Vida laboral<\/li>\n<\/ul>\n\n\n\n<p><strong>Terminis:<\/strong><\/p>\n\n\n\n<ol class=\"wp-block-list\">\n<li><strong>Del 27 d\u2019octubre al 7 de novembre &#8211; <\/strong>presentaci\u00f3 d&#8217;exempcions.\n<ul class=\"wp-block-list\">\n<li>Concessi\u00f3: del 10 al 21 de novembre. (nom\u00e9s alumnes de segon)<\/li>\n<\/ul>\n<\/li>\n\n\n\n<li><strong>Del 16 al 27 de febrer &#8211;<\/strong> presentaci\u00f3 d&#8217;exempcions.\n<ul class=\"wp-block-list\">\n<li>Concessi\u00f3: del 2 al 13 de mar\u00e7. (alumnes de segon i de primer)<\/li>\n<\/ul>\n<\/li>\n\n\n\n<li><strong>Del 18 al 29 de maig &nbsp; &#8211;<\/strong> presentaci\u00f3 d&#8217;exempcions.\n<ul class=\"wp-block-list\">\n<li>Concessi\u00f3: del 1 al 12 de juny (alumnes de segon i de primer)<\/li>\n<\/ul>\n<\/li>\n<\/ol>\n\n\n\n<p><strong>Circuit<\/strong>:<\/p>\n\n\n\n<ul class=\"wp-block-list\">\n<li><strong>PAS 1: L\u2019alumne<\/strong>\/a s\u2019informa al web de secretaria dels terminis i tr\u00e0mits a fer. Un cop informat l\u2019alumne\/a va presencialment a secretaria.<\/li>\n\n\n\n<li><strong>PAS 2: L\u2019alumnat va a Secretaria<\/strong> amb la documentaci\u00f3 necess\u00e0ria per a fer el tr\u00e0mit.<\/li>\n<\/ul>\n\n\n\n<p><br>M\u00e9s informaci\u00f3 en aquest <a href=\"https:\/\/educacio.gencat.cat\/ca\/serveis-tramits\/proves\/proves-lliures-obtencio-titols\/obtencio-titols-fp\/convalidacions-exemp\/index.html\">enlla\u00e7<\/a>.<\/p>\n","protected":false},"excerpt":{"rendered":"<p>Les persones que tinguin experi\u00e8ncia laboral pr\u00e8via al cicle formatiu podran sol\u00b7licitar l\u2019exempci\u00f3 parcial o total del m\u00f2dul de formaci\u00f3 en centres de treball. Tipus d\u2019exempcions i documentaci\u00f3 a aportar en cada cas: Terminis: Circuit: M\u00e9s informaci\u00f3 en aquest enlla\u00e7.<\/p>\n","protected":false},"author":5,"featured_media":0,"parent":1116,"menu_order":70,"comment_status":"closed","ping_status":"close","template":"","meta":{"site-sidebar-layout":"default","site-content-layout":"","ast-site-content-layout":"default","site-content-style":"default","site-sidebar-style":"default","ast-global-header-display":"","ast-banner-title-visibility":"","ast-main-header-display":"","ast-hfb-above-header-display":"","ast-hfb-below-header-display":"","ast-hfb-mobile-header-display":"","site-post-title":"","ast-breadcrumbs-content":"","ast-featured-img":"","footer-sml-layout":"","theme-transparent-header-meta":"","adv-header-id-meta":"","stick-header-meta":"","header-above-stick-meta":"","header-main-stick-meta":"","header-below-stick-meta":"","astra-migrate-meta-layouts":"set","ast-page-background-enabled":"default","ast-page-background-meta":{"desktop":{"background-color":"var(--ast-global-color-4)","background-image":"","background-repeat":"repeat","background-position":"center center","background-size":"auto","background-attachment":"scroll","background-type":"","background-media":"","overlay-type":"","overlay-color":"","overlay-opacity":"","overlay-gradient":""},"tablet":{"background-color":"","background-image":"","background-repeat":"repeat","background-position":"center center","background-size":"auto","background-attachment":"scroll","background-type":"","background-media":"","overlay-type":"","overlay-color":"","overlay-opacity":"","overlay-gradient":""},"mobile":{"background-color":"","background-image":"","background-repeat":"repeat","background-position":"center center","background-size":"auto","background-attachment":"scroll","background-type":"","background-media":"","overlay-type":"","overlay-color":"","overlay-opacity":"","overlay-gradient":""}},"ast-content-background-meta":{"desktop":{"background-color":"var(--ast-global-color-5)","background-image":"","background-repeat":"repeat","background-position":"center center","background-size":"auto","background-attachment":"scroll","background-type":"","background-media":"","overlay-type":"","overlay-color":"","overlay-opacity":"","overlay-gradient":""},"tablet":{"background-color":"var(--ast-global-color-5)","background-image":"","background-repeat":"repeat","background-position":"center center","background-size":"auto","background-attachment":"scroll","background-type":"","background-media":"","overlay-type":"","overlay-color":"","overlay-opacity":"","overlay-gradient":""},"mobile":{"background-color":"var(--ast-global-color-5)","background-image":"","background-repeat":"repeat","background-position":"center center","background-size":"auto","background-attachment":"scroll","background-type":"","background-media":"","overlay-type":"","overlay-color":"","overlay-opacity":"","overlay-gradient":""}},"footnotes":""},"class_list":["post-1166","page","type-page","status-publish","hentry"],"post_mailing_queue_ids":[],"_links":{"self":[{"href":"https:\/\/agora.xtec.cat\/ifeb\/wp-json\/wp\/v2\/pages\/1166","targetHints":{"allow":["GET"]}}],"collection":[{"href":"https:\/\/agora.xtec.cat\/ifeb\/wp-json\/wp\/v2\/pages"}],"about":[{"href":"https:\/\/agora.xtec.cat\/ifeb\/wp-json\/wp\/v2\/types\/page"}],"author":[{"embeddable":true,"href":"https:\/\/agora.xtec.cat\/ifeb\/wp-json\/wp\/v2\/users\/5"}],"replies":[{"embeddable":true,"href":"https:\/\/agora.xtec.cat\/ifeb\/wp-json\/wp\/v2\/comments?post=1166"}],"version-history":[{"count":6,"href":"https:\/\/agora.xtec.cat\/ifeb\/wp-json\/wp\/v2\/pages\/1166\/revisions"}],"predecessor-version":[{"id":2145,"href":"https:\/\/agora.xtec.cat\/ifeb\/wp-json\/wp\/v2\/pages\/1166\/revisions\/2145"}],"up":[{"embeddable":true,"href":"https:\/\/agora.xtec.cat\/ifeb\/wp-json\/wp\/v2\/pages\/1116"}],"wp:attachment":[{"href":"https:\/\/agora.xtec.cat\/ifeb\/wp-json\/wp\/v2\/media?parent=1166"}],"curies":[{"name":"wp","href":"https:\/\/api.w.org\/{rel}","templated":true}]}}