{"id":1164,"date":"2024-12-17T18:20:24","date_gmt":"2024-12-17T17:20:24","guid":{"rendered":"https:\/\/agora.xtec.cat\/ifeb\/?page_id=1164"},"modified":"2025-10-20T14:26:16","modified_gmt":"2025-10-20T12:26:16","slug":"semipresencialitat","status":"publish","type":"page","link":"https:\/\/agora.xtec.cat\/ifeb\/secretaria\/semipresencialitat\/","title":{"rendered":"Semipresencialitat"},"content":{"rendered":"\n<p><strong>Matr\u00edcula Semipresencial<\/strong><\/p>\n\n\n\n<p>La matr\u00edcula semipresencial t\u00e9 com a finalitat facilitar l\u2019acc\u00e9s als ensenyaments de formaci\u00f3 professional de les persones que no poden assistir presencialment a totes les hores lectives per <strong>motius <\/strong>de:<\/p>\n\n\n\n<ul class=\"wp-block-list\">\n<li>feina (per a poder optar a sol\u00b7licitar la semipresencialitat, <strong>l&#8217;horari laboral s&#8217;ha de solapar amb l&#8217;horari de les classes<\/strong>)<\/li>\n\n\n\n<li>tenir cura d\u2019altres persones (siguin infants o persones dependents)<\/li>\n\n\n\n<li>per qualsevol altra circumst\u00e0ncia excepcional<\/li>\n<\/ul>\n\n\n\n<p><strong>Passos a seguir per tal de sol\u00b7licitar la matr\u00edcula semipresencial:<\/strong><\/p>\n\n\n\n<ul class=\"wp-block-list\">\n<li>Posa\u2019t en contacte amb el\/la teu\/teva tutor\/a per comunicar-li que vols sol\u00b7licitar la semipresencialitat<\/li>\n\n\n\n<li>Emplena el formulari de sol\u00b7licitud de semipresencialitat <strong>on afegir\u00e0s la documentaci\u00f3 necess\u00e0ria (\ud83d\udc49 <a href=\"https:\/\/docs.google.com\/forms\/d\/e\/1FAIpQLSfGTwyUMRfh__yD-8t1_j8kMNlvZ-IxRRa-5jbczyzSsMXhhg\/closedform\" data-type=\"link\" data-id=\"https:\/\/docs.google.com\/forms\/d\/e\/1FAIpQLSfGTwyUMRfh__yD-8t1_j8kMNlvZ-IxRRa-5jbczyzSsMXhhg\/closedform\">ENLLA\u00c7<\/a>)<\/strong><\/li>\n<\/ul>\n\n\n\n<p><strong>Documentaci\u00f3 justificativa que cal presentar en funci\u00f3 de la motivaci\u00f3:<\/strong><\/p>\n\n\n\n<ul class=\"wp-block-list\">\n<li><strong>Per motius de feina<\/strong>\n<ul class=\"wp-block-list\">\n<li>Si treballes amb contracte\n<ul class=\"wp-block-list\">\n<li>Contracte laboral on especifiqui l&#8217;horari: si al contracte no hi apareix cal afegir un certificat de l\u2019empresa on surtin les hores en que s&#8217;est\u00e0 treballant<\/li>\n\n\n\n<li>Vida laboral actualitzada<\/li>\n\n\n\n<li>Si treballes com aut\u00f2nom\/a\n<ul class=\"wp-block-list\">\n<li>Alta de l\u2019IAE<\/li>\n\n\n\n<li>Darrer rebut de pagament dels aut\u00f2noms<\/li>\n<\/ul>\n<\/li>\n<\/ul>\n<\/li>\n<\/ul>\n<\/li>\n<\/ul>\n\n\n\n<ul class=\"wp-block-list\">\n<li><strong>Per motius de cura d\u2019altres persones<\/strong>\n<ul class=\"wp-block-list\">\n<li>Tenir cura d\u2019un\/a fill\/a\n<ul class=\"wp-block-list\">\n<li>Llibre de fam\u00edlia\/ c\u00f2pia del registre civil on consti la relaci\u00f3 de la persona de la que es t\u00e9 cura amb l\u2019alumne\/a (pots trobar informaci\u00f3 <a href=\"https:\/\/justicia.gencat.cat\/ca\/ambits\/administracio-de-justicia\/registres-civils\/preguntes-frequents\/sobre-els-certificats-literals\/\">al seg\u00fcent enlla\u00e7<\/a>)<\/li>\n\n\n\n<li>Declaraci\u00f3 jurada<\/li>\n<\/ul>\n<\/li>\n<\/ul>\n<\/li>\n<\/ul>\n\n\n\n<ul class=\"wp-block-list\">\n<li>Tenir cura d\u2019un ascendent\n<ul class=\"wp-block-list\">\n<li>Llibre de fam\u00edlia\/ c\u00f2pia del registre civil on consti la relaci\u00f3 de la persona de la que es t\u00e9 cura amb l\u2019alumne\/a (pots trobar informaci\u00f3 <a href=\"https:\/\/justicia.gencat.cat\/ca\/ambits\/administracio-de-justicia\/registres-civils\/preguntes-frequents\/sobre-els-certificats-literals\/\">al seg\u00fcent enlla\u00e7<\/a>)<\/li>\n\n\n\n<li>Informe m\u00e8dic o dels serveis socials on es faci constar la depend\u00e8ncia o el requeriment de cures<\/li>\n\n\n\n<li>Declaraci\u00f3 jurada<\/li>\n<\/ul>\n<\/li>\n\n\n\n<li><strong>Per qualsevol altra circumst\u00e0ncia excepcional<\/strong>\n<ul class=\"wp-block-list\">\n<li>Documentaci\u00f3 oficial que justifiqui la situaci\u00f3 excepcional&nbsp;<\/li>\n<\/ul>\n<\/li>\n<\/ul>\n\n\n\n<p><\/p>\n\n\n\n<p>Si es necessita m\u00e9s informaci\u00f3 es pot accedir a aquest <a href=\"https:\/\/triaeducativa.gencat.cat\/ca\/fp\/cataleg-serveis\/matricula-semipresencial\/index.html\">enlla\u00e7<\/a>.<\/p>\n\n\n\n<p><a href=\"https:\/\/dogc.gencat.cat\/ca\/document-del-dogc\/?documentId=656556\">Normativa aplicable<\/a>.<\/p>\n\n\n\n<p><\/p>\n","protected":false},"excerpt":{"rendered":"<p>Matr\u00edcula Semipresencial La matr\u00edcula semipresencial t\u00e9 com a finalitat facilitar l\u2019acc\u00e9s als ensenyaments de formaci\u00f3 professional de les persones que no poden assistir presencialment a totes les hores lectives per motius de: Passos a seguir per tal de sol\u00b7licitar la matr\u00edcula semipresencial: Documentaci\u00f3 justificativa que cal presentar en funci\u00f3 de la motivaci\u00f3: Si es necessita [&hellip;]<\/p>\n","protected":false},"author":5,"featured_media":0,"parent":1116,"menu_order":60,"comment_status":"closed","ping_status":"close","template":"","meta":{"site-sidebar-layout":"default","site-content-layout":"","ast-site-content-layout":"default","site-content-style":"default","site-sidebar-style":"default","ast-global-header-display":"","ast-banner-title-visibility":"","ast-main-header-display":"","ast-hfb-above-header-display":"","ast-hfb-below-header-display":"","ast-hfb-mobile-header-display":"","site-post-title":"","ast-breadcrumbs-content":"","ast-featured-img":"","footer-sml-layout":"","theme-transparent-header-meta":"","adv-header-id-meta":"","stick-header-meta":"","header-above-stick-meta":"","header-main-stick-meta":"","header-below-stick-meta":"","astra-migrate-meta-layouts":"set","ast-page-background-enabled":"default","ast-page-background-meta":{"desktop":{"background-color":"var(--ast-global-color-4)","background-image":"","background-repeat":"repeat","background-position":"center center","background-size":"auto","background-attachment":"scroll","background-type":"","background-media":"","overlay-type":"","overlay-color":"","overlay-opacity":"","overlay-gradient":""},"tablet":{"background-color":"","background-image":"","background-repeat":"repeat","background-position":"center center","background-size":"auto","background-attachment":"scroll","background-type":"","background-media":"","overlay-type":"","overlay-color":"","overlay-opacity":"","overlay-gradient":""},"mobile":{"background-color":"","background-image":"","background-repeat":"repeat","background-position":"center center","background-size":"auto","background-attachment":"scroll","background-type":"","background-media":"","overlay-type":"","overlay-color":"","overlay-opacity":"","overlay-gradient":""}},"ast-content-background-meta":{"desktop":{"background-color":"var(--ast-global-color-5)","background-image":"","background-repeat":"repeat","background-position":"center center","background-size":"auto","background-attachment":"scroll","background-type":"","background-media":"","overlay-type":"","overlay-color":"","overlay-opacity":"","overlay-gradient":""},"tablet":{"background-color":"var(--ast-global-color-5)","background-image":"","background-repeat":"repeat","background-position":"center center","background-size":"auto","background-attachment":"scroll","background-type":"","background-media":"","overlay-type":"","overlay-color":"","overlay-opacity":"","overlay-gradient":""},"mobile":{"background-color":"var(--ast-global-color-5)","background-image":"","background-repeat":"repeat","background-position":"center center","background-size":"auto","background-attachment":"scroll","background-type":"","background-media":"","overlay-type":"","overlay-color":"","overlay-opacity":"","overlay-gradient":""}},"footnotes":""},"class_list":["post-1164","page","type-page","status-publish","hentry"],"post_mailing_queue_ids":[],"_links":{"self":[{"href":"https:\/\/agora.xtec.cat\/ifeb\/wp-json\/wp\/v2\/pages\/1164","targetHints":{"allow":["GET"]}}],"collection":[{"href":"https:\/\/agora.xtec.cat\/ifeb\/wp-json\/wp\/v2\/pages"}],"about":[{"href":"https:\/\/agora.xtec.cat\/ifeb\/wp-json\/wp\/v2\/types\/page"}],"author":[{"embeddable":true,"href":"https:\/\/agora.xtec.cat\/ifeb\/wp-json\/wp\/v2\/users\/5"}],"replies":[{"embeddable":true,"href":"https:\/\/agora.xtec.cat\/ifeb\/wp-json\/wp\/v2\/comments?post=1164"}],"version-history":[{"count":6,"href":"https:\/\/agora.xtec.cat\/ifeb\/wp-json\/wp\/v2\/pages\/1164\/revisions"}],"predecessor-version":[{"id":2050,"href":"https:\/\/agora.xtec.cat\/ifeb\/wp-json\/wp\/v2\/pages\/1164\/revisions\/2050"}],"up":[{"embeddable":true,"href":"https:\/\/agora.xtec.cat\/ifeb\/wp-json\/wp\/v2\/pages\/1116"}],"wp:attachment":[{"href":"https:\/\/agora.xtec.cat\/ifeb\/wp-json\/wp\/v2\/media?parent=1164"}],"curies":[{"name":"wp","href":"https:\/\/api.w.org\/{rel}","templated":true}]}}