{"id":1154,"date":"2024-12-17T18:14:43","date_gmt":"2024-12-17T17:14:43","guid":{"rendered":"https:\/\/agora.xtec.cat\/ifeb\/?page_id=1154"},"modified":"2025-10-30T09:51:32","modified_gmt":"2025-10-30T08:51:32","slug":"convalidacions","status":"publish","type":"page","link":"https:\/\/agora.xtec.cat\/ifeb\/secretaria\/convalidacions\/","title":{"rendered":"Convalidacions"},"content":{"rendered":"\n<p>La convalidaci\u00f3 \u00e9s el procediment pel qual es reconeix i es dona valor acad\u00e8mic als estudis oficials certificats per l&#8217;entitat competent.<\/p>\n\n\n\n<p>Per poder sol\u00b7licitar-ho cal complir algun dels requisits seg\u00fcents:<\/p>\n\n\n\n<ul class=\"wp-block-list\">\n<li>Haver cursat un altre cicle formatiu de formaci\u00f3 professional.<\/li>\n\n\n\n<li>Tenir unitats de compet\u00e8ncia acreditades.<\/li>\n\n\n\n<li>Tenir validats, acreditats o reconeguts per experi\u00e8ncia laboral determinats cr\u00e8dits i\/o m\u00f2duls professionals o unitats formatives.<\/li>\n\n\n\n<li>Haver fet estudis universitaris, encara que no s\u2019hagin acabat (\u00fanicament per a possibles convalidacions d\u2019unitats formatives de t\u00edtols de t\u00e8cnic\/a superior).<\/li>\n\n\n\n<li>Haver fet estudis oficial d\u2019idiomes o altres estudis amb validesa oficial.<\/li>\n<\/ul>\n\n\n\n<p>Enlla\u00e7 a les <a href=\"https:\/\/educacio.gencat.cat\/ca\/serveis-tramits\/proves\/proves-lliures-obtencio-titols\/obtencio-titols-fp\/convalidacions-exemp\/preguntes-mes-frequents#faq-que-son-les-convalidacions\">preguntes m\u00e9s freq\u00fcents<\/a> sobre convalidacions.<\/p>\n\n\n\n<p>El sol\u00b7licitant ha d\u2019adre\u00e7ar-se a tutoria fins al termini establert en cada curs acad\u00e8mic abans d\u2019iniciar el procediment de sol\u00b7licitud.<\/p>\n\n\n\n<p><strong>Per al curs 2025-2026<\/strong><\/p>\n\n\n\n<ul class=\"wp-block-list\">\n<li>Termini: fins a 31 d&#8217;octubre de 2025<\/li>\n\n\n\n<li>Documentaci\u00f3 acreditativa dels estudis cursats\n<ul class=\"wp-block-list\">\n<li>El certificat de qualificacions (<strong>CERTIFICAT ACAD\u00c8MIC DE QUALIFICACIONS DE M\u00d2DULS I UNITATS FORMATIVES<\/strong>), segons el sup\u00f2sit; ha de ser oficial i expedit pel centre educatiu on s\u2019han cursat els estudis superats corresponents. <strong>Els butlletins de notes o informes d\u2019avaluaci\u00f3 no s\u00f3n v\u00e0lids<\/strong>.<\/li>\n\n\n\n<li>Per a convalidacions d\u2019estudis universitaris:\n<ul class=\"wp-block-list\">\n<li>Original o c\u00f2pia simple dels programes oficials de les mat\u00e8ries o assignatures cursades, degudament segellats pel centre universitari corresponent (pla d\u2019estudis universitari).<\/li>\n\n\n\n<li>Certificat acad\u00e8mic de qualificacions de la universitat en qu\u00e8 consti que els programes que s&#8217;adjunten s\u00f3n els realment cursats i superats per l&#8217;alumne\/a.&nbsp;&nbsp;<\/li>\n<\/ul>\n<\/li>\n<\/ul>\n<\/li>\n<\/ul>\n\n\n\n<ul class=\"wp-block-list\">\n<li><strong>PRESENTACI\u00d3 DE DOCUMENTACI\u00d3 (<\/strong><strong>ALUMNAT<\/strong><strong>):&nbsp;<\/strong>\n<ul class=\"wp-block-list\">\n<li>PAS 0: l&#8217;alumnat informar\u00e0 a la seva tutora\/al seu tutor de la seva intenci\u00f3 de sol\u00b7licitar convalidaci\u00f3.<\/li>\n\n\n\n<li>PAS 1: l\u2019alumnat es presentar\u00e0 a secretaria on:\n<ul class=\"wp-block-list\">\n<li>omplir\u00e0 i signar\u00e0 el document de sol\u00b7licitud de convalidaci\u00f3&nbsp;<\/li>\n\n\n\n<li>omplir\u00e0 el formulari de sol\u00b7licitud de convalidaci\u00f3&nbsp; <\/li>\n\n\n\n<li>presentar\u00e0 la documentaci\u00f3 requerida (veure l&#8217;apartat superior &#8220;documentaci\u00f3 requerida&#8221;)<\/li>\n\n\n\n<li>portar\u00e0 el DNI del sol\u00b7licitant. <strong>En el cas de menors,<\/strong> caldr\u00e0 la personaci\u00f3 del representant legal o autoritzaci\u00f3 signada.<\/li>\n<\/ul>\n<\/li>\n\n\n\n<li>PAS 2: Secretaria \n<ul class=\"wp-block-list\">\n<li>secretaria gestiona la documentaci\u00f3 de convalidacions<\/li>\n\n\n\n<li>secretaria un cop resoltes les convalidacions, envia la resoluci\u00f3 a l\u2019alumne i al tutor\/a<\/li>\n<\/ul>\n<\/li>\n<\/ul>\n<\/li>\n<\/ul>\n\n\n\n<ul class=\"wp-block-list\"><\/ul>\n\n\n\n<p><strong>Documentaci\u00f3 Administraci\u00f3 i Gesti\u00f3<\/strong> (TAULES DE CONVALIDACI\u00d3)<\/p>\n\n\n\n<details class=\"wp-block-details is-layout-flow wp-block-details-is-layout-flow\"><summary>CFGM &#8211; Gesti\u00f3 administrativa<\/summary>\n<div data-wp-interactive=\"core\/file\" class=\"wp-block-file\"><object data-wp-bind--hidden=\"!state.hasPdfPreview\" hidden class=\"wp-block-file__embed\" data=\"https:\/\/agora.xtec.cat\/ifeb\/wp-content\/uploads\/usu3035\/2025\/10\/AG10-CFGM-Gestio-administrativa-25_26-1-2.pdf\" type=\"application\/pdf\" style=\"width:100%;height:600px\" aria-label=\"Incrustaci\u00f3 del fitxer AG10 - CFGM Gestio\u0301 administrativa 25_26 (1).\"><\/object><a id=\"wp-block-file--media-0c22c73e-7bc4-41a0-b742-594fc546edd2\" href=\"https:\/\/agora.xtec.cat\/ifeb\/wp-content\/uploads\/usu3035\/2025\/10\/AG10-CFGM-Gestio-administrativa-25_26-1-2.pdf\">AG10 &#8211; CFGM Gestio\u0301 administrativa 25_26 (1)<\/a><a href=\"https:\/\/agora.xtec.cat\/ifeb\/wp-content\/uploads\/usu3035\/2025\/10\/AG10-CFGM-Gestio-administrativa-25_26-1-2.pdf\" class=\"wp-block-file__button wp-element-button\" download aria-describedby=\"wp-block-file--media-0c22c73e-7bc4-41a0-b742-594fc546edd2\">Baixa<\/a><\/div>\n<\/details>\n\n\n\n<details class=\"wp-block-details is-layout-flow wp-block-details-is-layout-flow\"><summary>CFGS &#8211; Administraci\u00f3 i finances<\/summary>\n<div data-wp-interactive=\"core\/file\" class=\"wp-block-file\"><object data-wp-bind--hidden=\"!state.hasPdfPreview\" hidden class=\"wp-block-file__embed\" data=\"https:\/\/agora.xtec.cat\/ifeb\/wp-content\/uploads\/usu3035\/2025\/10\/AGB0-CFGS-Administracio-i-finances-25_26.pdf\" type=\"application\/pdf\" style=\"width:100%;height:600px\" aria-label=\"Incrustaci\u00f3 del fitxer AGB0 - CFGS Administracio\u0301 i finances 25_26.\"><\/object><a id=\"wp-block-file--media-09f6e422-4ea2-47d8-8dd6-9a7e6dedcd30\" href=\"https:\/\/agora.xtec.cat\/ifeb\/wp-content\/uploads\/usu3035\/2025\/10\/AGB0-CFGS-Administracio-i-finances-25_26.pdf\">AGB0 &#8211; CFGS Administracio\u0301 i finances 25_26<\/a><a href=\"https:\/\/agora.xtec.cat\/ifeb\/wp-content\/uploads\/usu3035\/2025\/10\/AGB0-CFGS-Administracio-i-finances-25_26.pdf\" class=\"wp-block-file__button wp-element-button\" download aria-describedby=\"wp-block-file--media-09f6e422-4ea2-47d8-8dd6-9a7e6dedcd30\">Baixa<\/a><\/div>\n<\/details>\n\n\n\n<details class=\"wp-block-details is-layout-flow wp-block-details-is-layout-flow\"><summary>CFGS &#8211; Assist\u00e8ncia a la direcci\u00f3<\/summary>\n<div data-wp-interactive=\"core\/file\" class=\"wp-block-file\"><object data-wp-bind--hidden=\"!state.hasPdfPreview\" hidden class=\"wp-block-file__embed\" data=\"https:\/\/agora.xtec.cat\/ifeb\/wp-content\/uploads\/usu3035\/2025\/10\/AGA0-CFGS-Assistencia-a-la-direccio-25_26.pdf\" type=\"application\/pdf\" style=\"width:100%;height:600px\" aria-label=\"Incrustaci\u00f3 del fitxer AGA0 - CFGS Assiste\u0300ncia a la direccio\u0301 25_26.\"><\/object><a id=\"wp-block-file--media-74b1f22b-e354-4155-a5ac-6d30eff79f80\" href=\"https:\/\/agora.xtec.cat\/ifeb\/wp-content\/uploads\/usu3035\/2025\/10\/AGA0-CFGS-Assistencia-a-la-direccio-25_26.pdf\">AGA0 &#8211; CFGS Assiste\u0300ncia a la direccio\u0301 25_26<\/a><a href=\"https:\/\/agora.xtec.cat\/ifeb\/wp-content\/uploads\/usu3035\/2025\/10\/AGA0-CFGS-Assistencia-a-la-direccio-25_26.pdf\" class=\"wp-block-file__button wp-element-button\" download aria-describedby=\"wp-block-file--media-74b1f22b-e354-4155-a5ac-6d30eff79f80\">Baixa<\/a><\/div>\n<\/details>\n\n\n\n<p><\/p>\n\n\n\n<p><strong>Documentaci\u00f3<\/strong> <strong>M\u00e0rqueting i Comer\u00e7<\/strong>  (TAULES DE CONVALIDACI\u00d3)<\/p>\n\n\n\n<details class=\"wp-block-details is-layout-flow wp-block-details-is-layout-flow\"><summary>CFGM &#8211; Activitats comercials<\/summary>\n<div data-wp-interactive=\"core\/file\" class=\"wp-block-file\"><object data-wp-bind--hidden=\"!state.hasPdfPreview\" hidden class=\"wp-block-file__embed\" data=\"https:\/\/agora.xtec.cat\/ifeb\/wp-content\/uploads\/usu3035\/2025\/10\/CM10-CFGM-Activitats-comercials-25_26-1.pdf\" type=\"application\/pdf\" style=\"width:100%;height:600px\" aria-label=\"Incrustaci\u00f3 del fitxer CM10 - CFGM Activitats comercials 25_26.\"><\/object><a id=\"wp-block-file--media-0cbd37c7-76eb-4804-bd48-da39d97bc1c0\" href=\"https:\/\/agora.xtec.cat\/ifeb\/wp-content\/uploads\/usu3035\/2025\/10\/CM10-CFGM-Activitats-comercials-25_26-1.pdf\">CM10 &#8211; CFGM Activitats comercials 25_26<\/a><a href=\"https:\/\/agora.xtec.cat\/ifeb\/wp-content\/uploads\/usu3035\/2025\/10\/CM10-CFGM-Activitats-comercials-25_26-1.pdf\" class=\"wp-block-file__button wp-element-button\" download aria-describedby=\"wp-block-file--media-0cbd37c7-76eb-4804-bd48-da39d97bc1c0\">Baixa<\/a><\/div>\n<\/details>\n\n\n\n<details class=\"wp-block-details is-layout-flow wp-block-details-is-layout-flow\"><summary>CFGS &#8211; Gesti\u00f3 de vendes i espais comercials<\/summary>\n<div data-wp-interactive=\"core\/file\" class=\"wp-block-file\"><object data-wp-bind--hidden=\"!state.hasPdfPreview\" hidden class=\"wp-block-file__embed\" data=\"https:\/\/agora.xtec.cat\/ifeb\/wp-content\/uploads\/usu3035\/2025\/10\/CMA0-CFGS-Gestio-de-vendes-i-espais-comercials-25_26-1.pdf\" type=\"application\/pdf\" style=\"width:100%;height:600px\" aria-label=\"Incrustaci\u00f3 del fitxer CMA0 - CFGS Gestio\u0301 de vendes i espais comercials 25_26.\"><\/object><a id=\"wp-block-file--media-5674c9e7-7b01-4cfd-9d0c-c87a0f554d92\" href=\"https:\/\/agora.xtec.cat\/ifeb\/wp-content\/uploads\/usu3035\/2025\/10\/CMA0-CFGS-Gestio-de-vendes-i-espais-comercials-25_26-1.pdf\">CMA0 &#8211; CFGS Gestio\u0301 de vendes i espais comercials 25_26<\/a><a href=\"https:\/\/agora.xtec.cat\/ifeb\/wp-content\/uploads\/usu3035\/2025\/10\/CMA0-CFGS-Gestio-de-vendes-i-espais-comercials-25_26-1.pdf\" class=\"wp-block-file__button wp-element-button\" download aria-describedby=\"wp-block-file--media-5674c9e7-7b01-4cfd-9d0c-c87a0f554d92\">Baixa<\/a><\/div>\n<\/details>\n\n\n\n<details class=\"wp-block-details is-layout-flow wp-block-details-is-layout-flow\"><summary>CFGS &#8211; M\u00e0rqueting i publicitat<\/summary>\n<div data-wp-interactive=\"core\/file\" class=\"wp-block-file\"><object data-wp-bind--hidden=\"!state.hasPdfPreview\" hidden class=\"wp-block-file__embed\" data=\"https:\/\/agora.xtec.cat\/ifeb\/wp-content\/uploads\/usu3035\/2025\/10\/CMD0-CFGS-Marqueting-i-publicitat-25_26.pdf\" type=\"application\/pdf\" style=\"width:100%;height:600px\" aria-label=\"Incrustaci\u00f3 del fitxer CMD0 - CFGS Ma\u0300rqueting i publicitat 25_26.\"><\/object><a id=\"wp-block-file--media-2ca2b0ef-5109-4166-8efe-0067b460977d\" href=\"https:\/\/agora.xtec.cat\/ifeb\/wp-content\/uploads\/usu3035\/2025\/10\/CMD0-CFGS-Marqueting-i-publicitat-25_26.pdf\">CMD0 &#8211; CFGS Ma\u0300rqueting i publicitat 25_26<\/a><a href=\"https:\/\/agora.xtec.cat\/ifeb\/wp-content\/uploads\/usu3035\/2025\/10\/CMD0-CFGS-Marqueting-i-publicitat-25_26.pdf\" class=\"wp-block-file__button wp-element-button\" download aria-describedby=\"wp-block-file--media-2ca2b0ef-5109-4166-8efe-0067b460977d\">Baixa<\/a><\/div>\n<\/details>\n\n\n\n<p><\/p>\n\n\n\n<p><strong>Documentaci\u00f3 M\u00f2duls Transversals<\/strong> (TAULES DE CONVALIDACI\u00d3)<\/p>\n\n\n\n<details class=\"wp-block-details is-layout-flow wp-block-details-is-layout-flow\"><summary>Angl\u00e8s professional<\/summary>\n<div data-wp-interactive=\"core\/file\" class=\"wp-block-file\"><object data-wp-bind--hidden=\"!state.hasPdfPreview\" hidden class=\"wp-block-file__embed\" data=\"https:\/\/agora.xtec.cat\/ifeb\/wp-content\/uploads\/usu3035\/2025\/10\/Llengua-estrangera-25_26.pdf\" type=\"application\/pdf\" style=\"width:100%;height:600px\" aria-label=\"Incrustaci\u00f3 del fitxer Llengua estrangera 25_26.\"><\/object><a id=\"wp-block-file--media-7b474894-47c3-40ae-9086-bc3e396681d7\" href=\"https:\/\/agora.xtec.cat\/ifeb\/wp-content\/uploads\/usu3035\/2025\/10\/Llengua-estrangera-25_26.pdf\">Llengua estrangera 25_26<\/a><a href=\"https:\/\/agora.xtec.cat\/ifeb\/wp-content\/uploads\/usu3035\/2025\/10\/Llengua-estrangera-25_26.pdf\" class=\"wp-block-file__button wp-element-button\" download aria-describedby=\"wp-block-file--media-7b474894-47c3-40ae-9086-bc3e396681d7\">Baixa<\/a><\/div>\n<\/details>\n\n\n\n<details class=\"wp-block-details is-layout-flow wp-block-details-is-layout-flow\"><summary>FOL\/EIE\/RET\/RAT (pla en extinci\u00f3)<\/summary>\n<div data-wp-interactive=\"core\/file\" class=\"wp-block-file\"><object data-wp-bind--hidden=\"!state.hasPdfPreview\" hidden class=\"wp-block-file__embed\" data=\"https:\/\/agora.xtec.cat\/ifeb\/wp-content\/uploads\/usu3035\/2025\/10\/FOL_EIE_IPO_DIGIT_SOST_2526_LOGSE_vigents.pdf\" type=\"application\/pdf\" style=\"width:100%;height:600px\" aria-label=\"Incrustaci\u00f3 del fitxer FOL_EIE_IPO_DIGIT_SOST_2526_LOGSE_vigents.\"><\/object><a id=\"wp-block-file--media-7e96760b-3728-45de-8c34-4618fdbbbbd5\" href=\"https:\/\/agora.xtec.cat\/ifeb\/wp-content\/uploads\/usu3035\/2025\/10\/FOL_EIE_IPO_DIGIT_SOST_2526_LOGSE_vigents.pdf\">FOL_EIE_IPO_DIGIT_SOST_2526_LOGSE_vigents<\/a><a href=\"https:\/\/agora.xtec.cat\/ifeb\/wp-content\/uploads\/usu3035\/2025\/10\/FOL_EIE_IPO_DIGIT_SOST_2526_LOGSE_vigents.pdf\" class=\"wp-block-file__button wp-element-button\" download aria-describedby=\"wp-block-file--media-7e96760b-3728-45de-8c34-4618fdbbbbd5\">Baixa<\/a><\/div>\n<\/details>\n\n\n\n<details class=\"wp-block-details is-layout-flow wp-block-details-is-layout-flow\"><summary>IPO1\/IPO2 &#8211; Digitalitzaci\u00f3 &#8211; Sostenibilitat (nou pla d&#8217;estudis LOE)<\/summary>\n<div data-wp-interactive=\"core\/file\" class=\"wp-block-file\"><object data-wp-bind--hidden=\"!state.hasPdfPreview\" hidden class=\"wp-block-file__embed\" data=\"https:\/\/agora.xtec.cat\/ifeb\/wp-content\/uploads\/usu3035\/2025\/10\/FOL_EIE_IPO_DIGIT_SOST-25_26.pdf\" type=\"application\/pdf\" style=\"width:100%;height:600px\" aria-label=\"Incrustaci\u00f3 del fitxer FOL_EIE_IPO_DIGIT_SOST 25_26.\"><\/object><a id=\"wp-block-file--media-c581fda6-12d3-4ccf-8ecc-792554104cdc\" href=\"https:\/\/agora.xtec.cat\/ifeb\/wp-content\/uploads\/usu3035\/2025\/10\/FOL_EIE_IPO_DIGIT_SOST-25_26.pdf\">FOL_EIE_IPO_DIGIT_SOST 25_26<\/a><a href=\"https:\/\/agora.xtec.cat\/ifeb\/wp-content\/uploads\/usu3035\/2025\/10\/FOL_EIE_IPO_DIGIT_SOST-25_26.pdf\" class=\"wp-block-file__button wp-element-button\" download aria-describedby=\"wp-block-file--media-c581fda6-12d3-4ccf-8ecc-792554104cdc\">Baixa<\/a><\/div>\n<\/details>\n\n\n\n<p><\/p>\n\n\n\n<p><a href=\"https:\/\/www.boe.es\/buscar\/doc.php?id=BOE-A-2020-17274\">Normativa aplicable<\/a>.<\/p>\n","protected":false},"excerpt":{"rendered":"<p>La convalidaci\u00f3 \u00e9s el procediment pel qual es reconeix i es dona valor acad\u00e8mic als estudis oficials certificats per l&#8217;entitat competent. Per poder sol\u00b7licitar-ho cal complir algun dels requisits seg\u00fcents: Enlla\u00e7 a les preguntes m\u00e9s freq\u00fcents sobre convalidacions. El sol\u00b7licitant ha d\u2019adre\u00e7ar-se a tutoria fins al termini establert en cada curs acad\u00e8mic abans d\u2019iniciar el [&hellip;]<\/p>\n","protected":false},"author":5,"featured_media":0,"parent":1116,"menu_order":20,"comment_status":"closed","ping_status":"close","template":"","meta":{"site-sidebar-layout":"default","site-content-layout":"","ast-site-content-layout":"default","site-content-style":"default","site-sidebar-style":"default","ast-global-header-display":"","ast-banner-title-visibility":"","ast-main-header-display":"","ast-hfb-above-header-display":"","ast-hfb-below-header-display":"","ast-hfb-mobile-header-display":"","site-post-title":"","ast-breadcrumbs-content":"","ast-featured-img":"","footer-sml-layout":"","theme-transparent-header-meta":"","adv-header-id-meta":"","stick-header-meta":"","header-above-stick-meta":"","header-main-stick-meta":"","header-below-stick-meta":"","astra-migrate-meta-layouts":"set","ast-page-background-enabled":"default","ast-page-background-meta":{"desktop":{"background-color":"var(--ast-global-color-4)","background-image":"","background-repeat":"repeat","background-position":"center center","background-size":"auto","background-attachment":"scroll","background-type":"","background-media":"","overlay-type":"","overlay-color":"","overlay-opacity":"","overlay-gradient":""},"tablet":{"background-color":"","background-image":"","background-repeat":"repeat","background-position":"center center","background-size":"auto","background-attachment":"scroll","background-type":"","background-media":"","overlay-type":"","overlay-color":"","overlay-opacity":"","overlay-gradient":""},"mobile":{"background-color":"","background-image":"","background-repeat":"repeat","background-position":"center center","background-size":"auto","background-attachment":"scroll","background-type":"","background-media":"","overlay-type":"","overlay-color":"","overlay-opacity":"","overlay-gradient":""}},"ast-content-background-meta":{"desktop":{"background-color":"var(--ast-global-color-5)","background-image":"","background-repeat":"repeat","background-position":"center center","background-size":"auto","background-attachment":"scroll","background-type":"","background-media":"","overlay-type":"","overlay-color":"","overlay-opacity":"","overlay-gradient":""},"tablet":{"background-color":"var(--ast-global-color-5)","background-image":"","background-repeat":"repeat","background-position":"center center","background-size":"auto","background-attachment":"scroll","background-type":"","background-media":"","overlay-type":"","overlay-color":"","overlay-opacity":"","overlay-gradient":""},"mobile":{"background-color":"var(--ast-global-color-5)","background-image":"","background-repeat":"repeat","background-position":"center center","background-size":"auto","background-attachment":"scroll","background-type":"","background-media":"","overlay-type":"","overlay-color":"","overlay-opacity":"","overlay-gradient":""}},"footnotes":""},"class_list":["post-1154","page","type-page","status-publish","hentry"],"post_mailing_queue_ids":[],"_links":{"self":[{"href":"https:\/\/agora.xtec.cat\/ifeb\/wp-json\/wp\/v2\/pages\/1154","targetHints":{"allow":["GET"]}}],"collection":[{"href":"https:\/\/agora.xtec.cat\/ifeb\/wp-json\/wp\/v2\/pages"}],"about":[{"href":"https:\/\/agora.xtec.cat\/ifeb\/wp-json\/wp\/v2\/types\/page"}],"author":[{"embeddable":true,"href":"https:\/\/agora.xtec.cat\/ifeb\/wp-json\/wp\/v2\/users\/5"}],"replies":[{"embeddable":true,"href":"https:\/\/agora.xtec.cat\/ifeb\/wp-json\/wp\/v2\/comments?post=1154"}],"version-history":[{"count":6,"href":"https:\/\/agora.xtec.cat\/ifeb\/wp-json\/wp\/v2\/pages\/1154\/revisions"}],"predecessor-version":[{"id":2118,"href":"https:\/\/agora.xtec.cat\/ifeb\/wp-json\/wp\/v2\/pages\/1154\/revisions\/2118"}],"up":[{"embeddable":true,"href":"https:\/\/agora.xtec.cat\/ifeb\/wp-json\/wp\/v2\/pages\/1116"}],"wp:attachment":[{"href":"https:\/\/agora.xtec.cat\/ifeb\/wp-json\/wp\/v2\/media?parent=1154"}],"curies":[{"name":"wp","href":"https:\/\/api.w.org\/{rel}","templated":true}]}}