{"id":19,"date":"2014-09-17T14:56:56","date_gmt":"2014-09-17T14:56:56","guid":{"rendered":"http:\/\/agora.xtec.cat\/iexirinacs\/?page_id=19"},"modified":"2026-03-14T19:53:10","modified_gmt":"2026-03-14T18:53:10","slug":"linstitut","status":"publish","type":"page","link":"https:\/\/agora.xtec.cat\/iexirinacs\/linstitut\/","title":{"rendered":"Institut Escola"},"content":{"rendered":"<p dir=\"ltr\">Nascut el curs 2017-2018 com a centre p\u00fablic a l&#8217;Eixample esquerre, l\u2019IE Xirinacs inicia el curs 26-27 l\u2019etapa de secund\u00e0ria.<\/p>\n<p dir=\"ltr\">Concebem el centre educatiu com un espai de trobada on aprenem a ser, a fer i a conviure en relaci\u00f3 i en di\u00e0leg amb els i les altres.<\/p>\n<p dir=\"ltr\">Creiem i confiem en les capacitats i processos de vida dels infants i joves i respectem la diversitat.<\/p>\n<p dir=\"ltr\">L&#8217;equip docent actua amb comprom\u00eds vers l\u2019alumnat i l&#8217;educaci\u00f3 p\u00fablica en un proc\u00e9s d&#8217;avaluaci\u00f3, millora i reflexi\u00f3 constant sobre la pr\u00f2pia pr\u00e0ctica.<\/p>\n<p dir=\"ltr\">Pensem que l\u2019educaci\u00f3 ha d\u2019ajudar a construir una societat m\u00e9s justa, sostenible i igualit\u00e0ria a trav\u00e9s del desenvolupament de la presa de consci\u00e8ncia personal, la responsabilitat, el sentit cr\u00edtic i l\u2019acci\u00f3 compromesa i coherent de la ciutadania. Creiem que ha d\u2019estar oberta al seu entorn i ha de treballar per tal que els infants i joves desenvolupin les seves habilitats, resolguin els reptes que els ofereix la vida i siguin capa\u00e7os de comprendre i ser part activa del m\u00f3n que els envolta.<\/p>\n","protected":false},"excerpt":{"rendered":"<p>Nascut el curs 2017-2018 com a centre p\u00fablic a l&#8217;Eixample esquerre, l\u2019IE Xirinacs inicia el curs 26-27 l\u2019etapa de secund\u00e0ria. Concebem el centre educatiu com un espai de trobada on aprenem a ser, a fer i a conviure en relaci\u00f3 i en di\u00e0leg amb els i les altres. Creiem i confiem en les capacitats i [&hellip;]<\/p>\n","protected":false},"author":1,"featured_media":0,"parent":0,"menu_order":0,"comment_status":"closed","ping_status":"closed","template":"","meta":{"site-sidebar-layout":"default","site-content-layout":"","ast-site-content-layout":"default","site-content-style":"default","site-sidebar-style":"default","ast-global-header-display":"","ast-banner-title-visibility":"","ast-main-header-display":"","ast-hfb-above-header-display":"","ast-hfb-below-header-display":"","ast-hfb-mobile-header-display":"","site-post-title":"","ast-breadcrumbs-content":"","ast-featured-img":"","footer-sml-layout":"","theme-transparent-header-meta":"","adv-header-id-meta":"","stick-header-meta":"","header-above-stick-meta":"","header-main-stick-meta":"","header-below-stick-meta":"","astra-migrate-meta-layouts":"set","ast-page-background-enabled":"default","ast-page-background-meta":{"desktop":{"background-color":"var(--ast-global-color-4)","background-image":"","background-repeat":"repeat","background-position":"center center","background-size":"auto","background-attachment":"scroll","background-type":"","background-media":"","overlay-type":"","overlay-color":"","overlay-opacity":"","overlay-gradient":""},"tablet":{"background-color":"","background-image":"","background-repeat":"repeat","background-position":"center center","background-size":"auto","background-attachment":"scroll","background-type":"","background-media":"","overlay-type":"","overlay-color":"","overlay-opacity":"","overlay-gradient":""},"mobile":{"background-color":"","background-image":"","background-repeat":"repeat","background-position":"center center","background-size":"auto","background-attachment":"scroll","background-type":"","background-media":"","overlay-type":"","overlay-color":"","overlay-opacity":"","overlay-gradient":""}},"ast-content-background-meta":{"desktop":{"background-color":"var(--ast-global-color-5)","background-image":"","background-repeat":"repeat","background-position":"center center","background-size":"auto","background-attachment":"scroll","background-type":"","background-media":"","overlay-type":"","overlay-color":"","overlay-opacity":"","overlay-gradient":""},"tablet":{"background-color":"var(--ast-global-color-5)","background-image":"","background-repeat":"repeat","background-position":"center center","background-size":"auto","background-attachment":"scroll","background-type":"","background-media":"","overlay-type":"","overlay-color":"","overlay-opacity":"","overlay-gradient":""},"mobile":{"background-color":"var(--ast-global-color-5)","background-image":"","background-repeat":"repeat","background-position":"center center","background-size":"auto","background-attachment":"scroll","background-type":"","background-media":"","overlay-type":"","overlay-color":"","overlay-opacity":"","overlay-gradient":""}},"footnotes":""},"class_list":["post-19","page","type-page","status-publish","hentry"],"post_mailing_queue_ids":[],"_links":{"self":[{"href":"https:\/\/agora.xtec.cat\/iexirinacs\/wp-json\/wp\/v2\/pages\/19","targetHints":{"allow":["GET"]}}],"collection":[{"href":"https:\/\/agora.xtec.cat\/iexirinacs\/wp-json\/wp\/v2\/pages"}],"about":[{"href":"https:\/\/agora.xtec.cat\/iexirinacs\/wp-json\/wp\/v2\/types\/page"}],"author":[{"embeddable":true,"href":"https:\/\/agora.xtec.cat\/iexirinacs\/wp-json\/wp\/v2\/users\/1"}],"replies":[{"embeddable":true,"href":"https:\/\/agora.xtec.cat\/iexirinacs\/wp-json\/wp\/v2\/comments?post=19"}],"version-history":[{"count":4,"href":"https:\/\/agora.xtec.cat\/iexirinacs\/wp-json\/wp\/v2\/pages\/19\/revisions"}],"predecessor-version":[{"id":862,"href":"https:\/\/agora.xtec.cat\/iexirinacs\/wp-json\/wp\/v2\/pages\/19\/revisions\/862"}],"wp:attachment":[{"href":"https:\/\/agora.xtec.cat\/iexirinacs\/wp-json\/wp\/v2\/media?parent=19"}],"curies":[{"name":"wp","href":"https:\/\/api.w.org\/{rel}","templated":true}]}}