{"id":64,"date":"2014-09-18T12:39:08","date_gmt":"2014-09-18T12:39:08","guid":{"rendered":"http:\/\/agora.xtec.cat\/escolaelviver\/?page_id=64"},"modified":"2021-09-24T20:32:20","modified_gmt":"2021-09-24T18:32:20","slug":"projecte-educatiu","status":"publish","type":"page","link":"https:\/\/agora.xtec.cat\/ieviver\/lescola\/projecte-educatiu\/","title":{"rendered":"Projecte educatiu"},"content":{"rendered":"<p style=\"text-align: center;\"><strong>PLANTEJAMENT INSTITUCIONAL<\/strong><\/p>\n<p>L\u2019Institut Escola El Viver constitueix el servei d\u2019ensenyament b\u00e0sic del barri de Can Sant Joan. Aquest barri \u00e9s divers pel que fa a la seva composici\u00f3 social i cultural i d\u2019aquesta manera queda reflectit en l\u2019heterogene\u00eftat del nostre alumnat.<\/p>\n<p>El Plantejament Institucional de l\u2019Institut Escola El Viver ve configurat pels valors compartits que regeixen el funcionament del centre. La definici\u00f3 de la nostra ra\u00f3 d\u2019\u00e9sser, i la visi\u00f3 compartida de tots els membres de la comunitat educativa, conformen com volem que sigui la nostra escola en el futur.<\/p>\n<p>&nbsp;<\/p>\n<p><strong>MISSI\u00d3<\/strong><\/p>\n<p><span lang=\"CA\">La missi\u00f3 de l\u2019Institut Escola El Viver \u00e9s oferir al barri de Can Sant Joan de Montcada i Reixac, i a la societat en general, un servei educatiu de qualitat per a tot l\u2019alumnat d\u2019educaci\u00f3 infantil, prim\u00e0ria, i secund\u00e0ria, independentment de les seves condicions i caracter\u00edstiques personals.<\/span><\/p>\n<p>El nostre deure \u00e9s esdevenir una veritable escola per a tothom, un espai acollidor on cadascuna de les persones trobi eines ajustades a les seves necessitats educatives\u00a0singulars.<\/p>\n<p><span lang=\"CA\">La nostra ra\u00f3 de ser \u00e9s oferir una educaci\u00f3 integral, din\u00e0mica i participativa que ajudi a crear\u00a0 els fonaments per a que l\u2019alumnat adquireixi els\u00a0<\/span>coneixements, les habilitats, les capacitats i l\u2019educaci\u00f3 socioemocional necess\u00e0ries per poder gaudir d\u2019una vida feli\u00e7 i plena, convivint en societat, respectant i acceptant les altres persones, i sentint-se, a la vegada, valorat\/da i acceptat\/da.<\/p>\n<p>&nbsp;<\/p>\n<p><strong>VISI\u00d3<\/strong><\/p>\n<p>Tota la comunitat educativa volem :<\/p>\n<ul>\n<li>Alumnes que obtinguin uns bons resultats acad\u00e8mics, que els\/les permetin continuar els seus estudis secundaris o post obligatoris.<\/li>\n<li>Persones capaces de gestionar les seves emocions que assoleixin un bon grau d\u2019autonomia personal i desenvolupin una bona autoestima.<\/li>\n<li>Una escola amb persones respectuoses i tolerants, participatives i col\u00b7laboradores, responsables, que valorin l\u2019esfor\u00e7 i que mostrin iniciativa i ganes d\u2019aprendre.<\/li>\n<li>Una escola on l\u2019\u00fas social del catal\u00e0 sigui un fet dins tota la comunitat educativa.<\/li>\n<li>Un major pes de les noves tecnologies al centre.<\/li>\n<li>Un equip hum\u00e0 competent, cohesionat, gener\u00f3s, amb capacitat d\u2019innovaci\u00f3, emp\u00e0tic, obert, flexible, format professionalment i que participi activament en la formaci\u00f3 permanent. Un equip coneixedor i implicat en el projecte educatiu del centre.<\/li>\n<li>Fam\u00edlies implicades en l\u2019educaci\u00f3 dels seus fills i filles, compromeses amb el Projecte educatiu del centre. Que participin i tinguin grans expectatives en relaci\u00f3 als proc\u00e9s educatiu dels seus fills i filles.<\/li>\n<li>Que el nostre alumnat, les seves fam\u00edlies, els altres centres educatius, el municipi i la societat en general ens coneguin, com una escola cohesionada, innovadora, amb un Projecte Educatiu clar i ben definit .<\/li>\n<\/ul>\n<p>&nbsp;<\/p>\n<p><strong>VALORS<\/strong><\/p>\n<p>A l\u2019Institut Escola El Viver ens sustentem en els valors de <strong>servei a la societat<\/strong> i de <strong>projecte de futur de l\u2019alumnat<\/strong>, del <strong>respecte vers el medi ambient<\/strong>, de <strong>l\u2019adaptaci\u00f3 als canvis i a les noves tecnologies<\/strong> i de <strong>la promoci\u00f3 de les metodologies de treball participatives. <\/strong><\/p>\n<p>Respecte els valors de servei a la societat, les activitats s\u2019orienten en base a una escola <strong>democr\u00e0tica<\/strong>, <strong>participativa<\/strong> i <strong>dialogant,<\/strong>\u00a0<strong>respectuosa<\/strong>, <strong>solidaria<\/strong> i <strong>tolerant<\/strong> amb les diferents ideologies i cultures,\u00a0<strong>integradora<\/strong>, <strong>inclusiva<\/strong> i <strong>coeducativa<\/strong>.<\/p>\n<p>En relaci\u00f3 al projecte de futur de l\u2019alumnat, els valors que impulsem s\u00f3n el <strong>sentiment d\u2019identitat i de pertinen\u00e7a<\/strong>, <strong>l\u2019inter\u00e8s i la motivaci\u00f3 per la descoberta<\/strong> <strong>dels coneixements<\/strong>, <strong>la capacitat d\u2019an\u00e0lisi i el sentit cr\u00edtic,<\/strong>\u00a0<strong>la cultura de l\u2019esfor\u00e7 i la capacitat de treballar amb altres persones<\/strong>.<\/p>\n<p>A l\u2019escola volem que els nens i nenes adquireixin les compet\u00e8ncies b\u00e0siques en els aprenentatges i que tinguin una visi\u00f3 positiva de la vida, que siguin feli\u00e7os i gaudeixin d\u2019una vida plena.<\/p>\n","protected":false},"excerpt":{"rendered":"<p>\t\t\t\t\t\t&hellip;  <a href=\"https:\/\/agora.xtec.cat\/ieviver\/lescola\/projecte-educatiu\/\" title=\"Read Projecte educatiu\">Llegeix m\u00e9s\u00bb<\/a><\/p>\n","protected":false},"author":3,"featured_media":0,"parent":22,"menu_order":0,"comment_status":"closed","ping_status":"closed","template":"page-templates\/side-menu.php","meta":{"_bbp_topic_count":0,"_bbp_reply_count":0,"_bbp_total_topic_count":0,"_bbp_total_reply_count":0,"_bbp_voice_count":0,"_bbp_anonymous_reply_count":0,"_bbp_topic_count_hidden":0,"_bbp_reply_count_hidden":0,"_bbp_forum_subforum_count":0,"footnotes":""},"class_list":["post-64","page","type-page","status-publish","hentry"],"post_mailing_queue_ids":[],"_links":{"self":[{"href":"https:\/\/agora.xtec.cat\/ieviver\/wp-json\/wp\/v2\/pages\/64","targetHints":{"allow":["GET"]}}],"collection":[{"href":"https:\/\/agora.xtec.cat\/ieviver\/wp-json\/wp\/v2\/pages"}],"about":[{"href":"https:\/\/agora.xtec.cat\/ieviver\/wp-json\/wp\/v2\/types\/page"}],"author":[{"embeddable":true,"href":"https:\/\/agora.xtec.cat\/ieviver\/wp-json\/wp\/v2\/users\/3"}],"replies":[{"embeddable":true,"href":"https:\/\/agora.xtec.cat\/ieviver\/wp-json\/wp\/v2\/comments?post=64"}],"version-history":[{"count":3,"href":"https:\/\/agora.xtec.cat\/ieviver\/wp-json\/wp\/v2\/pages\/64\/revisions"}],"predecessor-version":[{"id":6828,"href":"https:\/\/agora.xtec.cat\/ieviver\/wp-json\/wp\/v2\/pages\/64\/revisions\/6828"}],"up":[{"embeddable":true,"href":"https:\/\/agora.xtec.cat\/ieviver\/wp-json\/wp\/v2\/pages\/22"}],"wp:attachment":[{"href":"https:\/\/agora.xtec.cat\/ieviver\/wp-json\/wp\/v2\/media?parent=64"}],"curies":[{"name":"wp","href":"https:\/\/api.w.org\/{rel}","templated":true}]}}