{"id":215,"date":"2016-07-15T09:54:30","date_gmt":"2016-07-15T08:54:30","guid":{"rendered":"http:\/\/agora.xtec.cat\/escolaelviver\/?page_id=215"},"modified":"2016-07-15T09:54:30","modified_gmt":"2016-07-15T08:54:30","slug":"historia","status":"publish","type":"page","link":"https:\/\/agora.xtec.cat\/ieviver\/lescola\/historia\/","title":{"rendered":"Hist\u00f2ria"},"content":{"rendered":"<h6>La nostra escola es va inaugurar el setembre de 1982. La seva construcci\u00f3 va ser fruit de la lluita ve\u00efnal per una escola p\u00fablica. <a href=\"http:\/\/agora.xtec.cat\/escolaelviver\/wp-content\/uploads\/usu460\/2016\/07\/inaugruacio3.jpg\"><img loading=\"lazy\" decoding=\"async\" class=\"alignnone  wp-image-345\" src=\"http:\/\/agora.xtec.cat\/escolaelviver\/wp-content\/uploads\/usu460\/2016\/07\/inaugruacio3-751x1024.jpg\" alt=\"inaugruacio3\" width=\"191\" height=\"260\" srcset=\"https:\/\/agora.xtec.cat\/ieviver\/wp-content\/uploads\/usu1293\/2016\/07\/inaugruacio3-751x1024.jpg 751w, https:\/\/agora.xtec.cat\/ieviver\/wp-content\/uploads\/usu1293\/2016\/07\/inaugruacio3-220x300.jpg 220w, https:\/\/agora.xtec.cat\/ieviver\/wp-content\/uploads\/usu1293\/2016\/07\/inaugruacio3-768x1047.jpg 768w\" sizes=\"auto, (max-width: 191px) 100vw, 191px\" \/><\/a> <a href=\"http:\/\/agora.xtec.cat\/escolaelviver\/wp-content\/uploads\/usu460\/2016\/07\/inauguracio2.jpg\"><img loading=\"lazy\" decoding=\"async\" class=\"alignnone  wp-image-346\" src=\"http:\/\/agora.xtec.cat\/escolaelviver\/wp-content\/uploads\/usu460\/2016\/07\/inauguracio2-725x1024.jpg\" alt=\"inauguracio2\" width=\"204\" height=\"288\" srcset=\"https:\/\/agora.xtec.cat\/ieviver\/wp-content\/uploads\/usu1293\/2016\/07\/inauguracio2-725x1024.jpg 725w, https:\/\/agora.xtec.cat\/ieviver\/wp-content\/uploads\/usu1293\/2016\/07\/inauguracio2-212x300.jpg 212w, https:\/\/agora.xtec.cat\/ieviver\/wp-content\/uploads\/usu1293\/2016\/07\/inauguracio2-768x1084.jpg 768w\" sizes=\"auto, (max-width: 204px) 100vw, 204px\" \/><\/a><\/h6>\n","protected":false},"excerpt":{"rendered":"<p>\t\t\t\t\t\t&hellip;  <a href=\"https:\/\/agora.xtec.cat\/ieviver\/lescola\/historia\/\" title=\"Read Hist\u00f2ria\">Llegeix m\u00e9s\u00bb<\/a><\/p>\n","protected":false},"author":3,"featured_media":0,"parent":22,"menu_order":1,"comment_status":"closed","ping_status":"closed","template":"page-templates\/side-menu.php","meta":{"_bbp_topic_count":0,"_bbp_reply_count":0,"_bbp_total_topic_count":0,"_bbp_total_reply_count":0,"_bbp_voice_count":0,"_bbp_anonymous_reply_count":0,"_bbp_topic_count_hidden":0,"_bbp_reply_count_hidden":0,"_bbp_forum_subforum_count":0,"footnotes":""},"class_list":["post-215","page","type-page","status-publish","hentry"],"post_mailing_queue_ids":[],"_links":{"self":[{"href":"https:\/\/agora.xtec.cat\/ieviver\/wp-json\/wp\/v2\/pages\/215","targetHints":{"allow":["GET"]}}],"collection":[{"href":"https:\/\/agora.xtec.cat\/ieviver\/wp-json\/wp\/v2\/pages"}],"about":[{"href":"https:\/\/agora.xtec.cat\/ieviver\/wp-json\/wp\/v2\/types\/page"}],"author":[{"embeddable":true,"href":"https:\/\/agora.xtec.cat\/ieviver\/wp-json\/wp\/v2\/users\/3"}],"replies":[{"embeddable":true,"href":"https:\/\/agora.xtec.cat\/ieviver\/wp-json\/wp\/v2\/comments?post=215"}],"version-history":[{"count":0,"href":"https:\/\/agora.xtec.cat\/ieviver\/wp-json\/wp\/v2\/pages\/215\/revisions"}],"up":[{"embeddable":true,"href":"https:\/\/agora.xtec.cat\/ieviver\/wp-json\/wp\/v2\/pages\/22"}],"wp:attachment":[{"href":"https:\/\/agora.xtec.cat\/ieviver\/wp-json\/wp\/v2\/media?parent=215"}],"curies":[{"name":"wp","href":"https:\/\/api.w.org\/{rel}","templated":true}]}}