{"id":87,"date":"2014-09-18T14:28:12","date_gmt":"2014-09-18T13:28:12","guid":{"rendered":"https:\/\/agora.xtec.cat\/ievirolet\/?page_id=87"},"modified":"2026-03-06T12:18:18","modified_gmt":"2026-03-06T11:18:18","slug":"nivells","status":"publish","type":"page","link":"https:\/\/agora.xtec.cat\/ievirolet\/nivells\/","title":{"rendered":"Preinscripci\u00f3 i matr\u00edcula"},"content":{"rendered":"<p>En aquest men\u00fa hi trobareu, d\u2019una banda, informaci\u00f3 detallada sobre l\u2019organitzaci\u00f3 i el funcionament del centre en format de <a href=\"https:\/\/agora.xtec.cat\/ievirolet\/serveis\/serveis-digitals\/\"><strong data-start=\"125\" data-end=\"148\">preguntes freq\u00fcents<\/strong><\/a> i, de l\u2019altra, un apartat espec\u00edfic amb tota la informaci\u00f3 relativa al <strong data-start=\"220\" data-end=\"273\">proc\u00e9s de <a href=\"https:\/\/agora.xtec.cat\/ievirolet\/preinscripcio-i-matricula\/\">preinscripci\u00f3 i matr\u00edcula d\u2019aquest curs<\/a><\/strong>, incloent-hi els enlla\u00e7os corresponents a la p\u00e0gina web del Departament d\u2019Educaci\u00f3.<\/p>\n","protected":false},"excerpt":{"rendered":"<p>En aquest men\u00fa hi trobareu, d\u2019una banda, informaci\u00f3 detallada sobre l\u2019organitzaci\u00f3 i el funcionament del centre en format de preguntes freq\u00fcents i, de l\u2019altra, un apartat espec\u00edfic amb tota la informaci\u00f3 relativa al proc\u00e9s de preinscripci\u00f3 i matr\u00edcula d\u2019aquest curs, incloent-hi els enlla\u00e7os corresponents a la p\u00e0gina web del Departament d\u2019Educaci\u00f3.<\/p>\n","protected":false},"author":1,"featured_media":0,"parent":0,"menu_order":0,"comment_status":"closed","ping_status":"closed","template":"","meta":{"site-sidebar-layout":"default","site-content-layout":"","ast-site-content-layout":"default","site-content-style":"default","site-sidebar-style":"default","ast-global-header-display":"","ast-banner-title-visibility":"","ast-main-header-display":"","ast-hfb-above-header-display":"","ast-hfb-below-header-display":"","ast-hfb-mobile-header-display":"","site-post-title":"","ast-breadcrumbs-content":"","ast-featured-img":"","footer-sml-layout":"","theme-transparent-header-meta":"","adv-header-id-meta":"","stick-header-meta":"","header-above-stick-meta":"","header-main-stick-meta":"","header-below-stick-meta":"","astra-migrate-meta-layouts":"set","ast-page-background-enabled":"default","ast-page-background-meta":{"desktop":{"background-color":"var(--ast-global-color-4)","background-image":"","background-repeat":"repeat","background-position":"center center","background-size":"auto","background-attachment":"scroll","background-type":"","background-media":"","overlay-type":"","overlay-color":"","overlay-opacity":"","overlay-gradient":""},"tablet":{"background-color":"","background-image":"","background-repeat":"repeat","background-position":"center center","background-size":"auto","background-attachment":"scroll","background-type":"","background-media":"","overlay-type":"","overlay-color":"","overlay-opacity":"","overlay-gradient":""},"mobile":{"background-color":"","background-image":"","background-repeat":"repeat","background-position":"center center","background-size":"auto","background-attachment":"scroll","background-type":"","background-media":"","overlay-type":"","overlay-color":"","overlay-opacity":"","overlay-gradient":""}},"ast-content-background-meta":{"desktop":{"background-color":"var(--ast-global-color-5)","background-image":"","background-repeat":"repeat","background-position":"center center","background-size":"auto","background-attachment":"scroll","background-type":"","background-media":"","overlay-type":"","overlay-color":"","overlay-opacity":"","overlay-gradient":""},"tablet":{"background-color":"var(--ast-global-color-5)","background-image":"","background-repeat":"repeat","background-position":"center center","background-size":"auto","background-attachment":"scroll","background-type":"","background-media":"","overlay-type":"","overlay-color":"","overlay-opacity":"","overlay-gradient":""},"mobile":{"background-color":"var(--ast-global-color-5)","background-image":"","background-repeat":"repeat","background-position":"center center","background-size":"auto","background-attachment":"scroll","background-type":"","background-media":"","overlay-type":"","overlay-color":"","overlay-opacity":"","overlay-gradient":""}},"footnotes":""},"class_list":["post-87","page","type-page","status-publish","hentry"],"post_mailing_queue_ids":[],"_links":{"self":[{"href":"https:\/\/agora.xtec.cat\/ievirolet\/wp-json\/wp\/v2\/pages\/87","targetHints":{"allow":["GET"]}}],"collection":[{"href":"https:\/\/agora.xtec.cat\/ievirolet\/wp-json\/wp\/v2\/pages"}],"about":[{"href":"https:\/\/agora.xtec.cat\/ievirolet\/wp-json\/wp\/v2\/types\/page"}],"author":[{"embeddable":true,"href":"https:\/\/agora.xtec.cat\/ievirolet\/wp-json\/wp\/v2\/users\/1"}],"replies":[{"embeddable":true,"href":"https:\/\/agora.xtec.cat\/ievirolet\/wp-json\/wp\/v2\/comments?post=87"}],"version-history":[{"count":6,"href":"https:\/\/agora.xtec.cat\/ievirolet\/wp-json\/wp\/v2\/pages\/87\/revisions"}],"predecessor-version":[{"id":1385,"href":"https:\/\/agora.xtec.cat\/ievirolet\/wp-json\/wp\/v2\/pages\/87\/revisions\/1385"}],"wp:attachment":[{"href":"https:\/\/agora.xtec.cat\/ievirolet\/wp-json\/wp\/v2\/media?parent=87"}],"curies":[{"name":"wp","href":"https:\/\/api.w.org\/{rel}","templated":true}]}}