{"id":836,"date":"2025-07-08T10:34:43","date_gmt":"2025-07-08T08:34:43","guid":{"rendered":"https:\/\/agora.xtec.cat\/ievirolet\/?page_id=836"},"modified":"2025-07-08T12:25:49","modified_gmt":"2025-07-08T10:25:49","slug":"telegram-virolet","status":"publish","type":"page","link":"https:\/\/agora.xtec.cat\/ievirolet\/telegram-virolet\/","title":{"rendered":"Telegram Virolet"},"content":{"rendered":"\n<p>El Virolet t\u00e9 tres canals de Not\u00edcies a l\u2019aplicaci\u00f3 Telegram. Aquests canals de difusi\u00f3 ens permeten informar de totes les coses importants que passen al centre i que s\u00f3n d\u2019\u00faltima hora. Si ens voleu seguir, heu de fer el seg\u00fcent:<\/p>\n\n\n\n<p>1- Descarregueu-vos l\u2019aplicaci\u00f3 Telegram.<\/p>\n\n\n\n<p>2- Cliqueu el seg\u00fcent enlla\u00e7 via m\u00f2bil i us redirigir\u00e0 al canal Not\u00edcies Virolet:<\/p>\n\n\n\n<p>PER TENIR INFORMACI\u00d3 DEL CENTRE:\u00a0<a href=\"https:\/\/t.me\/virolet20252026\">https:\/\/t.me\/virolet20252026<\/a><\/p>\n\n\n\n<p>PER TENIR INFORMACI\u00d3 DE L\u2019AFA:&nbsp;<a href=\"https:\/\/t.me\/AFAins\">https:\/\/t.me\/AFAins<\/a><\/p>\n\n\n\n<p>PER TENIR INFORMACI\u00d3 DEL MENJADOR:&nbsp;<a href=\"https:\/\/t.me\/espaimigdiavirolet\">https:\/\/t.me\/espaimigdiavirolet<\/a><\/p>\n\n\n\n<p>3- Cliqueu subscripci\u00f3.<\/p>\n\n\n\n<p><\/p>\n","protected":false},"excerpt":{"rendered":"<p>El Virolet t\u00e9 tres canals de Not\u00edcies a l\u2019aplicaci\u00f3 Telegram. Aquests canals de difusi\u00f3 ens permeten informar de totes les coses importants que passen al centre i que s\u00f3n d\u2019\u00faltima hora. Si ens voleu seguir, heu de fer el seg\u00fcent: 1- Descarregueu-vos l\u2019aplicaci\u00f3 Telegram. 2- Cliqueu el seg\u00fcent enlla\u00e7 via m\u00f2bil i us redirigir\u00e0 al [&hellip;]<\/p>\n","protected":false},"author":1,"featured_media":0,"parent":0,"menu_order":0,"comment_status":"closed","ping_status":"close","template":"","meta":{"site-sidebar-layout":"default","site-content-layout":"","ast-site-content-layout":"default","site-content-style":"default","site-sidebar-style":"default","ast-global-header-display":"","ast-banner-title-visibility":"","ast-main-header-display":"","ast-hfb-above-header-display":"","ast-hfb-below-header-display":"","ast-hfb-mobile-header-display":"","site-post-title":"","ast-breadcrumbs-content":"","ast-featured-img":"","footer-sml-layout":"","theme-transparent-header-meta":"","adv-header-id-meta":"","stick-header-meta":"","header-above-stick-meta":"","header-main-stick-meta":"","header-below-stick-meta":"","astra-migrate-meta-layouts":"set","ast-page-background-enabled":"default","ast-page-background-meta":{"desktop":{"background-color":"var(--ast-global-color-4)","background-image":"","background-repeat":"repeat","background-position":"center center","background-size":"auto","background-attachment":"scroll","background-type":"","background-media":"","overlay-type":"","overlay-color":"","overlay-opacity":"","overlay-gradient":""},"tablet":{"background-color":"","background-image":"","background-repeat":"repeat","background-position":"center center","background-size":"auto","background-attachment":"scroll","background-type":"","background-media":"","overlay-type":"","overlay-color":"","overlay-opacity":"","overlay-gradient":""},"mobile":{"background-color":"","background-image":"","background-repeat":"repeat","background-position":"center center","background-size":"auto","background-attachment":"scroll","background-type":"","background-media":"","overlay-type":"","overlay-color":"","overlay-opacity":"","overlay-gradient":""}},"ast-content-background-meta":{"desktop":{"background-color":"var(--ast-global-color-5)","background-image":"","background-repeat":"repeat","background-position":"center center","background-size":"auto","background-attachment":"scroll","background-type":"","background-media":"","overlay-type":"","overlay-color":"","overlay-opacity":"","overlay-gradient":""},"tablet":{"background-color":"var(--ast-global-color-5)","background-image":"","background-repeat":"repeat","background-position":"center center","background-size":"auto","background-attachment":"scroll","background-type":"","background-media":"","overlay-type":"","overlay-color":"","overlay-opacity":"","overlay-gradient":""},"mobile":{"background-color":"var(--ast-global-color-5)","background-image":"","background-repeat":"repeat","background-position":"center center","background-size":"auto","background-attachment":"scroll","background-type":"","background-media":"","overlay-type":"","overlay-color":"","overlay-opacity":"","overlay-gradient":""}},"footnotes":""},"class_list":["post-836","page","type-page","status-publish","hentry"],"post_mailing_queue_ids":[],"_links":{"self":[{"href":"https:\/\/agora.xtec.cat\/ievirolet\/wp-json\/wp\/v2\/pages\/836","targetHints":{"allow":["GET"]}}],"collection":[{"href":"https:\/\/agora.xtec.cat\/ievirolet\/wp-json\/wp\/v2\/pages"}],"about":[{"href":"https:\/\/agora.xtec.cat\/ievirolet\/wp-json\/wp\/v2\/types\/page"}],"author":[{"embeddable":true,"href":"https:\/\/agora.xtec.cat\/ievirolet\/wp-json\/wp\/v2\/users\/1"}],"replies":[{"embeddable":true,"href":"https:\/\/agora.xtec.cat\/ievirolet\/wp-json\/wp\/v2\/comments?post=836"}],"version-history":[{"count":4,"href":"https:\/\/agora.xtec.cat\/ievirolet\/wp-json\/wp\/v2\/pages\/836\/revisions"}],"predecessor-version":[{"id":857,"href":"https:\/\/agora.xtec.cat\/ievirolet\/wp-json\/wp\/v2\/pages\/836\/revisions\/857"}],"wp:attachment":[{"href":"https:\/\/agora.xtec.cat\/ievirolet\/wp-json\/wp\/v2\/media?parent=836"}],"curies":[{"name":"wp","href":"https:\/\/api.w.org\/{rel}","templated":true}]}}