{"id":631,"date":"2024-12-16T16:18:01","date_gmt":"2024-12-16T15:18:01","guid":{"rendered":"https:\/\/agora.xtec.cat\/ievirolet\/?page_id=631"},"modified":"2025-10-21T09:51:32","modified_gmt":"2025-10-21T07:51:32","slug":"families","status":"publish","type":"page","link":"https:\/\/agora.xtec.cat\/ievirolet\/families\/","title":{"rendered":"Informatiu Virolet"},"content":{"rendered":"<p><span style=\"color: #000000;\">Cada divendres, el David Lobo, director del centre, envia a les fam\u00edlies l&#8217;informatiu del Virolet on hi trobareu tota la informaci\u00f3 relacionada amb tot el qu\u00e8 passar\u00e0 la setmana seg\u00fcent: sortides i activitats programades, informacions importants actualitzades, acc\u00e9s a p\u00e0gines web d&#8217;inter\u00e8s relacionades amb educaci\u00f3 i vida a la ciutat, etc.<\/span><\/p>\n<p>Podeu descarregar-vos el document a trav\u00e9s del Telegram: \u00a0<a href=\"https:\/\/t.me\/virolet20252026\">https:\/\/t.me\/virolet20252026<\/a><\/p>\n<h4><span style=\"color: #ff0000;\"><strong>INFORMATIUS DEL CURS 2025-2026<\/strong><\/span><\/h4>\n<p><strong>&#8211; <a href=\"https:\/\/agora.xtec.cat\/ievirolet\/wp-content\/uploads\/usu3486\/2025\/07\/Inici-curs-25-26.pdf\">Informatiu d&#8217;inici de curs <\/a><\/strong>(publicat el 10 de juliol de 2025).<\/p>\n<p><a href=\"https:\/\/drive.google.com\/drive\/folders\/18B8B_jcr9dL1RpMZ-uo98o0RzlSk8609?usp=sharing\">CLICA AQUEST ENLLA\u00c7 PER VEURE ELS INFORMATIUS DEL CURS 25-26<\/a><\/p>\n\n\n<figure class=\"wp-block-image size-full is-resized\"><a href=\"https:\/\/drive.google.com\/drive\/folders\/18B8B_jcr9dL1RpMZ-uo98o0RzlSk8609?usp=sharing\"><img loading=\"lazy\" decoding=\"async\" width=\"475\" height=\"392\" src=\"https:\/\/agora.xtec.cat\/ievirolet\/wp-content\/uploads\/usu3486\/2025\/10\/Captura-de-pantalla-2025-10-21-a-les-9.50.14.png\" alt=\"\" class=\"wp-image-1225\" style=\"width:288px;height:auto\" srcset=\"https:\/\/agora.xtec.cat\/ievirolet\/wp-content\/uploads\/usu3486\/2025\/10\/Captura-de-pantalla-2025-10-21-a-les-9.50.14.png 475w, https:\/\/agora.xtec.cat\/ievirolet\/wp-content\/uploads\/usu3486\/2025\/10\/Captura-de-pantalla-2025-10-21-a-les-9.50.14-300x248.png 300w\" sizes=\"auto, (max-width: 475px) 100vw, 475px\" \/><\/a><\/figure>\n","protected":false},"excerpt":{"rendered":"<p>Cada divendres, el David Lobo, director del centre, envia a les fam\u00edlies l&#8217;informatiu del Virolet on hi trobareu tota la informaci\u00f3 relacionada amb tot el qu\u00e8 passar\u00e0 la setmana seg\u00fcent: sortides i activitats programades, informacions importants actualitzades, acc\u00e9s a p\u00e0gines web d&#8217;inter\u00e8s relacionades amb educaci\u00f3 i vida a la ciutat, etc. Podeu descarregar-vos el document [&hellip;]<\/p>\n","protected":false},"author":1,"featured_media":0,"parent":0,"menu_order":0,"comment_status":"closed","ping_status":"close","template":"","meta":{"site-sidebar-layout":"no-sidebar","site-content-layout":"","ast-site-content-layout":"default","site-content-style":"default","site-sidebar-style":"default","ast-global-header-display":"","ast-banner-title-visibility":"","ast-main-header-display":"","ast-hfb-above-header-display":"","ast-hfb-below-header-display":"","ast-hfb-mobile-header-display":"","site-post-title":"","ast-breadcrumbs-content":"","ast-featured-img":"","footer-sml-layout":"","theme-transparent-header-meta":"","adv-header-id-meta":"","stick-header-meta":"","header-above-stick-meta":"","header-main-stick-meta":"","header-below-stick-meta":"","astra-migrate-meta-layouts":"set","ast-page-background-enabled":"default","ast-page-background-meta":{"desktop":{"background-color":"var(--ast-global-color-4)","background-image":"","background-repeat":"repeat","background-position":"center center","background-size":"auto","background-attachment":"scroll","background-type":"","background-media":"","overlay-type":"","overlay-color":"","overlay-opacity":"","overlay-gradient":""},"tablet":{"background-color":"","background-image":"","background-repeat":"repeat","background-position":"center center","background-size":"auto","background-attachment":"scroll","background-type":"","background-media":"","overlay-type":"","overlay-color":"","overlay-opacity":"","overlay-gradient":""},"mobile":{"background-color":"","background-image":"","background-repeat":"repeat","background-position":"center center","background-size":"auto","background-attachment":"scroll","background-type":"","background-media":"","overlay-type":"","overlay-color":"","overlay-opacity":"","overlay-gradient":""}},"ast-content-background-meta":{"desktop":{"background-color":"var(--ast-global-color-5)","background-image":"","background-repeat":"repeat","background-position":"center center","background-size":"auto","background-attachment":"scroll","background-type":"","background-media":"","overlay-type":"","overlay-color":"","overlay-opacity":"","overlay-gradient":""},"tablet":{"background-color":"var(--ast-global-color-5)","background-image":"","background-repeat":"repeat","background-position":"center center","background-size":"auto","background-attachment":"scroll","background-type":"","background-media":"","overlay-type":"","overlay-color":"","overlay-opacity":"","overlay-gradient":""},"mobile":{"background-color":"var(--ast-global-color-5)","background-image":"","background-repeat":"repeat","background-position":"center center","background-size":"auto","background-attachment":"scroll","background-type":"","background-media":"","overlay-type":"","overlay-color":"","overlay-opacity":"","overlay-gradient":""}},"footnotes":""},"class_list":["post-631","page","type-page","status-publish","hentry"],"post_mailing_queue_ids":[],"_links":{"self":[{"href":"https:\/\/agora.xtec.cat\/ievirolet\/wp-json\/wp\/v2\/pages\/631","targetHints":{"allow":["GET"]}}],"collection":[{"href":"https:\/\/agora.xtec.cat\/ievirolet\/wp-json\/wp\/v2\/pages"}],"about":[{"href":"https:\/\/agora.xtec.cat\/ievirolet\/wp-json\/wp\/v2\/types\/page"}],"author":[{"embeddable":true,"href":"https:\/\/agora.xtec.cat\/ievirolet\/wp-json\/wp\/v2\/users\/1"}],"replies":[{"embeddable":true,"href":"https:\/\/agora.xtec.cat\/ievirolet\/wp-json\/wp\/v2\/comments?post=631"}],"version-history":[{"count":6,"href":"https:\/\/agora.xtec.cat\/ievirolet\/wp-json\/wp\/v2\/pages\/631\/revisions"}],"predecessor-version":[{"id":1226,"href":"https:\/\/agora.xtec.cat\/ievirolet\/wp-json\/wp\/v2\/pages\/631\/revisions\/1226"}],"wp:attachment":[{"href":"https:\/\/agora.xtec.cat\/ievirolet\/wp-json\/wp\/v2\/media?parent=631"}],"curies":[{"name":"wp","href":"https:\/\/api.w.org\/{rel}","templated":true}]}}