{"id":30,"date":"2014-09-18T12:30:23","date_gmt":"2014-09-18T11:30:23","guid":{"rendered":"https:\/\/agora.xtec.cat\/ievirolet\/?page_id=30"},"modified":"2025-09-22T11:33:07","modified_gmt":"2025-09-22T09:33:07","slug":"instal%c2%b7lacions","status":"publish","type":"page","link":"https:\/\/agora.xtec.cat\/ievirolet\/lescola\/instal%c2%b7lacions\/","title":{"rendered":"Instal\u00b7lacions"},"content":{"rendered":"\n<p>L\u2019Institut Escola Virolet va estrenar l\u2019edifici d\u2019Infantil i Prim\u00e0ria el curs 2022-2023. Actualment tot el recinte escolar consta de l\u2019edifici nou i els m\u00f2duls. Tot l\u2019espai compta amb les seg\u00fcents instal\u00b7lacions:<\/p>\n\n\n\n<p>PLANTA BAIXA EDIFICI: Espai d\u2019exposicions, sala d\u2019espera, consergeria, administraci\u00f3, AFA, sales de reunions, aula d\u2019audiovisuals i rob\u00f2tica, aula d&#8217;acollida, sala docent, direcci\u00f3, menjador, cuina, aula de m\u00fasica, aules de la comunitat de petits\/es, sala de material, sala d\u2019atenci\u00f3 individualitzada.<\/p>\n\n\n\n<p>EXTERIORS: Pati d\u2019Infantil, pati de Prim\u00e0ria, sala d\u2019actes\/gimn\u00e0s, vestuaris, pistes de f\u00fatbol i b\u00e0squet.<\/p>\n\n\n\n<p>M\u00d2DULS: Consergeria, aules de la comunitat de joves, laboratori, tecnologia, taller d\u2019art, sala docent, magatzem, sales d\u2019atenci\u00f3 individualitzada i aula polivalent.<\/p>\n\n\n\n<p>PRIMERA PLANTA EDIFICI: Aules de la comunitat de mitjans, taller d\u2019art, aula de consci\u00e8ncia fonol\u00f2gica, aula d\u2019atenci\u00f3 individualitzada, sala de material, biblioteca de la comunitat i espai Escolta\u2019m.<\/p>\n\n\n\n<p>SEGONA PLANTA EDIFICI: Aules de la comunitat de grans, aules d\u2019angl\u00e8s, laboratori, sala de material, biblioteca de la comunitat i espai Escolta\u2019m.<\/p>\n","protected":false},"excerpt":{"rendered":"<p>L\u2019Institut Escola Virolet va estrenar l\u2019edifici d\u2019Infantil i Prim\u00e0ria el curs 2022-2023. Actualment tot el recinte escolar consta de l\u2019edifici nou i els m\u00f2duls. Tot l\u2019espai compta amb les seg\u00fcents instal\u00b7lacions: PLANTA BAIXA EDIFICI: Espai d\u2019exposicions, sala d\u2019espera, consergeria, administraci\u00f3, AFA, sales de reunions, aula d\u2019audiovisuals i rob\u00f2tica, aula d&#8217;acollida, sala docent, direcci\u00f3, menjador, cuina, [&hellip;]<\/p>\n","protected":false},"author":1,"featured_media":0,"parent":22,"menu_order":40,"comment_status":"closed","ping_status":"closed","template":"","meta":{"site-sidebar-layout":"default","site-content-layout":"","ast-site-content-layout":"default","site-content-style":"default","site-sidebar-style":"default","ast-global-header-display":"","ast-banner-title-visibility":"","ast-main-header-display":"","ast-hfb-above-header-display":"","ast-hfb-below-header-display":"","ast-hfb-mobile-header-display":"","site-post-title":"","ast-breadcrumbs-content":"","ast-featured-img":"","footer-sml-layout":"","theme-transparent-header-meta":"","adv-header-id-meta":"","stick-header-meta":"","header-above-stick-meta":"","header-main-stick-meta":"","header-below-stick-meta":"","astra-migrate-meta-layouts":"set","ast-page-background-enabled":"default","ast-page-background-meta":{"desktop":{"background-color":"var(--ast-global-color-4)","background-image":"","background-repeat":"repeat","background-position":"center center","background-size":"auto","background-attachment":"scroll","background-type":"","background-media":"","overlay-type":"","overlay-color":"","overlay-opacity":"","overlay-gradient":""},"tablet":{"background-color":"","background-image":"","background-repeat":"repeat","background-position":"center center","background-size":"auto","background-attachment":"scroll","background-type":"","background-media":"","overlay-type":"","overlay-color":"","overlay-opacity":"","overlay-gradient":""},"mobile":{"background-color":"","background-image":"","background-repeat":"repeat","background-position":"center center","background-size":"auto","background-attachment":"scroll","background-type":"","background-media":"","overlay-type":"","overlay-color":"","overlay-opacity":"","overlay-gradient":""}},"ast-content-background-meta":{"desktop":{"background-color":"var(--ast-global-color-5)","background-image":"","background-repeat":"repeat","background-position":"center center","background-size":"auto","background-attachment":"scroll","background-type":"","background-media":"","overlay-type":"","overlay-color":"","overlay-opacity":"","overlay-gradient":""},"tablet":{"background-color":"var(--ast-global-color-5)","background-image":"","background-repeat":"repeat","background-position":"center center","background-size":"auto","background-attachment":"scroll","background-type":"","background-media":"","overlay-type":"","overlay-color":"","overlay-opacity":"","overlay-gradient":""},"mobile":{"background-color":"var(--ast-global-color-5)","background-image":"","background-repeat":"repeat","background-position":"center center","background-size":"auto","background-attachment":"scroll","background-type":"","background-media":"","overlay-type":"","overlay-color":"","overlay-opacity":"","overlay-gradient":""}},"footnotes":""},"class_list":["post-30","page","type-page","status-publish","hentry"],"post_mailing_queue_ids":[],"_links":{"self":[{"href":"https:\/\/agora.xtec.cat\/ievirolet\/wp-json\/wp\/v2\/pages\/30","targetHints":{"allow":["GET"]}}],"collection":[{"href":"https:\/\/agora.xtec.cat\/ievirolet\/wp-json\/wp\/v2\/pages"}],"about":[{"href":"https:\/\/agora.xtec.cat\/ievirolet\/wp-json\/wp\/v2\/types\/page"}],"author":[{"embeddable":true,"href":"https:\/\/agora.xtec.cat\/ievirolet\/wp-json\/wp\/v2\/users\/1"}],"replies":[{"embeddable":true,"href":"https:\/\/agora.xtec.cat\/ievirolet\/wp-json\/wp\/v2\/comments?post=30"}],"version-history":[{"count":4,"href":"https:\/\/agora.xtec.cat\/ievirolet\/wp-json\/wp\/v2\/pages\/30\/revisions"}],"predecessor-version":[{"id":1034,"href":"https:\/\/agora.xtec.cat\/ievirolet\/wp-json\/wp\/v2\/pages\/30\/revisions\/1034"}],"up":[{"embeddable":true,"href":"https:\/\/agora.xtec.cat\/ievirolet\/wp-json\/wp\/v2\/pages\/22"}],"wp:attachment":[{"href":"https:\/\/agora.xtec.cat\/ievirolet\/wp-json\/wp\/v2\/media?parent=30"}],"curies":[{"name":"wp","href":"https:\/\/api.w.org\/{rel}","templated":true}]}}