{"id":28,"date":"2014-09-18T12:29:35","date_gmt":"2014-09-18T11:29:35","guid":{"rendered":"https:\/\/agora.xtec.cat\/ievirolet\/?page_id=28"},"modified":"2025-11-19T08:31:15","modified_gmt":"2025-11-19T07:31:15","slug":"consell-escolar","status":"publish","type":"page","link":"https:\/\/agora.xtec.cat\/ievirolet\/lescola\/consell-escolar\/","title":{"rendered":"Consell escolar"},"content":{"rendered":"\n<p>El <strong>consell escolar<\/strong> \u00e9s un \u00f2rgan col\u00b7legiat de participaci\u00f3 de la comunitat educativa en la gesti\u00f3 dels centres escolars. Est\u00e0 format per representants de diferents sectors: direcci\u00f3, claustre, fam\u00edlies, alumnat de secund\u00e0ria, personal d\u2019administraci\u00f3 i serveis, i Ajuntament.<\/p>\n\n\n\n<h2 class=\"wp-block-heading has-medium-font-size\"><strong>Objectius<\/strong><\/h2>\n\n\n\n<ul class=\"wp-block-list\">\n<li><strong>Fomentar la participaci\u00f3 de tots els sectors de la comunitat educativa<\/strong> (mestres, fam\u00edlies, alumnat, personal no docent i administraci\u00f3) en la vida del centre.<\/li>\n\n\n\n<li><strong>Vetllar pel bon funcionament del centre educatiu<\/strong>, promovent un clima de conviv\u00e8ncia, respecte i col\u00b7laboraci\u00f3.<\/li>\n\n\n\n<li><strong>Aprovar i fer seguiment del projecte educatiu del centre (PEC)<\/strong>, que defineix els valors, objectius i l\u00ednies d\u2019actuaci\u00f3 pedag\u00f2gica.<\/li>\n\n\n\n<li><strong>Supervisar i aprovar la programaci\u00f3 general anual (PGA)<\/strong> i avaluar-ne els resultats al final del curs.<\/li>\n\n\n\n<li><strong>Aprovar el pressupost i controlar-ne la gesti\u00f3 econ\u00f2mica<\/strong>, assegurant-ne la transpar\u00e8ncia i l\u2019\u00fas adequat dels recursos.<\/li>\n\n\n\n<li><strong>Col\u00b7laborar en l\u2019organitzaci\u00f3 i el funcionament del centre<\/strong>, com ara l\u2019horari escolar, les activitats complement\u00e0ries i extraescolars, i les normes de conviv\u00e8ncia.<\/li>\n\n\n\n<li><strong>Con\u00e8ixer i valorar les actuacions de millora educativa<\/strong> que es duguin a terme al centre.<\/li>\n<\/ul>\n\n\n\n<h2 class=\"wp-block-heading has-medium-font-size\">Membres<\/h2>\n\n\n\n<figure class=\"wp-block-table\"><table class=\"has-fixed-layout\"><tbody><tr><td><strong>President del Consell:&nbsp;<\/strong>David Lobo S\u00e1nchiz<br><br><strong>Secretari del Consell:<\/strong>&nbsp;Juan Roque Castillo<br><br><strong>Cap d\u2019estudis:<\/strong>&nbsp;Eduard Rubio Lorente<\/td><td><strong>Representant del professorat:<\/strong>&nbsp;Marta Ma\u00f1osa Mart\u00ed<br><br><strong>Representant del professorat:&nbsp;<\/strong>S\u00f2nia Torres Rodr\u00edguez<br><br><strong>Representant del professorat:&nbsp;<\/strong>S\u00edlvia D\u00edaz Cerezo<br><br><strong>Representant del professorat:&nbsp;<\/strong>Javier Toledano S\u00e1nchez<br><br><strong>Representant del professorat:&nbsp;<\/strong>David Sard\u00e0 Luengo<\/td><td><strong>Representant junta de l\u2019AFA:<\/strong>&nbsp;Elena L\u00f3pez <br>Castillo<br><br><strong>Representant de fam\u00edlies:<\/strong>&nbsp;N\u00faria L\u00f3pez <br>Pat\u00f3n<br><br><strong>Representant de fam\u00edlies:<\/strong>&nbsp;Ra\u00fal G\u00f3mez <br>G\u00f3mez<br><br><strong>Representant de fam\u00edlies:<\/strong>&nbsp;Nekane Mar\u00edn Moratalla<br><br><strong>Representant de l\u2019alumnat:<\/strong>&nbsp;Mar Peralta Pujol<\/td><\/tr><tr><td><\/td><td><strong>Representant del personal d\u2019administraci\u00f3 i serveis:<\/strong>&nbsp;Sandra S\u00e1nchez Mel\u00f3n<\/td><td><strong>Representant de l\u2019Ajuntament de Sabadell:<\/strong>&nbsp;Sonia P\u00e9rez Exp\u00f3sito<\/td><\/tr><\/tbody><\/table><\/figure>\n\n\n\n<p><a href=\"https:\/\/drive.google.com\/drive\/folders\/1fasxVeFKI-iJtRoh4ygWoagfPDdHeMQB?usp=sharing\"><strong>CLICANT AQU\u00cd PODEU VEURE ELS ACORDS QUE S&#8217;HAN DUT A TERME AL CONSELL ESCOLAR<\/strong> DEL CURS 25-26.<\/a><\/p>\n","protected":false},"excerpt":{"rendered":"<p>El consell escolar \u00e9s un \u00f2rgan col\u00b7legiat de participaci\u00f3 de la comunitat educativa en la gesti\u00f3 dels centres escolars. Est\u00e0 format per representants de diferents sectors: direcci\u00f3, claustre, fam\u00edlies, alumnat de secund\u00e0ria, personal d\u2019administraci\u00f3 i serveis, i Ajuntament. Objectius Membres President del Consell:&nbsp;David Lobo S\u00e1nchiz Secretari del Consell:&nbsp;Juan Roque Castillo Cap d\u2019estudis:&nbsp;Eduard Rubio Lorente Representant [&hellip;]<\/p>\n","protected":false},"author":1,"featured_media":0,"parent":22,"menu_order":30,"comment_status":"closed","ping_status":"closed","template":"","meta":{"site-sidebar-layout":"default","site-content-layout":"","ast-site-content-layout":"default","site-content-style":"default","site-sidebar-style":"default","ast-global-header-display":"","ast-banner-title-visibility":"","ast-main-header-display":"","ast-hfb-above-header-display":"","ast-hfb-below-header-display":"","ast-hfb-mobile-header-display":"","site-post-title":"","ast-breadcrumbs-content":"","ast-featured-img":"","footer-sml-layout":"","theme-transparent-header-meta":"","adv-header-id-meta":"","stick-header-meta":"","header-above-stick-meta":"","header-main-stick-meta":"","header-below-stick-meta":"","astra-migrate-meta-layouts":"set","ast-page-background-enabled":"default","ast-page-background-meta":{"desktop":{"background-color":"var(--ast-global-color-4)","background-image":"","background-repeat":"repeat","background-position":"center center","background-size":"auto","background-attachment":"scroll","background-type":"","background-media":"","overlay-type":"","overlay-color":"","overlay-opacity":"","overlay-gradient":""},"tablet":{"background-color":"","background-image":"","background-repeat":"repeat","background-position":"center center","background-size":"auto","background-attachment":"scroll","background-type":"","background-media":"","overlay-type":"","overlay-color":"","overlay-opacity":"","overlay-gradient":""},"mobile":{"background-color":"","background-image":"","background-repeat":"repeat","background-position":"center center","background-size":"auto","background-attachment":"scroll","background-type":"","background-media":"","overlay-type":"","overlay-color":"","overlay-opacity":"","overlay-gradient":""}},"ast-content-background-meta":{"desktop":{"background-color":"var(--ast-global-color-5)","background-image":"","background-repeat":"repeat","background-position":"center center","background-size":"auto","background-attachment":"scroll","background-type":"","background-media":"","overlay-type":"","overlay-color":"","overlay-opacity":"","overlay-gradient":""},"tablet":{"background-color":"var(--ast-global-color-5)","background-image":"","background-repeat":"repeat","background-position":"center center","background-size":"auto","background-attachment":"scroll","background-type":"","background-media":"","overlay-type":"","overlay-color":"","overlay-opacity":"","overlay-gradient":""},"mobile":{"background-color":"var(--ast-global-color-5)","background-image":"","background-repeat":"repeat","background-position":"center center","background-size":"auto","background-attachment":"scroll","background-type":"","background-media":"","overlay-type":"","overlay-color":"","overlay-opacity":"","overlay-gradient":""}},"footnotes":""},"class_list":["post-28","page","type-page","status-publish","hentry"],"post_mailing_queue_ids":[],"_links":{"self":[{"href":"https:\/\/agora.xtec.cat\/ievirolet\/wp-json\/wp\/v2\/pages\/28","targetHints":{"allow":["GET"]}}],"collection":[{"href":"https:\/\/agora.xtec.cat\/ievirolet\/wp-json\/wp\/v2\/pages"}],"about":[{"href":"https:\/\/agora.xtec.cat\/ievirolet\/wp-json\/wp\/v2\/types\/page"}],"author":[{"embeddable":true,"href":"https:\/\/agora.xtec.cat\/ievirolet\/wp-json\/wp\/v2\/users\/1"}],"replies":[{"embeddable":true,"href":"https:\/\/agora.xtec.cat\/ievirolet\/wp-json\/wp\/v2\/comments?post=28"}],"version-history":[{"count":6,"href":"https:\/\/agora.xtec.cat\/ievirolet\/wp-json\/wp\/v2\/pages\/28\/revisions"}],"predecessor-version":[{"id":1270,"href":"https:\/\/agora.xtec.cat\/ievirolet\/wp-json\/wp\/v2\/pages\/28\/revisions\/1270"}],"up":[{"embeddable":true,"href":"https:\/\/agora.xtec.cat\/ievirolet\/wp-json\/wp\/v2\/pages\/22"}],"wp:attachment":[{"href":"https:\/\/agora.xtec.cat\/ievirolet\/wp-json\/wp\/v2\/media?parent=28"}],"curies":[{"name":"wp","href":"https:\/\/api.w.org\/{rel}","templated":true}]}}