{"id":1369,"date":"2026-02-27T10:09:48","date_gmt":"2026-02-27T09:09:48","guid":{"rendered":"https:\/\/agora.xtec.cat\/ievirolet\/?page_id=1369"},"modified":"2026-05-12T10:49:48","modified_gmt":"2026-05-12T08:49:48","slug":"preinscripcio-i-matricula","status":"publish","type":"page","link":"https:\/\/agora.xtec.cat\/ievirolet\/preinscripcio-i-matricula\/","title":{"rendered":"Preinscripci\u00f3 i matr\u00edcula"},"content":{"rendered":"\n<p><a href=\"https:\/\/agora.xtec.cat\/ievirolet\/wp-content\/uploads\/usu3486\/2026\/03\/Informe_Oferta_Inicial_03032026.pdf\">OFERTA INICIAL: INFANTIL \u2013 PRIM\u00c0RIA \u2013 SECUND\u00c0RIA<\/a><\/p>\n\n\n\n<p><a href=\"https:\/\/preinscripcio.gencat.cat\/ca\/inici\">ENLLA\u00c7 PER ENTRAR A LA PREINSCRIPCI\u00d3 TELEM\u00c0TICA<\/a><\/p>\n\n\n\n<p><a href=\"https:\/\/agora.xtec.cat\/ievirolet\/wp-content\/uploads\/usu3486\/2026\/04\/3.-Informe_Barem_Purntuacio_Provisional_15042026.pdf\">LLISTAT DE SOL\u00b7LICITUDS AMB PUNTUACI\u00d3 PROVISIONAL<\/a><\/p>\n\n\n\n<p><a href=\"https:\/\/agora.xtec.cat\/ievirolet\/wp-content\/uploads\/usu3486\/2026\/04\/4.-Informe_Barem_Purntuacio_Resoltes_Reclamacions_23042026.pdf\">LLISTAT AMB EL BAREM UN COP RESOLTES LES RECLAMACIONS<\/a><\/p>\n\n\n\n<p><a href=\"https:\/\/agora.xtec.cat\/ievirolet\/wp-content\/uploads\/usu3486\/2026\/05\/6.-Llista_Ordenada_Barem_Definitiu_29042026-4.pdf\">LLISTAT ORDENAT AMB EL BAREM DEFINITIU<\/a><\/p>\n\n\n\n<p>N\u00daMERO DE DESEMPAT PREINSCRIPCIONS: <strong>42129<\/strong><\/p>\n\n\n\n<p><a href=\"https:\/\/drive.google.com\/file\/d\/16fYKHi0C42JcKt1LvbK1feiiXjVF-r9X\/view?usp=sharing\">LLISTAT ORDENAT UNA VEGADA FET EL SORTEIG<\/a><\/p>\n\n\n\n<p>OFERTA DEFINITIVA<\/p>\n\n\n\n<p>ALUMNES PREINSCRITS<\/p>\n\n\n\n<p>ALUMNES ASSIGNATS AL CENTRE<\/p>\n\n\n\n<p>ALUMNES LLISTA D\u2019ESPERA<\/p>\n\n\n\n<p>RECLAMACI\u00d3 A LA PREINSCRIPCI\u00d3<\/p>\n\n\n\n<h4 class=\"wp-block-heading\"><strong>PREGUNTES FREQ\u00dcENTS (sobre el proc\u00e9s de preinscripci\u00f3 i matr\u00edcula):<\/strong><\/h4>\n\n\n\n<p><strong>1.- Quan \u00e9s el per\u00edode de preinscripci\u00f3 del curs 26-27?<\/strong><\/p>\n\n\n\n<p>. INFANTIL I PRIM\u00c0RIA: del 4 al 18 de mar\u00e7.<\/p>\n\n\n\n<p>. SECUND\u00c0RIA: del 6 al 18 de mar\u00e7.<\/p>\n\n\n\n<p><strong>2.- Com es podr\u00e0 fer la preinscripci\u00f3?&nbsp;<\/strong>La preinscripci\u00f3 es far\u00e0 de forma telem\u00e0tica.<\/p>\n\n\n\n<p>.&nbsp;<a href=\"https:\/\/preinscripcio.gencat.cat\/ca\/estudis\/infantil-3-6\/inici\/\">Enlla\u00e7 preinscripci\u00f3 Educaci\u00f3 Infantil (3-6 anys).<\/a><\/p>\n\n\n\n<p>.&nbsp;<a href=\"https:\/\/preinscripcio.gencat.cat\/ca\/estudis\/primaria\/inici\/\">Enlla\u00e7 preinscripci\u00f3 Educaci\u00f3 Prim\u00e0ria (6-12 anys).<\/a><\/p>\n\n\n\n<p>.&nbsp;<a href=\"https:\/\/preinscripcio.gencat.cat\/ca\/estudis\/eso\/inici\/\">Enlla\u00e7 preinscripci\u00f3 Educaci\u00f3 Secund\u00e0ria.<\/a><\/p>\n\n\n\n<p><strong>3.- Quina documentaci\u00f3 cal aportar?&nbsp;<\/strong>La documentaci\u00f3 que caldr\u00e0 aportar ser\u00e0 la seg\u00fcent:<\/p>\n\n\n\n<p>.&nbsp;<a href=\"https:\/\/preinscripcio.gencat.cat\/ca\/estudis\/infantil-3-6\/informat\/prepara-documentacio\/\">Educaci\u00f3 Infantil (3-6 anys).<\/a><\/p>\n\n\n\n<p><a href=\"https:\/\/preinscripcio.gencat.cat\/ca\/estudis\/primaria\/informat\/prepara-documentacio\/\">. Educaci\u00f3 Prim\u00e0ria (6-12 anys).<\/a><\/p>\n\n\n\n<p><a href=\"https:\/\/preinscripcio.gencat.cat\/ca\/estudis\/eso\/informat\/prepara-documentacio\/\">. Educaci\u00f3 Secund\u00e0ria.<\/a><\/p>\n\n\n\n<p><strong>4.- Com faig la sol\u00b7licitud?&nbsp;<\/strong>Cal accedir al FORMULARI DE SOL\u00b7LICITUD ON LINE. La documentaci\u00f3 s\u2019haur\u00e0 de digitalitzar per tal d\u2019incloure-la a la sol\u00b7licitud.<\/p>\n\n\n\n<p><a href=\"https:\/\/preinscripcio.gencat.cat\/ca\/estudis\/infantil-3-6\/preinscriute\/sollicitud\/\">. Sol\u00b7licitud de preinscripci\u00f3 d\u2019Infantil (3-6 anys).<\/a><\/p>\n\n\n\n<p><a href=\"https:\/\/preinscripcio.gencat.cat\/ca\/estudis\/primaria\/preinscriute\/sollicitud\/\">. Sol\u00b7licitud de preinscripci\u00f3 de Prim\u00e0ria (6-12 anys).<\/a><\/p>\n\n\n\n<p><a href=\"https:\/\/preinscripcio.gencat.cat\/ca\/estudis\/eso\/preinscriute\/sollicitud\/\">. Sol\u00b7licitud de preinscripci\u00f3 de Secund\u00e0ria (12-16 anys).<\/a><\/p>\n\n\n\n<p><strong>5.- Com podr\u00e9 fer seguiment de la preinscripci\u00f3 del meu fill\/a? Puntuaci\u00f3, reclamacions,\u2026&nbsp;<\/strong>Et pots informar en aquesta p\u00e0gina web:<\/p>\n\n\n\n<p>.&nbsp;<a href=\"https:\/\/preinscripcio.gencat.cat\/ca\/estudis\/infantil-3-6\/preinscriute\/seguiment-sollicitud\/\">Educaci\u00f3 Infantil.<\/a><\/p>\n\n\n\n<p><a href=\"https:\/\/preinscripcio.gencat.cat\/ca\/estudis\/primaria\/preinscriute\/seguiment-sollicitud\/\">. Educaci\u00f3 Prim\u00e0ria.<\/a><\/p>\n\n\n\n<p><a href=\"https:\/\/preinscripcio.gencat.cat\/ca\/estudis\/eso\/preinscriute\/seguiment-sollicitud\/\">. Educaci\u00f3 Secund\u00e0ria.<\/a><\/p>\n\n\n\n<p><strong>6.- Una vegada tinc escola assignada, quan faig la matr\u00edcula?&nbsp;<\/strong>El per\u00edode previst, si no hi ha canvis, ser\u00e0 del 22 al 30 de juny.<\/p>\n\n\n\n<p><strong>7.- Quina documentaci\u00f3 haur\u00e9 de portar a l\u2019Institut Escola Virolet per fer la matr\u00edcula?&nbsp;<\/strong>L\u2019Institut Escola informar\u00e0 per correu electr\u00f2nic, a totes les fam\u00edlies que han de fer la matr\u00edcula al nostre centre, de la documentaci\u00f3 que han d\u2019enviar.<\/p>\n","protected":false},"excerpt":{"rendered":"<p>OFERTA INICIAL: INFANTIL \u2013 PRIM\u00c0RIA \u2013 SECUND\u00c0RIA ENLLA\u00c7 PER ENTRAR A LA PREINSCRIPCI\u00d3 TELEM\u00c0TICA LLISTAT DE SOL\u00b7LICITUDS AMB PUNTUACI\u00d3 PROVISIONAL LLISTAT AMB EL BAREM UN COP RESOLTES LES RECLAMACIONS LLISTAT ORDENAT AMB EL BAREM DEFINITIU N\u00daMERO DE DESEMPAT PREINSCRIPCIONS: 42129 LLISTAT ORDENAT UNA VEGADA FET EL SORTEIG OFERTA DEFINITIVA ALUMNES PREINSCRITS ALUMNES ASSIGNATS AL CENTRE [&hellip;]<\/p>\n","protected":false},"author":1,"featured_media":0,"parent":0,"menu_order":0,"comment_status":"closed","ping_status":"close","template":"","meta":{"site-sidebar-layout":"default","site-content-layout":"","ast-site-content-layout":"default","site-content-style":"default","site-sidebar-style":"default","ast-global-header-display":"","ast-banner-title-visibility":"","ast-main-header-display":"","ast-hfb-above-header-display":"","ast-hfb-below-header-display":"","ast-hfb-mobile-header-display":"","site-post-title":"","ast-breadcrumbs-content":"","ast-featured-img":"","footer-sml-layout":"","theme-transparent-header-meta":"","adv-header-id-meta":"","stick-header-meta":"","header-above-stick-meta":"","header-main-stick-meta":"","header-below-stick-meta":"","astra-migrate-meta-layouts":"set","ast-page-background-enabled":"default","ast-page-background-meta":{"desktop":{"background-color":"var(--ast-global-color-4)","background-image":"","background-repeat":"repeat","background-position":"center center","background-size":"auto","background-attachment":"scroll","background-type":"","background-media":"","overlay-type":"","overlay-color":"","overlay-opacity":"","overlay-gradient":""},"tablet":{"background-color":"","background-image":"","background-repeat":"repeat","background-position":"center center","background-size":"auto","background-attachment":"scroll","background-type":"","background-media":"","overlay-type":"","overlay-color":"","overlay-opacity":"","overlay-gradient":""},"mobile":{"background-color":"","background-image":"","background-repeat":"repeat","background-position":"center center","background-size":"auto","background-attachment":"scroll","background-type":"","background-media":"","overlay-type":"","overlay-color":"","overlay-opacity":"","overlay-gradient":""}},"ast-content-background-meta":{"desktop":{"background-color":"var(--ast-global-color-5)","background-image":"","background-repeat":"repeat","background-position":"center center","background-size":"auto","background-attachment":"scroll","background-type":"","background-media":"","overlay-type":"","overlay-color":"","overlay-opacity":"","overlay-gradient":""},"tablet":{"background-color":"var(--ast-global-color-5)","background-image":"","background-repeat":"repeat","background-position":"center center","background-size":"auto","background-attachment":"scroll","background-type":"","background-media":"","overlay-type":"","overlay-color":"","overlay-opacity":"","overlay-gradient":""},"mobile":{"background-color":"var(--ast-global-color-5)","background-image":"","background-repeat":"repeat","background-position":"center center","background-size":"auto","background-attachment":"scroll","background-type":"","background-media":"","overlay-type":"","overlay-color":"","overlay-opacity":"","overlay-gradient":""}},"footnotes":""},"class_list":["post-1369","page","type-page","status-publish","hentry"],"post_mailing_queue_ids":[],"_links":{"self":[{"href":"https:\/\/agora.xtec.cat\/ievirolet\/wp-json\/wp\/v2\/pages\/1369","targetHints":{"allow":["GET"]}}],"collection":[{"href":"https:\/\/agora.xtec.cat\/ievirolet\/wp-json\/wp\/v2\/pages"}],"about":[{"href":"https:\/\/agora.xtec.cat\/ievirolet\/wp-json\/wp\/v2\/types\/page"}],"author":[{"embeddable":true,"href":"https:\/\/agora.xtec.cat\/ievirolet\/wp-json\/wp\/v2\/users\/1"}],"replies":[{"embeddable":true,"href":"https:\/\/agora.xtec.cat\/ievirolet\/wp-json\/wp\/v2\/comments?post=1369"}],"version-history":[{"count":6,"href":"https:\/\/agora.xtec.cat\/ievirolet\/wp-json\/wp\/v2\/pages\/1369\/revisions"}],"predecessor-version":[{"id":1411,"href":"https:\/\/agora.xtec.cat\/ievirolet\/wp-json\/wp\/v2\/pages\/1369\/revisions\/1411"}],"wp:attachment":[{"href":"https:\/\/agora.xtec.cat\/ievirolet\/wp-json\/wp\/v2\/media?parent=1369"}],"curies":[{"name":"wp","href":"https:\/\/api.w.org\/{rel}","templated":true}]}}