{"id":1027,"date":"2025-09-22T11:27:36","date_gmt":"2025-09-22T09:27:36","guid":{"rendered":"https:\/\/agora.xtec.cat\/ievirolet\/?page_id=1027"},"modified":"2026-02-23T15:27:32","modified_gmt":"2026-02-23T14:27:32","slug":"horaris-lectius-del-centre","status":"publish","type":"page","link":"https:\/\/agora.xtec.cat\/ievirolet\/horaris-lectius-del-centre\/","title":{"rendered":"Horaris lectius del centre"},"content":{"rendered":"<p><strong>INFANTIL I PRIM\u00c0RIA<\/strong><\/p>\n<table style=\"border-collapse: collapse; width: 100%;\">\n<tbody>\n<tr>\n<td style=\"width: 20%; text-align: left;\"><span style=\"background-color: #cc99ff;\"><strong>DILLUNS<\/strong><\/span><\/td>\n<td style=\"width: 20%; text-align: left;\"><span style=\"background-color: #ffcc99;\"><strong>DIMARTS<\/strong><\/span><\/td>\n<td style=\"width: 20%; text-align: left;\"><span style=\"background-color: #ffff99;\"><strong>DIMECRES<\/strong><\/span><\/td>\n<td style=\"width: 20%; text-align: left;\"><span style=\"background-color: #ccffcc;\"><strong>DIJOUS<\/strong><\/span><\/td>\n<td style=\"width: 20%; text-align: left;\"><span style=\"background-color: #99ccff;\"><strong>DIVENDRES<\/strong><\/span><\/td>\n<\/tr>\n<tr>\n<td style=\"width: 20%; text-align: left;\">\n<p><span style=\"background-color: #cc99ff;\">MAT\u00cd: de 8.45 a 12.15h.<\/span><\/p>\n<p><span style=\"background-color: #cc99ff;\">TARDA: de 14.45 a 16.15h.<\/span><\/p>\n<\/td>\n<td style=\"width: 20%; text-align: left;\">\n<p><span style=\"background-color: #ffcc99;\">MAT\u00cd: de 8.45 a 12.15h.<\/span><\/p>\n<p><span style=\"background-color: #ffcc99;\">TARDA: de 14.45 a 16.15h.<\/span><\/p>\n<\/td>\n<td style=\"width: 20%; text-align: left;\"><span style=\"background-color: #ffff99;\">MAT\u00cd: de 8.45 a 13.45h.<\/span><\/td>\n<td style=\"width: 20%; text-align: left;\">\n<p><span style=\"background-color: #ccffcc;\">MAT\u00cd: de 8.45 a 12.15h.<\/span><\/p>\n<p><span style=\"background-color: #ccffcc;\">TARDA: de 14.45 a 16.15h.<\/span><\/p>\n<\/td>\n<td style=\"width: 20%; text-align: left;\">\n<p><span style=\"background-color: #99ccff;\">MAT\u00cd: de 8.45 a 12.15h.<\/span><\/p>\n<p><span style=\"background-color: #99ccff;\">TARDA: de 14.45 a 16.15h.<\/span><\/p>\n<\/td>\n<\/tr>\n<\/tbody>\n<\/table>\n\n\n<p><\/p>\n\n\n<p><strong>SECUND\u00c0RIA<\/strong><\/p>\n<table style=\"border-collapse: collapse; width: 100%; height: 153px;\">\n<tbody>\n<tr style=\"height: 13px;\">\n<td style=\"width: 16.25%; text-align: left; height: 13px;\"><span style=\"background-color: #cc99ff;\"><strong>DILLUNS<\/strong><\/span><\/td>\n<td style=\"width: 15%; text-align: left; height: 13px;\"><span style=\"background-color: #ffcc99;\"><strong>DIMARTS<\/strong><\/span><\/td>\n<td style=\"width: 16.6666%; text-align: left; height: 13px;\"><span style=\"background-color: #ffff99;\"><strong>DIMECRES<\/strong><\/span><\/td>\n<td style=\"width: 15.9167%; text-align: left; height: 13px;\"><span style=\"background-color: #ccffcc;\"><strong>DIJOUS<\/strong><\/span><\/td>\n<td style=\"width: 16.1667%; text-align: left; height: 13px;\"><span style=\"background-color: #99ccff;\"><strong>DIVENDRES<\/strong><\/span><\/td>\n<\/tr>\n<tr style=\"height: 140px;\">\n<td style=\"width: 16.25%; height: 140px;\">\n<p><span style=\"background-color: #cc99ff;\">MAT\u00cd: de 8.00 a 13.30h.<\/span><\/p>\n<p><span style=\"background-color: #cc99ff;\">TARDA: de 14.45 a 16.15h.<\/span><\/p>\n<\/td>\n<td style=\"width: 15%; height: 140px;\">\n<p><span style=\"background-color: #ffcc99;\">MAT\u00cd: de 8.00 a 13.30h.<\/span><\/p>\n<p><span style=\"background-color: #ffcc99;\">TARDA: de 14.45 a 16.15h.<\/span><\/p>\n<\/td>\n<td style=\"width: 16.6666%; height: 140px;\"><span style=\"background-color: #ffff99;\">MAT\u00cd: de 8.00 a 13.30h.<\/span><\/td>\n<td style=\"width: 15.9167%; height: 140px;\">\n<p><span style=\"background-color: #ccffcc;\">MAT\u00cd: de 8.00 a 13.30h.<\/span><\/p>\n<p><span style=\"background-color: #ccffcc;\">TARDA: de 14.45 a 16.15h.<\/span><\/p>\n<\/td>\n<td style=\"width: 16.1667%; height: 140px;\"><span style=\"background-color: #99ccff;\">MAT\u00cd: de 8.00 a 14.00h.<\/span><\/td>\n<\/tr>\n<\/tbody>\n<\/table>\n\n\n<p><\/p>\n\n\n\n<p><strong>ENTRADES AL CENTRE ESCOLAR<\/strong><\/p>\n\n\n\n<p><\/p>\n\n\n\n<p>&#8211; L&#8217;alumnat d&#8217;infantil ha d&#8217;entrar per la&nbsp;porta d&#8217;infantil i les fam\u00edlies poden accedir fins a la porta d&#8217;entrada a l&#8217;aula.<\/p>\n\n\n\n<p>&#8211; L&#8217;alumnat de 1r, 2n i 3r entren sols per la porta de la rampa. Les fam\u00edlies s&#8217;acomiaden a la porta de la reixa.<\/p>\n\n\n\n<p><em>* En cas d&#8217;acompanyar alumnat de diferents comunitats, les fam\u00edlies entren per la porta de petits\/es, deixant l&#8217;alumnat de mitjans\/es a l&#8217;entrada del passad\u00eds exterior.<\/em><\/p>\n\n\n\n<p>&#8211; L&#8217;alumnat de 4t, 5\u00e8 i 6\u00e8 entren sols per la porta principal. Les fam\u00edlies s&#8217;acomiaden a la part exterior de la porta principal.<\/p>\n\n\n\n<p><strong>SORTIDES DEL CENTRE ESCOLAR<\/strong><\/p>\n\n\n\n<p>&#8211; Les fam\u00edlies d&#8217;infantil han d&#8217;entrar per la porta d&#8217;infantil. Si despr\u00e9s han de recollir a una altre fill\/a net\/a van pel passad\u00eds exterior i accedeixen a l&#8217;edifici per la porta de la comunitat de mitjans.<\/p>\n\n\n\n<p>&#8211; Les fam\u00edlies de 1r, 2n i 3r han d&#8217;entrar per la&nbsp;porta de la rampa i&nbsp;accedeixen a l&#8217;edifici per la porta de la&nbsp;comunitat de mitjans.<\/p>\n\n\n\n<p>&#8211; L&#8217;alumnat de 4t, 5\u00e8 i 6\u00e8 que t\u00e9 autoritzaci\u00f3 per sortir sols\/es, surt per la porta principal. <\/p>\n\n\n\n<p>&#8211; Les fam\u00edlies de 4t, 5\u00e8 i 6\u00e8 que v\u00e9nen a recollir l&#8217;alumnat, entren per la porta principal.<\/p>\n\n\n\n<p><\/p>\n","protected":false},"excerpt":{"rendered":"<p>INFANTIL I PRIM\u00c0RIA DILLUNS DIMARTS DIMECRES DIJOUS DIVENDRES MAT\u00cd: de 8.45 a 12.15h. TARDA: de 14.45 a 16.15h. MAT\u00cd: de 8.45 a 12.15h. TARDA: de 14.45 a 16.15h. MAT\u00cd: de 8.45 a 13.45h. MAT\u00cd: de 8.45 a 12.15h. TARDA: de 14.45 a 16.15h. MAT\u00cd: de 8.45 a 12.15h. TARDA: de 14.45 a 16.15h. SECUND\u00c0RIA DILLUNS [&hellip;]<\/p>\n","protected":false},"author":1,"featured_media":0,"parent":0,"menu_order":0,"comment_status":"closed","ping_status":"close","template":"","meta":{"site-sidebar-layout":"default","site-content-layout":"","ast-site-content-layout":"default","site-content-style":"default","site-sidebar-style":"default","ast-global-header-display":"","ast-banner-title-visibility":"","ast-main-header-display":"","ast-hfb-above-header-display":"","ast-hfb-below-header-display":"","ast-hfb-mobile-header-display":"","site-post-title":"","ast-breadcrumbs-content":"","ast-featured-img":"","footer-sml-layout":"","theme-transparent-header-meta":"","adv-header-id-meta":"","stick-header-meta":"","header-above-stick-meta":"","header-main-stick-meta":"","header-below-stick-meta":"","astra-migrate-meta-layouts":"set","ast-page-background-enabled":"default","ast-page-background-meta":{"desktop":{"background-color":"var(--ast-global-color-4)","background-image":"","background-repeat":"repeat","background-position":"center center","background-size":"auto","background-attachment":"scroll","background-type":"","background-media":"","overlay-type":"","overlay-color":"","overlay-opacity":"","overlay-gradient":""},"tablet":{"background-color":"","background-image":"","background-repeat":"repeat","background-position":"center center","background-size":"auto","background-attachment":"scroll","background-type":"","background-media":"","overlay-type":"","overlay-color":"","overlay-opacity":"","overlay-gradient":""},"mobile":{"background-color":"","background-image":"","background-repeat":"repeat","background-position":"center center","background-size":"auto","background-attachment":"scroll","background-type":"","background-media":"","overlay-type":"","overlay-color":"","overlay-opacity":"","overlay-gradient":""}},"ast-content-background-meta":{"desktop":{"background-color":"var(--ast-global-color-5)","background-image":"","background-repeat":"repeat","background-position":"center center","background-size":"auto","background-attachment":"scroll","background-type":"","background-media":"","overlay-type":"","overlay-color":"","overlay-opacity":"","overlay-gradient":""},"tablet":{"background-color":"var(--ast-global-color-5)","background-image":"","background-repeat":"repeat","background-position":"center center","background-size":"auto","background-attachment":"scroll","background-type":"","background-media":"","overlay-type":"","overlay-color":"","overlay-opacity":"","overlay-gradient":""},"mobile":{"background-color":"var(--ast-global-color-5)","background-image":"","background-repeat":"repeat","background-position":"center center","background-size":"auto","background-attachment":"scroll","background-type":"","background-media":"","overlay-type":"","overlay-color":"","overlay-opacity":"","overlay-gradient":""}},"footnotes":""},"class_list":["post-1027","page","type-page","status-publish","hentry"],"post_mailing_queue_ids":[],"_links":{"self":[{"href":"https:\/\/agora.xtec.cat\/ievirolet\/wp-json\/wp\/v2\/pages\/1027","targetHints":{"allow":["GET"]}}],"collection":[{"href":"https:\/\/agora.xtec.cat\/ievirolet\/wp-json\/wp\/v2\/pages"}],"about":[{"href":"https:\/\/agora.xtec.cat\/ievirolet\/wp-json\/wp\/v2\/types\/page"}],"author":[{"embeddable":true,"href":"https:\/\/agora.xtec.cat\/ievirolet\/wp-json\/wp\/v2\/users\/1"}],"replies":[{"embeddable":true,"href":"https:\/\/agora.xtec.cat\/ievirolet\/wp-json\/wp\/v2\/comments?post=1027"}],"version-history":[{"count":6,"href":"https:\/\/agora.xtec.cat\/ievirolet\/wp-json\/wp\/v2\/pages\/1027\/revisions"}],"predecessor-version":[{"id":1367,"href":"https:\/\/agora.xtec.cat\/ievirolet\/wp-json\/wp\/v2\/pages\/1027\/revisions\/1367"}],"wp:attachment":[{"href":"https:\/\/agora.xtec.cat\/ievirolet\/wp-json\/wp\/v2\/media?parent=1027"}],"curies":[{"name":"wp","href":"https:\/\/api.w.org\/{rel}","templated":true}]}}