{"id":84,"date":"2014-09-18T14:11:31","date_gmt":"2014-09-18T13:11:31","guid":{"rendered":"http:\/\/agora.xtec.cat\/ceipvila-roma\/?page_id=84"},"modified":"2025-08-16T21:02:39","modified_gmt":"2025-08-16T19:02:39","slug":"activitats-extraescolars","status":"publish","type":"page","link":"https:\/\/agora.xtec.cat\/ievila-roma\/serveis\/activitats-extraescolars\/","title":{"rendered":"Activitats extraescolars"},"content":{"rendered":"\n<h3 class=\"wp-block-heading has-text-align-center\"><b>CURS 2025-2026<\/b><\/h3>\n\n\n\n<h4 class=\"wp-block-heading has-text-align-center\"><b>Activitats Educaci\u00f3 Infantil<\/b><\/h4>\n\n\n\n<div class=\"wp-block-buttons is-horizontal is-content-justification-right is-layout-flex wp-container-core-buttons-is-layout-1 wp-block-buttons-is-layout-flex\">\n<div class=\"wp-block-button is-style-fill\"><a class=\"wp-block-button__link has-ast-global-color-1-background-color has-background has-text-align-center wp-element-button\" href=\"https:\/\/docs.google.com\/forms\/d\/e\/1FAIpQLSfbKyo1WlzoYvj-Y7Zxsyv-mz1vby3yqUyT3zaHxd2oC2detQ\/viewform\">INSCRIPCIONS INFANTIL<\/a><\/div>\n<\/div>\n\n\n\n<figure class=\"wp-block-image alignfull size-large\"><a href=\"https:\/\/agora.xtec.cat\/ievila-roma\/wp-content\/uploads\/usu826\/2025\/08\/EXTRAESCOLARS-INFANTIL.png\"><img loading=\"lazy\" decoding=\"async\" width=\"1024\" height=\"456\" src=\"https:\/\/agora.xtec.cat\/ievila-roma\/wp-content\/uploads\/usu826\/2025\/08\/EXTRAESCOLARS-INFANTIL-1024x456.png\" alt=\"\" class=\"wp-image-20196\" srcset=\"https:\/\/agora.xtec.cat\/ievila-roma\/wp-content\/uploads\/usu826\/2025\/08\/EXTRAESCOLARS-INFANTIL-1024x456.png 1024w, https:\/\/agora.xtec.cat\/ievila-roma\/wp-content\/uploads\/usu826\/2025\/08\/EXTRAESCOLARS-INFANTIL-300x134.png 300w, https:\/\/agora.xtec.cat\/ievila-roma\/wp-content\/uploads\/usu826\/2025\/08\/EXTRAESCOLARS-INFANTIL-768x342.png 768w, https:\/\/agora.xtec.cat\/ievila-roma\/wp-content\/uploads\/usu826\/2025\/08\/EXTRAESCOLARS-INFANTIL.png 1534w\" sizes=\"auto, (max-width: 1024px) 100vw, 1024px\" \/><\/a><\/figure>\n\n\n\n<h4 class=\"wp-block-heading has-text-align-center\">Activitats Prim\u00e0ria<\/h4>\n\n\n\n<div class=\"wp-block-buttons is-content-justification-right is-layout-flex wp-container-core-buttons-is-layout-2 wp-block-buttons-is-layout-flex\">\n<div class=\"wp-block-button\"><a class=\"wp-block-button__link has-ast-global-color-1-background-color has-background wp-element-button\" href=\"https:\/\/docs.google.com\/forms\/d\/e\/1FAIpQLScUAR6iZN0NzbHrJLb8swwj4KRLIAgcul6QLgavblhvUCDbGQ\/viewform\">INSCRIPCIONS PRIM\u00c0RIA<\/a><\/div>\n<\/div>\n\n\n\n<figure class=\"wp-block-image alignfull size-full\"><a href=\"https:\/\/agora.xtec.cat\/ievila-roma\/wp-content\/uploads\/usu826\/2025\/08\/EXTRAESCOLARS-PRIMARIA.png\"><img loading=\"lazy\" decoding=\"async\" width=\"1020\" height=\"692\" src=\"https:\/\/agora.xtec.cat\/ievila-roma\/wp-content\/uploads\/usu826\/2025\/08\/EXTRAESCOLARS-PRIMARIA.png\" alt=\"\" class=\"wp-image-20200\" srcset=\"https:\/\/agora.xtec.cat\/ievila-roma\/wp-content\/uploads\/usu826\/2025\/08\/EXTRAESCOLARS-PRIMARIA.png 1020w, https:\/\/agora.xtec.cat\/ievila-roma\/wp-content\/uploads\/usu826\/2025\/08\/EXTRAESCOLARS-PRIMARIA-300x204.png 300w, https:\/\/agora.xtec.cat\/ievila-roma\/wp-content\/uploads\/usu826\/2025\/08\/EXTRAESCOLARS-PRIMARIA-768x521.png 768w\" sizes=\"auto, (max-width: 1020px) 100vw, 1020px\" \/><\/a><\/figure>\n\n\n\n<h4 class=\"wp-block-heading has-text-align-center\">Activitats Secund\u00e0ria<\/h4>\n\n\n\n<div class=\"wp-block-buttons alignfull is-content-justification-right is-layout-flex wp-container-core-buttons-is-layout-3 wp-block-buttons-is-layout-flex\">\n<div class=\"wp-block-button\"><a class=\"wp-block-button__link has-ast-global-color-1-background-color has-background has-text-align-right wp-element-button\">INSCRIPCIONS SECUND\u00c0RIA<\/a><\/div>\n<\/div>\n\n\n\n<figure class=\"wp-block-image alignfull size-full\"><a href=\"https:\/\/agora.xtec.cat\/ievila-roma\/wp-content\/uploads\/usu826\/2025\/08\/EXTRAESCOLARS-ESO.png\"><img loading=\"lazy\" decoding=\"async\" width=\"1014\" height=\"584\" src=\"https:\/\/agora.xtec.cat\/ievila-roma\/wp-content\/uploads\/usu826\/2025\/08\/EXTRAESCOLARS-ESO.png\" alt=\"\" class=\"wp-image-20201\" srcset=\"https:\/\/agora.xtec.cat\/ievila-roma\/wp-content\/uploads\/usu826\/2025\/08\/EXTRAESCOLARS-ESO.png 1014w, https:\/\/agora.xtec.cat\/ievila-roma\/wp-content\/uploads\/usu826\/2025\/08\/EXTRAESCOLARS-ESO-300x173.png 300w, https:\/\/agora.xtec.cat\/ievila-roma\/wp-content\/uploads\/usu826\/2025\/08\/EXTRAESCOLARS-ESO-768x442.png 768w\" sizes=\"auto, (max-width: 1014px) 100vw, 1014px\" \/><\/a><\/figure>\n\n\n\n<h5 class=\"wp-block-heading has-text-align-center\">PAGAMENT<\/h5>\n\n\n\n<p class=\"kt-adv-heading1277_455889-30 wp-block-kadence-advancedheading\">Es far\u00e0 mitjan\u00e7ant DOMICILIACI\u00d3 BANC\u00c0RIA. Es passaran els rebuts cada principi de mes, per avan\u00e7at (el dia 5 de cada mes, per avan\u00e7at). En cas de tenir algun inconvenient, caldr\u00e0 parlar, abans de la data indicada, amb ESQUITX (tel\u00e8fon de contacte 679781130).<br>En cas de REBUT RETORNAT, caldr\u00e0 abonar el rec\u00e0rrec que aplica el banc.<br>En cas de REBUTS IMPAGATS, l\u2019alumne no podr\u00e0 assistir a l\u2019activitat extraescolar.<br>En cas de voler donar de baixa un alumne, cal fer-ho abans del dia 1 de cada mes per tal que s\u2019anul\u00b7li l\u2019asseguran\u00e7a i el pagament de l\u2019activitat.\u00a0<br><strong>Hi ha un INCREMENT DEL 50% a la quota de l\u2019activitat per aquelles fam\u00edlies NO SOCIES DE L\u2019AFA.\u00a0<\/strong><\/p>\n\n\n\n<h5 class=\"wp-block-heading has-text-align-center\">CONTACTE<\/h5>\n\n\n\n<p class=\"kt-adv-heading1277_58ad69-d1 wp-block-kadence-advancedheading\">Si teniu algun dubte, podeu contactar directament amb Esquitx mitjan\u00e7ant el seu correu electronic\u00a0<a href=\"mailto:info@esquitxlleure.com\">info@esquitxlleure.com<\/a>\u00a0o via WhatsApp al\u00a0<a href=\"https:\/\/wa.me\/34679781130\" target=\"_blank\" rel=\"noreferrer noopener\">679781130<\/a><\/p>\n","protected":false},"excerpt":{"rendered":"<p>CURS 2025-2026 Activitats Educaci\u00f3 Infantil Activitats Prim\u00e0ria Activitats Secund\u00e0ria PAGAMENT Es far\u00e0 mitjan\u00e7ant DOMICILIACI\u00d3 BANC\u00c0RIA. Es passaran els rebuts cada principi de mes, per avan\u00e7at (el dia 5 de cada mes, per avan\u00e7at). En cas de tenir algun inconvenient, caldr\u00e0 parlar, abans de la data indicada, amb ESQUITX (tel\u00e8fon de contacte 679781130).En cas de REBUT [&hellip;]<\/p>\n","protected":false},"author":1,"featured_media":0,"parent":66,"menu_order":60,"comment_status":"closed","ping_status":"closed","template":"","meta":{"_bbp_topic_count":0,"_bbp_reply_count":0,"_bbp_total_topic_count":0,"_bbp_total_reply_count":0,"_bbp_voice_count":0,"_bbp_anonymous_reply_count":0,"_bbp_topic_count_hidden":0,"_bbp_reply_count_hidden":0,"_bbp_forum_subforum_count":0,"site-sidebar-layout":"default","site-content-layout":"","ast-site-content-layout":"default","site-content-style":"default","site-sidebar-style":"default","ast-global-header-display":"","ast-banner-title-visibility":"","ast-main-header-display":"","ast-hfb-above-header-display":"","ast-hfb-below-header-display":"","ast-hfb-mobile-header-display":"","site-post-title":"","ast-breadcrumbs-content":"","ast-featured-img":"","footer-sml-layout":"","theme-transparent-header-meta":"","adv-header-id-meta":"","stick-header-meta":"","header-above-stick-meta":"","header-main-stick-meta":"","header-below-stick-meta":"","astra-migrate-meta-layouts":"set","ast-page-background-enabled":"default","ast-page-background-meta":{"desktop":{"background-color":"var(--ast-global-color-4)","background-image":"","background-repeat":"repeat","background-position":"center center","background-size":"auto","background-attachment":"scroll","background-type":"","background-media":"","overlay-type":"","overlay-color":"","overlay-opacity":"","overlay-gradient":""},"tablet":{"background-color":"","background-image":"","background-repeat":"repeat","background-position":"center center","background-size":"auto","background-attachment":"scroll","background-type":"","background-media":"","overlay-type":"","overlay-color":"","overlay-opacity":"","overlay-gradient":""},"mobile":{"background-color":"","background-image":"","background-repeat":"repeat","background-position":"center center","background-size":"auto","background-attachment":"scroll","background-type":"","background-media":"","overlay-type":"","overlay-color":"","overlay-opacity":"","overlay-gradient":""}},"ast-content-background-meta":{"desktop":{"background-color":"var(--ast-global-color-5)","background-image":"","background-repeat":"repeat","background-position":"center center","background-size":"auto","background-attachment":"scroll","background-type":"","background-media":"","overlay-type":"","overlay-color":"","overlay-opacity":"","overlay-gradient":""},"tablet":{"background-color":"var(--ast-global-color-5)","background-image":"","background-repeat":"repeat","background-position":"center center","background-size":"auto","background-attachment":"scroll","background-type":"","background-media":"","overlay-type":"","overlay-color":"","overlay-opacity":"","overlay-gradient":""},"mobile":{"background-color":"var(--ast-global-color-5)","background-image":"","background-repeat":"repeat","background-position":"center center","background-size":"auto","background-attachment":"scroll","background-type":"","background-media":"","overlay-type":"","overlay-color":"","overlay-opacity":"","overlay-gradient":""}},"footnotes":""},"class_list":["post-84","page","type-page","status-publish","hentry"],"post_mailing_queue_ids":[],"_links":{"self":[{"href":"https:\/\/agora.xtec.cat\/ievila-roma\/wp-json\/wp\/v2\/pages\/84","targetHints":{"allow":["GET"]}}],"collection":[{"href":"https:\/\/agora.xtec.cat\/ievila-roma\/wp-json\/wp\/v2\/pages"}],"about":[{"href":"https:\/\/agora.xtec.cat\/ievila-roma\/wp-json\/wp\/v2\/types\/page"}],"author":[{"embeddable":true,"href":"https:\/\/agora.xtec.cat\/ievila-roma\/wp-json\/wp\/v2\/users\/1"}],"replies":[{"embeddable":true,"href":"https:\/\/agora.xtec.cat\/ievila-roma\/wp-json\/wp\/v2\/comments?post=84"}],"version-history":[{"count":6,"href":"https:\/\/agora.xtec.cat\/ievila-roma\/wp-json\/wp\/v2\/pages\/84\/revisions"}],"predecessor-version":[{"id":20204,"href":"https:\/\/agora.xtec.cat\/ievila-roma\/wp-json\/wp\/v2\/pages\/84\/revisions\/20204"}],"up":[{"embeddable":true,"href":"https:\/\/agora.xtec.cat\/ievila-roma\/wp-json\/wp\/v2\/pages\/66"}],"wp:attachment":[{"href":"https:\/\/agora.xtec.cat\/ievila-roma\/wp-json\/wp\/v2\/media?parent=84"}],"curies":[{"name":"wp","href":"https:\/\/api.w.org\/{rel}","templated":true}]}}