{"id":73,"date":"2014-09-18T14:01:51","date_gmt":"2014-09-18T13:01:51","guid":{"rendered":"http:\/\/agora.xtec.cat\/ceipvila-roma\/?page_id=73"},"modified":"2026-04-01T22:44:51","modified_gmt":"2026-04-01T20:44:51","slug":"menjador-escolar","status":"publish","type":"page","link":"https:\/\/agora.xtec.cat\/ievila-roma\/serveis\/menjador-escolar\/","title":{"rendered":"Menjador escolar"},"content":{"rendered":"\n<div class=\"wp-block-getwid-section\"><div class=\"wp-block-getwid-section__wrapper\"><div class=\"wp-block-getwid-section__inner-wrapper\"><div class=\"wp-block-getwid-section__background-holder\"><div class=\"wp-block-getwid-section__background\"><\/div><div class=\"wp-block-getwid-section__foreground\"><\/div><\/div><div class=\"wp-block-getwid-section__content\"><div class=\"wp-block-getwid-section__inner-content\">\n<div class=\"wp-block-media-text is-stacked-on-mobile\" style=\"grid-template-columns:24% auto\"><figure class=\"wp-block-media-text__media\"><img loading=\"lazy\" decoding=\"async\" width=\"198\" height=\"255\" src=\"https:\/\/agora.xtec.cat\/ievila-roma\/wp-content\/uploads\/usu826\/2025\/11\/MENJADOR.jpeg\" alt=\"\" class=\"wp-image-20446 size-full\"\/><\/figure><div class=\"wp-block-media-text__content\">\n<p class=\"has-text-align-center has-large-font-size\"><a href=\"https:\/\/drive.google.com\/file\/d\/1rQdYlTdx2FDapZUWGMJNxV9txecW1usI\/view?usp=drive_link\" data-type=\"link\" data-id=\"https:\/\/drive.google.com\/file\/d\/1XiZm-DUE-eFxV5Seh0slrojHHzyCis8f\/view?usp=sharing\" target=\"_blank\" rel=\"noreferrer noopener\">Men\u00fa mes d&#8217;abril<\/a><\/p>\n<\/div><\/div>\n\n\n\n<hr class=\"wp-block-separator has-alpha-channel-opacity is-style-wide\"\/>\n\n\n\n<div class=\"wp-block-media-text is-stacked-on-mobile\" style=\"grid-template-columns:30% auto\"><figure class=\"wp-block-media-text__media\"><a href=\"https:\/\/forms.gle\/XvMA4wHutYknrXuT7\" target=\"_blank\" rel=\" noreferrer noopener\"><img loading=\"lazy\" decoding=\"async\" width=\"318\" height=\"159\" src=\"https:\/\/agora.xtec.cat\/ievila-roma\/wp-content\/uploads\/usu826\/2025\/11\/bustia-menjador.jpeg\" alt=\"\" class=\"wp-image-20440 size-full\" srcset=\"https:\/\/agora.xtec.cat\/ievila-roma\/wp-content\/uploads\/usu826\/2025\/11\/bustia-menjador.jpeg 318w, https:\/\/agora.xtec.cat\/ievila-roma\/wp-content\/uploads\/usu826\/2025\/11\/bustia-menjador-300x150.jpeg 300w\" sizes=\"auto, (max-width: 318px) 100vw, 318px\" \/><\/a><\/figure><div class=\"wp-block-media-text__content\">\n<p class=\"has-medium-font-size\">Al seg\u00fcent enlla\u00e7 podeu accedir al formulari per deixar les vostres queixes i suggeriments del servei de menjador escolar<\/p>\n\n\n\n<h6 class=\"wp-block-heading has-text-align-center has-medium-font-size\"><strong><a href=\"https:\/\/forms.gle\/XvMA4wHutYknrXuT7\" target=\"_blank\" rel=\"noreferrer noopener\">B\u00fastia de suggeriments servei de menjador<\/a><\/strong><\/h6>\n<\/div><\/div>\n\n\n\n<hr class=\"wp-block-separator has-alpha-channel-opacity is-style-wide\"\/>\n<\/div><\/div><\/div><\/div><\/div>\n\n\n\n<p><\/p>\n\n\n\n<p><\/p>\n\n\n\n<p class=\"has-text-align-center\"><span style=\"font-size: 18pt;\">El tel\u00e8fon de contacte del menjador \u00e9s <span style=\"color: #339966;\">610614905<\/span>&nbsp;(de 9 a 10,30)<\/span><\/p>\n\n\n\n<h6 class=\"wp-block-heading\">ORGANITZACI\u00d3<\/h6>\n\n\n\n<p><em>Existeixen tres torns de menjador:<\/em><br><br>INFANTIL, PRIM\u00c0RIA (1r, 2n i 3r) dinen de 12:30 a 13:30 i lleure de 13:30 a 14:30<br>PRIM\u00c0RIA (4t, 5\u00e8 i 6\u00e8) dinen de 13:30 a 14:30 i lleure de 12:30 a 13:30<br>ESO dinen de 12:45 a 14 <\/p>\n\n\n\n<h6 class=\"wp-block-heading\">INSTAL\u00b7LACIONS<\/h6>\n\n\n\n<p>INFANTIL: menjador, pati d&#8217;infantil i aula psicomotricitat<br>PRIM\u00c0RIA: menjador, patis centrals i gimn\u00e0s<br>SECUND\u00c0RIA: Aula taller i patis centrals<\/p>\n\n\n\n<h6 class=\"wp-block-heading\">MENJADORS ESCOLARS GESTIONATS PEL CONSELL COMARCAL DEL BAIX EMPORD\u00c0<\/h6>\n\n\n\n<div class=\"wp-block-buttons is-content-justification-center is-layout-flex wp-container-core-buttons-is-layout-1 wp-block-buttons-is-layout-flex\">\n<div class=\"wp-block-button has-custom-width wp-block-button__width-100\"><a class=\"wp-block-button__link has-luminous-vivid-amber-color has-ast-global-color-1-background-color has-text-color has-background has-link-color wp-element-button\" href=\"https:\/\/www.baixemporda.cat\/ca\/arees\/ensenyament\/menjador-escolar\/menjador-escolar-483211\/\" target=\"_blank\" rel=\"noreferrer noopener\">ENLLA\u00c7 PER SOL\u00b7LICITAR MENJADOR ESCOLAR CURS 25-26<\/a><\/div>\n<\/div>\n\n\n\n<p>El sistema de pagament \u00e9s per domiciliaci\u00f3 banc\u00e0ria<\/p>\n\n\n\n<p>L&#8217;\u00c0rea d&#8217;Ensenyament del Consell Comarcal del Baix Empord\u00e0 gestiona, entre altres serveis, els menjadors escolars de&nbsp;43 centres docents de la comarca,&nbsp;31 d&#8217;escoles d&#8217;infantil i prim\u00e0ria i 12 de llars d&#8217;infants. Ofereix el&nbsp;servei di\u00e0riament a aproximadament 1.590 alumnes.<\/p>\n\n\n\n<p>Des del Consell Comarcal del Baix Empord\u00e0 entenem el servei de menjador escolar com una necessitat social b\u00e0sica, per\u00f2 tamb\u00e9 com un espai de lleure educatiu que ha de fomentar la salut, els h\u00e0bits i els valors socials. D\u2019acord amb aquests principis, ens encarreguem d\u2019oferir una gesti\u00f3 del servei que inclou les prestacions seg\u00fcents:<\/p>\n\n\n\n<ul class=\"wp-block-list\">\n<li>El subministrament del dinar i del personal als centres, ja sigui amb cuina a l\u2019escola o amb servei de c\u00e0tering.<\/li>\n\n\n\n<li>L\u2019adequaci\u00f3 de les instal\u00b7lacions per tal que compleixin els requisits sanitaris d\u2019un menjador escolar (manteniment i neteja, subministrament d\u2019estris i vaixella, kits de clor, term\u00f2metres, etc., reparaci\u00f3 i inversions d\u2019aparells de cuina).<\/li>\n\n\n\n<li>La vigil\u00e0ncia, seguretat i dinamitzaci\u00f3 de l\u2019espai del menjador a trav\u00e9s de monitoratge titulat, aix\u00ed com la realitzaci\u00f3 d\u2019activitats de lleure i el corresponent material d\u2019acord amb el projecte educatiu del centre.<\/li>\n\n\n\n<li>La informaci\u00f3 trimestralment als pares dels h\u00e0bits alimentaris i de comportament dels seus fills al menjador.<\/li>\n\n\n\n<li>Un servei d\u2019auditories i inspeccions dels menjadors escolars, tant pel que fa a les instal\u00b7lacions, com a la qualitat nutritiva, diet\u00e8tica i sanit\u00e0ria dels aliments i els men\u00fas, aix\u00ed com el seguiment del monitoratge i el comportament dels usuaris per tal de garantir-ne el bon funcionament.<\/li>\n\n\n\n<li>La formaci\u00f3 inicial i continuada del personal del servei (cuina i monitoratge).<\/li>\n\n\n\n<li>La gesti\u00f3 econ\u00f2mica i financera (cobrament avan\u00e7at dels rebuts per domiciliaci\u00f3 banc\u00e0ria, gesti\u00f3 de beques, control d\u2019impagats, etc.).<\/li>\n<\/ul>\n\n\n\n<h5 class=\"wp-block-heading\"><u>Objectius<\/u><\/h5>\n\n\n\n<h6 class=\"wp-block-heading\"><strong>Dimensi\u00f3 nutricional o aliment\u00e0ria:<\/strong><\/h6>\n\n\n\n<ul class=\"wp-block-list\">\n<li>Con\u00e8ixer all\u00f2 que es menja i respectem els aliments, no fent-ne un mal \u00fas.Un primer plat b\u00e0sicament energ\u00e8tic (sempre es pot repetir), un segon plat amb una aportaci\u00f3 correcta de prote\u00efnes (amb les novetats de la introducci\u00f3 del peix blau, el bacall\u00e0 i els productes Vilanova), la guarnici\u00f3 amb nutrients reguladors (serveix per introduir un aliment cru) preparats amb productes de temporada, les postres es basen en quatre dies de fruita del temps i un dia de l\u00e0ctics.<\/li>\n\n\n\n<li>Facilitar dietes personalitzades per malalties, al\u00b7l\u00e8rgies, intoler\u00e0ncies, &#8230;<\/li>\n\n\n\n<li>Tenir present als alumnes del centre que pertanyen a altres cultures.<\/li>\n<\/ul>\n\n\n\n<ul class=\"wp-block-list\">\n<li><em>Acostumar als infants a menjar una quantitat adequada a la seva edat i a tastar tot tipus de menjar.<\/em><\/li>\n<\/ul>\n\n\n\n<h6 class=\"wp-block-heading\"><strong>Dimensi\u00f3 conductual:<\/strong><\/h6>\n\n\n\n<ul class=\"wp-block-list\">\n<li>Ensenyar a mastegar b\u00e9 els aliments i menjar amb la boca tancada.<\/li>\n\n\n\n<li>Aprendre a dinar a un ritme constant i en un temps normal.<\/li>\n\n\n\n<li>Aprendre a utilitzar correctament els estris per menjar (coberts, got i tovall\u00f3).<\/li>\n\n\n\n<li>Aprendre a seure correctament.<\/li>\n\n\n\n<li>Entrar i sortir del menjador sense c\u00f3rrer.<\/li>\n\n\n\n<li>No aixecar-se de la cadira sense el perm\u00eds de la monitora.<\/li>\n\n\n\n<li>No cridar i demanar les coses amb educaci\u00f3.<\/li>\n<\/ul>\n\n\n\n<h6 class=\"wp-block-heading\"><strong>Dimensi\u00f3 psicol\u00f2gica i social:<\/strong><\/h6>\n\n\n\n<ul class=\"wp-block-list\">\n<li>Considerar el menjador com un espai d\u2019aprenentatge.<\/li>\n\n\n\n<li>El temps de dinar \u00e9s un moment per comunicar-nos.<\/li>\n\n\n\n<li>En la nostra cultura l\u2019acte de menjar \u00e9s un temps que compartim amb grup; moltes festes i celebracions giren entorn una taula amb el menjar com activitat compartida que es regeix per unes normes, actituds i h\u00e0bits que fomentem, alhora que aprenen a ser capa\u00e7os d\u2019esdevenir aut\u00f2noms.<\/li>\n<\/ul>\n\n\n\n<h6 class=\"wp-block-heading\"><strong>Gesti\u00f3 del lleure al pati:<\/strong><\/h6>\n\n\n\n<ul class=\"wp-block-list\">\n<li>Aprendre a desenvolupar la creativitat i la imaginaci\u00f3 per construir el propi joc.<\/li>\n\n\n\n<li>Aprofitar el temps de lleure per realitzar la pr\u00e0ctica de jocs lliures i d\u2019activitats pre-esportives no competitives<\/li>\n<\/ul>\n\n\n\n<h6 class=\"wp-block-heading\">&nbsp;<strong>Objectius al pati:<\/strong><\/h6>\n\n\n\n<ul class=\"wp-block-list\">\n<li>Utilitzar i recollir les joguines correctament<\/li>\n\n\n\n<li>Saber escoltar i entendre les normes senzilles en jocs tradicionals.<\/li>\n\n\n\n<li>Acceptar les pr\u00f2pies limitacions i les dels altres<\/li>\n<\/ul>\n\n\n\n<h6 class=\"wp-block-heading\"><strong>Foment del reciclatge:<\/strong><\/h6>\n\n\n\n<ul class=\"wp-block-list\">\n<li>Treballar la responsabilitat envers el medi ambient amb tot el que aix\u00f2 comporta a nivell d\u2019estalvi energ\u00e8tic i reciclatge.<\/li>\n<\/ul>\n\n\n\n<figure class=\"wp-block-gallery has-nested-images columns-default is-cropped wp-block-gallery-1 is-layout-flex wp-block-gallery-is-layout-flex\">\n<figure class=\"wp-block-image size-large\"><a href=\"https:\/\/agora.xtec.cat\/ievila-roma\/wp-content\/uploads\/usu826\/2014\/09\/menjador1.jpg\"><img loading=\"lazy\" decoding=\"async\" width=\"576\" height=\"768\" data-id=\"370\" src=\"https:\/\/agora.xtec.cat\/ievila-roma\/wp-content\/uploads\/usu826\/2014\/09\/menjador1.jpg\" alt=\"\" class=\"wp-image-370\" srcset=\"https:\/\/agora.xtec.cat\/ievila-roma\/wp-content\/uploads\/usu826\/2014\/09\/menjador1.jpg 576w, https:\/\/agora.xtec.cat\/ievila-roma\/wp-content\/uploads\/usu826\/2014\/09\/menjador1-225x300.jpg 225w\" sizes=\"auto, (max-width: 576px) 100vw, 576px\" \/><\/a><\/figure>\n\n\n\n<figure class=\"wp-block-image size-large\"><a href=\"https:\/\/agora.xtec.cat\/ievila-roma\/wp-content\/uploads\/usu826\/2014\/09\/comedor.jpg\"><img loading=\"lazy\" decoding=\"async\" width=\"876\" height=\"657\" data-id=\"228\" src=\"https:\/\/agora.xtec.cat\/ievila-roma\/wp-content\/uploads\/usu826\/2014\/09\/comedor.jpg\" alt=\"\" class=\"wp-image-228\" srcset=\"https:\/\/agora.xtec.cat\/ievila-roma\/wp-content\/uploads\/usu826\/2014\/09\/comedor.jpg 876w, https:\/\/agora.xtec.cat\/ievila-roma\/wp-content\/uploads\/usu826\/2014\/09\/comedor-300x225.jpg 300w, https:\/\/agora.xtec.cat\/ievila-roma\/wp-content\/uploads\/usu826\/2014\/09\/comedor-768x576.jpg 768w, https:\/\/agora.xtec.cat\/ievila-roma\/wp-content\/uploads\/usu826\/2014\/09\/comedor-200x150.jpg 200w\" sizes=\"auto, (max-width: 876px) 100vw, 876px\" \/><\/a><figcaption class=\"wp-element-caption\">Menjador<\/figcaption><\/figure>\n<\/figure>\n\n\n\n<p><\/p>\n","protected":false},"excerpt":{"rendered":"<p>El tel\u00e8fon de contacte del menjador \u00e9s 610614905&nbsp;(de 9 a 10,30) ORGANITZACI\u00d3 Existeixen tres torns de menjador: INFANTIL, PRIM\u00c0RIA (1r, 2n i 3r) dinen de 12:30 a 13:30 i lleure de 13:30 a 14:30PRIM\u00c0RIA (4t, 5\u00e8 i 6\u00e8) dinen de 13:30 a 14:30 i lleure de 12:30 a 13:30ESO dinen de 12:45 a 14 INSTAL\u00b7LACIONS [&hellip;]<\/p>\n","protected":false},"author":1,"featured_media":0,"parent":66,"menu_order":30,"comment_status":"closed","ping_status":"closed","template":"","meta":{"_bbp_topic_count":0,"_bbp_reply_count":0,"_bbp_total_topic_count":0,"_bbp_total_reply_count":0,"_bbp_voice_count":0,"_bbp_anonymous_reply_count":0,"_bbp_topic_count_hidden":0,"_bbp_reply_count_hidden":0,"_bbp_forum_subforum_count":0,"site-sidebar-layout":"default","site-content-layout":"","ast-site-content-layout":"default","site-content-style":"default","site-sidebar-style":"default","ast-global-header-display":"","ast-banner-title-visibility":"","ast-main-header-display":"","ast-hfb-above-header-display":"","ast-hfb-below-header-display":"","ast-hfb-mobile-header-display":"","site-post-title":"","ast-breadcrumbs-content":"","ast-featured-img":"","footer-sml-layout":"","theme-transparent-header-meta":"","adv-header-id-meta":"","stick-header-meta":"","header-above-stick-meta":"","header-main-stick-meta":"","header-below-stick-meta":"","astra-migrate-meta-layouts":"set","ast-page-background-enabled":"default","ast-page-background-meta":{"desktop":{"background-color":"var(--ast-global-color-4)","background-image":"","background-repeat":"repeat","background-position":"center center","background-size":"auto","background-attachment":"scroll","background-type":"","background-media":"","overlay-type":"","overlay-color":"","overlay-opacity":"","overlay-gradient":""},"tablet":{"background-color":"","background-image":"","background-repeat":"repeat","background-position":"center center","background-size":"auto","background-attachment":"scroll","background-type":"","background-media":"","overlay-type":"","overlay-color":"","overlay-opacity":"","overlay-gradient":""},"mobile":{"background-color":"","background-image":"","background-repeat":"repeat","background-position":"center center","background-size":"auto","background-attachment":"scroll","background-type":"","background-media":"","overlay-type":"","overlay-color":"","overlay-opacity":"","overlay-gradient":""}},"ast-content-background-meta":{"desktop":{"background-color":"var(--ast-global-color-5)","background-image":"","background-repeat":"repeat","background-position":"center center","background-size":"auto","background-attachment":"scroll","background-type":"","background-media":"","overlay-type":"","overlay-color":"","overlay-opacity":"","overlay-gradient":""},"tablet":{"background-color":"var(--ast-global-color-5)","background-image":"","background-repeat":"repeat","background-position":"center center","background-size":"auto","background-attachment":"scroll","background-type":"","background-media":"","overlay-type":"","overlay-color":"","overlay-opacity":"","overlay-gradient":""},"mobile":{"background-color":"var(--ast-global-color-5)","background-image":"","background-repeat":"repeat","background-position":"center center","background-size":"auto","background-attachment":"scroll","background-type":"","background-media":"","overlay-type":"","overlay-color":"","overlay-opacity":"","overlay-gradient":""}},"footnotes":""},"class_list":["post-73","page","type-page","status-publish","hentry"],"post_mailing_queue_ids":[],"_links":{"self":[{"href":"https:\/\/agora.xtec.cat\/ievila-roma\/wp-json\/wp\/v2\/pages\/73","targetHints":{"allow":["GET"]}}],"collection":[{"href":"https:\/\/agora.xtec.cat\/ievila-roma\/wp-json\/wp\/v2\/pages"}],"about":[{"href":"https:\/\/agora.xtec.cat\/ievila-roma\/wp-json\/wp\/v2\/types\/page"}],"author":[{"embeddable":true,"href":"https:\/\/agora.xtec.cat\/ievila-roma\/wp-json\/wp\/v2\/users\/1"}],"replies":[{"embeddable":true,"href":"https:\/\/agora.xtec.cat\/ievila-roma\/wp-json\/wp\/v2\/comments?post=73"}],"version-history":[{"count":6,"href":"https:\/\/agora.xtec.cat\/ievila-roma\/wp-json\/wp\/v2\/pages\/73\/revisions"}],"predecessor-version":[{"id":20542,"href":"https:\/\/agora.xtec.cat\/ievila-roma\/wp-json\/wp\/v2\/pages\/73\/revisions\/20542"}],"up":[{"embeddable":true,"href":"https:\/\/agora.xtec.cat\/ievila-roma\/wp-json\/wp\/v2\/pages\/66"}],"wp:attachment":[{"href":"https:\/\/agora.xtec.cat\/ievila-roma\/wp-json\/wp\/v2\/media?parent=73"}],"curies":[{"name":"wp","href":"https:\/\/api.w.org\/{rel}","templated":true}]}}