{"id":71,"date":"2014-09-18T12:44:56","date_gmt":"2014-09-18T11:44:56","guid":{"rendered":"http:\/\/agora.xtec.cat\/ceipvila-roma\/?page_id=71"},"modified":"2025-08-16T12:57:29","modified_gmt":"2025-08-16T10:57:29","slug":"serveis-digitals","status":"publish","type":"page","link":"https:\/\/agora.xtec.cat\/ievila-roma\/serveis\/serveis-digitals\/","title":{"rendered":"Serveis digitals"},"content":{"rendered":"\n<div class=\"wp-block-columns is-layout-flex wp-container-core-columns-is-layout-1 wp-block-columns-is-layout-flex\">\n<div class=\"wp-block-column is-layout-flow wp-block-column-is-layout-flow\" style=\"flex-basis:50%\">\n<figure class=\"wp-block-image aligncenter is-resized\"><a href=\"https:\/\/agora.xtec.cat\/ceipvila-roma\/wp-content\/uploads\/usu826\/2021\/02\/WhatsApp-Image-2021-02-22-at-16.06.53.jpeg\"><img loading=\"lazy\" decoding=\"async\" width=\"576\" height=\"1024\" src=\"https:\/\/agora.xtec.cat\/ceipvila-roma\/wp-content\/uploads\/usu826\/2021\/02\/WhatsApp-Image-2021-02-22-at-16.06.53-576x1024.jpeg\" alt=\"\" class=\"wp-image-12410\" style=\"width:307px;height:auto\" srcset=\"https:\/\/agora.xtec.cat\/ievila-roma\/wp-content\/uploads\/usu826\/2021\/02\/WhatsApp-Image-2021-02-22-at-16.06.53.jpeg 576w, https:\/\/agora.xtec.cat\/ievila-roma\/wp-content\/uploads\/usu826\/2021\/02\/WhatsApp-Image-2021-02-22-at-16.06.53-169x300.jpeg 169w\" sizes=\"auto, (max-width: 576px) 100vw, 576px\" \/><\/a><\/figure>\n<\/div>\n\n\n\n<div class=\"wp-block-column is-layout-flow wp-block-column-is-layout-flow\" style=\"flex-basis:50%\">\n<h6 class=\"wp-block-heading\">L&#8217;Institut Escola Vila-rom\u00e0 disposa d&#8217;una aplicaci\u00f3 de m\u00f2bil per les comunicacions i documents oficials.<\/h6>\n\n\n\n<h6 class=\"wp-block-heading\">Cal que totes les fam\u00edlies us la descarregueu i aix\u00ed poder signar totes les autoritzacions i rebre els diferents comunicats que s&#8217;originen des del centre.<\/h6>\n\n\n\n<h6 class=\"wp-block-heading\">Passos a seguir:<\/h6>\n\n\n\n<h6 class=\"wp-block-heading\">1. Buscar a Apple Store o Play Store, l&#8217;aplicaci\u00f3 <strong>ComunicAPP Edu<\/strong> i baixar-la al m\u00f2bil.<\/h6>\n\n\n\n<h6 class=\"wp-block-heading\">2. Escriure el nom del pare\/mare<\/h6>\n\n\n\n<h6 class=\"wp-block-heading\">3. Seleccionar Institut Escola Vila-rom\u00e0 de Palam\u00f3s<\/h6>\n\n\n\n<h6 class=\"wp-block-heading\">4. Tel\u00e8fon des d&#8217;on s&#8217;ha baixat l&#8217;aplicaci\u00f3.<\/h6>\n\n\n\n<h6 class=\"wp-block-heading\">5. Clicar &#8220;Ja tinc codi&#8221; (us hem enviat el codi al vostre correu personal)<\/h6>\n\n\n\n<h6 class=\"wp-block-heading\">6. Introduir el codi i &#8220;validar&#8221;<\/h6>\n<\/div>\n<\/div>\n\n\n\n<p><\/p>\n\n\n\n<h5 class=\"wp-block-heading has-text-align-center\">XARXES SOCIALS DEL CENTRE<\/h5>\n\n\n\n<div class=\"wp-block-columns is-layout-flex wp-container-core-columns-is-layout-2 wp-block-columns-is-layout-flex\">\n<div class=\"wp-block-column is-layout-flow wp-block-column-is-layout-flow\">\n<figure class=\"wp-block-image aligncenter size-full\"><a href=\"https:\/\/www.instagram.com\/ievilaroma\/\" target=\"_blank\" rel=\" noreferrer noopener\"><img loading=\"lazy\" decoding=\"async\" width=\"225\" height=\"225\" src=\"https:\/\/agora.xtec.cat\/ievila-roma\/wp-content\/uploads\/usu826\/2025\/08\/INSTAGRAM.jpeg\" alt=\"\" class=\"wp-image-20183\" srcset=\"https:\/\/agora.xtec.cat\/ievila-roma\/wp-content\/uploads\/usu826\/2025\/08\/INSTAGRAM.jpeg 225w, https:\/\/agora.xtec.cat\/ievila-roma\/wp-content\/uploads\/usu826\/2025\/08\/INSTAGRAM-150x150.jpeg 150w\" sizes=\"auto, (max-width: 225px) 100vw, 225px\" \/><\/a><figcaption class=\"wp-element-caption\"><a href=\"https:\/\/www.instagram.com\/ievilaroma\/\" target=\"_blank\" rel=\"noreferrer noopener\">INSTAGRAM<\/a><\/figcaption><\/figure>\n<\/div>\n\n\n\n<div class=\"wp-block-column is-layout-flow wp-block-column-is-layout-flow\">\n<figure class=\"wp-block-image aligncenter size-full\"><a href=\"https:\/\/x.com\/IEVilaRoma\" target=\"_blank\" rel=\" noreferrer noopener\"><img loading=\"lazy\" decoding=\"async\" width=\"210\" height=\"210\" src=\"https:\/\/agora.xtec.cat\/ievila-roma\/wp-content\/uploads\/usu826\/2025\/08\/TWITTER.png\" alt=\"\" class=\"wp-image-20189\" srcset=\"https:\/\/agora.xtec.cat\/ievila-roma\/wp-content\/uploads\/usu826\/2025\/08\/TWITTER.png 210w, https:\/\/agora.xtec.cat\/ievila-roma\/wp-content\/uploads\/usu826\/2025\/08\/TWITTER-150x150.png 150w\" sizes=\"auto, (max-width: 210px) 100vw, 210px\" \/><\/a><figcaption class=\"wp-element-caption\"><a href=\"https:\/\/x.com\/IEVilaRoma\" target=\"_blank\" rel=\"noreferrer noopener\">TWITTER<\/a><\/figcaption><\/figure>\n<\/div>\n\n\n\n<div class=\"wp-block-column is-layout-flow wp-block-column-is-layout-flow\">\n<figure class=\"wp-block-image aligncenter size-full\"><a href=\"https:\/\/www.facebook.com\/institut.escola.vila.roma\" target=\"_blank\" rel=\" noreferrer noopener\"><img loading=\"lazy\" decoding=\"async\" width=\"225\" height=\"225\" src=\"https:\/\/agora.xtec.cat\/ievila-roma\/wp-content\/uploads\/usu826\/2025\/08\/FACEBOOK.png\" alt=\"\" class=\"wp-image-20190\" srcset=\"https:\/\/agora.xtec.cat\/ievila-roma\/wp-content\/uploads\/usu826\/2025\/08\/FACEBOOK.png 225w, https:\/\/agora.xtec.cat\/ievila-roma\/wp-content\/uploads\/usu826\/2025\/08\/FACEBOOK-150x150.png 150w\" sizes=\"auto, (max-width: 225px) 100vw, 225px\" \/><\/a><figcaption class=\"wp-element-caption\"><a href=\"https:\/\/www.facebook.com\/institut.escola.vila.roma\" target=\"_blank\" rel=\"noreferrer noopener\">FACEBOOK<\/a><\/figcaption><\/figure>\n<\/div>\n\n\n\n<div class=\"wp-block-column is-layout-flow wp-block-column-is-layout-flow\">\n<figure class=\"wp-block-image aligncenter size-full\"><a href=\"https:\/\/www.youtube.com\/@institutescolavila-roma5292\/videos?view=0&amp;sort=dd&amp;shelf_id=2\" target=\"_blank\" rel=\" noreferrer noopener\"><img loading=\"lazy\" decoding=\"async\" width=\"225\" height=\"225\" src=\"https:\/\/agora.xtec.cat\/ievila-roma\/wp-content\/uploads\/usu826\/2025\/08\/TOUTUBE.jpeg\" alt=\"\" class=\"wp-image-20191\" srcset=\"https:\/\/agora.xtec.cat\/ievila-roma\/wp-content\/uploads\/usu826\/2025\/08\/TOUTUBE.jpeg 225w, https:\/\/agora.xtec.cat\/ievila-roma\/wp-content\/uploads\/usu826\/2025\/08\/TOUTUBE-150x150.jpeg 150w\" sizes=\"auto, (max-width: 225px) 100vw, 225px\" \/><\/a><figcaption class=\"wp-element-caption\"><a href=\"https:\/\/www.youtube.com\/@institutescolavila-roma5292\/videos?view=0&amp;sort=dd&amp;shelf_id=2\" target=\"_blank\" rel=\"noreferrer noopener\">YOUTUBE<\/a><\/figcaption><\/figure>\n<\/div>\n<\/div>\n\n\n\n<h6 class=\"wp-block-heading\">&nbsp;<\/h6>\n\n\n\n<h5 class=\"wp-block-heading mceTemp\"><\/h5>\n\n\n\n<p>&nbsp;<\/p>\n","protected":false},"excerpt":{"rendered":"<p>L&#8217;Institut Escola Vila-rom\u00e0 disposa d&#8217;una aplicaci\u00f3 de m\u00f2bil per les comunicacions i documents oficials. Cal que totes les fam\u00edlies us la descarregueu i aix\u00ed poder signar totes les autoritzacions i rebre els diferents comunicats que s&#8217;originen des del centre. Passos a seguir: 1. Buscar a Apple Store o Play Store, l&#8217;aplicaci\u00f3 ComunicAPP Edu i baixar-la [&hellip;]<\/p>\n","protected":false},"author":1,"featured_media":0,"parent":66,"menu_order":10,"comment_status":"closed","ping_status":"closed","template":"","meta":{"_bbp_topic_count":0,"_bbp_reply_count":0,"_bbp_total_topic_count":0,"_bbp_total_reply_count":0,"_bbp_voice_count":0,"_bbp_anonymous_reply_count":0,"_bbp_topic_count_hidden":0,"_bbp_reply_count_hidden":0,"_bbp_forum_subforum_count":0,"site-sidebar-layout":"default","site-content-layout":"","ast-site-content-layout":"default","site-content-style":"default","site-sidebar-style":"default","ast-global-header-display":"","ast-banner-title-visibility":"","ast-main-header-display":"","ast-hfb-above-header-display":"","ast-hfb-below-header-display":"","ast-hfb-mobile-header-display":"","site-post-title":"","ast-breadcrumbs-content":"","ast-featured-img":"","footer-sml-layout":"","theme-transparent-header-meta":"default","adv-header-id-meta":"","stick-header-meta":"","header-above-stick-meta":"","header-main-stick-meta":"","header-below-stick-meta":"","astra-migrate-meta-layouts":"set","ast-page-background-enabled":"default","ast-page-background-meta":{"desktop":{"background-color":"var(--ast-global-color-4)","background-image":"","background-repeat":"repeat","background-position":"center center","background-size":"auto","background-attachment":"scroll","background-type":"","background-media":"","overlay-type":"","overlay-color":"","overlay-opacity":"","overlay-gradient":""},"tablet":{"background-color":"","background-image":"","background-repeat":"repeat","background-position":"center center","background-size":"auto","background-attachment":"scroll","background-type":"","background-media":"","overlay-type":"","overlay-color":"","overlay-opacity":"","overlay-gradient":""},"mobile":{"background-color":"","background-image":"","background-repeat":"repeat","background-position":"center center","background-size":"auto","background-attachment":"scroll","background-type":"","background-media":"","overlay-type":"","overlay-color":"","overlay-opacity":"","overlay-gradient":""}},"ast-content-background-meta":{"desktop":{"background-color":"var(--ast-global-color-5)","background-image":"","background-repeat":"repeat","background-position":"center center","background-size":"auto","background-attachment":"scroll","background-type":"","background-media":"","overlay-type":"","overlay-color":"","overlay-opacity":"","overlay-gradient":""},"tablet":{"background-color":"var(--ast-global-color-5)","background-image":"","background-repeat":"repeat","background-position":"center center","background-size":"auto","background-attachment":"scroll","background-type":"","background-media":"","overlay-type":"","overlay-color":"","overlay-opacity":"","overlay-gradient":""},"mobile":{"background-color":"var(--ast-global-color-5)","background-image":"","background-repeat":"repeat","background-position":"center center","background-size":"auto","background-attachment":"scroll","background-type":"","background-media":"","overlay-type":"","overlay-color":"","overlay-opacity":"","overlay-gradient":""}},"footnotes":""},"class_list":["post-71","page","type-page","status-publish","hentry"],"post_mailing_queue_ids":[],"_links":{"self":[{"href":"https:\/\/agora.xtec.cat\/ievila-roma\/wp-json\/wp\/v2\/pages\/71","targetHints":{"allow":["GET"]}}],"collection":[{"href":"https:\/\/agora.xtec.cat\/ievila-roma\/wp-json\/wp\/v2\/pages"}],"about":[{"href":"https:\/\/agora.xtec.cat\/ievila-roma\/wp-json\/wp\/v2\/types\/page"}],"author":[{"embeddable":true,"href":"https:\/\/agora.xtec.cat\/ievila-roma\/wp-json\/wp\/v2\/users\/1"}],"replies":[{"embeddable":true,"href":"https:\/\/agora.xtec.cat\/ievila-roma\/wp-json\/wp\/v2\/comments?post=71"}],"version-history":[{"count":6,"href":"https:\/\/agora.xtec.cat\/ievila-roma\/wp-json\/wp\/v2\/pages\/71\/revisions"}],"predecessor-version":[{"id":20194,"href":"https:\/\/agora.xtec.cat\/ievila-roma\/wp-json\/wp\/v2\/pages\/71\/revisions\/20194"}],"up":[{"embeddable":true,"href":"https:\/\/agora.xtec.cat\/ievila-roma\/wp-json\/wp\/v2\/pages\/66"}],"wp:attachment":[{"href":"https:\/\/agora.xtec.cat\/ievila-roma\/wp-json\/wp\/v2\/media?parent=71"}],"curies":[{"name":"wp","href":"https:\/\/api.w.org\/{rel}","templated":true}]}}