{"id":413,"date":"2017-02-09T19:50:34","date_gmt":"2017-02-09T18:50:34","guid":{"rendered":"http:\/\/agora.xtec.cat\/ceipvila-roma\/?page_id=413"},"modified":"2025-09-04T21:51:59","modified_gmt":"2025-09-04T19:51:59","slug":"lequip-huma","status":"publish","type":"page","link":"https:\/\/agora.xtec.cat\/ievila-roma\/lescola\/lequip-huma\/","title":{"rendered":"L&#8217;equip hum\u00e0"},"content":{"rendered":"\n<div class=\"wp-block-getwid-table has-table-layout-fixed has-border-collapse-collapse\"><table><tbody><tr><td style=\"background-color:var(--ast-global-color-0);vertical-align:middle;text-align:center\"><strong> TUTORIES EDUCACI\u00d3 INFANTIL<\/strong><\/td><td style=\"text-align:center;background-color:var(--ast-global-color-1);vertical-align:middle;border-color:#000\"><strong> TUTORIES PRIM\u00c0RIA CICLE INICIAL <\/strong><\/td><\/tr><tr><td style=\"background-color:#f7f7f7;border-color:#000;border-width:1px\">I3 A: Neus Frigola<br>I3 B: Camen Hernando<br>I4 A: M\u00edriam Mart\u00ednez<br>I4 B: Cristina Timonet<br>I5 A: Elsa Bohigas<br>I5 B: S\u00edlvia Soley<\/td><td style=\"background-color:#f6f6f7;border-color:#000;border-width:1px\">1r A: Cristina N\u00fa\u00f1ez<br>1r B: Paula Palomeras<br>2n A: Elena Retortillo<br>2n B: Laura Pizarro<\/td><\/tr><tr><td style=\"vertical-align:middle;text-align:center;background-color:var(--ast-global-color-1);border-color:#000;border-width:1px\"><strong> TUTORIES PRIM\u00c0RIA CICLE MITJ\u00c0<\/strong><\/td><td style=\"background-color:var(--ast-global-color-0);text-align:center;border-color:#000;border-width:1px\"><strong> TUTORIES PRIM\u00c0RIA CICLE SUPERIOR <\/strong><\/td><\/tr><tr><td style=\"background-color:#f4f5f6;border-color:#000;border-width:1px\">3r A: Guillem Esteva<br>3r B: M\u00f2nica Sierra<br>4t A: Gemma Vil\u00e0<br>4t B: Carme Bayarri \/ Jonathan Romeo<\/td><td style=\"background-color:#f4f6f3;border-color:#000;border-width:1px\">5\u00e8 A: M\u00f2nica Pujol<br>5\u00e8 B: Irene Hidalgo<br>5\u00e8 C: Ra\u00fal Maqueda<br>6\u00e8 A: Esteban Soto<br>6\u00e8 B: David Bosch<\/td><\/tr><tr><td style=\"text-align:center;background-color:var(--ast-global-color-0);border-color:#000;border-width:1px\"><strong> TUTORIES 1r CICLE ESO<\/strong><\/td><td style=\"text-align:center;background-color:var(--ast-global-color-1);border-color:#000;border-width:1px\"><strong> TUTORIES 2n CICLE ESO<\/strong><\/td><\/tr><tr><td style=\"background-color:#f5f8f4;border-color:#000;border-width:1px\">1r ESO A: Emma Sala<br>1r ESO B: Nahia Canive<br>2n ESO A: Cristina Ros<br>2n ESO B: Xavier Vi\u00f1as<\/td><td style=\"background-color:#f6f6f7;border-color:#000;border-width:1px\">3r ESO A: Carmen Linares<br>3r ESO B: Neus Teran<br>3r\/4t ESO AO: Joan de Domingo <br>4t ESO A: Miquel Romero<br>4t ESO B: Olga Palah\u00ed<\/td><\/tr><\/tbody><\/table><\/div>\n\n\n\n<p class=\"has-text-align-center has-ast-global-color-0-background-color has-background has-medium-font-size\"><strong>ESPECIALITATS<\/strong><\/p>\n\n\n\n<div class=\"wp-block-getwid-table has-table-layout-fixed\"><table><tbody><tr><td style=\"border-color:#000;border-width:1px\">ANGL\u00c8S<\/td><td style=\"border-color:#000;border-width:1px\">Ver\u00f2nica Morante \/ Marina S\u00e1nchez \/ Mar Ribas \/ Eva Vila\/ Carme Linares<\/td><\/tr><tr><td style=\"border-color:#000;border-width:1px\">ALEMANY I FRANC\u00c8S<\/td><td style=\"border-color:#000;border-width:1px\">Eva Vila \/ Guillem Lorente<\/td><\/tr><tr><td style=\"border-color:#000;border-width:1px\">M\u00daSICA<\/td><td style=\"border-color:#000;border-width:1px\">Eva Garcia \/ Guillem Mont&nbsp; &nbsp; \/ Aleix Farssac Trull<\/td><\/tr><tr><td style=\"border-color:#000;border-width:1px\">EDUCACI\u00d3 F\u00cdSICA<\/td><td style=\"border-color:#000;border-width:1px\">Jordi Alfaro \/ Guillem Esteva \/ Roger Pla \/ Ivan Lacanna<\/td><\/tr><tr><td style=\"border-color:#000;border-width:1px\">RELIGI\u00d3 \/ VALORS<\/td><td style=\"border-color:#000;border-width:1px\">Andrea Fern\u00e1ndez \/ Iona Albert\u00ed<\/td><\/tr><tr><td style=\"border-color:#000;border-width:1px\">EDUCACI\u00d3 ESPECIAL \/ ORIENTACI\u00d3<\/td><td style=\"border-color:#000;border-width:1px\">Davinia Ram\u00edrez\/ Anna Padrosa \/ Amanda Pulido\/ Elsa Ant\u00f3n \/ Helena S\u00e1nchez<\/td><\/tr><tr><td style=\"border-color:#000;border-width:1px\">AUDICI\u00d3 I LLENGUATGE<\/td><td style=\"border-color:#000;border-width:1px\">Anna Mallola<\/td><\/tr><tr><td style=\"border-color:#000;border-width:1px\">SUPORT INFANTIL<\/td><td style=\"border-color:#000;border-width:1px\">Mireia Coris<\/td><\/tr><tr><td style=\"border-color:#000;border-width:1px\">SUPORT PRIM\u00c0RIA<\/td><td style=\"border-color:#000;border-width:1px\">Raquel Colomer<\/td><\/tr><tr><td style=\"border-color:#000;border-width:1px\">AUXILIAR LLENGUATGE<\/td><td style=\"border-color:#000;border-width:1px\">Pepi Garc\u00eda<\/td><\/tr><tr><td style=\"border-color:#000;border-width:1px\">T\u00c8CNICA EDUCACI\u00d3 INFANTIL<\/td><td style=\"border-color:#000;border-width:1px\">L\u00eddia Fontbernat<\/td><\/tr><tr><td style=\"border-color:#000;border-width:1px\">AUXILIAR EDUCACI\u00d3 ESPECIAL<\/td><td style=\"border-color:#000;border-width:1px\">Eli Valdepe\u00f1as \/ Mariona Gou<\/td><\/tr><tr><td style=\"border-color:#000;border-width:1px\">VETLLADOR<\/td><td style=\"border-color:#000;border-width:1px\">Cristian Romero<\/td><\/tr><tr><td style=\"border-color:#000;border-width:1px\">SUPORT LING\u00dc\u00cdSTIC<\/td><td style=\"border-color:#000;border-width:1px\">Maria Morcillo \/ Marta Saballs<\/td><\/tr><tr><td style=\"border-color:#000;border-width:1px\">ACOLLIDA LING\u00dc\u00cdSTICA<\/td><td style=\"border-color:#000;border-width:1px\">J\u00falia L\u00f3pez<\/td><\/tr><tr><td style=\"border-color:#000;border-width:1px\">TECNOLOGIA<\/td><td style=\"border-color:#000;border-width:1px\">Laura Pagespetit \/ Xavier Brun<\/td><\/tr><tr><td style=\"border-color:#000;border-width:1px\">MATEM\u00c0TIQUES<\/td><td style=\"border-color:#000;border-width:1px\">Olga Palah\u00ed \/ Pilar Donatiu<\/td><\/tr><tr><td style=\"border-color:#000;border-width:1px\">BIOLOGIA  \/ F\u00cdSICA I QU\u00cdMICA<\/td><td style=\"border-color:#000;border-width:1px\">Blanca Verdaguer \/ Elena Fonalleras \/ Joan de Domingo \/ Myriam Serrano<\/td><\/tr><tr><td style=\"border-color:#000;border-width:1px\">FILOLOGIA CATALANA I CASTELLANA<\/td><td style=\"border-color:#000;border-width:1px\">Josep Puig\/ Neus Teran \/Cristina Ros\/ Maite Esteve \/<br>Nahia Canive<\/td><\/tr><tr><td style=\"border-color:#000;border-width:1px\">GEOGRAFIA \/ HIST\u00d2RIA<\/td><td style=\"border-color:#000;border-width:1px\">Miquel Romero \/ Xavier Vi\u00f1as<\/td><\/tr><tr><td style=\"border-color:#000;border-width:1px\">VIP<\/td><td style=\"border-color:#000;border-width:1px\">Emma Sala<\/td><\/tr><tr><td style=\"border-color:#000;border-width:1px\">TIS<\/td><td style=\"border-color:#000;border-width:1px\"><\/td><\/tr><\/tbody><\/table><\/div>\n\n\n\n<p class=\"has-text-align-center has-ast-global-color-1-background-color has-background has-medium-font-size\">PERSONAL NO DOCENT<\/p>\n\n\n\n<div class=\"wp-block-getwid-table has-table-layout-fixed\"><table><tbody><tr><td style=\"border-color:#000;border-width:1px\">ADMINISTRATIVA<\/td><td style=\"border-color:#000;border-width:1px\">M. Lourdes Orihuela<\/td><\/tr><tr><td style=\"border-color:#000;border-width:1px\">SUBALTERNA<\/td><td style=\"border-color:#000;border-width:1px\">Maria Capel<\/td><\/tr><tr><td style=\"border-color:#000;border-width:1px\">CONSERGE<\/td><td style=\"border-color:#000;border-width:1px\">Carlus Coris<\/td><\/tr><\/tbody><\/table><\/div>\n\n\n\n<p class=\"has-text-align-center has-ast-global-color-0-background-color has-background has-medium-font-size\">EQUIP DIRECTIU<\/p>\n\n\n\n<div class=\"wp-block-getwid-table has-table-layout-fixed\"><table><tbody><tr><td style=\"border-color:#000;border-width:1px\">DIRECCI\u00d3<\/td><td style=\"border-color:#000;border-width:1px\">Cristina Gubert<\/td><\/tr><tr><td style=\"border-color:#000;border-width:1px\">SECRETARIA<\/td><td style=\"border-color:#000;border-width:1px\">Maria Morcillo<\/td><\/tr><tr><td style=\"border-color:#000;border-width:1px\">CAP D&#8217;ESTUDIS INFANTIL \/ PRIM\u00c0RIA<\/td><td style=\"border-color:#000;border-width:1px\">Marta Saballs<\/td><\/tr><tr><td style=\"border-color:#000;border-width:1px\">COORDINADOR PEDAG\u00d2GIC ESO<\/td><td style=\"border-color:#000;border-width:1px\">Roger Pla<\/td><\/tr><tr><td style=\"border-color:#000;border-width:1px\">CAP D&#8217;ESTUDIS ESO<\/td><td style=\"border-color:#000;border-width:1px\">Blanca Verdaguer<\/td><\/tr><\/tbody><\/table><\/div>\n\n\n\n<p><\/p>\n","protected":false},"excerpt":{"rendered":"<p>ESPECIALITATS PERSONAL NO DOCENT EQUIP DIRECTIU<\/p>\n","protected":false},"author":1,"featured_media":0,"parent":22,"menu_order":0,"comment_status":"closed","ping_status":"closed","template":"","meta":{"_bbp_topic_count":0,"_bbp_reply_count":0,"_bbp_total_topic_count":0,"_bbp_total_reply_count":0,"_bbp_voice_count":0,"_bbp_anonymous_reply_count":0,"_bbp_topic_count_hidden":0,"_bbp_reply_count_hidden":0,"_bbp_forum_subforum_count":0,"site-sidebar-layout":"default","site-content-layout":"","ast-site-content-layout":"default","site-content-style":"default","site-sidebar-style":"default","ast-global-header-display":"","ast-banner-title-visibility":"","ast-main-header-display":"","ast-hfb-above-header-display":"","ast-hfb-below-header-display":"","ast-hfb-mobile-header-display":"","site-post-title":"","ast-breadcrumbs-content":"","ast-featured-img":"","footer-sml-layout":"","theme-transparent-header-meta":"","adv-header-id-meta":"","stick-header-meta":"","header-above-stick-meta":"","header-main-stick-meta":"","header-below-stick-meta":"","astra-migrate-meta-layouts":"set","ast-page-background-enabled":"default","ast-page-background-meta":{"desktop":{"background-color":"var(--ast-global-color-4)","background-image":"","background-repeat":"repeat","background-position":"center center","background-size":"auto","background-attachment":"scroll","background-type":"","background-media":"","overlay-type":"","overlay-color":"","overlay-opacity":"","overlay-gradient":""},"tablet":{"background-color":"","background-image":"","background-repeat":"repeat","background-position":"center center","background-size":"auto","background-attachment":"scroll","background-type":"","background-media":"","overlay-type":"","overlay-color":"","overlay-opacity":"","overlay-gradient":""},"mobile":{"background-color":"","background-image":"","background-repeat":"repeat","background-position":"center center","background-size":"auto","background-attachment":"scroll","background-type":"","background-media":"","overlay-type":"","overlay-color":"","overlay-opacity":"","overlay-gradient":""}},"ast-content-background-meta":{"desktop":{"background-color":"var(--ast-global-color-5)","background-image":"","background-repeat":"repeat","background-position":"center center","background-size":"auto","background-attachment":"scroll","background-type":"","background-media":"","overlay-type":"","overlay-color":"","overlay-opacity":"","overlay-gradient":""},"tablet":{"background-color":"var(--ast-global-color-5)","background-image":"","background-repeat":"repeat","background-position":"center center","background-size":"auto","background-attachment":"scroll","background-type":"","background-media":"","overlay-type":"","overlay-color":"","overlay-opacity":"","overlay-gradient":""},"mobile":{"background-color":"var(--ast-global-color-5)","background-image":"","background-repeat":"repeat","background-position":"center center","background-size":"auto","background-attachment":"scroll","background-type":"","background-media":"","overlay-type":"","overlay-color":"","overlay-opacity":"","overlay-gradient":""}},"footnotes":""},"class_list":["post-413","page","type-page","status-publish","hentry"],"post_mailing_queue_ids":[],"_links":{"self":[{"href":"https:\/\/agora.xtec.cat\/ievila-roma\/wp-json\/wp\/v2\/pages\/413","targetHints":{"allow":["GET"]}}],"collection":[{"href":"https:\/\/agora.xtec.cat\/ievila-roma\/wp-json\/wp\/v2\/pages"}],"about":[{"href":"https:\/\/agora.xtec.cat\/ievila-roma\/wp-json\/wp\/v2\/types\/page"}],"author":[{"embeddable":true,"href":"https:\/\/agora.xtec.cat\/ievila-roma\/wp-json\/wp\/v2\/users\/1"}],"replies":[{"embeddable":true,"href":"https:\/\/agora.xtec.cat\/ievila-roma\/wp-json\/wp\/v2\/comments?post=413"}],"version-history":[{"count":6,"href":"https:\/\/agora.xtec.cat\/ievila-roma\/wp-json\/wp\/v2\/pages\/413\/revisions"}],"predecessor-version":[{"id":20390,"href":"https:\/\/agora.xtec.cat\/ievila-roma\/wp-json\/wp\/v2\/pages\/413\/revisions\/20390"}],"up":[{"embeddable":true,"href":"https:\/\/agora.xtec.cat\/ievila-roma\/wp-json\/wp\/v2\/pages\/22"}],"wp:attachment":[{"href":"https:\/\/agora.xtec.cat\/ievila-roma\/wp-json\/wp\/v2\/media?parent=413"}],"curies":[{"name":"wp","href":"https:\/\/api.w.org\/{rel}","templated":true}]}}