{"id":34,"date":"2014-09-18T12:32:18","date_gmt":"2014-09-18T11:32:18","guid":{"rendered":"http:\/\/agora.xtec.cat\/ceipvila-roma\/?page_id=34"},"modified":"2025-08-18T13:36:26","modified_gmt":"2025-08-18T11:36:26","slug":"oferta-educativa","status":"publish","type":"page","link":"https:\/\/agora.xtec.cat\/ievila-roma\/lescola\/oferta-educativa\/","title":{"rendered":"Oferta educativa"},"content":{"rendered":"\n<figure class=\"wp-block-embed alignfull is-type-video is-provider-youtube wp-block-embed-youtube wp-embed-aspect-16-9 wp-has-aspect-ratio\"><div class=\"wp-block-embed__wrapper\">\n<div class=\"ast-oembed-container \" style=\"height: 100%;\"><iframe loading=\"lazy\" title=\"IE VILA-ROM\u00c0\" width=\"500\" height=\"281\" src=\"https:\/\/www.youtube.com\/embed\/yhNvoAfH8Sk?feature=oembed\" frameborder=\"0\" allow=\"accelerometer; autoplay; clipboard-write; encrypted-media; gyroscope; picture-in-picture; web-share\" referrerpolicy=\"strict-origin-when-cross-origin\" allowfullscreen><\/iframe><\/div>\n<\/div><\/figure>\n\n\n\n<p>Som un centre que ofereix les 3 etapes educatives: Educaci\u00f3 Infantil, Prim\u00e0ria i ESO.<\/p>\n\n\n\n<p>Espais amplis. Aules amb pissarra digital. M\u00fasica i angl\u00e8s des de l\u2019etapa infantil. Experimentem&nbsp;als ambients, aprenem jugant, conversem,\u2026<\/p>\n\n\n\n<p>Projectes consolidats de motivaci\u00f3 per la lectura, escacs, concursos matem\u00e0tics, hort escolar.<\/p>\n\n\n\n<p>Treballem la creativitat: t\u00e8cniques art\u00edstiques diverses, treball sobre artistes coneguts,&nbsp;activitats musicals, festival d\u2019hivern, cant coral, cantates, teatre,\u2026<\/p>\n\n\n\n<p>Sortides per con\u00e8ixer: mar, costa, bosc, natura, pobles i ciutats, intergeneracions, hist\u00f2ria local\u2026<\/p>\n\n\n\n<p>Activitats extraescolars: esport escolar, dansa, fem deures, idiomes, meca, acollida matinal.<\/p>\n","protected":false},"excerpt":{"rendered":"<p>Som un centre que ofereix les 3 etapes educatives: Educaci\u00f3 Infantil, Prim\u00e0ria i ESO. Espais amplis. Aules amb pissarra digital. M\u00fasica i angl\u00e8s des de l\u2019etapa infantil. Experimentem&nbsp;als ambients, aprenem jugant, conversem,\u2026 Projectes consolidats de motivaci\u00f3 per la lectura, escacs, concursos matem\u00e0tics, hort escolar. Treballem la creativitat: t\u00e8cniques art\u00edstiques diverses, treball sobre artistes coneguts,&nbsp;activitats musicals, [&hellip;]<\/p>\n","protected":false},"author":1,"featured_media":0,"parent":22,"menu_order":60,"comment_status":"closed","ping_status":"closed","template":"","meta":{"_bbp_topic_count":0,"_bbp_reply_count":0,"_bbp_total_topic_count":0,"_bbp_total_reply_count":0,"_bbp_voice_count":0,"_bbp_anonymous_reply_count":0,"_bbp_topic_count_hidden":0,"_bbp_reply_count_hidden":0,"_bbp_forum_subforum_count":0,"site-sidebar-layout":"default","site-content-layout":"","ast-site-content-layout":"default","site-content-style":"default","site-sidebar-style":"default","ast-global-header-display":"","ast-banner-title-visibility":"","ast-main-header-display":"","ast-hfb-above-header-display":"","ast-hfb-below-header-display":"","ast-hfb-mobile-header-display":"","site-post-title":"","ast-breadcrumbs-content":"","ast-featured-img":"","footer-sml-layout":"","theme-transparent-header-meta":"","adv-header-id-meta":"","stick-header-meta":"","header-above-stick-meta":"","header-main-stick-meta":"","header-below-stick-meta":"","astra-migrate-meta-layouts":"set","ast-page-background-enabled":"default","ast-page-background-meta":{"desktop":{"background-color":"var(--ast-global-color-4)","background-image":"","background-repeat":"repeat","background-position":"center center","background-size":"auto","background-attachment":"scroll","background-type":"","background-media":"","overlay-type":"","overlay-color":"","overlay-opacity":"","overlay-gradient":""},"tablet":{"background-color":"","background-image":"","background-repeat":"repeat","background-position":"center center","background-size":"auto","background-attachment":"scroll","background-type":"","background-media":"","overlay-type":"","overlay-color":"","overlay-opacity":"","overlay-gradient":""},"mobile":{"background-color":"","background-image":"","background-repeat":"repeat","background-position":"center center","background-size":"auto","background-attachment":"scroll","background-type":"","background-media":"","overlay-type":"","overlay-color":"","overlay-opacity":"","overlay-gradient":""}},"ast-content-background-meta":{"desktop":{"background-color":"var(--ast-global-color-5)","background-image":"","background-repeat":"repeat","background-position":"center center","background-size":"auto","background-attachment":"scroll","background-type":"","background-media":"","overlay-type":"","overlay-color":"","overlay-opacity":"","overlay-gradient":""},"tablet":{"background-color":"var(--ast-global-color-5)","background-image":"","background-repeat":"repeat","background-position":"center center","background-size":"auto","background-attachment":"scroll","background-type":"","background-media":"","overlay-type":"","overlay-color":"","overlay-opacity":"","overlay-gradient":""},"mobile":{"background-color":"var(--ast-global-color-5)","background-image":"","background-repeat":"repeat","background-position":"center center","background-size":"auto","background-attachment":"scroll","background-type":"","background-media":"","overlay-type":"","overlay-color":"","overlay-opacity":"","overlay-gradient":""}},"footnotes":""},"class_list":["post-34","page","type-page","status-publish","hentry"],"post_mailing_queue_ids":[],"_links":{"self":[{"href":"https:\/\/agora.xtec.cat\/ievila-roma\/wp-json\/wp\/v2\/pages\/34","targetHints":{"allow":["GET"]}}],"collection":[{"href":"https:\/\/agora.xtec.cat\/ievila-roma\/wp-json\/wp\/v2\/pages"}],"about":[{"href":"https:\/\/agora.xtec.cat\/ievila-roma\/wp-json\/wp\/v2\/types\/page"}],"author":[{"embeddable":true,"href":"https:\/\/agora.xtec.cat\/ievila-roma\/wp-json\/wp\/v2\/users\/1"}],"replies":[{"embeddable":true,"href":"https:\/\/agora.xtec.cat\/ievila-roma\/wp-json\/wp\/v2\/comments?post=34"}],"version-history":[{"count":6,"href":"https:\/\/agora.xtec.cat\/ievila-roma\/wp-json\/wp\/v2\/pages\/34\/revisions"}],"predecessor-version":[{"id":20240,"href":"https:\/\/agora.xtec.cat\/ievila-roma\/wp-json\/wp\/v2\/pages\/34\/revisions\/20240"}],"up":[{"embeddable":true,"href":"https:\/\/agora.xtec.cat\/ievila-roma\/wp-json\/wp\/v2\/pages\/22"}],"wp:attachment":[{"href":"https:\/\/agora.xtec.cat\/ievila-roma\/wp-json\/wp\/v2\/media?parent=34"}],"curies":[{"name":"wp","href":"https:\/\/api.w.org\/{rel}","templated":true}]}}