{"id":32,"date":"2014-09-18T12:31:33","date_gmt":"2014-09-18T11:31:33","guid":{"rendered":"http:\/\/agora.xtec.cat\/ceipvila-roma\/?page_id=32"},"modified":"2025-09-05T23:34:44","modified_gmt":"2025-09-05T21:34:44","slug":"calendari-del-curs","status":"publish","type":"page","link":"https:\/\/agora.xtec.cat\/ievila-roma\/lescola\/calendari-del-curs\/","title":{"rendered":"Calendari del curs"},"content":{"rendered":"<h3 align=\"center\">INFORMACI\u00d3 CURS 2025-2026<\/h3>\n<h5 align=\"center\">\u00a0HORARIS ALUMNES DEL 8 DE SETEMBRE AL 5 DE JUNY<\/h5>\n<ul>\n<li>\n<h5>Educaci\u00f3 infantil i Prim\u00e0ria: de 9 a 12:30 i de 14:30 a 16:00<\/h5>\n<\/li>\n<li>\n<h5>Secund\u00e0ria: de 8:15 a 12:45 i de 14:00 a 16:00<\/h5>\n<\/li>\n<\/ul>\n<h5 align=\"center\">HORARIS ALUMNES 19 DE DESEMBRE I DEL 8 AL 19 DE JUNY (INTENSIVA)<\/h5>\n<ul>\n<li>\n<h5>Educaci\u00f3 infantil, Prim\u00e0ria: de 9:00 a 13:00<\/h5>\n<\/li>\n<li>\n<h5>Secund\u00e0ria: de 8:30 a 13:00<\/h5>\n<\/li>\n<li>\n<h5>Menjador: Infantil i Prim\u00e0ria: de 13:00 a 15:00 \/ Secund\u00e0ria: de 13:00 a 14:30<\/h5>\n<\/li>\n<\/ul>\n<h5 style=\"text-align: center;\">CALENDARI ESCOLAR, DIES FESTIUS I VACANCES<\/h5>\n<h6><a href=\"https:\/\/agora.xtec.cat\/ievila-roma\/wp-content\/uploads\/usu826\/2025\/07\/calendari-25-26-IE-Vila-roma.png\"><img loading=\"lazy\" decoding=\"async\" class=\"wp-image-20059  alignleft\" src=\"https:\/\/agora.xtec.cat\/ievila-roma\/wp-content\/uploads\/usu826\/2025\/07\/calendari-25-26-IE-Vila-roma.png\" alt=\"\" width=\"509\" height=\"571\" srcset=\"https:\/\/agora.xtec.cat\/ievila-roma\/wp-content\/uploads\/usu826\/2025\/07\/calendari-25-26-IE-Vila-roma.png 672w, https:\/\/agora.xtec.cat\/ievila-roma\/wp-content\/uploads\/usu826\/2025\/07\/calendari-25-26-IE-Vila-roma-267x300.png 267w\" sizes=\"auto, (max-width: 509px) 100vw, 509px\" \/><\/a>El curs escolar <span style=\"color: #ff0000;\">comen\u00e7a el 8<\/span><strong><span style=\"color: #ff0000;\">\u00a0de setembre<\/span> del 2025.<\/strong><\/h6>\n<h6><span style=\"text-decoration: underline;\"><strong>Vacances de Nadal<\/strong><\/span>: 20 de desembre del 2025 al 7 de gener del 2026, ambd\u00f3s inclosos.<\/h6>\n<h6><span style=\"text-decoration: underline;\"><strong>Vacances de Setmana Santa<\/strong><\/span>: del 28 de mar\u00e7\u00a0 al 6 d&#8217;abril del 2026, ambd\u00f3s inclosos.<\/h6>\n<h6><span style=\"text-decoration: underline;\"><strong>Fi de curs<\/strong><\/span>: 19 de juny del 2026.<\/h6>\n<h6><span style=\"text-decoration: underline;\"><strong>Dies festius<\/strong><\/span>: els que determini el Departament de treball.<\/h6>\n<h6><span style=\"text-decoration: underline;\"><strong>Dies festius de lliure disposici\u00f3<\/strong><\/span>: 31 d&#8217;octubre del 2025 \/ 3 de novembre del 2025 \/ 13 de febrer del 2026 \/ 16 de febrer del 2026 \/ 30 d&#8217;abril del 20026\/ 4 de maig del 2026.<\/h6>\n<h5 style=\"text-align: center;\">HORARI D\u2019ATENCI\u00d3\u00a0A\u00a0LES FAM\u00cdLIES<\/h5>\n<h6>Mestres infantil i prim\u00e0ria: Dijous de 12:30 a 13:30 amb cita pr\u00e8via.<\/h6>\n<h6>Professorat de secund\u00e0ria: A determinar<\/h6>\n<h6>Equip directiu: cada dia de 9 a 11 amb cita pr\u00e8via<\/h6>\n<h6>Tel\u00e8fon 972 31 61 25<\/h6>\n<h5 style=\"text-align: center;\">SERVEI D\u2019ACOLLIDA MATINAL<\/h5>\n<h5><strong>Comen\u00e7a el 8 de setembre a les 7:45<\/strong><\/h5>\n","protected":false},"excerpt":{"rendered":"<p>INFORMACI\u00d3 CURS 2025-2026 \u00a0HORARIS ALUMNES DEL 8 DE SETEMBRE AL 5 DE JUNY Educaci\u00f3 infantil i Prim\u00e0ria: de 9 a 12:30 i de 14:30 a 16:00 Secund\u00e0ria: de 8:15 a 12:45 i de 14:00 a 16:00 HORARIS ALUMNES 19 DE DESEMBRE I DEL 8 AL 19 DE JUNY (INTENSIVA) Educaci\u00f3 infantil, Prim\u00e0ria: de 9:00 a [&hellip;]<\/p>\n","protected":false},"author":1,"featured_media":0,"parent":22,"menu_order":50,"comment_status":"closed","ping_status":"closed","template":"","meta":{"_bbp_topic_count":0,"_bbp_reply_count":0,"_bbp_total_topic_count":0,"_bbp_total_reply_count":0,"_bbp_voice_count":0,"_bbp_anonymous_reply_count":0,"_bbp_topic_count_hidden":0,"_bbp_reply_count_hidden":0,"_bbp_forum_subforum_count":0,"site-sidebar-layout":"default","site-content-layout":"","ast-site-content-layout":"default","site-content-style":"default","site-sidebar-style":"default","ast-global-header-display":"","ast-banner-title-visibility":"","ast-main-header-display":"","ast-hfb-above-header-display":"","ast-hfb-below-header-display":"","ast-hfb-mobile-header-display":"","site-post-title":"","ast-breadcrumbs-content":"","ast-featured-img":"","footer-sml-layout":"","theme-transparent-header-meta":"","adv-header-id-meta":"","stick-header-meta":"","header-above-stick-meta":"","header-main-stick-meta":"","header-below-stick-meta":"","astra-migrate-meta-layouts":"set","ast-page-background-enabled":"default","ast-page-background-meta":{"desktop":{"background-color":"var(--ast-global-color-4)","background-image":"","background-repeat":"repeat","background-position":"center center","background-size":"auto","background-attachment":"scroll","background-type":"","background-media":"","overlay-type":"","overlay-color":"","overlay-opacity":"","overlay-gradient":""},"tablet":{"background-color":"","background-image":"","background-repeat":"repeat","background-position":"center center","background-size":"auto","background-attachment":"scroll","background-type":"","background-media":"","overlay-type":"","overlay-color":"","overlay-opacity":"","overlay-gradient":""},"mobile":{"background-color":"","background-image":"","background-repeat":"repeat","background-position":"center center","background-size":"auto","background-attachment":"scroll","background-type":"","background-media":"","overlay-type":"","overlay-color":"","overlay-opacity":"","overlay-gradient":""}},"ast-content-background-meta":{"desktop":{"background-color":"var(--ast-global-color-5)","background-image":"","background-repeat":"repeat","background-position":"center center","background-size":"auto","background-attachment":"scroll","background-type":"","background-media":"","overlay-type":"","overlay-color":"","overlay-opacity":"","overlay-gradient":""},"tablet":{"background-color":"var(--ast-global-color-5)","background-image":"","background-repeat":"repeat","background-position":"center center","background-size":"auto","background-attachment":"scroll","background-type":"","background-media":"","overlay-type":"","overlay-color":"","overlay-opacity":"","overlay-gradient":""},"mobile":{"background-color":"var(--ast-global-color-5)","background-image":"","background-repeat":"repeat","background-position":"center center","background-size":"auto","background-attachment":"scroll","background-type":"","background-media":"","overlay-type":"","overlay-color":"","overlay-opacity":"","overlay-gradient":""}},"footnotes":""},"class_list":["post-32","page","type-page","status-publish","hentry"],"post_mailing_queue_ids":[],"_links":{"self":[{"href":"https:\/\/agora.xtec.cat\/ievila-roma\/wp-json\/wp\/v2\/pages\/32","targetHints":{"allow":["GET"]}}],"collection":[{"href":"https:\/\/agora.xtec.cat\/ievila-roma\/wp-json\/wp\/v2\/pages"}],"about":[{"href":"https:\/\/agora.xtec.cat\/ievila-roma\/wp-json\/wp\/v2\/types\/page"}],"author":[{"embeddable":true,"href":"https:\/\/agora.xtec.cat\/ievila-roma\/wp-json\/wp\/v2\/users\/1"}],"replies":[{"embeddable":true,"href":"https:\/\/agora.xtec.cat\/ievila-roma\/wp-json\/wp\/v2\/comments?post=32"}],"version-history":[{"count":5,"href":"https:\/\/agora.xtec.cat\/ievila-roma\/wp-json\/wp\/v2\/pages\/32\/revisions"}],"predecessor-version":[{"id":20391,"href":"https:\/\/agora.xtec.cat\/ievila-roma\/wp-json\/wp\/v2\/pages\/32\/revisions\/20391"}],"up":[{"embeddable":true,"href":"https:\/\/agora.xtec.cat\/ievila-roma\/wp-json\/wp\/v2\/pages\/22"}],"wp:attachment":[{"href":"https:\/\/agora.xtec.cat\/ievila-roma\/wp-json\/wp\/v2\/media?parent=32"}],"curies":[{"name":"wp","href":"https:\/\/api.w.org\/{rel}","templated":true}]}}