{"id":28,"date":"2014-09-18T12:29:35","date_gmt":"2014-09-18T11:29:35","guid":{"rendered":"http:\/\/agora.xtec.cat\/ceipvila-roma\/?page_id=28"},"modified":"2021-02-22T15:59:03","modified_gmt":"2021-02-22T14:59:03","slug":"consell-escolar","status":"publish","type":"page","link":"https:\/\/agora.xtec.cat\/ievila-roma\/lescola\/consell-escolar\/","title":{"rendered":"Consell escolar"},"content":{"rendered":"<div><a href=\"http:\/\/agora.xtec.cat\/ceipvila-roma\/wp-content\/uploads\/usu826\/2014\/09\/consell-escolar.png\"><img loading=\"lazy\" decoding=\"async\" class=\"wp-image-380 aligncenter\" src=\"http:\/\/agora.xtec.cat\/ceipvila-roma\/wp-content\/uploads\/usu826\/2014\/09\/consell-escolar.png\" alt=\"consell-escolar\" width=\"739\" height=\"276\" srcset=\"https:\/\/agora.xtec.cat\/ievila-roma\/wp-content\/uploads\/usu826\/2014\/09\/consell-escolar.png 990w, https:\/\/agora.xtec.cat\/ievila-roma\/wp-content\/uploads\/usu826\/2014\/09\/consell-escolar-300x112.png 300w, https:\/\/agora.xtec.cat\/ievila-roma\/wp-content\/uploads\/usu826\/2014\/09\/consell-escolar-768x287.png 768w\" sizes=\"auto, (max-width: 739px) 100vw, 739px\" \/><\/a><\/div>\n<div>\n<h5 id=\"FW_bloc_951ef9be-5613-11e4-9770-000c29cdf219_2\"><strong>Qu\u00e8 \u00e9s el consell escolar?<\/strong><\/h5>\n<div>\n<div>\n<h6 class=\"FW_titBullet FW_sLinkNegreta\" title=\"Aquest enlla\u00e7 s'obre en una nova pestanya: Normativa de refer\u00e8ncia (Llei 12\/2009 d'educaci\u00f3, article 148 i article 152)\">El consell escolar \u00e9s l\u2019\u00f2rgan de participaci\u00f3 dels diferents sectors de la comunitat educativa en el govern dels centres. La normativa de refer\u00e8ncia pel que fa al consell escolar \u00e9s:<\/h6>\n<ul>\n<li class=\"FW_titBullet FW_sLinkNegreta\" title=\"Aquest enlla\u00e7 s'obre en una nova pestanya: Normativa de refer\u00e8ncia (Llei 12\/2009 d'educaci\u00f3, article 148 i article 152)\">\n<h6><span style=\"color: #000080;\"><a style=\"color: #000080;\" href=\"http:\/\/portaljuridic.gencat.cat\/ca\/pjur_ocults\/pjur_resultats_fitxa\/?action=fitxa&amp;mode=single&amp;documentId=480169&amp;language=ca_ES\">Llei 12\/2009, del 10 de juliol, d\u2019educaci\u00f3<\/a><\/span> (articles 139, 148 i 152)<\/h6>\n<\/li>\n<li class=\"FW_titBullet FW_sLinkNegreta\" title=\"Aquest enlla\u00e7 s'obre en una nova pestanya: Normativa de refer\u00e8ncia (Llei 12\/2009 d'educaci\u00f3, article 148 i article 152)\">\n<h6><span style=\"color: #000080;\"><a style=\"color: #000080;\" href=\"http:\/\/portaljuridic.gencat.cat\/ca\/pjur_ocults\/pjur_resultats_fitxa\/?action=fitxa&amp;documentId=627338&amp;language=ca_ES&amp;searchId=4096630&amp;mode=single\">Llei org\u00e0nica 2\/2006, de 3 de maig<\/a><\/span> (articles 126 i 127)<\/h6>\n<\/li>\n<li class=\"FW_titBullet FW_sLinkNegreta\" title=\"Aquest enlla\u00e7 s'obre en una nova pestanya: Normativa de refer\u00e8ncia (Llei 12\/2009 d'educaci\u00f3, article 148 i article 152)\">\n<h6><span style=\"color: #000080;\"><a style=\"color: #000080;\" href=\"http:\/\/portaljuridic.gencat.cat\/ca\/pjur_ocults\/pjur_resultats_fitxa\/?action=fitxa&amp;mode=single&amp;documentId=404093&amp;language=ca_ES\">Decret 282\/2006, de 4 de juliol, pel qual es regulen el primer cicle de l\u2019educaci\u00f3 infantil i els requisits dels centres<\/a><\/span> (articles 18 i 19)<\/h6>\n<\/li>\n<li class=\"FW_titBullet FW_sLinkNegreta\" title=\"Aquest enlla\u00e7 s'obre en una nova pestanya: Normativa de refer\u00e8ncia (Llei 12\/2009 d'educaci\u00f3, article 148 i article 152)\">\n<h6><span style=\"color: #000080;\"><a style=\"color: #000080;\" href=\"http:\/\/portaljuridic.gencat.cat\/ca\/pjur_ocults\/pjur_resultats_fitxa\/?action=fitxa&amp;mode=single&amp;documentId=545262&amp;language=ca_ES\">Decret 102\/2010, de 3 d\u2019agost, d\u2019autonomia dels centres educatius<\/a><\/span>: &#8211; articles 27, 28, 45, 46 i 47 &#8211; disposici\u00f3 addicional quarta primer (proc\u00e9s de renovaci\u00f3) &#8211; disposici\u00f3 addicional desena (llars d\u2019infants) &#8211; disposici\u00f3 addicional quinzena (zones escolars rurals).<\/h6>\n<\/li>\n<li class=\"FW_titBullet FW_sLinkNegreta\" title=\"Aquest enlla\u00e7 s'obre en una nova pestanya: Normativa de refer\u00e8ncia (Llei 12\/2009 d'educaci\u00f3, article 148 i article 152)\">\n<h6><span style=\"color: #000080;\"><a style=\"color: #000080;\" href=\"http:\/\/dogc.gencat.cat\/ca\/pdogc_canals_interns\/pdogc_resultats_fitxa\/?action=fitxa&amp;documentId=671146&amp;languageFitxa=ca_ES\">Resoluci\u00f3 ENS\/2160\/2014, de 16 de setembre, per la qual s\u2019estableix el calendari del proc\u00e9s electoral per renovar els membres dels consells escolars dels centres p\u00fablics i privats sostinguts amb fons p\u00fablics. <\/a><\/span><\/h6>\n<\/li>\n<\/ul>\n<h5 id=\"FW_bloc_951ef9be-5613-11e4-9770-000c29cdf219_3\" class=\"FW_ancora\">Qui forma el consell escolar?<\/h5>\n<div class=\"FW_sArticleFoto\">\n<div class=\"FW_sEditPro\">\n<h6>El formen els representants de tota la comunitat educativa, \u00e9s a dir, direcci\u00f3, professors, alumnes, fam\u00edlies, personal d\u2019administraci\u00f3 i serveis, representant de l\u2019administraci\u00f3 local i altres persones que el mateix consell consideri necess\u00e0ries.<\/h6>\n<h6>A la nostra escola el formen les seg\u00fcents persones:<\/h6>\n<ul>\n<li>\n<h6><strong>Equip directiu: <\/strong>Cristina Gubert (presidenta), Marta Saballs (cap d&#8217;estudis), Maria Morcillo (secret\u00e0ria) i Roger Pla (cap d&#8217;estudis secund\u00e0ria)<\/h6>\n<\/li>\n<li>\n<h6><strong>Membres del sector mestres<\/strong>: Elsa Bohigas, Mireia Coris, M\u00aa Camen Hernando, Guillem Esteva \u00a0, N\u00faria Ribot i Carla Jodar.<\/h6>\n<\/li>\n<li>\n<h6><strong>Membres del sector pares<\/strong>: Anna Padrosa, Josep Oliv\u00e9, Miquel Pag\u00e8s, Lourdes Castilla i Maria S\u00e1nchez<\/h6>\n<\/li>\n<li>\n<h6><strong>Representant Ajuntament<\/strong>: Laura Lafarga<\/h6>\n<\/li>\n<li>\n<h6><strong>Representant PAS\/PAE<\/strong>: Eli Valdepe\u00f1as<\/h6>\n<\/li>\n<li>\n<h6><strong>Representant AFA<\/strong>: Carol Kloner<\/h6>\n<\/li>\n<\/ul>\n<h5 id=\"FW_bloc_951ef9be-5613-11e4-9770-000c29cdf219_4\" class=\"FW_ancora\">Quina \u00e9s la funci\u00f3 del consell escolar ?<\/h5>\n<h6>Corresponen al consell escolar les funcions seg\u00fcents:<\/h6>\n<ul>\n<li>\n<h6>Participar en l\u2019aprovaci\u00f3 del projecte educatiu i les seves modificacions. El consell escolar ha de ser consultat pel director de manera preceptiva per valorar la proposta del projecte educatiu i manifestar el seu suport amb una majoria de les tres cinquenes parts dels membres.<\/h6>\n<\/li>\n<li>\n<h6>Participar en l\u2019aprovaci\u00f3 de la programaci\u00f3 general anual, de les normes de funcionament i de la gesti\u00f3 econ\u00f2mica del centre. El consell escolar ha de ser consultat de manera preceptiva per valorar cada una de les propostes i manifestar el seu suport per majoria simple dels membres.<\/h6>\n<\/li>\n<li>\n<h6>Avaluar l\u2019aplicaci\u00f3 del projecte educatiu i de les seves modificacions aix\u00ed com de la resta de documents de gesti\u00f3 del centre.<\/h6>\n<\/li>\n<li>\n<h6>Aprovar les propostes d\u2019acords de coresponsabilitat, convenis i altres acords de col\u00b7laboraci\u00f3 del centre amb entitats i institucions.<\/h6>\n<\/li>\n<li>\n<h6>Intervenir en el procediment d\u2019admissi\u00f3 d\u2019alumnes.<\/h6>\n<\/li>\n<li>\n<h6>Participar en el procediment de selecci\u00f3 i en la proposta de cessament del director o directora.<\/h6>\n<\/li>\n<li>\n<h6>Intervenir en la resoluci\u00f3 dels conflictes i, si escau, revisar les sancions als alumnes.<\/h6>\n<\/li>\n<li>\n<h6>Aprovar les directrius per a la programaci\u00f3 d\u2019activitats escolars complement\u00e0ries i d\u2019activitats extraescolars, i avaluar-ne el desenvolupament.<\/h6>\n<\/li>\n<li>\n<h6>Participar en les an\u00e0lisis i les avaluacions del funcionament general del centre i con\u00e8ixer l\u2019evoluci\u00f3 del rendiment escolar.<\/h6>\n<\/li>\n<li>\n<h6>Aprovar els criteris de col\u00b7laboraci\u00f3 amb altres centres i amb l\u2019entorn.<\/h6>\n<\/li>\n<li>\n<h6>Qualsevol altre que li sigui atribu\u00efda per les normes legals o reglament\u00e0ries.<\/h6>\n<\/li>\n<\/ul>\n<div>\n<h5>Quin \u00e9s el funcionament del consell escolar?<\/h5>\n<div id=\"bloc5\">\n<div>\n<div>\n<h6>El consell escolar ha d\u2019aprovar les seves normes de funcionament. En all\u00f2 que no estigui previst s\u2019han d\u2019aplicar les normes reguladores dels \u00f2rgans col\u00b7legiats de l\u2019Administraci\u00f3 de la Generalitat.<\/h6>\n<h6>El consell escolar del centre es reuneix preceptivament una vegada al trimestre i sempre que el convoca el director o directora del centre o ho sol\u00b7licita al menys un ter\u00e7 de les seves persones membres. A m\u00e9s, s\u2019ha de fer una reuni\u00f3 a principi de curs i una altra a la seva finalitzaci\u00f3.<\/h6>\n<h6>El consell escolar actua normalment en ple. Es poden constituir comissions espec\u00edfiques d\u2019estudi i informaci\u00f3, a les quals, en tot cas, s\u2019hi ha d\u2019incorporar la direcci\u00f3 del centre, o en la seva representaci\u00f3, un altre \u00f2rgan\u00a0unipersonal de direcci\u00f3,\u00a0un professor o professora, i un alumne o alumna o un representant o una representant de les mares i els pares. Els centres de titularitat p\u00fablica, a m\u00e9s, hi ha d\u2019haver preceptivament\u00a0una comissi\u00f3 econ\u00f2mica que supervisa la gesti\u00f3 econ\u00f2mica del centre.<\/h6>\n<div>\n<h5>Com es renoven els membres del consell escolar ?<\/h5>\n<div id=\"bloc6\">\n<div>\n<div>\n<h6>Les persones del consell escolar s\u00f3n elegides per un per\u00edode de quatre anys i es renoven per meitats cada dos anys.<\/h6>\n<h6>Les eleccions per a la constituci\u00f3 o renovaci\u00f3 de membres del consell escolar, les convoca el director o directora del centre p\u00fablic, amb quinze dies d\u2019antelaci\u00f3, dintre del per\u00edode que fixa el Departament d\u2019Ensenyament.<\/h6>\n<h6>Les vacants del consell escolar s\u2019han d\u2019ocupar pel procediment establert a les normes d\u2019organitzaci\u00f3 i funcionament del centre; si aquestes no ho preveuen, les ha d\u2019ocupar la seg\u00fcent candidatura m\u00e9s votada en les darreres eleccions. Si no hi ha m\u00e9s candidats o candidates per cobrir-les, romanen sense cobrir fins a la propera renovaci\u00f3 del consell escolar.<\/h6>\n<h6>La condici\u00f3 de membre del consell escolar es perd quan es deixa el c\u00e0rrec que comporta ser-ne membre, quan es deixa de complir algun dels requisits per ser elegible o quan l\u2019\u00f2rgan que l\u2019ha designat en revoca la designaci\u00f3.<\/h6>\n<\/div>\n<\/div>\n<\/div>\n<\/div>\n<\/div>\n<\/div>\n<\/div>\n<\/div>\n<\/div>\n<\/div>\n<p>&nbsp;<\/p>\n<\/div>\n<\/div>\n<\/div>\n","protected":false},"excerpt":{"rendered":"<p>Qu\u00e8 \u00e9s el consell escolar? El consell escolar \u00e9s l\u2019\u00f2rgan de participaci\u00f3 dels diferents sectors de la comunitat educativa en el govern dels centres. La normativa de refer\u00e8ncia pel que fa al consell escolar \u00e9s: Llei 12\/2009, del 10 de juliol, d\u2019educaci\u00f3 (articles 139, 148 i 152) Llei org\u00e0nica 2\/2006, de 3 de maig (articles [&hellip;]<\/p>\n","protected":false},"author":1,"featured_media":0,"parent":22,"menu_order":30,"comment_status":"closed","ping_status":"closed","template":"page-templates\/side-menu.php","meta":{"_bbp_topic_count":0,"_bbp_reply_count":0,"_bbp_total_topic_count":0,"_bbp_total_reply_count":0,"_bbp_voice_count":0,"_bbp_anonymous_reply_count":0,"_bbp_topic_count_hidden":0,"_bbp_reply_count_hidden":0,"_bbp_forum_subforum_count":0,"site-sidebar-layout":"default","site-content-layout":"","ast-site-content-layout":"","site-content-style":"default","site-sidebar-style":"default","ast-global-header-display":"","ast-banner-title-visibility":"","ast-main-header-display":"","ast-hfb-above-header-display":"","ast-hfb-below-header-display":"","ast-hfb-mobile-header-display":"","site-post-title":"","ast-breadcrumbs-content":"","ast-featured-img":"","footer-sml-layout":"","theme-transparent-header-meta":"","adv-header-id-meta":"","stick-header-meta":"","header-above-stick-meta":"","header-main-stick-meta":"","header-below-stick-meta":"","astra-migrate-meta-layouts":"default","ast-page-background-enabled":"default","ast-page-background-meta":{"desktop":{"background-color":"var(--ast-global-color-4)","background-image":"","background-repeat":"repeat","background-position":"center center","background-size":"auto","background-attachment":"scroll","background-type":"","background-media":"","overlay-type":"","overlay-color":"","overlay-opacity":"","overlay-gradient":""},"tablet":{"background-color":"","background-image":"","background-repeat":"repeat","background-position":"center center","background-size":"auto","background-attachment":"scroll","background-type":"","background-media":"","overlay-type":"","overlay-color":"","overlay-opacity":"","overlay-gradient":""},"mobile":{"background-color":"","background-image":"","background-repeat":"repeat","background-position":"center center","background-size":"auto","background-attachment":"scroll","background-type":"","background-media":"","overlay-type":"","overlay-color":"","overlay-opacity":"","overlay-gradient":""}},"ast-content-background-meta":{"desktop":{"background-color":"var(--ast-global-color-5)","background-image":"","background-repeat":"repeat","background-position":"center center","background-size":"auto","background-attachment":"scroll","background-type":"","background-media":"","overlay-type":"","overlay-color":"","overlay-opacity":"","overlay-gradient":""},"tablet":{"background-color":"var(--ast-global-color-5)","background-image":"","background-repeat":"repeat","background-position":"center center","background-size":"auto","background-attachment":"scroll","background-type":"","background-media":"","overlay-type":"","overlay-color":"","overlay-opacity":"","overlay-gradient":""},"mobile":{"background-color":"var(--ast-global-color-5)","background-image":"","background-repeat":"repeat","background-position":"center center","background-size":"auto","background-attachment":"scroll","background-type":"","background-media":"","overlay-type":"","overlay-color":"","overlay-opacity":"","overlay-gradient":""}},"footnotes":""},"class_list":["post-28","page","type-page","status-publish","hentry"],"post_mailing_queue_ids":[],"_links":{"self":[{"href":"https:\/\/agora.xtec.cat\/ievila-roma\/wp-json\/wp\/v2\/pages\/28","targetHints":{"allow":["GET"]}}],"collection":[{"href":"https:\/\/agora.xtec.cat\/ievila-roma\/wp-json\/wp\/v2\/pages"}],"about":[{"href":"https:\/\/agora.xtec.cat\/ievila-roma\/wp-json\/wp\/v2\/types\/page"}],"author":[{"embeddable":true,"href":"https:\/\/agora.xtec.cat\/ievila-roma\/wp-json\/wp\/v2\/users\/1"}],"replies":[{"embeddable":true,"href":"https:\/\/agora.xtec.cat\/ievila-roma\/wp-json\/wp\/v2\/comments?post=28"}],"version-history":[{"count":4,"href":"https:\/\/agora.xtec.cat\/ievila-roma\/wp-json\/wp\/v2\/pages\/28\/revisions"}],"predecessor-version":[{"id":12408,"href":"https:\/\/agora.xtec.cat\/ievila-roma\/wp-json\/wp\/v2\/pages\/28\/revisions\/12408"}],"up":[{"embeddable":true,"href":"https:\/\/agora.xtec.cat\/ievila-roma\/wp-json\/wp\/v2\/pages\/22"}],"wp:attachment":[{"href":"https:\/\/agora.xtec.cat\/ievila-roma\/wp-json\/wp\/v2\/media?parent=28"}],"curies":[{"name":"wp","href":"https:\/\/api.w.org\/{rel}","templated":true}]}}