{"id":26,"date":"2014-09-18T12:24:32","date_gmt":"2014-09-18T11:24:32","guid":{"rendered":"http:\/\/agora.xtec.cat\/ceipvila-roma\/?page_id=26"},"modified":"2025-08-21T17:25:25","modified_gmt":"2025-08-21T15:25:25","slug":"historia","status":"publish","type":"page","link":"https:\/\/agora.xtec.cat\/ievila-roma\/lescola\/historia\/","title":{"rendered":"Hist\u00f2ria"},"content":{"rendered":"\n<div class=\"wp-block-columns is-layout-flex wp-container-core-columns-is-layout-1 wp-block-columns-is-layout-flex\">\n<div class=\"wp-block-column is-layout-flow wp-block-column-is-layout-flow\" style=\"flex-basis:66.66%\">\n<p>El nostre centre es va inaugurar l&#8217;any 1972. El nom i, en aquest moment, el logotip van sortir d&#8217;un castell edificat als voltants del segle X &#8211; XI, el Castell de Vila-rom\u00e0.&nbsp; (<span style=\"color: #000080;\">&nbsp;<a href=\"http:\/\/gabrielmartinroig.blogspot.com.es\/p\/castells-de-palamos-en-construccio.html\">Enlla\u00e7 sobre la hist\u00f2ria del Castell de Vila-rom\u00e0<\/a><\/span>)<\/p>\n<\/div>\n\n\n\n<div class=\"wp-block-column is-layout-flow wp-block-column-is-layout-flow\" style=\"flex-basis:33.33%\">\n<figure class=\"wp-block-image size-full\"><a href=\"https:\/\/agora.xtec.cat\/ievila-roma\/wp-content\/uploads\/usu826\/2025\/08\/CASTELL-DE-VILA-ROMA-1.jpeg\"><img loading=\"lazy\" decoding=\"async\" width=\"297\" height=\"170\" src=\"https:\/\/agora.xtec.cat\/ievila-roma\/wp-content\/uploads\/usu826\/2025\/08\/CASTELL-DE-VILA-ROMA-1.jpeg\" alt=\"\" class=\"wp-image-20210\"\/><\/a><\/figure>\n<\/div>\n<\/div>\n\n\n\n<div class=\"wp-block-columns is-layout-flex wp-container-core-columns-is-layout-2 wp-block-columns-is-layout-flex\">\n<div class=\"wp-block-column is-layout-flow wp-block-column-is-layout-flow\" style=\"flex-basis:33.33%\">\n<figure class=\"wp-block-image aligncenter size-full is-resized\"><a href=\"https:\/\/agora.xtec.cat\/ievila-roma\/wp-content\/uploads\/usu826\/2025\/08\/logo-escola-sense-fons-i-sense-nom-1.png\"><img loading=\"lazy\" decoding=\"async\" width=\"454\" height=\"549\" src=\"https:\/\/agora.xtec.cat\/ievila-roma\/wp-content\/uploads\/usu826\/2025\/08\/logo-escola-sense-fons-i-sense-nom-1.png\" alt=\"\" class=\"wp-image-20212\" style=\"width:119px;height:auto\" srcset=\"https:\/\/agora.xtec.cat\/ievila-roma\/wp-content\/uploads\/usu826\/2025\/08\/logo-escola-sense-fons-i-sense-nom-1.png 454w, https:\/\/agora.xtec.cat\/ievila-roma\/wp-content\/uploads\/usu826\/2025\/08\/logo-escola-sense-fons-i-sense-nom-1-248x300.png 248w\" sizes=\"auto, (max-width: 454px) 100vw, 454px\" \/><\/a><\/figure>\n<\/div>\n\n\n\n<div class=\"wp-block-column is-layout-flow wp-block-column-is-layout-flow\" style=\"flex-basis:66.66%\">\n<p>Ja en la d\u00e8cada dels 90 s\u2019adopta el s\u00edmbol de l\u2019arbre que adorna l\u2019escola: el pruner xin\u00e8s. A la vegada el disseny intenta que es vegi la \u201cC\u201d de Col.legi, la \u201cP\u201d de P\u00fablic i la \u201cV\u201d de Vila-rom\u00e0.<\/p>\n<\/div>\n<\/div>\n\n\n\n<p>Al curs 2008-2009 es va inaugurar l\u2019edifici d\u2019infantil. Aquesta es va ampliar amb la inauguraci\u00f3 de l\u2019edifici de prim\u00e0ria al llarg del curs 2013-2014. <\/p>\n\n\n\n<p>Des del curs 2020-2021 som Institut Escola i oferim les 3 etapes educatives: Educaci\u00f3 Infantil, Prim\u00e0ria i ESO.<\/p>\n\n\n\n<figure class=\"wp-block-image alignfull size-large\"><a href=\"https:\/\/agora.xtec.cat\/ievila-roma\/wp-content\/uploads\/usu826\/2025\/08\/EDIFICIS-VILA-ROMA-4.png\"><img loading=\"lazy\" decoding=\"async\" width=\"1024\" height=\"340\" src=\"https:\/\/agora.xtec.cat\/ievila-roma\/wp-content\/uploads\/usu826\/2025\/08\/EDIFICIS-VILA-ROMA-4-1024x340.png\" alt=\"\" class=\"wp-image-20234\" srcset=\"https:\/\/agora.xtec.cat\/ievila-roma\/wp-content\/uploads\/usu826\/2025\/08\/EDIFICIS-VILA-ROMA-4-1024x340.png 1024w, https:\/\/agora.xtec.cat\/ievila-roma\/wp-content\/uploads\/usu826\/2025\/08\/EDIFICIS-VILA-ROMA-4-300x100.png 300w, https:\/\/agora.xtec.cat\/ievila-roma\/wp-content\/uploads\/usu826\/2025\/08\/EDIFICIS-VILA-ROMA-4-768x255.png 768w, https:\/\/agora.xtec.cat\/ievila-roma\/wp-content\/uploads\/usu826\/2025\/08\/EDIFICIS-VILA-ROMA-4.png 1369w\" sizes=\"auto, (max-width: 1024px) 100vw, 1024px\" \/><\/a><\/figure>\n","protected":false},"excerpt":{"rendered":"<p>El nostre centre es va inaugurar l&#8217;any 1972. El nom i, en aquest moment, el logotip van sortir d&#8217;un castell edificat als voltants del segle X &#8211; XI, el Castell de Vila-rom\u00e0.&nbsp; (&nbsp;Enlla\u00e7 sobre la hist\u00f2ria del Castell de Vila-rom\u00e0) Ja en la d\u00e8cada dels 90 s\u2019adopta el s\u00edmbol de l\u2019arbre que adorna l\u2019escola: el [&hellip;]<\/p>\n","protected":false},"author":1,"featured_media":0,"parent":22,"menu_order":20,"comment_status":"closed","ping_status":"closed","template":"","meta":{"_bbp_topic_count":0,"_bbp_reply_count":0,"_bbp_total_topic_count":0,"_bbp_total_reply_count":0,"_bbp_voice_count":0,"_bbp_anonymous_reply_count":0,"_bbp_topic_count_hidden":0,"_bbp_reply_count_hidden":0,"_bbp_forum_subforum_count":0,"site-sidebar-layout":"default","site-content-layout":"","ast-site-content-layout":"default","site-content-style":"default","site-sidebar-style":"default","ast-global-header-display":"","ast-banner-title-visibility":"","ast-main-header-display":"","ast-hfb-above-header-display":"","ast-hfb-below-header-display":"","ast-hfb-mobile-header-display":"","site-post-title":"","ast-breadcrumbs-content":"","ast-featured-img":"","footer-sml-layout":"","theme-transparent-header-meta":"","adv-header-id-meta":"","stick-header-meta":"","header-above-stick-meta":"","header-main-stick-meta":"","header-below-stick-meta":"","astra-migrate-meta-layouts":"set","ast-page-background-enabled":"default","ast-page-background-meta":{"desktop":{"background-color":"var(--ast-global-color-4)","background-image":"","background-repeat":"repeat","background-position":"center center","background-size":"auto","background-attachment":"scroll","background-type":"","background-media":"","overlay-type":"","overlay-color":"","overlay-opacity":"","overlay-gradient":""},"tablet":{"background-color":"","background-image":"","background-repeat":"repeat","background-position":"center center","background-size":"auto","background-attachment":"scroll","background-type":"","background-media":"","overlay-type":"","overlay-color":"","overlay-opacity":"","overlay-gradient":""},"mobile":{"background-color":"","background-image":"","background-repeat":"repeat","background-position":"center center","background-size":"auto","background-attachment":"scroll","background-type":"","background-media":"","overlay-type":"","overlay-color":"","overlay-opacity":"","overlay-gradient":""}},"ast-content-background-meta":{"desktop":{"background-color":"var(--ast-global-color-5)","background-image":"","background-repeat":"repeat","background-position":"center center","background-size":"auto","background-attachment":"scroll","background-type":"","background-media":"","overlay-type":"","overlay-color":"","overlay-opacity":"","overlay-gradient":""},"tablet":{"background-color":"var(--ast-global-color-5)","background-image":"","background-repeat":"repeat","background-position":"center center","background-size":"auto","background-attachment":"scroll","background-type":"","background-media":"","overlay-type":"","overlay-color":"","overlay-opacity":"","overlay-gradient":""},"mobile":{"background-color":"var(--ast-global-color-5)","background-image":"","background-repeat":"repeat","background-position":"center center","background-size":"auto","background-attachment":"scroll","background-type":"","background-media":"","overlay-type":"","overlay-color":"","overlay-opacity":"","overlay-gradient":""}},"footnotes":""},"class_list":["post-26","page","type-page","status-publish","hentry"],"post_mailing_queue_ids":[],"_links":{"self":[{"href":"https:\/\/agora.xtec.cat\/ievila-roma\/wp-json\/wp\/v2\/pages\/26","targetHints":{"allow":["GET"]}}],"collection":[{"href":"https:\/\/agora.xtec.cat\/ievila-roma\/wp-json\/wp\/v2\/pages"}],"about":[{"href":"https:\/\/agora.xtec.cat\/ievila-roma\/wp-json\/wp\/v2\/types\/page"}],"author":[{"embeddable":true,"href":"https:\/\/agora.xtec.cat\/ievila-roma\/wp-json\/wp\/v2\/users\/1"}],"replies":[{"embeddable":true,"href":"https:\/\/agora.xtec.cat\/ievila-roma\/wp-json\/wp\/v2\/comments?post=26"}],"version-history":[{"count":6,"href":"https:\/\/agora.xtec.cat\/ievila-roma\/wp-json\/wp\/v2\/pages\/26\/revisions"}],"predecessor-version":[{"id":20241,"href":"https:\/\/agora.xtec.cat\/ievila-roma\/wp-json\/wp\/v2\/pages\/26\/revisions\/20241"}],"up":[{"embeddable":true,"href":"https:\/\/agora.xtec.cat\/ievila-roma\/wp-json\/wp\/v2\/pages\/22"}],"wp:attachment":[{"href":"https:\/\/agora.xtec.cat\/ievila-roma\/wp-json\/wp\/v2\/media?parent=26"}],"curies":[{"name":"wp","href":"https:\/\/api.w.org\/{rel}","templated":true}]}}