{"id":24,"date":"2014-09-18T12:23:15","date_gmt":"2014-09-18T11:23:15","guid":{"rendered":"http:\/\/agora.xtec.cat\/ceipvila-roma\/?page_id=24"},"modified":"2025-08-17T19:18:56","modified_gmt":"2025-08-17T17:18:56","slug":"on-som","status":"publish","type":"page","link":"https:\/\/agora.xtec.cat\/ievila-roma\/lescola\/on-som\/","title":{"rendered":"On som?"},"content":{"rendered":"\n<p>El nostre Institut Escola est\u00e0 situada prop de la zona industrial de Sant Joan, entre el seu barri antic i la urbanitzaci\u00f3 del Tennis, de la qual queda separada per la C-31. <\/p>\n\n\n\n<p>Estem a una dist\u00e0ncia equidistant de la platja gran de Palam\u00f3s i de la platja de La Fosca.<\/p>\n\n\n\n<p style=\"margin-top:0;margin-right:0;margin-bottom:0;margin-left:0\">&nbsp;Les nostres dades s\u00f3n:<\/p>\n\n\n\n<p>Institut Escola Vila-rom\u00e0<br>Carrer Riera, 31<br>17230 Palam\u00f3s<\/p>\n\n\n\n<p>Tel.&nbsp;972 31 61 25<br><a class=\"Yh1nIb asUmFb AL18ce\" href=\"mailto:b7010815@xtec.cat\" target=\"_blank\" rel=\"noopener noreferrer\" data-tooltip=\"Del perfil de l'organitzaci\u00f3 de l'usuari\" data-tooltip-position=\"top\">b7010815@xtec.cat<\/a><\/p>\n\n\n\n<p>Com arribar-hi: <a href=\"https:\/\/www.google.es\/maps\/place\/Institut+Escola+Vila-rom%C3%A0\/@41.8599524,3.1262888,652m\/data=!3m1!1e3!4m6!3m5!1s0x12bbaadd0304e4b1:0x2a89134493ca2e2!8m2!3d41.8602461!4d3.1285654!16s%2Fg%2F1tmwkf14?hl=ca&amp;entry=ttu&amp;g_ep=EgoyMDI1MDgxMy4wIKXMDSoASAFQAw%3D%3D\" target=\"_blank\" rel=\"noreferrer noopener\">Institut Escola Vila-rom\u00e0<\/a><\/p>\n\n\n\n<figure class=\"wp-block-image alignfull\"><a href=\"https:\/\/www.google.es\/maps\/place\/Institut+Escola+Vila-rom%C3%A0\/@41.8599524,3.1262888,652m\/data=!3m1!1e3!4m6!3m5!1s0x12bbaadd0304e4b1:0x2a89134493ca2e2!8m2!3d41.8602461!4d3.1285654!16s%2Fg%2F1tmwkf14?hl=ca&amp;entry=ttu&amp;g_ep=EgoyMDI1MDgxMy4wIKXMDSoASAFQAw%3D%3D\" target=\"_blank\" rel=\" noreferrer noopener\"><img loading=\"lazy\" decoding=\"async\" width=\"809\" height=\"519\" src=\"http:\/\/agora.xtec.cat\/ceipvila-roma\/wp-content\/uploads\/usu826\/2014\/09\/mapa.png\" alt=\"mapa\" class=\"wp-image-547\" srcset=\"https:\/\/agora.xtec.cat\/ievila-roma\/wp-content\/uploads\/usu826\/2014\/09\/mapa.png 809w, https:\/\/agora.xtec.cat\/ievila-roma\/wp-content\/uploads\/usu826\/2014\/09\/mapa-300x192.png 300w, https:\/\/agora.xtec.cat\/ievila-roma\/wp-content\/uploads\/usu826\/2014\/09\/mapa-768x493.png 768w\" sizes=\"auto, (max-width: 809px) 100vw, 809px\" \/><\/a><\/figure>\n\n\n\n<p>&nbsp;<\/p>\n","protected":false},"excerpt":{"rendered":"<p>El nostre Institut Escola est\u00e0 situada prop de la zona industrial de Sant Joan, entre el seu barri antic i la urbanitzaci\u00f3 del Tennis, de la qual queda separada per la C-31. Estem a una dist\u00e0ncia equidistant de la platja gran de Palam\u00f3s i de la platja de La Fosca. &nbsp;Les nostres dades s\u00f3n: Institut [&hellip;]<\/p>\n","protected":false},"author":1,"featured_media":0,"parent":22,"menu_order":10,"comment_status":"closed","ping_status":"closed","template":"","meta":{"_bbp_topic_count":0,"_bbp_reply_count":0,"_bbp_total_topic_count":0,"_bbp_total_reply_count":0,"_bbp_voice_count":0,"_bbp_anonymous_reply_count":0,"_bbp_topic_count_hidden":0,"_bbp_reply_count_hidden":0,"_bbp_forum_subforum_count":0,"site-sidebar-layout":"default","site-content-layout":"","ast-site-content-layout":"default","site-content-style":"default","site-sidebar-style":"default","ast-global-header-display":"","ast-banner-title-visibility":"","ast-main-header-display":"","ast-hfb-above-header-display":"","ast-hfb-below-header-display":"","ast-hfb-mobile-header-display":"","site-post-title":"","ast-breadcrumbs-content":"","ast-featured-img":"","footer-sml-layout":"","theme-transparent-header-meta":"","adv-header-id-meta":"","stick-header-meta":"","header-above-stick-meta":"","header-main-stick-meta":"","header-below-stick-meta":"","astra-migrate-meta-layouts":"set","ast-page-background-enabled":"default","ast-page-background-meta":{"desktop":{"background-color":"var(--ast-global-color-4)","background-image":"","background-repeat":"repeat","background-position":"center center","background-size":"auto","background-attachment":"scroll","background-type":"","background-media":"","overlay-type":"","overlay-color":"","overlay-opacity":"","overlay-gradient":""},"tablet":{"background-color":"","background-image":"","background-repeat":"repeat","background-position":"center center","background-size":"auto","background-attachment":"scroll","background-type":"","background-media":"","overlay-type":"","overlay-color":"","overlay-opacity":"","overlay-gradient":""},"mobile":{"background-color":"","background-image":"","background-repeat":"repeat","background-position":"center center","background-size":"auto","background-attachment":"scroll","background-type":"","background-media":"","overlay-type":"","overlay-color":"","overlay-opacity":"","overlay-gradient":""}},"ast-content-background-meta":{"desktop":{"background-color":"var(--ast-global-color-5)","background-image":"","background-repeat":"repeat","background-position":"center center","background-size":"auto","background-attachment":"scroll","background-type":"","background-media":"","overlay-type":"","overlay-color":"","overlay-opacity":"","overlay-gradient":""},"tablet":{"background-color":"var(--ast-global-color-5)","background-image":"","background-repeat":"repeat","background-position":"center center","background-size":"auto","background-attachment":"scroll","background-type":"","background-media":"","overlay-type":"","overlay-color":"","overlay-opacity":"","overlay-gradient":""},"mobile":{"background-color":"var(--ast-global-color-5)","background-image":"","background-repeat":"repeat","background-position":"center center","background-size":"auto","background-attachment":"scroll","background-type":"","background-media":"","overlay-type":"","overlay-color":"","overlay-opacity":"","overlay-gradient":""}},"footnotes":""},"class_list":["post-24","page","type-page","status-publish","hentry"],"post_mailing_queue_ids":[],"_links":{"self":[{"href":"https:\/\/agora.xtec.cat\/ievila-roma\/wp-json\/wp\/v2\/pages\/24","targetHints":{"allow":["GET"]}}],"collection":[{"href":"https:\/\/agora.xtec.cat\/ievila-roma\/wp-json\/wp\/v2\/pages"}],"about":[{"href":"https:\/\/agora.xtec.cat\/ievila-roma\/wp-json\/wp\/v2\/types\/page"}],"author":[{"embeddable":true,"href":"https:\/\/agora.xtec.cat\/ievila-roma\/wp-json\/wp\/v2\/users\/1"}],"replies":[{"embeddable":true,"href":"https:\/\/agora.xtec.cat\/ievila-roma\/wp-json\/wp\/v2\/comments?post=24"}],"version-history":[{"count":4,"href":"https:\/\/agora.xtec.cat\/ievila-roma\/wp-json\/wp\/v2\/pages\/24\/revisions"}],"predecessor-version":[{"id":20207,"href":"https:\/\/agora.xtec.cat\/ievila-roma\/wp-json\/wp\/v2\/pages\/24\/revisions\/20207"}],"up":[{"embeddable":true,"href":"https:\/\/agora.xtec.cat\/ievila-roma\/wp-json\/wp\/v2\/pages\/22"}],"wp:attachment":[{"href":"https:\/\/agora.xtec.cat\/ievila-roma\/wp-json\/wp\/v2\/media?parent=24"}],"curies":[{"name":"wp","href":"https:\/\/api.w.org\/{rel}","templated":true}]}}