{"id":20478,"date":"2026-02-09T20:07:40","date_gmt":"2026-02-09T19:07:40","guid":{"rendered":"https:\/\/agora.xtec.cat\/ievila-roma\/?page_id=20478"},"modified":"2026-02-09T20:07:41","modified_gmt":"2026-02-09T19:07:41","slug":"educacio-secundaria-criteris-davaluacio","status":"publish","type":"page","link":"https:\/\/agora.xtec.cat\/ievila-roma\/educacio-secundaria-criteris-davaluacio\/","title":{"rendered":"Educaci\u00f3 secund\u00e0ria: Criteris d&#8217;avaluaci\u00f3"},"content":{"rendered":"\n<div class=\"wp-block-columns is-layout-flex wp-container-core-columns-is-layout-1 wp-block-columns-is-layout-flex\">\n<div class=\"wp-block-column is-layout-flow wp-block-column-is-layout-flow\">\n<figure class=\"wp-block-image aligncenter size-full is-resized\"><a href=\"https:\/\/drive.google.com\/file\/d\/1cIjFFujsp9aqnIGWIh8dGKxWaUeIE09g\/view?usp=sharing\" target=\"_blank\" rel=\" noreferrer noopener\"><img loading=\"lazy\" decoding=\"async\" width=\"272\" height=\"185\" src=\"https:\/\/agora.xtec.cat\/ievila-roma\/wp-content\/uploads\/usu826\/2026\/02\/ambit-linguistic.png\" alt=\"\" class=\"wp-image-20480\" style=\"width:253px;height:auto\"\/><\/a><\/figure>\n\n\n\n<p class=\"has-text-align-center\"><a href=\"https:\/\/drive.google.com\/file\/d\/1cIjFFujsp9aqnIGWIh8dGKxWaUeIE09g\/view?usp=sharing\" target=\"_blank\" rel=\"noreferrer noopener\">LLENG\u00dcES<\/a><\/p>\n<\/div>\n\n\n\n<div class=\"wp-block-column is-layout-flow wp-block-column-is-layout-flow\">\n<figure class=\"wp-block-image aligncenter size-full\"><a href=\"https:\/\/drive.google.com\/file\/d\/1wXbku_kuTnIxOWojWHUJ1HDxPbaghKx4\/view?usp=sharing\" target=\"_blank\" rel=\" noreferrer noopener\"><img loading=\"lazy\" decoding=\"async\" width=\"292\" height=\"173\" src=\"https:\/\/agora.xtec.cat\/ievila-roma\/wp-content\/uploads\/usu826\/2026\/02\/LLENGUES-EXTRANGERES.jpg\" alt=\"\" class=\"wp-image-20490\"\/><\/a><\/figure>\n\n\n\n<p class=\"has-text-align-center\"><a href=\"https:\/\/drive.google.com\/file\/d\/1wXbku_kuTnIxOWojWHUJ1HDxPbaghKx4\/view?usp=sharing\" target=\"_blank\" rel=\"noreferrer noopener\">LLENG\u00dcES ESTRANGERES<\/a><\/p>\n<\/div>\n\n\n\n<div class=\"wp-block-column is-layout-flow wp-block-column-is-layout-flow\">\n<figure class=\"wp-block-image aligncenter size-full is-resized\"><a href=\"https:\/\/drive.google.com\/file\/d\/1HBlrLMUCfD0LiH5D8VbywWkQDtLSLF1U\/view?usp=sharing\" target=\"_blank\" rel=\" noreferrer noopener\"><img loading=\"lazy\" decoding=\"async\" width=\"225\" height=\"225\" src=\"https:\/\/agora.xtec.cat\/ievila-roma\/wp-content\/uploads\/usu826\/2026\/02\/MATEMATIQUES-ESO-1.jpg\" alt=\"\" class=\"wp-image-20495\" style=\"width:176px;height:auto\" srcset=\"https:\/\/agora.xtec.cat\/ievila-roma\/wp-content\/uploads\/usu826\/2026\/02\/MATEMATIQUES-ESO-1.jpg 225w, https:\/\/agora.xtec.cat\/ievila-roma\/wp-content\/uploads\/usu826\/2026\/02\/MATEMATIQUES-ESO-1-150x150.jpg 150w\" sizes=\"auto, (max-width: 225px) 100vw, 225px\" \/><\/a><\/figure>\n\n\n\n<p class=\"has-text-align-center\"><a href=\"https:\/\/drive.google.com\/file\/d\/1HBlrLMUCfD0LiH5D8VbywWkQDtLSLF1U\/view?usp=sharing\" target=\"_blank\" rel=\"noreferrer noopener\">MATEM\u00c0TIQUES<\/a><\/p>\n<\/div>\n<\/div>\n\n\n\n<div class=\"wp-block-columns is-layout-flex wp-container-core-columns-is-layout-2 wp-block-columns-is-layout-flex\">\n<div class=\"wp-block-column is-layout-flow wp-block-column-is-layout-flow\">\n<figure class=\"wp-block-image aligncenter size-full\"><a href=\"https:\/\/drive.google.com\/file\/d\/1UxqPBavZBQyQUZDSrgbrXuubyjGGrZgp\/view?usp=sharing\" target=\"_blank\" rel=\" noreferrer noopener\"><img loading=\"lazy\" decoding=\"async\" width=\"268\" height=\"188\" src=\"https:\/\/agora.xtec.cat\/ievila-roma\/wp-content\/uploads\/usu826\/2026\/02\/MATES.jpg\" alt=\"\" class=\"wp-image-20496\"\/><\/a><\/figure>\n\n\n\n<p class=\"has-text-align-center\"><a href=\"https:\/\/drive.google.com\/file\/d\/1UxqPBavZBQyQUZDSrgbrXuubyjGGrZgp\/view?usp=sharing\" target=\"_blank\" rel=\"noreferrer noopener\">MATEM\u00c0TIQUES AULA OBERTA<\/a><\/p>\n<\/div>\n\n\n\n<div class=\"wp-block-column is-layout-flow wp-block-column-is-layout-flow\">\n<figure class=\"wp-block-image aligncenter size-full is-resized\"><a href=\"https:\/\/drive.google.com\/file\/d\/1WXUP4y-fXP8_enN0qbVI-GPasg0HceC7\/view?usp=sharing\" target=\"_blank\" rel=\" noreferrer noopener\"><img loading=\"lazy\" decoding=\"async\" width=\"246\" height=\"205\" src=\"https:\/\/agora.xtec.cat\/ievila-roma\/wp-content\/uploads\/usu826\/2026\/02\/FISICA-I-QUIMICA.jpg\" alt=\"\" class=\"wp-image-20488\" style=\"width:206px;height:auto\"\/><\/a><\/figure>\n\n\n\n<p class=\"has-text-align-center\"><a href=\"https:\/\/drive.google.com\/file\/d\/1WXUP4y-fXP8_enN0qbVI-GPasg0HceC7\/view?usp=sharing\" target=\"_blank\" rel=\"noreferrer noopener\">F\u00cdSICA I QU\u00cdMICA<\/a><\/p>\n<\/div>\n\n\n\n<div class=\"wp-block-column is-layout-flow wp-block-column-is-layout-flow\">\n<figure class=\"wp-block-image aligncenter size-full is-resized\"><a href=\"https:\/\/drive.google.com\/file\/d\/1iUXt4votQkDaTtfU7xe70cdMna0Crv8q\/view?usp=sharing\" target=\"_blank\" rel=\" noreferrer noopener\"><img loading=\"lazy\" decoding=\"async\" width=\"217\" height=\"232\" src=\"https:\/\/agora.xtec.cat\/ievila-roma\/wp-content\/uploads\/usu826\/2026\/02\/BIOLOGIA-I-GEOLOGIA.jpg\" alt=\"\" class=\"wp-image-20486\" style=\"width:168px;height:auto\"\/><\/a><\/figure>\n\n\n\n<p class=\"has-text-align-center\"><a href=\"https:\/\/drive.google.com\/file\/d\/1iUXt4votQkDaTtfU7xe70cdMna0Crv8q\/view?usp=sharing\" target=\"_blank\" rel=\"noreferrer noopener\">BIOLOGIA I GEOLOGIA<\/a><\/p>\n<\/div>\n<\/div>\n\n\n\n<div class=\"wp-block-columns is-layout-flex wp-container-core-columns-is-layout-3 wp-block-columns-is-layout-flex\">\n<div class=\"wp-block-column is-layout-flow wp-block-column-is-layout-flow\">\n<figure class=\"wp-block-image aligncenter size-full is-resized\"><a href=\"https:\/\/drive.google.com\/file\/d\/1t_gUT3w6PYwJkbmLPL9ujAcH_K0jG9SM\/view?usp=sharing\" target=\"_blank\" rel=\" noreferrer noopener\"><img loading=\"lazy\" decoding=\"async\" width=\"225\" height=\"225\" src=\"https:\/\/agora.xtec.cat\/ievila-roma\/wp-content\/uploads\/usu826\/2026\/02\/GEOGRAFIA-I-HISTORIA.jpg\" alt=\"\" class=\"wp-image-20489\" style=\"width:177px;height:auto\" srcset=\"https:\/\/agora.xtec.cat\/ievila-roma\/wp-content\/uploads\/usu826\/2026\/02\/GEOGRAFIA-I-HISTORIA.jpg 225w, https:\/\/agora.xtec.cat\/ievila-roma\/wp-content\/uploads\/usu826\/2026\/02\/GEOGRAFIA-I-HISTORIA-150x150.jpg 150w\" sizes=\"auto, (max-width: 225px) 100vw, 225px\" \/><\/a><\/figure>\n\n\n\n<p class=\"has-text-align-center\"><a href=\"https:\/\/drive.google.com\/file\/d\/1t_gUT3w6PYwJkbmLPL9ujAcH_K0jG9SM\/view?usp=sharing\" target=\"_blank\" rel=\"noreferrer noopener\">GEOGRAFIA I HIST\u00d2RIA<\/a><\/p>\n<\/div>\n\n\n\n<div class=\"wp-block-column is-layout-flow wp-block-column-is-layout-flow\">\n<figure class=\"wp-block-image aligncenter size-full\"><a href=\"https:\/\/drive.google.com\/file\/d\/1OG944YeR9oNOEh4tfJanKTrCzuo_ddkw\/view?usp=sharing\" target=\"_blank\" rel=\" noreferrer noopener\"><img loading=\"lazy\" decoding=\"async\" width=\"297\" height=\"170\" src=\"https:\/\/agora.xtec.cat\/ievila-roma\/wp-content\/uploads\/usu826\/2026\/02\/CULTURA-CIENTIFICA.png\" alt=\"\" class=\"wp-image-20501\"\/><\/a><\/figure>\n\n\n\n<p class=\"has-text-align-center\"><a href=\"https:\/\/drive.google.com\/file\/d\/1OG944YeR9oNOEh4tfJanKTrCzuo_ddkw\/view?usp=sharing\" target=\"_blank\" rel=\"noreferrer noopener\">CULTURA CIENT\u00cdFICA<\/a><\/p>\n<\/div>\n\n\n\n<div class=\"wp-block-column is-layout-flow wp-block-column-is-layout-flow\">\n<figure class=\"wp-block-image aligncenter size-full is-resized\"><a href=\"https:\/\/drive.google.com\/file\/d\/1M3D00MDFk-ZtmeivMowX2N3jf-EcsE2c\/view?usp=sharing\" target=\"_blank\" rel=\" noreferrer noopener\"><img loading=\"lazy\" decoding=\"async\" width=\"285\" height=\"177\" src=\"https:\/\/agora.xtec.cat\/ievila-roma\/wp-content\/uploads\/usu826\/2026\/02\/CULTURA-CLASSICA.jpg\" alt=\"\" class=\"wp-image-20500\" style=\"width:280px;height:auto\"\/><\/a><\/figure>\n\n\n\n<p class=\"has-text-align-center\"><a href=\"https:\/\/drive.google.com\/file\/d\/1M3D00MDFk-ZtmeivMowX2N3jf-EcsE2c\/view?usp=sharing\" target=\"_blank\" rel=\"noreferrer noopener\">CULTURA CL\u00c0SSICA<\/a><\/p>\n<\/div>\n<\/div>\n\n\n\n<div class=\"wp-block-columns is-layout-flex wp-container-core-columns-is-layout-4 wp-block-columns-is-layout-flex\">\n<div class=\"wp-block-column is-layout-flow wp-block-column-is-layout-flow\">\n<figure class=\"wp-block-image aligncenter size-full is-resized\"><a href=\"https:\/\/drive.google.com\/file\/d\/1oO-q4gbQcOFfn3IG2ysgLzSZpZG6_jqQ\/view?usp=sharing\" target=\"_blank\" rel=\" noreferrer noopener\"><img loading=\"lazy\" decoding=\"async\" width=\"220\" height=\"229\" src=\"https:\/\/agora.xtec.cat\/ievila-roma\/wp-content\/uploads\/usu826\/2026\/02\/ECONOMIA.jpg\" alt=\"\" class=\"wp-image-20503\" style=\"width:143px;height:auto\"\/><\/a><\/figure>\n\n\n\n<p class=\"has-text-align-center\"><a href=\"https:\/\/drive.google.com\/file\/d\/1oO-q4gbQcOFfn3IG2ysgLzSZpZG6_jqQ\/view?usp=sharing\" target=\"_blank\" rel=\"noreferrer noopener\">ECONOMIA I EMPRENEDORIA<\/a><\/p>\n<\/div>\n\n\n\n<div class=\"wp-block-column is-layout-flow wp-block-column-is-layout-flow\">\n<figure class=\"wp-block-image aligncenter size-full is-resized\"><a href=\"https:\/\/drive.google.com\/file\/d\/1bHISKXPP6LQ_Jinh_tBtytFdREL2VOI5\/view?usp=sharing\" target=\"_blank\" rel=\" noreferrer noopener\"><img loading=\"lazy\" decoding=\"async\" width=\"300\" height=\"168\" src=\"https:\/\/agora.xtec.cat\/ievila-roma\/wp-content\/uploads\/usu826\/2026\/02\/TECNOLOGIA.jpg\" alt=\"\" class=\"wp-image-20504\" style=\"width:263px;height:auto\"\/><\/a><\/figure>\n\n\n\n<p class=\"has-text-align-center\"><a href=\"https:\/\/drive.google.com\/file\/d\/1bHISKXPP6LQ_Jinh_tBtytFdREL2VOI5\/view?usp=sharing\" target=\"_blank\" rel=\"noreferrer noopener\">TECNOLOGIA<\/a><\/p>\n<\/div>\n\n\n\n<div class=\"wp-block-column is-layout-flow wp-block-column-is-layout-flow\">\n<figure class=\"wp-block-image aligncenter size-full is-resized\"><a href=\"https:\/\/drive.google.com\/file\/d\/1VTom7dJOMevvWkAocFRYjH_vVWwV5cKv\/view?usp=sharing\" target=\"_blank\" rel=\" noreferrer noopener\"><img loading=\"lazy\" decoding=\"async\" width=\"317\" height=\"159\" src=\"https:\/\/agora.xtec.cat\/ievila-roma\/wp-content\/uploads\/usu826\/2026\/02\/EDUCACIO-FISICA-ESO.jpg\" alt=\"\" class=\"wp-image-20505\" style=\"width:289px;height:auto\" srcset=\"https:\/\/agora.xtec.cat\/ievila-roma\/wp-content\/uploads\/usu826\/2026\/02\/EDUCACIO-FISICA-ESO.jpg 317w, https:\/\/agora.xtec.cat\/ievila-roma\/wp-content\/uploads\/usu826\/2026\/02\/EDUCACIO-FISICA-ESO-300x150.jpg 300w\" sizes=\"auto, (max-width: 317px) 100vw, 317px\" \/><\/a><\/figure>\n\n\n\n<p class=\"has-text-align-center\"><a href=\"https:\/\/drive.google.com\/file\/d\/1VTom7dJOMevvWkAocFRYjH_vVWwV5cKv\/view?usp=sharing\" target=\"_blank\" rel=\"noreferrer noopener\">EDUCACI\u00d3 F\u00cdSICA<\/a><\/p>\n<\/div>\n<\/div>\n\n\n\n<p><\/p>\n","protected":false},"excerpt":{"rendered":"<p>LLENG\u00dcES LLENG\u00dcES ESTRANGERES MATEM\u00c0TIQUES MATEM\u00c0TIQUES AULA OBERTA F\u00cdSICA I QU\u00cdMICA BIOLOGIA I GEOLOGIA GEOGRAFIA I HIST\u00d2RIA CULTURA CIENT\u00cdFICA CULTURA CL\u00c0SSICA ECONOMIA I EMPRENEDORIA TECNOLOGIA EDUCACI\u00d3 F\u00cdSICA<\/p>\n","protected":false},"author":3,"featured_media":0,"parent":0,"menu_order":0,"comment_status":"closed","ping_status":"close","template":"","meta":{"_bbp_topic_count":0,"_bbp_reply_count":0,"_bbp_total_topic_count":0,"_bbp_total_reply_count":0,"_bbp_voice_count":0,"_bbp_anonymous_reply_count":0,"_bbp_topic_count_hidden":0,"_bbp_reply_count_hidden":0,"_bbp_forum_subforum_count":0,"site-sidebar-layout":"default","site-content-layout":"","ast-site-content-layout":"default","site-content-style":"default","site-sidebar-style":"default","ast-global-header-display":"","ast-banner-title-visibility":"","ast-main-header-display":"","ast-hfb-above-header-display":"","ast-hfb-below-header-display":"","ast-hfb-mobile-header-display":"","site-post-title":"","ast-breadcrumbs-content":"","ast-featured-img":"","footer-sml-layout":"","theme-transparent-header-meta":"","adv-header-id-meta":"","stick-header-meta":"","header-above-stick-meta":"","header-main-stick-meta":"","header-below-stick-meta":"","astra-migrate-meta-layouts":"set","ast-page-background-enabled":"default","ast-page-background-meta":{"desktop":{"background-color":"var(--ast-global-color-4)","background-image":"","background-repeat":"repeat","background-position":"center center","background-size":"auto","background-attachment":"scroll","background-type":"","background-media":"","overlay-type":"","overlay-color":"","overlay-opacity":"","overlay-gradient":""},"tablet":{"background-color":"","background-image":"","background-repeat":"repeat","background-position":"center center","background-size":"auto","background-attachment":"scroll","background-type":"","background-media":"","overlay-type":"","overlay-color":"","overlay-opacity":"","overlay-gradient":""},"mobile":{"background-color":"","background-image":"","background-repeat":"repeat","background-position":"center center","background-size":"auto","background-attachment":"scroll","background-type":"","background-media":"","overlay-type":"","overlay-color":"","overlay-opacity":"","overlay-gradient":""}},"ast-content-background-meta":{"desktop":{"background-color":"var(--ast-global-color-5)","background-image":"","background-repeat":"repeat","background-position":"center center","background-size":"auto","background-attachment":"scroll","background-type":"","background-media":"","overlay-type":"","overlay-color":"","overlay-opacity":"","overlay-gradient":""},"tablet":{"background-color":"var(--ast-global-color-5)","background-image":"","background-repeat":"repeat","background-position":"center center","background-size":"auto","background-attachment":"scroll","background-type":"","background-media":"","overlay-type":"","overlay-color":"","overlay-opacity":"","overlay-gradient":""},"mobile":{"background-color":"var(--ast-global-color-5)","background-image":"","background-repeat":"repeat","background-position":"center center","background-size":"auto","background-attachment":"scroll","background-type":"","background-media":"","overlay-type":"","overlay-color":"","overlay-opacity":"","overlay-gradient":""}},"footnotes":""},"class_list":["post-20478","page","type-page","status-publish","hentry"],"post_mailing_queue_ids":[],"_links":{"self":[{"href":"https:\/\/agora.xtec.cat\/ievila-roma\/wp-json\/wp\/v2\/pages\/20478","targetHints":{"allow":["GET"]}}],"collection":[{"href":"https:\/\/agora.xtec.cat\/ievila-roma\/wp-json\/wp\/v2\/pages"}],"about":[{"href":"https:\/\/agora.xtec.cat\/ievila-roma\/wp-json\/wp\/v2\/types\/page"}],"author":[{"embeddable":true,"href":"https:\/\/agora.xtec.cat\/ievila-roma\/wp-json\/wp\/v2\/users\/3"}],"replies":[{"embeddable":true,"href":"https:\/\/agora.xtec.cat\/ievila-roma\/wp-json\/wp\/v2\/comments?post=20478"}],"version-history":[{"count":6,"href":"https:\/\/agora.xtec.cat\/ievila-roma\/wp-json\/wp\/v2\/pages\/20478\/revisions"}],"predecessor-version":[{"id":20507,"href":"https:\/\/agora.xtec.cat\/ievila-roma\/wp-json\/wp\/v2\/pages\/20478\/revisions\/20507"}],"wp:attachment":[{"href":"https:\/\/agora.xtec.cat\/ievila-roma\/wp-json\/wp\/v2\/media?parent=20478"}],"curies":[{"name":"wp","href":"https:\/\/api.w.org\/{rel}","templated":true}]}}