{"id":19844,"date":"2024-11-20T20:55:08","date_gmt":"2024-11-20T19:55:08","guid":{"rendered":"https:\/\/agora.xtec.cat\/ceipvila-roma\/?page_id=19844"},"modified":"2026-02-09T18:31:45","modified_gmt":"2026-02-09T17:31:45","slug":"competencies-especifiques-criteris-davaluacio-i-sabers","status":"publish","type":"page","link":"https:\/\/agora.xtec.cat\/ievila-roma\/competencies-especifiques-criteris-davaluacio-i-sabers\/","title":{"rendered":"Educaci\u00f3 prim\u00e0ria: Compet\u00e8ncies espec\u00edfiques, criteris d&#8217;avaluaci\u00f3 i sabers"},"content":{"rendered":"\n<h3 class=\"wp-block-heading\">CURR\u00cdCULUM PRIM\u00c0RIA<\/h3>\n\n\n\n<div class=\"wp-block-columns is-layout-flex wp-container-core-columns-is-layout-1 wp-block-columns-is-layout-flex\">\n<div class=\"wp-block-column is-layout-flow wp-block-column-is-layout-flow\">\n<figure class=\"wp-block-image aligncenter size-full\"><img loading=\"lazy\" decoding=\"async\" width=\"223\" height=\"182\" src=\"https:\/\/agora.xtec.cat\/ievila-roma\/wp-content\/uploads\/usu826\/2025\/08\/matematiques-1.jpeg\" alt=\"\" class=\"wp-image-20168\"\/><figcaption class=\"wp-element-caption\"><a href=\"https:\/\/drive.google.com\/file\/d\/154fT2lCV7CHStGDyNKAVfTHB8Z_f0k3s\/view?usp=sharing\">\u00c0REA DE LES MATEM\u00c0TIQUES<\/a><\/figcaption><\/figure>\n<\/div>\n\n\n\n<div class=\"wp-block-column is-layout-flow wp-block-column-is-layout-flow\">\n<figure class=\"wp-block-image aligncenter size-full\"><a href=\"https:\/\/drive.google.com\/file\/d\/1Z5ZNpciY7dfqpwYhqppqWh5KumlG04Li\/view?usp=sharing\"><img loading=\"lazy\" decoding=\"async\" width=\"224\" height=\"193\" src=\"https:\/\/agora.xtec.cat\/ievila-roma\/wp-content\/uploads\/usu826\/2025\/08\/llengua-2.jpeg\" alt=\"\" class=\"wp-image-20169\"\/><\/a><figcaption class=\"wp-element-caption\"><a href=\"https:\/\/drive.google.com\/file\/d\/1Z5ZNpciY7dfqpwYhqppqWh5KumlG04Li\/view?usp=sharing\" target=\"_blank\" rel=\"noreferrer noopener\">\u00c0REA DE LLENGUA CATALANA I CASTELLANA<\/a><\/figcaption><\/figure>\n<\/div>\n\n\n\n<div class=\"wp-block-column is-layout-flow wp-block-column-is-layout-flow\">\n<figure class=\"wp-block-image aligncenter size-full\"><a href=\"https:\/\/drive.google.com\/file\/d\/1EtzaeJoNAittyNHwnUlSuzF6GtpniwjP\/view?usp=sharing\"><img loading=\"lazy\" decoding=\"async\" width=\"275\" height=\"183\" src=\"https:\/\/agora.xtec.cat\/ievila-roma\/wp-content\/uploads\/usu826\/2025\/08\/ANGLES.jpeg\" alt=\"\" class=\"wp-image-20170\"\/><\/a><figcaption class=\"wp-element-caption\"><a href=\"https:\/\/drive.google.com\/file\/d\/1EtzaeJoNAittyNHwnUlSuzF6GtpniwjP\/view?usp=sharing\" target=\"_blank\" rel=\"noreferrer noopener\">\u00c0REA DE LLENGUA ESTRANGERA (ANGL\u00c8S)<\/a><\/figcaption><\/figure>\n<\/div>\n<\/div>\n","protected":false},"excerpt":{"rendered":"<p>CURR\u00cdCULUM PRIM\u00c0RIA<\/p>\n","protected":false},"author":3,"featured_media":0,"parent":0,"menu_order":0,"comment_status":"closed","ping_status":"closed","template":"","meta":{"_bbp_topic_count":0,"_bbp_reply_count":0,"_bbp_total_topic_count":0,"_bbp_total_reply_count":0,"_bbp_voice_count":0,"_bbp_anonymous_reply_count":0,"_bbp_topic_count_hidden":0,"_bbp_reply_count_hidden":0,"_bbp_forum_subforum_count":0,"site-sidebar-layout":"default","site-content-layout":"","ast-site-content-layout":"default","site-content-style":"default","site-sidebar-style":"default","ast-global-header-display":"","ast-banner-title-visibility":"","ast-main-header-display":"","ast-hfb-above-header-display":"","ast-hfb-below-header-display":"","ast-hfb-mobile-header-display":"","site-post-title":"","ast-breadcrumbs-content":"","ast-featured-img":"","footer-sml-layout":"","theme-transparent-header-meta":"","adv-header-id-meta":"","stick-header-meta":"","header-above-stick-meta":"","header-main-stick-meta":"","header-below-stick-meta":"","astra-migrate-meta-layouts":"set","ast-page-background-enabled":"default","ast-page-background-meta":{"desktop":{"background-color":"var(--ast-global-color-4)","background-image":"","background-repeat":"repeat","background-position":"center center","background-size":"auto","background-attachment":"scroll","background-type":"","background-media":"","overlay-type":"","overlay-color":"","overlay-opacity":"","overlay-gradient":""},"tablet":{"background-color":"","background-image":"","background-repeat":"repeat","background-position":"center center","background-size":"auto","background-attachment":"scroll","background-type":"","background-media":"","overlay-type":"","overlay-color":"","overlay-opacity":"","overlay-gradient":""},"mobile":{"background-color":"","background-image":"","background-repeat":"repeat","background-position":"center center","background-size":"auto","background-attachment":"scroll","background-type":"","background-media":"","overlay-type":"","overlay-color":"","overlay-opacity":"","overlay-gradient":""}},"ast-content-background-meta":{"desktop":{"background-color":"var(--ast-global-color-5)","background-image":"","background-repeat":"repeat","background-position":"center center","background-size":"auto","background-attachment":"scroll","background-type":"","background-media":"","overlay-type":"","overlay-color":"","overlay-opacity":"","overlay-gradient":""},"tablet":{"background-color":"var(--ast-global-color-5)","background-image":"","background-repeat":"repeat","background-position":"center center","background-size":"auto","background-attachment":"scroll","background-type":"","background-media":"","overlay-type":"","overlay-color":"","overlay-opacity":"","overlay-gradient":""},"mobile":{"background-color":"var(--ast-global-color-5)","background-image":"","background-repeat":"repeat","background-position":"center center","background-size":"auto","background-attachment":"scroll","background-type":"","background-media":"","overlay-type":"","overlay-color":"","overlay-opacity":"","overlay-gradient":""}},"footnotes":""},"class_list":["post-19844","page","type-page","status-publish","hentry"],"post_mailing_queue_ids":[],"_links":{"self":[{"href":"https:\/\/agora.xtec.cat\/ievila-roma\/wp-json\/wp\/v2\/pages\/19844","targetHints":{"allow":["GET"]}}],"collection":[{"href":"https:\/\/agora.xtec.cat\/ievila-roma\/wp-json\/wp\/v2\/pages"}],"about":[{"href":"https:\/\/agora.xtec.cat\/ievila-roma\/wp-json\/wp\/v2\/types\/page"}],"author":[{"embeddable":true,"href":"https:\/\/agora.xtec.cat\/ievila-roma\/wp-json\/wp\/v2\/users\/3"}],"replies":[{"embeddable":true,"href":"https:\/\/agora.xtec.cat\/ievila-roma\/wp-json\/wp\/v2\/comments?post=19844"}],"version-history":[{"count":6,"href":"https:\/\/agora.xtec.cat\/ievila-roma\/wp-json\/wp\/v2\/pages\/19844\/revisions"}],"predecessor-version":[{"id":20479,"href":"https:\/\/agora.xtec.cat\/ievila-roma\/wp-json\/wp\/v2\/pages\/19844\/revisions\/20479"}],"wp:attachment":[{"href":"https:\/\/agora.xtec.cat\/ievila-roma\/wp-json\/wp\/v2\/media?parent=19844"}],"curies":[{"name":"wp","href":"https:\/\/api.w.org\/{rel}","templated":true}]}}