{"id":978,"date":"2022-11-11T11:48:53","date_gmt":"2022-11-11T10:48:53","guid":{"rendered":"https:\/\/agora.xtec.cat\/ievalldelord\/?page_id=978"},"modified":"2025-09-24T10:49:16","modified_gmt":"2025-09-24T08:49:16","slug":"equip-docent","status":"publish","type":"page","link":"https:\/\/agora.xtec.cat\/ievalldelord\/lescola\/equip-docent\/","title":{"rendered":"Equip docent"},"content":{"rendered":"<p>L&#8217;equip docent del nostre centre est\u00e0 format per:<\/p>\n<p><strong>Equip directiu: <\/strong>Elena Camarasa (directora), Josep Molins (cap d&#8217;estudis), Carme Barcons (coordinadora pedag\u00f2gica) i Roser Bujons (secret\u00e0ria).<\/p>\n<p><strong>Ed. Infantil:<\/strong> Maribel Ju\u00e1rez i <span style=\"font-family: inherit; font-size: 1em;\">Berta Lajara.<\/span><\/p>\n<p><strong>Ed. Prim\u00e0ria:<\/strong> Carme Barcons, Elena Camarasa, Rosaura Darbra, Elena Estany, Jessica Fern\u00e1ndez, Albert Fornells, Laura Massan\u00e9s, Laia Serra, Isabel Sotomayor,\u00a0 i \u00cdngrid Aranda (vetlladora).<\/p>\n<p><strong>Ed. Secund\u00e0ria:<\/strong> Josep M. Amills, Roser Bujons, Laia Flores, Maria Guix\u00e9, Ginesta Llorca, Josep Molins, Gemma Pons, Anna Ribera, Joan Riu, Jaume Sabri\u00e0 i Joan Serra.<\/p>\n<p><strong>PAS:\u00a0<\/strong>Susanna Cernuda, Arnau Viedma.<\/p>\n<p>&nbsp;<\/p>\n","protected":false},"excerpt":{"rendered":"<p>L&#8217;equip docent del nostre centre est\u00e0 format per:<br \/>\nEquip directiu: Elena Camarasa (directora), Josep Molins (cap d&#8217;estudis), Carme Barcons (coordinadora pedag\u00f2gica) i Roser Bujons (secret\u00e0ria).<br \/>\nEd. Infantil: Maribel Ju\u00e1rez i Berta Lajara.<br \/>\nEd. Prim\u00e0ria: Carme Barcons, Elena Camarasa, Rosaura Darbra, Elena Estany, Jessica Fern\u00e1ndez, Albert Fornells, Laura Massan\u00e9s,&hellip;  <a href=\"https:\/\/agora.xtec.cat\/ievalldelord\/lescola\/equip-docent\/\" title=\"Read Equip docent\">Llegeix m\u00e9s\u00bb<\/a><\/p>\n","protected":false},"author":1,"featured_media":0,"parent":22,"menu_order":80,"comment_status":"closed","ping_status":"closed","template":"page-templates\/side-menu.php","meta":{"_bbp_topic_count":0,"_bbp_reply_count":0,"_bbp_total_topic_count":0,"_bbp_total_reply_count":0,"_bbp_voice_count":0,"_bbp_anonymous_reply_count":0,"_bbp_topic_count_hidden":0,"_bbp_reply_count_hidden":0,"_bbp_forum_subforum_count":0,"footnotes":""},"class_list":["post-978","page","type-page","status-publish","hentry"],"post_mailing_queue_ids":[],"_links":{"self":[{"href":"https:\/\/agora.xtec.cat\/ievalldelord\/wp-json\/wp\/v2\/pages\/978","targetHints":{"allow":["GET"]}}],"collection":[{"href":"https:\/\/agora.xtec.cat\/ievalldelord\/wp-json\/wp\/v2\/pages"}],"about":[{"href":"https:\/\/agora.xtec.cat\/ievalldelord\/wp-json\/wp\/v2\/types\/page"}],"author":[{"embeddable":true,"href":"https:\/\/agora.xtec.cat\/ievalldelord\/wp-json\/wp\/v2\/users\/1"}],"replies":[{"embeddable":true,"href":"https:\/\/agora.xtec.cat\/ievalldelord\/wp-json\/wp\/v2\/comments?post=978"}],"version-history":[{"count":6,"href":"https:\/\/agora.xtec.cat\/ievalldelord\/wp-json\/wp\/v2\/pages\/978\/revisions"}],"predecessor-version":[{"id":1475,"href":"https:\/\/agora.xtec.cat\/ievalldelord\/wp-json\/wp\/v2\/pages\/978\/revisions\/1475"}],"up":[{"embeddable":true,"href":"https:\/\/agora.xtec.cat\/ievalldelord\/wp-json\/wp\/v2\/pages\/22"}],"wp:attachment":[{"href":"https:\/\/agora.xtec.cat\/ievalldelord\/wp-json\/wp\/v2\/media?parent=978"}],"curies":[{"name":"wp","href":"https:\/\/api.w.org\/{rel}","templated":true}]}}