{"id":553,"date":"2020-07-11T00:53:10","date_gmt":"2020-07-10T22:53:10","guid":{"rendered":"https:\/\/agora.xtec.cat\/ievalldelord\/?page_id=553"},"modified":"2020-07-11T00:53:52","modified_gmt":"2020-07-10T22:53:52","slug":"secretaria","status":"publish","type":"page","link":"https:\/\/agora.xtec.cat\/ievalldelord\/secretaria\/","title":{"rendered":"Secretaria"},"content":{"rendered":"<p>La secretaria \u00e9s l\u2019agent de gesti\u00f3 administrativa visible, per tant, \u00e9s b\u00e0sic que la seva pres\u00e8ncia a la web sigui un dels elements de navegaci\u00f3 principals.<\/p>\n<ul>\n<li>Horari d\u2019atenci\u00f3<\/li>\n<li>Tr\u00e0mits (sol\u00b7licitud de certificats\u2026)<\/li>\n<li>Preinscripci\u00f3 i Matr\u00edcula<\/li>\n<li>Documents\u00a0(autoritzaci\u00f3 de sortides, \u00fas de serveis digitals, etc.)<\/li>\n<li>Beques i ajuts<\/li>\n<li>Justificant d\u2019abs\u00e8ncies<\/li>\n<li>Autoritzaci\u00f3 sortida del centre<\/li>\n<\/ul>\n","protected":false},"excerpt":{"rendered":"<p>La secretaria \u00e9s l\u2019agent de gesti\u00f3 administrativa visible, per tant, \u00e9s b\u00e0sic que la seva pres\u00e8ncia a la web sigui un dels elements de navegaci\u00f3 principals.<\/p>\n<ul>\n<li>Horari d\u2019atenci\u00f3<\/li>\n<li>Tr\u00e0mits (sol\u00b7licitud de certificats\u2026)<\/li>\n<li>Preinscripci\u00f3 i Matr\u00edcula<\/li>\n<li>Documents\u00a0(autoritzaci\u00f3 de sortides, \u00fas de serveis digitals, etc.)<\/li>\n<li>Beques i ajuts<\/li>\n<li>Justificant d\u2019abs\u00e8ncies<\/li>\n<li>Autoritzaci\u00f3 sortida del centre<\/li>\n<\/ul>\n","protected":false},"author":1,"featured_media":0,"parent":0,"menu_order":0,"comment_status":"closed","ping_status":"closed","template":"","meta":{"_bbp_topic_count":0,"_bbp_reply_count":0,"_bbp_total_topic_count":0,"_bbp_total_reply_count":0,"_bbp_voice_count":0,"_bbp_anonymous_reply_count":0,"_bbp_topic_count_hidden":0,"_bbp_reply_count_hidden":0,"_bbp_forum_subforum_count":0,"footnotes":""},"class_list":["post-553","page","type-page","status-publish","hentry"],"post_mailing_queue_ids":[],"_links":{"self":[{"href":"https:\/\/agora.xtec.cat\/ievalldelord\/wp-json\/wp\/v2\/pages\/553","targetHints":{"allow":["GET"]}}],"collection":[{"href":"https:\/\/agora.xtec.cat\/ievalldelord\/wp-json\/wp\/v2\/pages"}],"about":[{"href":"https:\/\/agora.xtec.cat\/ievalldelord\/wp-json\/wp\/v2\/types\/page"}],"author":[{"embeddable":true,"href":"https:\/\/agora.xtec.cat\/ievalldelord\/wp-json\/wp\/v2\/users\/1"}],"replies":[{"embeddable":true,"href":"https:\/\/agora.xtec.cat\/ievalldelord\/wp-json\/wp\/v2\/comments?post=553"}],"version-history":[{"count":2,"href":"https:\/\/agora.xtec.cat\/ievalldelord\/wp-json\/wp\/v2\/pages\/553\/revisions"}],"predecessor-version":[{"id":555,"href":"https:\/\/agora.xtec.cat\/ievalldelord\/wp-json\/wp\/v2\/pages\/553\/revisions\/555"}],"wp:attachment":[{"href":"https:\/\/agora.xtec.cat\/ievalldelord\/wp-json\/wp\/v2\/media?parent=553"}],"curies":[{"name":"wp","href":"https:\/\/api.w.org\/{rel}","templated":true}]}}