{"id":539,"date":"2020-07-11T00:21:48","date_gmt":"2020-07-10T22:21:48","guid":{"rendered":"https:\/\/agora.xtec.cat\/ievalldelord\/?page_id=539"},"modified":"2020-07-11T00:36:32","modified_gmt":"2020-07-10T22:36:32","slug":"escoles-verdes","status":"publish","type":"page","link":"https:\/\/agora.xtec.cat\/ievalldelord\/projectes-de-centre\/escoles-verdes\/","title":{"rendered":"Escoles Verdes"},"content":{"rendered":"<p><a href=\"http:\/\/agora.xtec.cat\/si-stllorenc\/wp-content\/uploads\/usu1302\/2016\/05\/SomEscolaVerda.jpg\"><img loading=\"lazy\" decoding=\"async\" class=\"size-full wp-image-480 aligncenter\" src=\"http:\/\/agora.xtec.cat\/si-stllorenc\/wp-content\/uploads\/usu1302\/2016\/05\/SomEscolaVerda.jpg\" alt=\"SomEscolaVerda\" width=\"314\" height=\"128\" \/><\/a><\/p>\n<p style=\"text-align: justify;\">El programa Escoles Verdes t\u00e9 la voluntat de millorar l&#8217;escola d&#8217;acord amb els nous reptes de l&#8217;educaci\u00f3 i ho fa a trav\u00e9s de l&#8217;objectiu de sensibilitzar, dinamitzar i donar suport a la comunitat educativa per tal que incorpori els principis i els valors de la <strong>sostenibilitat<\/strong> en tots els \u00e0mbits de la vida escolar.<\/p>\n<p style=\"text-align: justify;\">El programa vol promoure un canvi en la cultura de centre a trav\u00e9s de quatre <strong>contextos d&#8217;acci\u00f3<\/strong>: el curr\u00edculum, l&#8217;organitzaci\u00f3 i la participaci\u00f3, la gesti\u00f3 sostenible de recursos i materials i la implicaci\u00f3 en l&#8217;entorn. Aix\u00ed doncs, ent\u00e9n que el proc\u00e9s educatiu que ha de provocar aquest canvi no nom\u00e9s es d\u00f3na a l&#8217;aula, sin\u00f3 tamb\u00e9 en tots els moments i espais de la vida escolar.<\/p>\n<h4 style=\"text-align: justify;\">L&#8217;ambientalitzaci\u00f3 curricular<\/h4>\n<p style=\"text-align: justify;\">Integrar l&#8217;educaci\u00f3 per a la sostenibilitat en el projecte educatiu de centre i en totes les \u00e0rees que s&#8217;imparteixen, potenciant els equips de treball interdisciplinaris i la realitzaci\u00f3 de projectes compartits i contextualitzats.<\/p>\n<h4 style=\"text-align: justify;\">Una escola participativa i disposada a canviar<\/h4>\n<p style=\"text-align: justify;\">Un canvi en l&#8217;\u00e0mbit de la vida al centre i el clima escolar, que facilita la implicaci\u00f3 de tota la comunitat educativa (professorat, alumnat, fam\u00edlies, personal no docent,etc.) en la presa de decisions i en l&#8217;acci\u00f3.<\/p>\n<h4 style=\"text-align: justify;\">Un equipament sostenible<\/h4>\n<p style=\"text-align: justify;\">L&#8217;\u00fas de recursos i la gesti\u00f3 del centre en general ha de ser coherent amb el projecte educatiu, que el centre mateix sigui un exemple de com s&#8217;ha d&#8217;actuar per a la sostenibilitat, de coresponsabilitat amb la millora de l&#8217;entorn.<\/p>\n<h4 style=\"text-align: justify;\">Una escola oberta i activa<\/h4>\n<p style=\"text-align: justify;\">Un centre integrat en el seu entorn proper, que realitza accions de millora i de dinamitzaci\u00f3 local que impliquen altres agents externs al centre, i que fa de l&#8217;entorn immediat un element facilitador d&#8217;aprenentatges, de capacitaci\u00f3 per a l&#8217;acci\u00f3 responsable.<\/p>\n","protected":false},"excerpt":{"rendered":"<p><a href=\"http:\/\/agora.xtec.cat\/si-stllorenc\/wp-content\/uploads\/usu1302\/2016\/05\/SomEscolaVerda.jpg\"><\/a><br \/>\nEl programa Escoles Verdes t\u00e9 la voluntat de millorar l&#8217;escola d&#8217;acord amb els nous reptes de l&#8217;educaci\u00f3 i ho fa a trav\u00e9s de l&#8217;objectiu de sensibilitzar, dinamitzar i donar suport a la comunitat educativa per tal que incorpori els principis i els valors de&hellip;  <a href=\"https:\/\/agora.xtec.cat\/ievalldelord\/projectes-de-centre\/escoles-verdes\/\" title=\"Read Escoles Verdes\">Llegeix m\u00e9s\u00bb<\/a><\/p>\n","protected":false},"author":1,"featured_media":0,"parent":525,"menu_order":2,"comment_status":"closed","ping_status":"closed","template":"","meta":{"_bbp_topic_count":0,"_bbp_reply_count":0,"_bbp_total_topic_count":0,"_bbp_total_reply_count":0,"_bbp_voice_count":0,"_bbp_anonymous_reply_count":0,"_bbp_topic_count_hidden":0,"_bbp_reply_count_hidden":0,"_bbp_forum_subforum_count":0,"footnotes":""},"class_list":["post-539","page","type-page","status-publish","hentry"],"post_mailing_queue_ids":[],"_links":{"self":[{"href":"https:\/\/agora.xtec.cat\/ievalldelord\/wp-json\/wp\/v2\/pages\/539","targetHints":{"allow":["GET"]}}],"collection":[{"href":"https:\/\/agora.xtec.cat\/ievalldelord\/wp-json\/wp\/v2\/pages"}],"about":[{"href":"https:\/\/agora.xtec.cat\/ievalldelord\/wp-json\/wp\/v2\/types\/page"}],"author":[{"embeddable":true,"href":"https:\/\/agora.xtec.cat\/ievalldelord\/wp-json\/wp\/v2\/users\/1"}],"replies":[{"embeddable":true,"href":"https:\/\/agora.xtec.cat\/ievalldelord\/wp-json\/wp\/v2\/comments?post=539"}],"version-history":[{"count":2,"href":"https:\/\/agora.xtec.cat\/ievalldelord\/wp-json\/wp\/v2\/pages\/539\/revisions"}],"predecessor-version":[{"id":548,"href":"https:\/\/agora.xtec.cat\/ievalldelord\/wp-json\/wp\/v2\/pages\/539\/revisions\/548"}],"up":[{"embeddable":true,"href":"https:\/\/agora.xtec.cat\/ievalldelord\/wp-json\/wp\/v2\/pages\/525"}],"wp:attachment":[{"href":"https:\/\/agora.xtec.cat\/ievalldelord\/wp-json\/wp\/v2\/media?parent=539"}],"curies":[{"name":"wp","href":"https:\/\/api.w.org\/{rel}","templated":true}]}}