{"id":537,"date":"2020-07-11T00:20:56","date_gmt":"2020-07-10T22:20:56","guid":{"rendered":"https:\/\/agora.xtec.cat\/ievalldelord\/?page_id=537"},"modified":"2024-11-12T10:17:05","modified_gmt":"2024-11-12T09:17:05","slug":"servei-comunitari","status":"publish","type":"page","link":"https:\/\/agora.xtec.cat\/ievalldelord\/projectes-de-centre\/servei-comunitari\/","title":{"rendered":"Servei comunitari"},"content":{"rendered":"<p>D&#8217;acord amb l&#8217;article 79.1 e) de la Llei d&#8217;educaci\u00f3, el Departament d&#8217;Ensenyament vol impulsar el <strong>Servei comunitari<\/strong> per a l&#8217;alumnat de secund\u00e0ria obligat\u00f2ria amb la finalitat de garantir que els joves, al llarg de la seva traject\u00f2ria escolar, experimentin i protagonitzin accions de comprom\u00eds c\u00edvic, aprenguin en l&#8217;exercici actiu de la ciutadania i posin en joc els seus coneixements i capacitats al servei de la comunitat.<\/p>\n<p>El Servei comunitari es desenvolupa en el marc curricular i mitjan\u00e7ant la <strong>metodologia d&#8217;aprenentatge i servei<\/strong>. Pret\u00e9n desenvolupar la <strong>compet\u00e8ncia social i ciutadana<\/strong> de l&#8217;alumnat i respon a la idea que l&#8217;educaci\u00f3 \u00e9s una eina de millora social, orientada a formar \u00e9ssers complets, amb una dimensi\u00f3 tant intel\u00b7lectual com humana i moral.<\/p>\n","protected":false},"excerpt":{"rendered":"<p>D&#8217;acord amb l&#8217;article 79.1 e) de la Llei d&#8217;educaci\u00f3, el Departament d&#8217;Ensenyament vol impulsar el Servei comunitari per a l&#8217;alumnat de secund\u00e0ria obligat\u00f2ria amb la finalitat de garantir que els joves, al llarg de la seva traject\u00f2ria escolar, experimentin i protagonitzin accions de comprom\u00eds c\u00edvic,&hellip;  <a href=\"https:\/\/agora.xtec.cat\/ievalldelord\/projectes-de-centre\/servei-comunitari\/\" title=\"Read Servei comunitari\">Llegeix m\u00e9s\u00bb<\/a><\/p>\n","protected":false},"author":1,"featured_media":0,"parent":525,"menu_order":6,"comment_status":"closed","ping_status":"closed","template":"","meta":{"_bbp_topic_count":0,"_bbp_reply_count":0,"_bbp_total_topic_count":0,"_bbp_total_reply_count":0,"_bbp_voice_count":0,"_bbp_anonymous_reply_count":0,"_bbp_topic_count_hidden":0,"_bbp_reply_count_hidden":0,"_bbp_forum_subforum_count":0,"footnotes":""},"class_list":["post-537","page","type-page","status-publish","hentry"],"post_mailing_queue_ids":[],"_links":{"self":[{"href":"https:\/\/agora.xtec.cat\/ievalldelord\/wp-json\/wp\/v2\/pages\/537","targetHints":{"allow":["GET"]}}],"collection":[{"href":"https:\/\/agora.xtec.cat\/ievalldelord\/wp-json\/wp\/v2\/pages"}],"about":[{"href":"https:\/\/agora.xtec.cat\/ievalldelord\/wp-json\/wp\/v2\/types\/page"}],"author":[{"embeddable":true,"href":"https:\/\/agora.xtec.cat\/ievalldelord\/wp-json\/wp\/v2\/users\/1"}],"replies":[{"embeddable":true,"href":"https:\/\/agora.xtec.cat\/ievalldelord\/wp-json\/wp\/v2\/comments?post=537"}],"version-history":[{"count":3,"href":"https:\/\/agora.xtec.cat\/ievalldelord\/wp-json\/wp\/v2\/pages\/537\/revisions"}],"predecessor-version":[{"id":1392,"href":"https:\/\/agora.xtec.cat\/ievalldelord\/wp-json\/wp\/v2\/pages\/537\/revisions\/1392"}],"up":[{"embeddable":true,"href":"https:\/\/agora.xtec.cat\/ievalldelord\/wp-json\/wp\/v2\/pages\/525"}],"wp:attachment":[{"href":"https:\/\/agora.xtec.cat\/ievalldelord\/wp-json\/wp\/v2\/media?parent=537"}],"curies":[{"name":"wp","href":"https:\/\/api.w.org\/{rel}","templated":true}]}}