{"id":535,"date":"2020-07-11T00:20:22","date_gmt":"2020-07-10T22:20:22","guid":{"rendered":"https:\/\/agora.xtec.cat\/ievalldelord\/?page_id=535"},"modified":"2024-11-12T10:21:11","modified_gmt":"2024-11-12T09:21:11","slug":"esport-blanc-escolar","status":"publish","type":"page","link":"https:\/\/agora.xtec.cat\/ievalldelord\/projectes-de-centre\/esport-blanc-escolar\/","title":{"rendered":"Esport Blanc Escolar"},"content":{"rendered":"<h4>Objectius generals<\/h4>\n<ul>\n<li>Ajudar en la formaci\u00f3 integral dels alumnes.<\/li>\n<li>Educar mitjan\u00e7ant l\u2019esport a l\u2019aire lliure a respectar i gaudir de la muntanya.<\/li>\n<li>Adquisici\u00f3 d\u2019habilitats com la coordinaci\u00f3, l\u2019equilibri, valor i confian\u00e7a que ajudaran als alumnes al desenvolupament de les aptituds f\u00edsiques.<\/li>\n<li>Aprendre la t\u00e8cnica dels esports de neu.<\/li>\n<li>Aconseguir que tots els alumnes que viuen a les comarques pirinenques tinguin l\u2019oportunitat d\u2019aprendre a esquiar.<\/li>\n<\/ul>\n<h4>Objectius t\u00e8cnics<\/h4>\n<ul>\n<li>Desenvolupament b\u00e0sic de l\u2019agilitat, l\u2019equilibri i la coordinaci\u00f3.<\/li>\n<li>Etapa estructurada i divertida.<\/li>\n<li>Desenvolupament de la velocitat, agilitat i resist\u00e8ncia mitjan\u00e7ant activitats l\u00fadiques i jocs.<\/li>\n<li>Desenvolupament de les capacitats f\u00edsiques i les llibertats fonamentals del moviment de l\u2019esqu\u00ed.<\/li>\n<\/ul>\n<h4>Caracter\u00edstiques<\/h4>\n<div class=\"col-xs-12\">\n<div class=\"cos_bloc basic_text_peq pd-15\">\n<ul>\n<li>Multidisciplinar: esqu\u00ed de fons, esqu\u00ed alp\u00ed, surf de neu.<\/li>\n<li>Integrat al programa d&#8217;educaci\u00f3 f\u00edsica: programa en horari lectiu durant el segon trimestre.<\/li>\n<li>Durada: 2 o 3 h a la setmana durant 6 dies al llarg del trimestre.<\/li>\n<li>Edat: 8\/9\/10 ANYS (3r-4t de prim\u00e0ria\/cicle mitj\u00e0).<\/li>\n<li>Coordinaci\u00f3:\u00a0 t\u00e8cnic de la Federaci\u00f3 Catalana d\u2019Esports d\u2019Hivern + responsable de cada Consell esportiu.<\/li>\n<\/ul>\n<p><a href=\"http:\/\/esport.gencat.cat\/ca\/arees_dactuacio\/esport_escolar\/esport-blanc-escolar\/\" target=\"_blank\" rel=\"noopener noreferrer\"><img loading=\"lazy\" decoding=\"async\" class=\"alignnone size-medium wp-image-571\" src=\"http:\/\/agora.xtec.cat\/ceipvalldelord\/wp-content\/uploads\/usu669\/2016\/09\/esportcat_v_rgb_fb_600pp-300x170.jpg\" sizes=\"auto, (max-width: 300px) 100vw, 300px\" srcset=\"https:\/\/agora.xtec.cat\/ceipvalldelord\/wp-content\/uploads\/usu669\/2016\/09\/esportcat_v_rgb_fb_600pp-300x170.jpg 300w, https:\/\/agora.xtec.cat\/ceipvalldelord\/wp-content\/uploads\/usu669\/2016\/09\/esportcat_v_rgb_fb_600pp-768x435.jpg 768w, https:\/\/agora.xtec.cat\/ceipvalldelord\/wp-content\/uploads\/usu669\/2016\/09\/esportcat_v_rgb_fb_600pp-1024x581.jpg 1024w\" alt=\"esportcat_v_rgb_fb_600pp\" width=\"300\" height=\"170\" \/><\/a><\/p>\n<\/div>\n<\/div>\n","protected":false},"excerpt":{"rendered":"<p>Objectius generals<\/p>\n<ul>\n<li>Ajudar en la formaci\u00f3 integral dels alumnes.<\/li>\n<li>Educar mitjan\u00e7ant l\u2019esport a l\u2019aire lliure a respectar i gaudir de la muntanya.<\/li>\n<li>Adquisici\u00f3 d\u2019habilitats com la coordinaci\u00f3, l\u2019equilibri, valor i confian\u00e7a que ajudaran als alumnes al desenvolupament de les aptituds f\u00edsiques.<\/li>\n<li>Aprendre la t\u00e8cnica dels esports de neu.<\/li>\n<li>Aconseguir que&hellip;  <a href=\"https:\/\/agora.xtec.cat\/ievalldelord\/projectes-de-centre\/esport-blanc-escolar\/\" title=\"Read Esport Blanc Escolar\">Llegeix m\u00e9s\u00bb<\/a><br \/>\n","protected":false},"author":1,"featured_media":0,"parent":525,"menu_order":2,"comment_status":"closed","ping_status":"closed","template":"","meta":{"_bbp_topic_count":0,"_bbp_reply_count":0,"_bbp_total_topic_count":0,"_bbp_total_reply_count":0,"_bbp_voice_count":0,"_bbp_anonymous_reply_count":0,"_bbp_topic_count_hidden":0,"_bbp_reply_count_hidden":0,"_bbp_forum_subforum_count":0,"footnotes":""},"class_list":["post-535","page","type-page","status-publish","hentry"],"post_mailing_queue_ids":[],"_links":{"self":[{"href":"https:\/\/agora.xtec.cat\/ievalldelord\/wp-json\/wp\/v2\/pages\/535","targetHints":{"allow":["GET"]}}],"collection":[{"href":"https:\/\/agora.xtec.cat\/ievalldelord\/wp-json\/wp\/v2\/pages"}],"about":[{"href":"https:\/\/agora.xtec.cat\/ievalldelord\/wp-json\/wp\/v2\/types\/page"}],"author":[{"embeddable":true,"href":"https:\/\/agora.xtec.cat\/ievalldelord\/wp-json\/wp\/v2\/users\/1"}],"replies":[{"embeddable":true,"href":"https:\/\/agora.xtec.cat\/ievalldelord\/wp-json\/wp\/v2\/comments?post=535"}],"version-history":[{"count":3,"href":"https:\/\/agora.xtec.cat\/ievalldelord\/wp-json\/wp\/v2\/pages\/535\/revisions"}],"predecessor-version":[{"id":1394,"href":"https:\/\/agora.xtec.cat\/ievalldelord\/wp-json\/wp\/v2\/pages\/535\/revisions\/1394"}],"up":[{"embeddable":true,"href":"https:\/\/agora.xtec.cat\/ievalldelord\/wp-json\/wp\/v2\/pages\/525"}],"wp:attachment":[{"href":"https:\/\/agora.xtec.cat\/ievalldelord\/wp-json\/wp\/v2\/media?parent=535"}],"curies":[{"name":"wp","href":"https:\/\/api.w.org\/{rel}","templated":true}]}}