{"id":531,"date":"2020-07-11T00:18:47","date_gmt":"2020-07-10T22:18:47","guid":{"rendered":"https:\/\/agora.xtec.cat\/ievalldelord\/?page_id=531"},"modified":"2020-07-11T00:30:24","modified_gmt":"2020-07-10T22:30:24","slug":"biblioteca-puntedu","status":"publish","type":"page","link":"https:\/\/agora.xtec.cat\/ievalldelord\/projectes-de-centre\/biblioteca-puntedu\/","title":{"rendered":"Biblioteca puntedu"},"content":{"rendered":"<p style=\"text-align: justify;\">El Programa de <strong>biblioteca escolar \u201cpuntedu\u201d, un espai de coneixement i aprenentatge<\/strong>, incl\u00f2s en el marc dels Programes d\u2019Innovaci\u00f3 Educativa t\u00e9 per objectiu potenciar la biblioteca escolar dels centres educatius de Catalunya. Aquesta s&#8217;ent\u00e9n com un\u00a0recurs fonamental per a l\u2019adquisici\u00f3 de les compet\u00e8ncies b\u00e0siques i el desplegament dels continguts curriculars, i com un element clau en l\u2019assoliment de l\u2019h\u00e0bit lector, la compet\u00e8ncia informacional i l\u2019adquisici\u00f3 d\u2019aprenentatges aut\u00f2noms.<\/p>\n<p style=\"text-align: justify;\">Les funcions del programa queden recollides en aquest dec\u00e0leg:<\/p>\n<p><a href=\"http:\/\/agora.xtec.cat\/si-stllorenc\/wp-content\/uploads\/usu1302\/2016\/09\/decalegbp.jpg\"><img loading=\"lazy\" decoding=\"async\" class=\"aligncenter size-large wp-image-617\" src=\"http:\/\/agora.xtec.cat\/si-stllorenc\/wp-content\/uploads\/usu1302\/2016\/09\/decalegbp-509x1024.jpg\" alt=\"cartellBIBLIOTEQUES3\" width=\"509\" height=\"1024\" \/><\/a><\/p>\n","protected":false},"excerpt":{"rendered":"<p>El Programa de biblioteca escolar \u201cpuntedu\u201d, un espai de coneixement i aprenentatge, incl\u00f2s en el marc dels Programes d\u2019Innovaci\u00f3 Educativa t\u00e9 per objectiu potenciar la biblioteca escolar dels centres educatius de Catalunya. Aquesta s&#8217;ent\u00e9n com un\u00a0recurs fonamental per a l\u2019adquisici\u00f3 de les compet\u00e8ncies b\u00e0siques i&hellip;  <a href=\"https:\/\/agora.xtec.cat\/ievalldelord\/projectes-de-centre\/biblioteca-puntedu\/\" title=\"Read Biblioteca puntedu\">Llegeix m\u00e9s\u00bb<\/a><\/p>\n","protected":false},"author":1,"featured_media":0,"parent":525,"menu_order":0,"comment_status":"closed","ping_status":"closed","template":"","meta":{"_bbp_topic_count":0,"_bbp_reply_count":0,"_bbp_total_topic_count":0,"_bbp_total_reply_count":0,"_bbp_voice_count":0,"_bbp_anonymous_reply_count":0,"_bbp_topic_count_hidden":0,"_bbp_reply_count_hidden":0,"_bbp_forum_subforum_count":0,"footnotes":""},"class_list":["post-531","page","type-page","status-publish","hentry"],"post_mailing_queue_ids":[],"_links":{"self":[{"href":"https:\/\/agora.xtec.cat\/ievalldelord\/wp-json\/wp\/v2\/pages\/531","targetHints":{"allow":["GET"]}}],"collection":[{"href":"https:\/\/agora.xtec.cat\/ievalldelord\/wp-json\/wp\/v2\/pages"}],"about":[{"href":"https:\/\/agora.xtec.cat\/ievalldelord\/wp-json\/wp\/v2\/types\/page"}],"author":[{"embeddable":true,"href":"https:\/\/agora.xtec.cat\/ievalldelord\/wp-json\/wp\/v2\/users\/1"}],"replies":[{"embeddable":true,"href":"https:\/\/agora.xtec.cat\/ievalldelord\/wp-json\/wp\/v2\/comments?post=531"}],"version-history":[{"count":2,"href":"https:\/\/agora.xtec.cat\/ievalldelord\/wp-json\/wp\/v2\/pages\/531\/revisions"}],"predecessor-version":[{"id":549,"href":"https:\/\/agora.xtec.cat\/ievalldelord\/wp-json\/wp\/v2\/pages\/531\/revisions\/549"}],"up":[{"embeddable":true,"href":"https:\/\/agora.xtec.cat\/ievalldelord\/wp-json\/wp\/v2\/pages\/525"}],"wp:attachment":[{"href":"https:\/\/agora.xtec.cat\/ievalldelord\/wp-json\/wp\/v2\/media?parent=531"}],"curies":[{"name":"wp","href":"https:\/\/api.w.org\/{rel}","templated":true}]}}