{"id":30,"date":"2014-09-18T12:30:23","date_gmt":"2014-09-18T11:30:23","guid":{"rendered":"http:\/\/agora.xtec.cat\/ievalldelord\/?page_id=30"},"modified":"2022-11-11T11:27:49","modified_gmt":"2022-11-11T10:27:49","slug":"instal%c2%b7lacions","status":"publish","type":"page","link":"https:\/\/agora.xtec.cat\/ievalldelord\/lescola\/instal%c2%b7lacions\/","title":{"rendered":"Instal\u00b7lacions"},"content":{"rendered":"<p>A l&#8217;espera de la construcci\u00f3 del nou edifici, actualment disposem de les instal\u00b7lacions de l&#8217;escola de prim\u00e0ria,\u00a0 de les de la secci\u00f3 d&#8217;institut, el pavell\u00f3 municipal, un m\u00f2dul i un edifici annex on hi trobem el menjador, la biblioteca i l&#8217;aula d&#8217;angl\u00e8s de Prim\u00e0ria i Infantil.<\/p>\n","protected":false},"excerpt":{"rendered":"<p>A l&#8217;espera de la construcci\u00f3 del nou edifici, actualment disposem de les instal\u00b7lacions de l&#8217;escola de prim\u00e0ria,\u00a0 de les de la secci\u00f3 d&#8217;institut, el pavell\u00f3 municipal, un m\u00f2dul i un edifici annex on hi trobem el menjador, la biblioteca i l&#8217;aula d&#8217;angl\u00e8s de Prim\u00e0ria i&hellip;  <a href=\"https:\/\/agora.xtec.cat\/ievalldelord\/lescola\/instal%c2%b7lacions\/\" title=\"Read Instal\u00b7lacions\">Llegeix m\u00e9s\u00bb<\/a><\/p>\n","protected":false},"author":1,"featured_media":0,"parent":22,"menu_order":40,"comment_status":"closed","ping_status":"closed","template":"page-templates\/side-menu.php","meta":{"_bbp_topic_count":0,"_bbp_reply_count":0,"_bbp_total_topic_count":0,"_bbp_total_reply_count":0,"_bbp_voice_count":0,"_bbp_anonymous_reply_count":0,"_bbp_topic_count_hidden":0,"_bbp_reply_count_hidden":0,"_bbp_forum_subforum_count":0,"footnotes":""},"class_list":["post-30","page","type-page","status-publish","hentry"],"post_mailing_queue_ids":[],"_links":{"self":[{"href":"https:\/\/agora.xtec.cat\/ievalldelord\/wp-json\/wp\/v2\/pages\/30","targetHints":{"allow":["GET"]}}],"collection":[{"href":"https:\/\/agora.xtec.cat\/ievalldelord\/wp-json\/wp\/v2\/pages"}],"about":[{"href":"https:\/\/agora.xtec.cat\/ievalldelord\/wp-json\/wp\/v2\/types\/page"}],"author":[{"embeddable":true,"href":"https:\/\/agora.xtec.cat\/ievalldelord\/wp-json\/wp\/v2\/users\/1"}],"replies":[{"embeddable":true,"href":"https:\/\/agora.xtec.cat\/ievalldelord\/wp-json\/wp\/v2\/comments?post=30"}],"version-history":[{"count":2,"href":"https:\/\/agora.xtec.cat\/ievalldelord\/wp-json\/wp\/v2\/pages\/30\/revisions"}],"predecessor-version":[{"id":977,"href":"https:\/\/agora.xtec.cat\/ievalldelord\/wp-json\/wp\/v2\/pages\/30\/revisions\/977"}],"up":[{"embeddable":true,"href":"https:\/\/agora.xtec.cat\/ievalldelord\/wp-json\/wp\/v2\/pages\/22"}],"wp:attachment":[{"href":"https:\/\/agora.xtec.cat\/ievalldelord\/wp-json\/wp\/v2\/media?parent=30"}],"curies":[{"name":"wp","href":"https:\/\/api.w.org\/{rel}","templated":true}]}}