{"id":26,"date":"2014-09-18T12:24:32","date_gmt":"2014-09-18T11:24:32","guid":{"rendered":"http:\/\/agora.xtec.cat\/ievalldelord\/?page_id=26"},"modified":"2021-03-01T20:04:59","modified_gmt":"2021-03-01T19:04:59","slug":"historia","status":"publish","type":"page","link":"https:\/\/agora.xtec.cat\/ievalldelord\/lescola\/historia\/","title":{"rendered":"Hist\u00f2ria"},"content":{"rendered":"<p>Naixem fruit de la fusi\u00f3 de la Secci\u00f3 d&#8217;Institut Sant Lloren\u00e7 de Morunys i l&#8217;Escola Vall de Lord el curs 20-21.<\/p>\n<p>&nbsp;<\/p>\n","protected":false},"excerpt":{"rendered":"<p>Naixem fruit de la fusi\u00f3 de la Secci\u00f3 d&#8217;Institut Sant Lloren\u00e7 de Morunys i l&#8217;Escola Vall de Lord el curs 20-21.<br \/>\n&nbsp;<\/p>\n","protected":false},"author":1,"featured_media":0,"parent":22,"menu_order":20,"comment_status":"closed","ping_status":"closed","template":"page-templates\/side-menu.php","meta":{"_bbp_topic_count":0,"_bbp_reply_count":0,"_bbp_total_topic_count":0,"_bbp_total_reply_count":0,"_bbp_voice_count":0,"_bbp_anonymous_reply_count":0,"_bbp_topic_count_hidden":0,"_bbp_reply_count_hidden":0,"_bbp_forum_subforum_count":0,"footnotes":""},"class_list":["post-26","page","type-page","status-publish","hentry"],"post_mailing_queue_ids":[],"_links":{"self":[{"href":"https:\/\/agora.xtec.cat\/ievalldelord\/wp-json\/wp\/v2\/pages\/26","targetHints":{"allow":["GET"]}}],"collection":[{"href":"https:\/\/agora.xtec.cat\/ievalldelord\/wp-json\/wp\/v2\/pages"}],"about":[{"href":"https:\/\/agora.xtec.cat\/ievalldelord\/wp-json\/wp\/v2\/types\/page"}],"author":[{"embeddable":true,"href":"https:\/\/agora.xtec.cat\/ievalldelord\/wp-json\/wp\/v2\/users\/1"}],"replies":[{"embeddable":true,"href":"https:\/\/agora.xtec.cat\/ievalldelord\/wp-json\/wp\/v2\/comments?post=26"}],"version-history":[{"count":1,"href":"https:\/\/agora.xtec.cat\/ievalldelord\/wp-json\/wp\/v2\/pages\/26\/revisions"}],"predecessor-version":[{"id":648,"href":"https:\/\/agora.xtec.cat\/ievalldelord\/wp-json\/wp\/v2\/pages\/26\/revisions\/648"}],"up":[{"embeddable":true,"href":"https:\/\/agora.xtec.cat\/ievalldelord\/wp-json\/wp\/v2\/pages\/22"}],"wp:attachment":[{"href":"https:\/\/agora.xtec.cat\/ievalldelord\/wp-json\/wp\/v2\/media?parent=26"}],"curies":[{"name":"wp","href":"https:\/\/api.w.org\/{rel}","templated":true}]}}