{"id":80,"date":"2014-09-18T14:09:48","date_gmt":"2014-09-18T13:09:48","guid":{"rendered":"http:\/\/agora.xtec.cat\/iedecaldes\/?page_id=80"},"modified":"2026-01-25T20:46:27","modified_gmt":"2026-01-25T19:46:27","slug":"transport-escolar","status":"publish","type":"page","link":"https:\/\/agora.xtec.cat\/ietramuntana\/serveis-3\/transport-escolar\/","title":{"rendered":"Patis Oberts"},"content":{"rendered":"\n<p>Cada diumenge, d&#8217;11h a 14h, el pati de l&#8217;Institut Escola Tramuntana obre les seves portes! Podeu venir i gaudir de la zona exterior de l&#8217;escola de manera gratu\u00efta. <\/p>\n\n\n\n<p>Adjuntem la informaci\u00f3 de la resta de patis oberts del barri amb el seu horari perqu\u00e8 conegueu totes els centres que obren les seves portes cada cap de setmana.<\/p>\n\n\n\n<div data-wp-interactive=\"core\/file\" class=\"wp-block-file\"><object data-wp-bind--hidden=\"!state.hasPdfPreview\" hidden class=\"wp-block-file__embed\" data=\"https:\/\/agora.xtec.cat\/ietramuntana\/wp-content\/uploads\/usu3053\/2025\/09\/Cartell-PEOB-25-26-SANT-ANDREU-1.pdf\" type=\"application\/pdf\" style=\"width:100%;height:600px\" aria-label=\"Incrustaci\u00f3 del fitxer Cartell PEOB 25-26 SANT ANDREU.\"><\/object><a id=\"wp-block-file--media-7d314bf7-19d1-435e-8976-94132a6c9b07\" href=\"https:\/\/agora.xtec.cat\/ietramuntana\/wp-content\/uploads\/usu3053\/2025\/09\/Cartell-PEOB-25-26-SANT-ANDREU-1.pdf\">Cartell PEOB 25-26 SANT ANDREU<\/a><a href=\"https:\/\/agora.xtec.cat\/ietramuntana\/wp-content\/uploads\/usu3053\/2025\/09\/Cartell-PEOB-25-26-SANT-ANDREU-1.pdf\" class=\"wp-block-file__button wp-element-button\" download aria-describedby=\"wp-block-file--media-7d314bf7-19d1-435e-8976-94132a6c9b07\">Baixa<\/a><\/div>\n","protected":false},"excerpt":{"rendered":"<p>Cada diumenge, d&#8217;11h a 14h, el pati de l&#8217;Institut Escola Tramuntana obre les seves portes! Podeu venir i gaudir de la zona exterior de l&#8217;escola de manera gratu\u00efta. Adjuntem la informaci\u00f3 de la resta de patis oberts del barri amb el seu horari perqu\u00e8 conegueu totes els centres que obren les seves portes cada cap [&hellip;]<\/p>\n","protected":false},"author":1,"featured_media":0,"parent":1461,"menu_order":40,"comment_status":"closed","ping_status":"closed","template":"","meta":{"site-sidebar-layout":"default","site-content-layout":"","ast-site-content-layout":"default","site-content-style":"default","site-sidebar-style":"default","ast-global-header-display":"","ast-banner-title-visibility":"","ast-main-header-display":"","ast-hfb-above-header-display":"","ast-hfb-below-header-display":"","ast-hfb-mobile-header-display":"","site-post-title":"","ast-breadcrumbs-content":"","ast-featured-img":"","footer-sml-layout":"","theme-transparent-header-meta":"","adv-header-id-meta":"","stick-header-meta":"","header-above-stick-meta":"","header-main-stick-meta":"","header-below-stick-meta":"","astra-migrate-meta-layouts":"set","ast-page-background-enabled":"default","ast-page-background-meta":{"desktop":{"background-color":"var(--ast-global-color-4)","background-image":"","background-repeat":"repeat","background-position":"center center","background-size":"auto","background-attachment":"scroll","background-type":"","background-media":"","overlay-type":"","overlay-color":"","overlay-opacity":"","overlay-gradient":""},"tablet":{"background-color":"","background-image":"","background-repeat":"repeat","background-position":"center center","background-size":"auto","background-attachment":"scroll","background-type":"","background-media":"","overlay-type":"","overlay-color":"","overlay-opacity":"","overlay-gradient":""},"mobile":{"background-color":"","background-image":"","background-repeat":"repeat","background-position":"center center","background-size":"auto","background-attachment":"scroll","background-type":"","background-media":"","overlay-type":"","overlay-color":"","overlay-opacity":"","overlay-gradient":""}},"ast-content-background-meta":{"desktop":{"background-color":"var(--ast-global-color-5)","background-image":"","background-repeat":"repeat","background-position":"center center","background-size":"auto","background-attachment":"scroll","background-type":"","background-media":"","overlay-type":"","overlay-color":"","overlay-opacity":"","overlay-gradient":""},"tablet":{"background-color":"var(--ast-global-color-5)","background-image":"","background-repeat":"repeat","background-position":"center center","background-size":"auto","background-attachment":"scroll","background-type":"","background-media":"","overlay-type":"","overlay-color":"","overlay-opacity":"","overlay-gradient":""},"mobile":{"background-color":"var(--ast-global-color-5)","background-image":"","background-repeat":"repeat","background-position":"center center","background-size":"auto","background-attachment":"scroll","background-type":"","background-media":"","overlay-type":"","overlay-color":"","overlay-opacity":"","overlay-gradient":""}},"footnotes":""},"class_list":["post-80","page","type-page","status-publish","hentry"],"post_mailing_queue_ids":[],"_links":{"self":[{"href":"https:\/\/agora.xtec.cat\/ietramuntana\/wp-json\/wp\/v2\/pages\/80","targetHints":{"allow":["GET"]}}],"collection":[{"href":"https:\/\/agora.xtec.cat\/ietramuntana\/wp-json\/wp\/v2\/pages"}],"about":[{"href":"https:\/\/agora.xtec.cat\/ietramuntana\/wp-json\/wp\/v2\/types\/page"}],"author":[{"embeddable":true,"href":"https:\/\/agora.xtec.cat\/ietramuntana\/wp-json\/wp\/v2\/users\/1"}],"replies":[{"embeddable":true,"href":"https:\/\/agora.xtec.cat\/ietramuntana\/wp-json\/wp\/v2\/comments?post=80"}],"version-history":[{"count":6,"href":"https:\/\/agora.xtec.cat\/ietramuntana\/wp-json\/wp\/v2\/pages\/80\/revisions"}],"predecessor-version":[{"id":1498,"href":"https:\/\/agora.xtec.cat\/ietramuntana\/wp-json\/wp\/v2\/pages\/80\/revisions\/1498"}],"up":[{"embeddable":true,"href":"https:\/\/agora.xtec.cat\/ietramuntana\/wp-json\/wp\/v2\/pages\/1461"}],"wp:attachment":[{"href":"https:\/\/agora.xtec.cat\/ietramuntana\/wp-json\/wp\/v2\/media?parent=80"}],"curies":[{"name":"wp","href":"https:\/\/api.w.org\/{rel}","templated":true}]}}