{"id":1591,"date":"2025-10-21T12:55:35","date_gmt":"2025-10-21T10:55:35","guid":{"rendered":"https:\/\/agora.xtec.cat\/ietramuntana\/?page_id=1591"},"modified":"2026-02-09T10:07:45","modified_gmt":"2026-02-09T09:07:45","slug":"beques-i-ajudes","status":"publish","type":"page","link":"https:\/\/agora.xtec.cat\/ietramuntana\/beques-i-ajudes\/","title":{"rendered":"Beques i Ajuts"},"content":{"rendered":"\n<div class=\"wp-block-media-text is-stacked-on-mobile has-border-color has-ast-global-color-2-background-color has-background\" style=\"border-color:#f9eedf;border-width:11px;margin-top:0;margin-right:0;margin-bottom:0;margin-left:0;padding-top:0;padding-right:var(--wp--preset--spacing--40);padding-bottom:0;padding-left:var(--wp--preset--spacing--40);grid-template-columns:23% auto\"><figure class=\"wp-block-media-text__media\"><a href=\"https:\/\/www.edubcn.cat\/ca\/alumnat_i_familia\/ajuts_beques_i_subvencions\/ajuts_de_menjador_escolar\"><img loading=\"lazy\" decoding=\"async\" width=\"500\" height=\"500\" src=\"https:\/\/agora.xtec.cat\/ietramuntana\/wp-content\/uploads\/usu3053\/2025\/10\/Icones-web-3.png\" alt=\"\" class=\"wp-image-1597 size-full\" srcset=\"https:\/\/agora.xtec.cat\/ietramuntana\/wp-content\/uploads\/usu3053\/2025\/10\/Icones-web-3.png 500w, https:\/\/agora.xtec.cat\/ietramuntana\/wp-content\/uploads\/usu3053\/2025\/10\/Icones-web-3-300x300.png 300w, https:\/\/agora.xtec.cat\/ietramuntana\/wp-content\/uploads\/usu3053\/2025\/10\/Icones-web-3-150x150.png 150w\" sizes=\"auto, (max-width: 500px) 100vw, 500px\" \/><\/a><\/figure><div class=\"wp-block-media-text__content\">\n<p><strong>A qui s&#8217;atorga aquesta ajuda?<\/strong><\/p>\n\n\n\n<p>S&#8217;atorguen ajudes entre el 70% i el 100%, segons la renda familiar de l&#8217;any anterior.<\/p>\n\n\n\n<p><strong>Quan es pot demanar?<\/strong><\/p>\n\n\n\n<p>Hi ha 4 per\u00edodes per demanar-la al llarg del curs. Consulta la web (clica la imatge de l&#8217;esquerre) per veure&#8217;n els detalls.<\/p>\n\n\n\n<p>Adre\u00e7a&#8217;t a la <span style=\"text-decoration: underline;\"><a href=\"https:\/\/agora.xtec.cat\/ietramuntana\/secretaria\/\">secretaria<\/a><\/span> del centre per resoldre dubtes.<\/p>\n\n\n\n<p>Consulta<a href=\"https:\/\/agora.xtec.cat\/ietramuntana\/resolucio-dajuts-otorgats\/\"> <strong><span style=\"text-decoration: underline;\">aqu\u00ed<\/span><\/strong> <\/a>les resolucions dels ajuts demanats.<\/p>\n<\/div><\/div>\n\n\n\n<div class=\"wp-block-media-text is-stacked-on-mobile has-border-color has-white-background-color has-background\" style=\"border-color:#f9eedf;border-width:11px;padding-top:0;padding-right:var(--wp--preset--spacing--30);padding-bottom:0;padding-left:var(--wp--preset--spacing--30);grid-template-columns:23% auto\"><figure class=\"wp-block-media-text__media\"><a href=\"https:\/\/www.educacionfpydeportes.gob.es\/servicios-al-ciudadano\/catalogo\/general\/05\/050140\/ficha\/050140-2025.html\"><img loading=\"lazy\" decoding=\"async\" width=\"500\" height=\"500\" src=\"https:\/\/agora.xtec.cat\/ietramuntana\/wp-content\/uploads\/usu3053\/2025\/10\/Icones-web-4.png\" alt=\"\" class=\"wp-image-1596 size-full\" srcset=\"https:\/\/agora.xtec.cat\/ietramuntana\/wp-content\/uploads\/usu3053\/2025\/10\/Icones-web-4.png 500w, https:\/\/agora.xtec.cat\/ietramuntana\/wp-content\/uploads\/usu3053\/2025\/10\/Icones-web-4-300x300.png 300w, https:\/\/agora.xtec.cat\/ietramuntana\/wp-content\/uploads\/usu3053\/2025\/10\/Icones-web-4-150x150.png 150w\" sizes=\"auto, (max-width: 500px) 100vw, 500px\" \/><\/a><\/figure><div class=\"wp-block-media-text__content\">\n<p><strong>A qui s&#8217;atorga aquesta ajuda?<\/strong><\/p>\n\n\n\n<p>S&#8217;atorguen ajudes a alumnat amb Necessitats Espec\u00edfiques de Suport Educatiu<\/p>\n\n\n\n<p><strong>Quan es pot demanar?<\/strong><\/p>\n\n\n\n<p>Al voltant de l&#8217;abril del curs present, per ser acceptada per al curs vinent.<\/p>\n\n\n\n<p>Adre\u00e7a&#8217;t a la <a href=\"https:\/\/agora.xtec.cat\/ietramuntana\/secretaria\/\"><span style=\"text-decoration: underline;\">secretaria<\/span> <\/a>del centre per resoldre dubtes.<\/p>\n\n\n\n<p>Actualment aquest proc\u00e9s est\u00e0 TANCAT. Enllacem la informaci\u00f3 de la beca 2025-2026 fins que es publiqui la nova convocat\u00f2ria<\/p>\n<\/div><\/div>\n","protected":false},"excerpt":{"rendered":"<p>A qui s&#8217;atorga aquesta ajuda? S&#8217;atorguen ajudes entre el 70% i el 100%, segons la renda familiar de l&#8217;any anterior. Quan es pot demanar? Hi ha 4 per\u00edodes per demanar-la al llarg del curs. Consulta la web (clica la imatge de l&#8217;esquerre) per veure&#8217;n els detalls. Adre\u00e7a&#8217;t a la secretaria del centre per resoldre dubtes. [&hellip;]<\/p>\n","protected":false},"author":6,"featured_media":0,"parent":0,"menu_order":0,"comment_status":"closed","ping_status":"close","template":"","meta":{"site-sidebar-layout":"default","site-content-layout":"","ast-site-content-layout":"default","site-content-style":"default","site-sidebar-style":"default","ast-global-header-display":"","ast-banner-title-visibility":"","ast-main-header-display":"","ast-hfb-above-header-display":"","ast-hfb-below-header-display":"","ast-hfb-mobile-header-display":"","site-post-title":"","ast-breadcrumbs-content":"","ast-featured-img":"","footer-sml-layout":"","theme-transparent-header-meta":"","adv-header-id-meta":"","stick-header-meta":"","header-above-stick-meta":"","header-main-stick-meta":"","header-below-stick-meta":"","astra-migrate-meta-layouts":"set","ast-page-background-enabled":"default","ast-page-background-meta":{"desktop":{"background-color":"var(--ast-global-color-4)","background-image":"","background-repeat":"repeat","background-position":"center center","background-size":"auto","background-attachment":"scroll","background-type":"","background-media":"","overlay-type":"","overlay-color":"","overlay-opacity":"","overlay-gradient":""},"tablet":{"background-color":"","background-image":"","background-repeat":"repeat","background-position":"center center","background-size":"auto","background-attachment":"scroll","background-type":"","background-media":"","overlay-type":"","overlay-color":"","overlay-opacity":"","overlay-gradient":""},"mobile":{"background-color":"","background-image":"","background-repeat":"repeat","background-position":"center center","background-size":"auto","background-attachment":"scroll","background-type":"","background-media":"","overlay-type":"","overlay-color":"","overlay-opacity":"","overlay-gradient":""}},"ast-content-background-meta":{"desktop":{"background-color":"var(--ast-global-color-5)","background-image":"","background-repeat":"repeat","background-position":"center center","background-size":"auto","background-attachment":"scroll","background-type":"","background-media":"","overlay-type":"","overlay-color":"","overlay-opacity":"","overlay-gradient":""},"tablet":{"background-color":"var(--ast-global-color-5)","background-image":"","background-repeat":"repeat","background-position":"center center","background-size":"auto","background-attachment":"scroll","background-type":"","background-media":"","overlay-type":"","overlay-color":"","overlay-opacity":"","overlay-gradient":""},"mobile":{"background-color":"var(--ast-global-color-5)","background-image":"","background-repeat":"repeat","background-position":"center center","background-size":"auto","background-attachment":"scroll","background-type":"","background-media":"","overlay-type":"","overlay-color":"","overlay-opacity":"","overlay-gradient":""}},"footnotes":""},"class_list":["post-1591","page","type-page","status-publish","hentry"],"post_mailing_queue_ids":[],"_links":{"self":[{"href":"https:\/\/agora.xtec.cat\/ietramuntana\/wp-json\/wp\/v2\/pages\/1591","targetHints":{"allow":["GET"]}}],"collection":[{"href":"https:\/\/agora.xtec.cat\/ietramuntana\/wp-json\/wp\/v2\/pages"}],"about":[{"href":"https:\/\/agora.xtec.cat\/ietramuntana\/wp-json\/wp\/v2\/types\/page"}],"author":[{"embeddable":true,"href":"https:\/\/agora.xtec.cat\/ietramuntana\/wp-json\/wp\/v2\/users\/6"}],"replies":[{"embeddable":true,"href":"https:\/\/agora.xtec.cat\/ietramuntana\/wp-json\/wp\/v2\/comments?post=1591"}],"version-history":[{"count":6,"href":"https:\/\/agora.xtec.cat\/ietramuntana\/wp-json\/wp\/v2\/pages\/1591\/revisions"}],"predecessor-version":[{"id":2278,"href":"https:\/\/agora.xtec.cat\/ietramuntana\/wp-json\/wp\/v2\/pages\/1591\/revisions\/2278"}],"wp:attachment":[{"href":"https:\/\/agora.xtec.cat\/ietramuntana\/wp-json\/wp\/v2\/media?parent=1591"}],"curies":[{"name":"wp","href":"https:\/\/api.w.org\/{rel}","templated":true}]}}