{"id":1430,"date":"2025-10-10T16:07:09","date_gmt":"2025-10-10T14:07:09","guid":{"rendered":"https:\/\/agora.xtec.cat\/ietramuntana\/?page_id=1430"},"modified":"2025-11-19T21:35:56","modified_gmt":"2025-11-19T20:35:56","slug":"secretaria","status":"publish","type":"page","link":"https:\/\/agora.xtec.cat\/ietramuntana\/secretaria\/","title":{"rendered":"Secretaria"},"content":{"rendered":"\n<p>La secretaria del centre est\u00e0 formada per un equip de 2 persones. Secretaria dona suport a les fam\u00edlies en els seg\u00fcents \u00e0mbits:<\/p>\n\n\n\n<ul class=\"wp-block-list\">\n<li>Clickedu (resoluci\u00f3 de dubtes, ajuda amb la instal\u00b7laci\u00f3 de l&#8217;app, pagament de quota escolar,  incid\u00e8ncies&#8230;)<\/li>\n\n\n\n<li><a href=\"https:\/\/agora.xtec.cat\/ietramuntana\/beques-i-ajudes\/\">Beques i ajuts<\/a><\/li>\n\n\n\n<li>Matriculacions i altres temes administratius<\/li>\n\n\n\n<li><a href=\"https:\/\/agora.xtec.cat\/ietramuntana\/certificat-nivell-de-catala\/\">Convalidacions nivell B2 o C1 de catal\u00e0<\/a><\/li>\n<\/ul>\n\n\n\n<p><\/p>\n\n\n\n<p>El seu horari d&#8217;atenci\u00f3 \u00e9s:<\/p>\n\n\n\n<p><strong>HORARI D&#8217;HIVERN <\/strong>( 1 d&#8217;octubre a 31 de maig)<\/p>\n\n\n\n<ul class=\"wp-block-list\">\n<li>Dilluns a dijous: 8:30 a 14:00 i de 15:00 a 16:30<\/li>\n\n\n\n<li>Divendres: 8:30 a 14:00<\/li>\n<\/ul>\n\n\n\n<p><strong>HORARI D&#8217;ESTIU <\/strong>(1 de juny a 30 de setembre)<\/p>\n\n\n\n<ul class=\"wp-block-list\">\n<li>Dilluns a divendres: 8:30 a 15:00<\/li>\n<\/ul>\n\n\n\n<p><\/p>\n\n\n\n<p><strong>CONTACTE:<\/strong><\/p>\n\n\n\n<p>secretaria@ietramuntana.cat<\/p>\n","protected":false},"excerpt":{"rendered":"<p>La secretaria del centre est\u00e0 formada per un equip de 2 persones. Secretaria dona suport a les fam\u00edlies en els seg\u00fcents \u00e0mbits: El seu horari d&#8217;atenci\u00f3 \u00e9s: HORARI D&#8217;HIVERN ( 1 d&#8217;octubre a 31 de maig) HORARI D&#8217;ESTIU (1 de juny a 30 de setembre) CONTACTE: secretaria@ietramuntana.cat<\/p>\n","protected":false},"author":6,"featured_media":0,"parent":0,"menu_order":0,"comment_status":"closed","ping_status":"close","template":"","meta":{"site-sidebar-layout":"default","site-content-layout":"","ast-site-content-layout":"default","site-content-style":"default","site-sidebar-style":"default","ast-global-header-display":"","ast-banner-title-visibility":"","ast-main-header-display":"","ast-hfb-above-header-display":"","ast-hfb-below-header-display":"","ast-hfb-mobile-header-display":"","site-post-title":"","ast-breadcrumbs-content":"","ast-featured-img":"","footer-sml-layout":"","theme-transparent-header-meta":"","adv-header-id-meta":"","stick-header-meta":"","header-above-stick-meta":"","header-main-stick-meta":"","header-below-stick-meta":"","astra-migrate-meta-layouts":"set","ast-page-background-enabled":"default","ast-page-background-meta":{"desktop":{"background-color":"var(--ast-global-color-4)","background-image":"","background-repeat":"repeat","background-position":"center center","background-size":"auto","background-attachment":"scroll","background-type":"","background-media":"","overlay-type":"","overlay-color":"","overlay-opacity":"","overlay-gradient":""},"tablet":{"background-color":"","background-image":"","background-repeat":"repeat","background-position":"center center","background-size":"auto","background-attachment":"scroll","background-type":"","background-media":"","overlay-type":"","overlay-color":"","overlay-opacity":"","overlay-gradient":""},"mobile":{"background-color":"","background-image":"","background-repeat":"repeat","background-position":"center center","background-size":"auto","background-attachment":"scroll","background-type":"","background-media":"","overlay-type":"","overlay-color":"","overlay-opacity":"","overlay-gradient":""}},"ast-content-background-meta":{"desktop":{"background-color":"var(--ast-global-color-5)","background-image":"","background-repeat":"repeat","background-position":"center center","background-size":"auto","background-attachment":"scroll","background-type":"","background-media":"","overlay-type":"","overlay-color":"","overlay-opacity":"","overlay-gradient":""},"tablet":{"background-color":"var(--ast-global-color-5)","background-image":"","background-repeat":"repeat","background-position":"center center","background-size":"auto","background-attachment":"scroll","background-type":"","background-media":"","overlay-type":"","overlay-color":"","overlay-opacity":"","overlay-gradient":""},"mobile":{"background-color":"var(--ast-global-color-5)","background-image":"","background-repeat":"repeat","background-position":"center center","background-size":"auto","background-attachment":"scroll","background-type":"","background-media":"","overlay-type":"","overlay-color":"","overlay-opacity":"","overlay-gradient":""}},"footnotes":""},"class_list":["post-1430","page","type-page","status-publish","hentry"],"post_mailing_queue_ids":[],"_links":{"self":[{"href":"https:\/\/agora.xtec.cat\/ietramuntana\/wp-json\/wp\/v2\/pages\/1430","targetHints":{"allow":["GET"]}}],"collection":[{"href":"https:\/\/agora.xtec.cat\/ietramuntana\/wp-json\/wp\/v2\/pages"}],"about":[{"href":"https:\/\/agora.xtec.cat\/ietramuntana\/wp-json\/wp\/v2\/types\/page"}],"author":[{"embeddable":true,"href":"https:\/\/agora.xtec.cat\/ietramuntana\/wp-json\/wp\/v2\/users\/6"}],"replies":[{"embeddable":true,"href":"https:\/\/agora.xtec.cat\/ietramuntana\/wp-json\/wp\/v2\/comments?post=1430"}],"version-history":[{"count":5,"href":"https:\/\/agora.xtec.cat\/ietramuntana\/wp-json\/wp\/v2\/pages\/1430\/revisions"}],"predecessor-version":[{"id":1818,"href":"https:\/\/agora.xtec.cat\/ietramuntana\/wp-json\/wp\/v2\/pages\/1430\/revisions\/1818"}],"wp:attachment":[{"href":"https:\/\/agora.xtec.cat\/ietramuntana\/wp-json\/wp\/v2\/media?parent=1430"}],"curies":[{"name":"wp","href":"https:\/\/api.w.org\/{rel}","templated":true}]}}