{"id":12708,"date":"2023-04-29T10:17:53","date_gmt":"2023-04-29T08:17:53","guid":{"rendered":"https:\/\/agora.xtec.cat\/ietorrequeralt\/?page_id=12708"},"modified":"2025-02-13T17:14:15","modified_gmt":"2025-02-13T16:14:15","slug":"sequenciacio-cda","status":"publish","type":"page","link":"https:\/\/agora.xtec.cat\/ietorrequeralt\/edc\/cultura-digital\/sequenciacio-cda\/","title":{"rendered":"Seq\u00fcenciaci\u00f3 de la compet\u00e8ncia digital"},"content":{"rendered":"<p>El nostre centre educatiu ha acordat els seg\u00fcents criteris, sabers i activitats a treballar en cada cicle i etapa educativa, amb la finalitat de que l&#8217;alumnat millori en compet\u00e8ncia digital a l&#8217;acabar l&#8217;etapa d&#8217;educaci\u00f3 b\u00e0sica.<\/p>\n<p><iframe loading=\"lazy\" src=\"https:\/\/docs.google.com\/spreadsheets\/d\/e\/2PACX-1vRbSEBaYwS5c-iFcjcYJLicfHzm7iUXWRupbYClsHWKmTEOXWgWjd_7T3CguLWAYg\/pubhtml?widget=true&amp;headers=false\" width=\"900%\" height=\"1200\"><span data-mce-type=\"bookmark\" style=\"display: inline-block; width: 0px; overflow: hidden; line-height: 0;\" class=\"mce_SELRES_start\">\ufeff<\/span><span data-mce-type=\"bookmark\" style=\"display: inline-block; width: 0px; overflow: hidden; line-height: 0;\" class=\"mce_SELRES_start\">\ufeff<\/span><span data-mce-type=\"bookmark\" style=\"display: inline-block; width: 0px; overflow: hidden; line-height: 0;\" class=\"mce_SELRES_start\">\ufeff<\/span><\/iframe><\/p>\n<p><iframe loading=\"lazy\" src=\"https:\/\/docs.google.com\/spreadsheets\/d\/e\/2PACX-1vQM3QwsBHYGLe-WHVrFzMSI3T6Nt5HjrFRuWCaGNtqFam1FiwRBqV3EZmm4_L2O1g\/pubhtml?gid=206944165&amp;single=true&amp;widget=true&amp;headers=false\" width=\"900%\" height=\"1500\"><span data-mce-type=\"bookmark\" style=\"display: inline-block; width: 0px; overflow: hidden; line-height: 0;\" class=\"mce_SELRES_start\">\ufeff<\/span><\/iframe><\/p>\n","protected":false},"excerpt":{"rendered":"<p>El nostre centre educatiu ha acordat els seg\u00fcents criteris, sabers i activitats a treballar en cada cicle i etapa educativa, amb la finalitat de que l&#8217;alumnat millori en compet\u00e8ncia digital a l&#8217;acabar l&#8217;etapa d&#8217;educaci\u00f3 b\u00e0sica.<br \/>\n\ufeff\ufeff\ufeff<br \/>\n\ufeff<\/p>\n","protected":false},"author":1,"featured_media":0,"parent":11429,"menu_order":0,"comment_status":"closed","ping_status":"closed","template":"","meta":{"_bbp_topic_count":0,"_bbp_reply_count":0,"_bbp_total_topic_count":0,"_bbp_total_reply_count":0,"_bbp_voice_count":0,"_bbp_anonymous_reply_count":0,"_bbp_topic_count_hidden":0,"_bbp_reply_count_hidden":0,"_bbp_forum_subforum_count":0,"footnotes":""},"class_list":["post-12708","page","type-page","status-publish","hentry"],"post_mailing_queue_ids":[],"_links":{"self":[{"href":"https:\/\/agora.xtec.cat\/ietorrequeralt\/wp-json\/wp\/v2\/pages\/12708","targetHints":{"allow":["GET"]}}],"collection":[{"href":"https:\/\/agora.xtec.cat\/ietorrequeralt\/wp-json\/wp\/v2\/pages"}],"about":[{"href":"https:\/\/agora.xtec.cat\/ietorrequeralt\/wp-json\/wp\/v2\/types\/page"}],"author":[{"embeddable":true,"href":"https:\/\/agora.xtec.cat\/ietorrequeralt\/wp-json\/wp\/v2\/users\/1"}],"replies":[{"embeddable":true,"href":"https:\/\/agora.xtec.cat\/ietorrequeralt\/wp-json\/wp\/v2\/comments?post=12708"}],"version-history":[{"count":6,"href":"https:\/\/agora.xtec.cat\/ietorrequeralt\/wp-json\/wp\/v2\/pages\/12708\/revisions"}],"predecessor-version":[{"id":14835,"href":"https:\/\/agora.xtec.cat\/ietorrequeralt\/wp-json\/wp\/v2\/pages\/12708\/revisions\/14835"}],"up":[{"embeddable":true,"href":"https:\/\/agora.xtec.cat\/ietorrequeralt\/wp-json\/wp\/v2\/pages\/11429"}],"wp:attachment":[{"href":"https:\/\/agora.xtec.cat\/ietorrequeralt\/wp-json\/wp\/v2\/media?parent=12708"}],"curies":[{"name":"wp","href":"https:\/\/api.w.org\/{rel}","templated":true}]}}