{"id":12440,"date":"2023-02-22T09:17:20","date_gmt":"2023-02-22T08:17:20","guid":{"rendered":"https:\/\/agora.xtec.cat\/ietorrequeralt\/?page_id=12440"},"modified":"2023-02-22T09:17:20","modified_gmt":"2023-02-22T08:17:20","slug":"carta-de-compromis-educatiu","status":"publish","type":"page","link":"https:\/\/agora.xtec.cat\/ietorrequeralt\/carta-de-compromis-educatiu\/","title":{"rendered":"Carta de comprom\u00eds educatiu"},"content":{"rendered":"<p>El comprom\u00eds educatiu \u00e9s molt important en tota la Comunitat Educativa de l&#8217;IE Torre Queralt i per deixar-ho plasmat en un paper, tenim la nostra carta de comprom\u00eds educatiu:<\/p>\n<p><a href=\"https:\/\/agora.xtec.cat\/ietorrequeralt\/wp-content\/uploads\/usu1262\/2023\/02\/carta-compromis-educatiu-22-23.docx.pdf\">carta compromis educatiu 22-23.docx<\/a><\/p>\n","protected":false},"excerpt":{"rendered":"<p>El comprom\u00eds educatiu \u00e9s molt important en tota la Comunitat Educativa de l&#8217;IE Torre Queralt i per deixar-ho plasmat en un paper, tenim la nostra carta de comprom\u00eds educatiu:<br \/>\n<a href=\"https:\/\/agora.xtec.cat\/ietorrequeralt\/wp-content\/uploads\/usu1262\/2023\/02\/carta-compromis-educatiu-22-23.docx.pdf\">carta compromis educatiu 22-23.docx<\/a><\/p>\n","protected":false},"author":1,"featured_media":0,"parent":0,"menu_order":0,"comment_status":"closed","ping_status":"closed","template":"","meta":{"_bbp_topic_count":0,"_bbp_reply_count":0,"_bbp_total_topic_count":0,"_bbp_total_reply_count":0,"_bbp_voice_count":0,"_bbp_anonymous_reply_count":0,"_bbp_topic_count_hidden":0,"_bbp_reply_count_hidden":0,"_bbp_forum_subforum_count":0,"footnotes":""},"class_list":["post-12440","page","type-page","status-publish","hentry"],"post_mailing_queue_ids":[],"_links":{"self":[{"href":"https:\/\/agora.xtec.cat\/ietorrequeralt\/wp-json\/wp\/v2\/pages\/12440","targetHints":{"allow":["GET"]}}],"collection":[{"href":"https:\/\/agora.xtec.cat\/ietorrequeralt\/wp-json\/wp\/v2\/pages"}],"about":[{"href":"https:\/\/agora.xtec.cat\/ietorrequeralt\/wp-json\/wp\/v2\/types\/page"}],"author":[{"embeddable":true,"href":"https:\/\/agora.xtec.cat\/ietorrequeralt\/wp-json\/wp\/v2\/users\/1"}],"replies":[{"embeddable":true,"href":"https:\/\/agora.xtec.cat\/ietorrequeralt\/wp-json\/wp\/v2\/comments?post=12440"}],"version-history":[{"count":1,"href":"https:\/\/agora.xtec.cat\/ietorrequeralt\/wp-json\/wp\/v2\/pages\/12440\/revisions"}],"predecessor-version":[{"id":12445,"href":"https:\/\/agora.xtec.cat\/ietorrequeralt\/wp-json\/wp\/v2\/pages\/12440\/revisions\/12445"}],"wp:attachment":[{"href":"https:\/\/agora.xtec.cat\/ietorrequeralt\/wp-json\/wp\/v2\/media?parent=12440"}],"curies":[{"name":"wp","href":"https:\/\/api.w.org\/{rel}","templated":true}]}}