{"id":12006,"date":"2022-11-02T13:22:59","date_gmt":"2022-11-02T12:22:59","guid":{"rendered":"https:\/\/agora.xtec.cat\/ietorrequeralt\/?page_id=12006"},"modified":"2022-11-12T17:08:40","modified_gmt":"2022-11-12T16:08:40","slug":"acords-i-protocols","status":"publish","type":"page","link":"https:\/\/agora.xtec.cat\/ietorrequeralt\/edc\/cultura-digital\/acords-i-protocols\/","title":{"rendered":"Acords i protocols"},"content":{"rendered":"<p>El Centre acorda seguir aquests punts, per a la transformaci\u00f3 i millora de la Compet\u00e8ncia Digital.<\/p>\n<ul>\n<li>Unificaci\u00f3 d\u2019un espai web de Centre.<\/li>\n<li>Publicaci\u00f3 d\u2019un espai Estrat\u00e8gia Digital de Centre (EDC) a la web.<\/li>\n<li>Creaci\u00f3 i utilitzaci\u00f3 de codi QR per millorar la comunicaci\u00f3 interna i externa de Centre.<\/li>\n<li>Creaci\u00f3 i manteniment de 2 bancs\/calaix de recursos, amb la plataforma Symbaloo, per treballar amb dispositius en situacions d\u2019ensenyament i aprenentatge.\n<ul>\n<li><a href=\"https:\/\/agora.xtec.cat\/ietorrequeralt\/wp-content\/uploads\/usu1262\/2022\/11\/Banc-de-recursos-calaix-digital-IE-Torre-Queralt.pdf\">Banc de recursos-calaix digital IE Torre Queralt<\/a><\/li>\n<\/ul>\n<\/li>\n<li>Utilitzaci\u00f3 de l\u2019Entorn Virtual d\u2019Aprenentatge (EVA) Classroom a partir de cicle superior i ESO.<\/li>\n<li>Utilitzaci\u00f3 de la r\u00fabrica per avaluar activitats de l\u2019Entorn Virtual Classroom.<\/li>\n<li>Prioritzaci\u00f3 i realitzaci\u00f3 del feedback amb \u00e0udio, davant del feedback visual (v\u00eddeo) per motius de seguretat, drets d\u2019imatge&#8230;<\/li>\n<li>Es consensua un manual de bones pr\u00e0ctiques, en quan a la seguretat dels dispositius, de la identitat digital i en la protecci\u00f3 i tractament de dades.\n<ul>\n<li><a href=\"https:\/\/agora.xtec.cat\/ietorrequeralt\/wp-content\/uploads\/usu1262\/2022\/11\/Enllac-Manual-de-bones-practiques-EDC-IE-Torre-Queralt-1.pdf\">Enlla\u00e7 Manual de bones pr\u00e0ctiques EDC &#8211; IE Torre Queralt<\/a><\/li>\n<\/ul>\n<\/li>\n<li>S\u2019acorda la creaci\u00f3 d\u2019un espai pedag\u00f2gic, per compartir experi\u00e8ncies en compet\u00e8ncia digital docent.<\/li>\n<\/ul>\n","protected":false},"excerpt":{"rendered":"<p>El Centre acorda seguir aquests punts, per a la transformaci\u00f3 i millora de la Compet\u00e8ncia Digital.<\/p>\n<ul>\n<li>Unificaci\u00f3 d\u2019un espai web de Centre.<\/li>\n<li>Publicaci\u00f3 d\u2019un espai Estrat\u00e8gia Digital de Centre (EDC) a la web.<\/li>\n<li>Creaci\u00f3 i utilitzaci\u00f3 de codi QR per millorar la comunicaci\u00f3 interna i externa de Centre.<\/li>\n<li>Creaci\u00f3&hellip;  <a href=\"https:\/\/agora.xtec.cat\/ietorrequeralt\/edc\/cultura-digital\/acords-i-protocols\/\" title=\"Read Acords i protocols\">Llegeix m\u00e9s\u00bb<\/a><br \/>\n","protected":false},"author":1,"featured_media":0,"parent":11429,"menu_order":0,"comment_status":"closed","ping_status":"closed","template":"","meta":{"_bbp_topic_count":0,"_bbp_reply_count":0,"_bbp_total_topic_count":0,"_bbp_total_reply_count":0,"_bbp_voice_count":0,"_bbp_anonymous_reply_count":0,"_bbp_topic_count_hidden":0,"_bbp_reply_count_hidden":0,"_bbp_forum_subforum_count":0,"footnotes":""},"class_list":["post-12006","page","type-page","status-publish","hentry"],"post_mailing_queue_ids":[],"_links":{"self":[{"href":"https:\/\/agora.xtec.cat\/ietorrequeralt\/wp-json\/wp\/v2\/pages\/12006","targetHints":{"allow":["GET"]}}],"collection":[{"href":"https:\/\/agora.xtec.cat\/ietorrequeralt\/wp-json\/wp\/v2\/pages"}],"about":[{"href":"https:\/\/agora.xtec.cat\/ietorrequeralt\/wp-json\/wp\/v2\/types\/page"}],"author":[{"embeddable":true,"href":"https:\/\/agora.xtec.cat\/ietorrequeralt\/wp-json\/wp\/v2\/users\/1"}],"replies":[{"embeddable":true,"href":"https:\/\/agora.xtec.cat\/ietorrequeralt\/wp-json\/wp\/v2\/comments?post=12006"}],"version-history":[{"count":4,"href":"https:\/\/agora.xtec.cat\/ietorrequeralt\/wp-json\/wp\/v2\/pages\/12006\/revisions"}],"predecessor-version":[{"id":12138,"href":"https:\/\/agora.xtec.cat\/ietorrequeralt\/wp-json\/wp\/v2\/pages\/12006\/revisions\/12138"}],"up":[{"embeddable":true,"href":"https:\/\/agora.xtec.cat\/ietorrequeralt\/wp-json\/wp\/v2\/pages\/11429"}],"wp:attachment":[{"href":"https:\/\/agora.xtec.cat\/ietorrequeralt\/wp-json\/wp\/v2\/media?parent=12006"}],"curies":[{"name":"wp","href":"https:\/\/api.w.org\/{rel}","templated":true}]}}