{"id":11753,"date":"2022-09-25T10:32:43","date_gmt":"2022-09-25T08:32:43","guid":{"rendered":"https:\/\/agora.xtec.cat\/ietorrequeralt\/?page_id=11753"},"modified":"2022-09-25T10:42:46","modified_gmt":"2022-09-25T08:42:46","slug":"activitats-cofinancades","status":"publish","type":"page","link":"https:\/\/agora.xtec.cat\/ietorrequeralt\/lescola\/activitats-cofinancades\/","title":{"rendered":"Activitats cofinan\u00e7ades"},"content":{"rendered":"<p>El nostre centre gaudeix de les seg\u00fcents subvencions:<\/p>\n<p>POEFA: Projectes amb Oportunitats d\u2019\u00c8xit Educatiu a Favor de l\u2019Alumnat.<br \/>\nPOEFE idiomes: Refor\u00e7 de l\u2019aprenentatge de la llengua anglesa<br \/>\nPMOE + PROA: Pla de millora d\u2019Oportunitats Educatives + Programa de Refor\u00e7, Orientaci\u00f3 i Suport.<br \/>\nPEE: Pla Educatiu d\u2019Entorn<br \/>\nPCEE: Pla Catal\u00e0 de l&#8217;Esport a l&#8217;Escola<br \/>\nPrograma finan\u00e7at pel Ministeri d\u2019Educaci\u00f3 i Formaci\u00f3 Professional i cofinan\u00e7at pel Fons Social Europeu.<\/p>\n<p><img loading=\"lazy\" decoding=\"async\" src=\"https:\/\/agora.xtec.cat\/ietorrequeralt\/wp-content\/uploads\/usu1262\/2022\/09\/gobierno-1024x248.jpg\" alt=\"\" width=\"1024\" height=\"248\" class=\"alignnone size-large wp-image-11756\" srcset=\"https:\/\/agora.xtec.cat\/ietorrequeralt\/wp-content\/uploads\/usu1262\/2022\/09\/gobierno-1024x248.jpg 1024w, https:\/\/agora.xtec.cat\/ietorrequeralt\/wp-content\/uploads\/usu1262\/2022\/09\/gobierno-300x73.jpg 300w, https:\/\/agora.xtec.cat\/ietorrequeralt\/wp-content\/uploads\/usu1262\/2022\/09\/gobierno-768x186.jpg 768w, https:\/\/agora.xtec.cat\/ietorrequeralt\/wp-content\/uploads\/usu1262\/2022\/09\/gobierno-1536x371.jpg 1536w, https:\/\/agora.xtec.cat\/ietorrequeralt\/wp-content\/uploads\/usu1262\/2022\/09\/gobierno.jpg 1878w\" sizes=\"auto, (max-width: 1024px) 100vw, 1024px\" \/><\/p>\n<p><img loading=\"lazy\" decoding=\"async\" src=\"https:\/\/agora.xtec.cat\/ietorrequeralt\/wp-content\/uploads\/usu1262\/2022\/09\/FSE_amb_lema-1024x181.jpg\" alt=\"\" width=\"1024\" height=\"181\" class=\"alignnone size-large wp-image-11757\" srcset=\"https:\/\/agora.xtec.cat\/ietorrequeralt\/wp-content\/uploads\/usu1262\/2022\/09\/FSE_amb_lema-1024x181.jpg 1024w, https:\/\/agora.xtec.cat\/ietorrequeralt\/wp-content\/uploads\/usu1262\/2022\/09\/FSE_amb_lema-300x53.jpg 300w, https:\/\/agora.xtec.cat\/ietorrequeralt\/wp-content\/uploads\/usu1262\/2022\/09\/FSE_amb_lema-768x136.jpg 768w, https:\/\/agora.xtec.cat\/ietorrequeralt\/wp-content\/uploads\/usu1262\/2022\/09\/FSE_amb_lema.jpg 1250w\" sizes=\"auto, (max-width: 1024px) 100vw, 1024px\" \/><\/p>\n<p><img loading=\"lazy\" decoding=\"async\" src=\"https:\/\/agora.xtec.cat\/ietorrequeralt\/wp-content\/uploads\/usu1262\/2022\/09\/educacio_h2.jpg\" alt=\"\" width=\"700\" height=\"109\" class=\"alignnone size-full wp-image-11758\" srcset=\"https:\/\/agora.xtec.cat\/ietorrequeralt\/wp-content\/uploads\/usu1262\/2022\/09\/educacio_h2.jpg 700w, https:\/\/agora.xtec.cat\/ietorrequeralt\/wp-content\/uploads\/usu1262\/2022\/09\/educacio_h2-300x47.jpg 300w\" sizes=\"auto, (max-width: 700px) 100vw, 700px\" \/><\/p>\n","protected":false},"excerpt":{"rendered":"<p>El nostre centre gaudeix de les seg\u00fcents subvencions:<br \/>\nPOEFA: Projectes amb Oportunitats d\u2019\u00c8xit Educatiu a Favor de l\u2019Alumnat.<br \/>\nPOEFE idiomes: Refor\u00e7 de l\u2019aprenentatge de la llengua anglesa<br \/>\nPMOE + PROA: Pla de millora d\u2019Oportunitats Educatives + Programa de Refor\u00e7, Orientaci\u00f3 i Suport.<br \/>\nPEE: Pla Educatiu d\u2019Entorn<br \/>\nPCEE: Pla Catal\u00e0 de&hellip;  <a href=\"https:\/\/agora.xtec.cat\/ietorrequeralt\/lescola\/activitats-cofinancades\/\" title=\"Read Activitats cofinan\u00e7ades\">Llegeix m\u00e9s\u00bb<\/a><\/p>\n","protected":false},"author":1,"featured_media":0,"parent":11323,"menu_order":0,"comment_status":"closed","ping_status":"closed","template":"","meta":{"_bbp_topic_count":0,"_bbp_reply_count":0,"_bbp_total_topic_count":0,"_bbp_total_reply_count":0,"_bbp_voice_count":0,"_bbp_anonymous_reply_count":0,"_bbp_topic_count_hidden":0,"_bbp_reply_count_hidden":0,"_bbp_forum_subforum_count":0,"footnotes":""},"class_list":["post-11753","page","type-page","status-publish","hentry"],"post_mailing_queue_ids":[],"_links":{"self":[{"href":"https:\/\/agora.xtec.cat\/ietorrequeralt\/wp-json\/wp\/v2\/pages\/11753","targetHints":{"allow":["GET"]}}],"collection":[{"href":"https:\/\/agora.xtec.cat\/ietorrequeralt\/wp-json\/wp\/v2\/pages"}],"about":[{"href":"https:\/\/agora.xtec.cat\/ietorrequeralt\/wp-json\/wp\/v2\/types\/page"}],"author":[{"embeddable":true,"href":"https:\/\/agora.xtec.cat\/ietorrequeralt\/wp-json\/wp\/v2\/users\/1"}],"replies":[{"embeddable":true,"href":"https:\/\/agora.xtec.cat\/ietorrequeralt\/wp-json\/wp\/v2\/comments?post=11753"}],"version-history":[{"count":3,"href":"https:\/\/agora.xtec.cat\/ietorrequeralt\/wp-json\/wp\/v2\/pages\/11753\/revisions"}],"predecessor-version":[{"id":11759,"href":"https:\/\/agora.xtec.cat\/ietorrequeralt\/wp-json\/wp\/v2\/pages\/11753\/revisions\/11759"}],"up":[{"embeddable":true,"href":"https:\/\/agora.xtec.cat\/ietorrequeralt\/wp-json\/wp\/v2\/pages\/11323"}],"wp:attachment":[{"href":"https:\/\/agora.xtec.cat\/ietorrequeralt\/wp-json\/wp\/v2\/media?parent=11753"}],"curies":[{"name":"wp","href":"https:\/\/api.w.org\/{rel}","templated":true}]}}