{"id":11751,"date":"2022-09-25T10:30:52","date_gmt":"2022-09-25T08:30:52","guid":{"rendered":"https:\/\/agora.xtec.cat\/ietorrequeralt\/?page_id=11751"},"modified":"2025-10-07T14:08:02","modified_gmt":"2025-10-07T12:08:02","slug":"activitats-extraescolars-22-23","status":"publish","type":"page","link":"https:\/\/agora.xtec.cat\/ietorrequeralt\/lescola\/activitats-extraescolars-22-23\/","title":{"rendered":"Activitats extraescolars 25-26"},"content":{"rendered":"<p>EXTRAESCOLARS EDIFICI ESCOLA DEL CURS 25-26<br \/>\n<a href=\"https:\/\/agora.xtec.cat\/ietorrequeralt\/wp-content\/uploads\/usu1262\/2025\/10\/Circular-inscripcio-extraescolars-EDIFICI-ESCOLA-2025-26.docx.pdf\">Circular inscripci\u00f3 extraescolars EDIFICI ESCOLA 2025-26.docx<\/a><br \/>\nEXTRAESCOLARS EDIFICI INSTITUT DEL CURS 25-26<br \/>\n<a href=\"https:\/\/agora.xtec.cat\/ietorrequeralt\/wp-content\/uploads\/usu1262\/2025\/10\/Circular-inscripcio-extraescolars-INSTITUT-2025-26-2.pdf\">Circular inscripci\u00f3 extraescolars INSTITUT 2025-26 (2)<\/a><\/p>\n<p>PREUS DE LES ACTIVITATS:<br \/>\nCada activitat t\u00e9 un cost de 30\u20ac\/any.<br \/>\nEn el cas de participar en 2 activitats es pagar\u00e0 30\u20ac per cada activitat.<br \/>\nAlumnat amb beca tamb\u00e9 pagar\u00e0 30\u20ac\/any per activitat.<br \/>\nPodeu fer el pagament a la secretaria del centre . Recordem que \u00e9s molt important no tenir cap deute econ\u00f2mic de cursos anteriors. Tamb\u00e9  es pot fraccionar el pagament de l\u2019activitat, sempre que sigui acordat amb l\u2019equip directiu del centre educatiu.<\/p>\n<p>Les activitats esportives finalitzaran a finals de maig de 2026.<\/p>\n","protected":false},"excerpt":{"rendered":"<p>EXTRAESCOLARS EDIFICI ESCOLA DEL CURS 25-26<br \/>\n<a href=\"https:\/\/agora.xtec.cat\/ietorrequeralt\/wp-content\/uploads\/usu1262\/2025\/10\/Circular-inscripcio-extraescolars-EDIFICI-ESCOLA-2025-26.docx.pdf\">Circular inscripci\u00f3 extraescolars EDIFICI ESCOLA 2025-26.docx<\/a><br \/>\nEXTRAESCOLARS EDIFICI INSTITUT DEL CURS 25-26<br \/>\n<a href=\"https:\/\/agora.xtec.cat\/ietorrequeralt\/wp-content\/uploads\/usu1262\/2025\/10\/Circular-inscripcio-extraescolars-INSTITUT-2025-26-2.pdf\">Circular inscripci\u00f3 extraescolars INSTITUT 2025-26 (2)<\/a><br \/>\nPREUS DE LES ACTIVITATS:<br \/>\nCada activitat t\u00e9 un cost de 30\u20ac\/any.<br \/>\nEn el cas de participar en 2 activitats es pagar\u00e0 30\u20ac per cada activitat.<br \/>\nAlumnat&hellip;  <a href=\"https:\/\/agora.xtec.cat\/ietorrequeralt\/lescola\/activitats-extraescolars-22-23\/\" title=\"Read Activitats extraescolars 25-26\">Llegeix m\u00e9s\u00bb<\/a><\/p>\n","protected":false},"author":1,"featured_media":0,"parent":11323,"menu_order":0,"comment_status":"closed","ping_status":"closed","template":"","meta":{"_bbp_topic_count":0,"_bbp_reply_count":0,"_bbp_total_topic_count":0,"_bbp_total_reply_count":0,"_bbp_voice_count":0,"_bbp_anonymous_reply_count":0,"_bbp_topic_count_hidden":0,"_bbp_reply_count_hidden":0,"_bbp_forum_subforum_count":0,"footnotes":""},"class_list":["post-11751","page","type-page","status-publish","hentry"],"post_mailing_queue_ids":[],"_links":{"self":[{"href":"https:\/\/agora.xtec.cat\/ietorrequeralt\/wp-json\/wp\/v2\/pages\/11751","targetHints":{"allow":["GET"]}}],"collection":[{"href":"https:\/\/agora.xtec.cat\/ietorrequeralt\/wp-json\/wp\/v2\/pages"}],"about":[{"href":"https:\/\/agora.xtec.cat\/ietorrequeralt\/wp-json\/wp\/v2\/types\/page"}],"author":[{"embeddable":true,"href":"https:\/\/agora.xtec.cat\/ietorrequeralt\/wp-json\/wp\/v2\/users\/1"}],"replies":[{"embeddable":true,"href":"https:\/\/agora.xtec.cat\/ietorrequeralt\/wp-json\/wp\/v2\/comments?post=11751"}],"version-history":[{"count":6,"href":"https:\/\/agora.xtec.cat\/ietorrequeralt\/wp-json\/wp\/v2\/pages\/11751\/revisions"}],"predecessor-version":[{"id":15977,"href":"https:\/\/agora.xtec.cat\/ietorrequeralt\/wp-json\/wp\/v2\/pages\/11751\/revisions\/15977"}],"up":[{"embeddable":true,"href":"https:\/\/agora.xtec.cat\/ietorrequeralt\/wp-json\/wp\/v2\/pages\/11323"}],"wp:attachment":[{"href":"https:\/\/agora.xtec.cat\/ietorrequeralt\/wp-json\/wp\/v2\/media?parent=11751"}],"curies":[{"name":"wp","href":"https:\/\/api.w.org\/{rel}","templated":true}]}}