{"id":11484,"date":"2022-05-16T16:56:05","date_gmt":"2022-05-16T14:56:05","guid":{"rendered":"https:\/\/agora.xtec.cat\/ietorrequeralt\/?page_id=11484"},"modified":"2025-03-05T22:08:27","modified_gmt":"2025-03-05T21:08:27","slug":"objectius-2","status":"publish","type":"page","link":"https:\/\/agora.xtec.cat\/ietorrequeralt\/edc\/part-estrategica\/objectius-2\/","title":{"rendered":"Objectius de l&#8217;EDC"},"content":{"rendered":"<p>D&#8217;acord amb el Pla d&#8217;Educaci\u00f3 de Catalunya i el Projecte Educatiu de Centre aquests s\u00f3n els objectius que el nostre centre, es planteja per la millorar i l&#8217;assoliment de la compet\u00e8ncia digital de la nostra comunitat educativa.<\/p>\n<p><a href=\"https:\/\/agora.xtec.cat\/ietorrequeralt\/wp-content\/uploads\/usu1262\/2025\/03\/objectius.jpg\"><img loading=\"lazy\" decoding=\"async\" class=\"alignnone size-large wp-image-15019\" src=\"https:\/\/agora.xtec.cat\/ietorrequeralt\/wp-content\/uploads\/usu1262\/2025\/03\/objectius-1024x583.jpg\" alt=\"\" width=\"1024\" height=\"583\" srcset=\"https:\/\/agora.xtec.cat\/ietorrequeralt\/wp-content\/uploads\/usu1262\/2025\/03\/objectius-1024x583.jpg 1024w, https:\/\/agora.xtec.cat\/ietorrequeralt\/wp-content\/uploads\/usu1262\/2025\/03\/objectius-300x171.jpg 300w, https:\/\/agora.xtec.cat\/ietorrequeralt\/wp-content\/uploads\/usu1262\/2025\/03\/objectius-768x437.jpg 768w, https:\/\/agora.xtec.cat\/ietorrequeralt\/wp-content\/uploads\/usu1262\/2025\/03\/objectius.jpg 1235w\" sizes=\"auto, (max-width: 1024px) 100vw, 1024px\" \/><\/a><\/p>\n","protected":false},"excerpt":{"rendered":"<p>D&#8217;acord amb el Pla d&#8217;Educaci\u00f3 de Catalunya i el Projecte Educatiu de Centre aquests s\u00f3n els objectius que el nostre centre, es planteja per la millorar i l&#8217;assoliment de la compet\u00e8ncia digital de la nostra comunitat educativa.<br \/>\n<a href=\"https:\/\/agora.xtec.cat\/ietorrequeralt\/wp-content\/uploads\/usu1262\/2025\/03\/objectius.jpg\"><\/a><\/p>\n","protected":false},"author":1,"featured_media":0,"parent":11410,"menu_order":0,"comment_status":"closed","ping_status":"closed","template":"","meta":{"_bbp_topic_count":0,"_bbp_reply_count":0,"_bbp_total_topic_count":0,"_bbp_total_reply_count":0,"_bbp_voice_count":0,"_bbp_anonymous_reply_count":0,"_bbp_topic_count_hidden":0,"_bbp_reply_count_hidden":0,"_bbp_forum_subforum_count":0,"footnotes":""},"class_list":["post-11484","page","type-page","status-publish","hentry"],"post_mailing_queue_ids":[],"_links":{"self":[{"href":"https:\/\/agora.xtec.cat\/ietorrequeralt\/wp-json\/wp\/v2\/pages\/11484","targetHints":{"allow":["GET"]}}],"collection":[{"href":"https:\/\/agora.xtec.cat\/ietorrequeralt\/wp-json\/wp\/v2\/pages"}],"about":[{"href":"https:\/\/agora.xtec.cat\/ietorrequeralt\/wp-json\/wp\/v2\/types\/page"}],"author":[{"embeddable":true,"href":"https:\/\/agora.xtec.cat\/ietorrequeralt\/wp-json\/wp\/v2\/users\/1"}],"replies":[{"embeddable":true,"href":"https:\/\/agora.xtec.cat\/ietorrequeralt\/wp-json\/wp\/v2\/comments?post=11484"}],"version-history":[{"count":6,"href":"https:\/\/agora.xtec.cat\/ietorrequeralt\/wp-json\/wp\/v2\/pages\/11484\/revisions"}],"predecessor-version":[{"id":15020,"href":"https:\/\/agora.xtec.cat\/ietorrequeralt\/wp-json\/wp\/v2\/pages\/11484\/revisions\/15020"}],"up":[{"embeddable":true,"href":"https:\/\/agora.xtec.cat\/ietorrequeralt\/wp-json\/wp\/v2\/pages\/11410"}],"wp:attachment":[{"href":"https:\/\/agora.xtec.cat\/ietorrequeralt\/wp-json\/wp\/v2\/media?parent=11484"}],"curies":[{"name":"wp","href":"https:\/\/api.w.org\/{rel}","templated":true}]}}