{"id":11460,"date":"2022-05-16T16:19:57","date_gmt":"2022-05-16T14:19:57","guid":{"rendered":"https:\/\/agora.xtec.cat\/ietorrequeralt\/?page_id=11460"},"modified":"2023-02-24T20:43:33","modified_gmt":"2023-02-24T19:43:33","slug":"comunicacio-i-xarxes","status":"publish","type":"page","link":"https:\/\/agora.xtec.cat\/ietorrequeralt\/edc\/cultura-digital\/comunicacio-i-xarxes\/","title":{"rendered":"Comunicaci\u00f3 i xarxes"},"content":{"rendered":"<p><\/a><strong>COMUNICACI\u00d3 GENERAL<\/strong><em><br \/>\nEl centre disposa d&#8217;una web amb la informaci\u00f3 p\u00fablica. S&#8217;hi poden trobar articles sobre el que passa a l&#8217;escola dia a dia aix\u00ed com altres tipus d&#8217;apartats ( trets d&#8217;identitat, calendari del curs, horari, equip hum\u00e0, projecte ling\u00fc\u00edstic, NOFC i consell escolar, projectes, AFA, circulars, menjador escolar&#8230;)<br \/>\nAquest web est\u00e0 realitzat aprofitant el servei nodes que ofereix el Departament d&#8217;Educaci\u00f3.<br \/>\n<a href=\"https:\/\/agora.xtec.cat\/ietorrequeralt\/\">https:\/\/agora.xtec.cat\/ietorrequeralt\/<\/a><br \/>\nEl nostre centre educatiu tamb\u00e9 disposa d&#8217;un compte propi a l&#8217;aplicaci\u00f3 m\u00f2vil <strong>INSTAGRAM<\/strong> on es publiquen informacions importants i imatges relacionades amb sortides, celebracions i altres moments o informacions rellevants per a les fam\u00edlies i tamb\u00e9 el claustre.<br \/>\nEl nostre centre tamb\u00e9 disposa d&#8217;un canal propi de v\u00eddeos a la plataforma <strong>YOUTUBE.COM<\/strong> on es publiquen els v\u00eddeos de les celebracions i dels moments importants de cada curs.<\/p>\n<p><a href=\"https:\/\/agora.xtec.cat\/ietorrequeralt\/wp-content\/uploads\/usu1262\/2023\/02\/escola-torre-queralt-249114-min.png\"><img loading=\"lazy\" decoding=\"async\" src=\"https:\/\/agora.xtec.cat\/ietorrequeralt\/wp-content\/uploads\/usu1262\/2023\/02\/escola-torre-queralt-249114-min.png\" alt=\"\" width=\"304\" height=\"323\" class=\"alignnone size-full wp-image-12338\" srcset=\"https:\/\/agora.xtec.cat\/ietorrequeralt\/wp-content\/uploads\/usu1262\/2023\/02\/escola-torre-queralt-249114-min.png 304w, https:\/\/agora.xtec.cat\/ietorrequeralt\/wp-content\/uploads\/usu1262\/2023\/02\/escola-torre-queralt-249114-min-282x300.png 282w\" sizes=\"auto, (max-width: 304px) 100vw, 304px\" \/><\/a><\/p>\n<p><strong>COMUNICACI\u00d3 AMB FAM\u00cdLIES<\/strong><\/em><br \/>\nEl centre educatiu pret\u00e9n informar i arribar a les fam\u00edlies mitjan\u00e7ant diversos canals:<br \/>\n<strong>-Correu de centre: c5010280@xtec.cat.<\/strong> Mitjan\u00e7ant aquest correu, s&#8217;envien informacions importants, citacions i d&#8217;altres aspectes rellevants del centre aix\u00ed com tamb\u00e9 s&#8217;envien avisos sobre terminis i publicacions que afectin a les fam\u00edlies.<br \/>\n<strong>-Correu docents: @torrequeralt.cat.<\/strong> Aquest correu corporatiu que disposen els docents aix\u00ed com alumnes de 5\u00e8 i 6\u00e8 de prim\u00e0ria i tamb\u00e9 tot l&#8217;alumnat d&#8217;educaci\u00f3 secund\u00e0ria serveix per comunicar-se entre ells, enviar tasques i les corresponents r\u00fabriques i tamb\u00e9 permet l&#8217;acc\u00e9s a l&#8217;entorn virtual GoogleClassroom que fan servir aquests alumnes.<br \/>\n-P\u00e0gina web del centre on es publiquen informacions rellevants i altres comunicacions, com la celebraci\u00f3 d&#8217;una festa o documents de centre i el full informatiu.<br \/>\n-Compte d&#8217;INSTAGRAM on es publiquen reculls d&#8217;imatges, informacions i documents rellevants referents sobretot al dia a dia del centre.<br \/>\n-Per tel\u00e8fon fix del centre \u00e9s el: 973 24 97 96.<br \/>\n-Per tel\u00e8fon m\u00f2bil del centre: 634 77 08 95. <\/p>\n<p><strong>COMUNICACI\u00d3 AMB DOCENTS<\/strong><em><br \/>\nLa comunicaci\u00f3 entre l&#8217;equip docent i tamb\u00e9 amb l&#8217;equip directiu es pot realitzar per diversos canals:<br \/>\n&#8211;<strong>Correu electr\u00f2nic:<\/strong> eina fonamental que fa servir el claustre docent per enviar informacions, documents i altres arxius. Facilita la r\u00e0pida comunicaci\u00f3 i coordinaci\u00f3 a nivell de centre.<br \/>\n&#8211;<strong>Grup de whatsApp de centre i per cicle i nivells:<\/strong> Aplicaci\u00f3 m\u00f2bil de missatgeria instant\u00e0nia que facilita la comunicaci\u00f3 a nivell de cicles, etapes i centre educatiu.<br \/>\n&#8211;<strong>DRIVE compartit:<\/strong> L&#8217;equip docent de la nostra escola utilitza el DRIVE ( workspace ) com a eina de treball i magatzem. Les carpetes que hi tenim estan compartides amb la totalitat de l&#8217;equip per tal que tothom hi tingui acc\u00e9s tant per visualitzar com per editar-ne el contingut. S&#8217;utilitzen com a magatzem de diferents informacions aix\u00ed com a documents per treballar de manera individual o col\u2022lectiva. Tamb\u00e9 s&#8217;utilitza com a eina de comunicaci\u00f3 i registre d&#8217;acords. \u00c9s el canal on tenim recollides les informacions referides als informes de l&#8217;alumnat.<\/p>\n<p><a href=\"https:\/\/agora.xtec.cat\/ietorrequeralt\/wp-content\/uploads\/usu1262\/2023\/02\/PLA-DE-COMUNICACIO.png\"><img loading=\"lazy\" decoding=\"async\" src=\"https:\/\/agora.xtec.cat\/ietorrequeralt\/wp-content\/uploads\/usu1262\/2023\/02\/PLA-DE-COMUNICACIO-300x38.png\" alt=\"\" width=\"300\" height=\"38\" class=\"alignnone size-medium wp-image-12449\" srcset=\"https:\/\/agora.xtec.cat\/ietorrequeralt\/wp-content\/uploads\/usu1262\/2023\/02\/PLA-DE-COMUNICACIO-300x38.png 300w, https:\/\/agora.xtec.cat\/ietorrequeralt\/wp-content\/uploads\/usu1262\/2023\/02\/PLA-DE-COMUNICACIO.png 556w\" sizes=\"auto, (max-width: 300px) 100vw, 300px\" \/><\/a><br \/>\nL&#8217;Institut Escola Torre Queralt disposa d&#8217;un Pla de Comunicaci\u00f3 amb la finalitat de millorar la gesti\u00f3 de la informaci\u00f3 i de la comunicaci\u00f3 amb la comunitat educativa i la ciutadania. Acc\u00e9s al document: <a href=\"https:\/\/agora.xtec.cat\/ietorrequeralt\/wp-content\/uploads\/usu1262\/2023\/02\/PLA-DE-COMUNICACIO-IE-TORRE-QUERALT.pdf\">PLA DE COMUNICACI\u00d3 IE TORRE QUERALT<\/a><\/p>\n<p><a href=\"https:\/\/agora.xtec.cat\/ietorrequeralt\/wp-content\/uploads\/usu1262\/2023\/02\/ACACIA-1.jpg\"><img loading=\"lazy\" decoding=\"async\" src=\"https:\/\/agora.xtec.cat\/ietorrequeralt\/wp-content\/uploads\/usu1262\/2023\/02\/ACACIA-1.jpg\" alt=\"\" width=\"67\" height=\"32\" class=\"alignnone size-full wp-image-12453\" \/><\/a>(Aplicatiu de Control Acad\u00e8mic, Comunicaci\u00f3 i Administraci\u00f3)<br \/>\nL&#8217;Institut Escola Torre Queralt disposa d&#8217;aquesta aplicaci\u00f3 o plataforma de comunicaci\u00f3 amb les fam\u00edlies de l&#8217;ESO, amb la finalitat de gestionar la comunicaci\u00f3. Acc\u00e9s a l&#8217;aplicaci\u00f3 <a\nhref=\"https:\/\/gerardapps.cat\/ietorrequeralt\/\">AC\u00c0CIA<\/a><br \/>\nAcc\u00e9s al <a href=\"https:\/\/agora.xtec.cat\/ietorrequeralt\/wp-content\/uploads\/usu1262\/2023\/02\/MANUAL-ACACIA-FAMILIES-IE-TORRE-QUERALT.pdf\">MANUAL-ACACIA-FAMILIES-IE-TORRE-QUERALT<\/a><\/p>\n<p><a href=\"https:\/\/agora.xtec.cat\/ietorrequeralt\/wp-content\/uploads\/usu1262\/2023\/02\/comunicacion-interna-en-el-lugar-de-trabajo.png\"><img loading=\"lazy\" decoding=\"async\" src=\"https:\/\/agora.xtec.cat\/ietorrequeralt\/wp-content\/uploads\/usu1262\/2023\/02\/comunicacion-interna-en-el-lugar-de-trabajo.png\" alt=\"\" width=\"800\" height=\"449\" class=\"alignnone size-full wp-image-12344\" srcset=\"https:\/\/agora.xtec.cat\/ietorrequeralt\/wp-content\/uploads\/usu1262\/2023\/02\/comunicacion-interna-en-el-lugar-de-trabajo.png 800w, https:\/\/agora.xtec.cat\/ietorrequeralt\/wp-content\/uploads\/usu1262\/2023\/02\/comunicacion-interna-en-el-lugar-de-trabajo-300x168.png 300w, https:\/\/agora.xtec.cat\/ietorrequeralt\/wp-content\/uploads\/usu1262\/2023\/02\/comunicacion-interna-en-el-lugar-de-trabajo-768x431.png 768w\" sizes=\"auto, (max-width: 800px) 100vw, 800px\" \/><\/a><\/p>\n","protected":false},"excerpt":{"rendered":"<p><\/a>COMUNICACI\u00d3 GENERAL<br \/>\nEl centre disposa d&#8217;una web amb la informaci\u00f3 p\u00fablica. S&#8217;hi poden trobar articles sobre el que passa a l&#8217;escola dia a dia aix\u00ed com altres tipus d&#8217;apartats ( trets d&#8217;identitat, calendari del curs, horari, equip hum\u00e0, projecte ling\u00fc\u00edstic, NOFC i consell escolar, projectes, AFA,&hellip;  <a href=\"https:\/\/agora.xtec.cat\/ietorrequeralt\/edc\/cultura-digital\/comunicacio-i-xarxes\/\" title=\"Read Comunicaci\u00f3 i xarxes\">Llegeix m\u00e9s\u00bb<\/a><\/p>\n","protected":false},"author":1,"featured_media":0,"parent":11429,"menu_order":0,"comment_status":"closed","ping_status":"closed","template":"","meta":{"_bbp_topic_count":0,"_bbp_reply_count":0,"_bbp_total_topic_count":0,"_bbp_total_reply_count":0,"_bbp_voice_count":0,"_bbp_anonymous_reply_count":0,"_bbp_topic_count_hidden":0,"_bbp_reply_count_hidden":0,"_bbp_forum_subforum_count":0,"footnotes":""},"class_list":["post-11460","page","type-page","status-publish","hentry"],"post_mailing_queue_ids":[],"_links":{"self":[{"href":"https:\/\/agora.xtec.cat\/ietorrequeralt\/wp-json\/wp\/v2\/pages\/11460","targetHints":{"allow":["GET"]}}],"collection":[{"href":"https:\/\/agora.xtec.cat\/ietorrequeralt\/wp-json\/wp\/v2\/pages"}],"about":[{"href":"https:\/\/agora.xtec.cat\/ietorrequeralt\/wp-json\/wp\/v2\/types\/page"}],"author":[{"embeddable":true,"href":"https:\/\/agora.xtec.cat\/ietorrequeralt\/wp-json\/wp\/v2\/users\/1"}],"replies":[{"embeddable":true,"href":"https:\/\/agora.xtec.cat\/ietorrequeralt\/wp-json\/wp\/v2\/comments?post=11460"}],"version-history":[{"count":3,"href":"https:\/\/agora.xtec.cat\/ietorrequeralt\/wp-json\/wp\/v2\/pages\/11460\/revisions"}],"predecessor-version":[{"id":12454,"href":"https:\/\/agora.xtec.cat\/ietorrequeralt\/wp-json\/wp\/v2\/pages\/11460\/revisions\/12454"}],"up":[{"embeddable":true,"href":"https:\/\/agora.xtec.cat\/ietorrequeralt\/wp-json\/wp\/v2\/pages\/11429"}],"wp:attachment":[{"href":"https:\/\/agora.xtec.cat\/ietorrequeralt\/wp-json\/wp\/v2\/media?parent=11460"}],"curies":[{"name":"wp","href":"https:\/\/api.w.org\/{rel}","templated":true}]}}