{"id":11429,"date":"2022-05-16T15:53:29","date_gmt":"2022-05-16T13:53:29","guid":{"rendered":"https:\/\/agora.xtec.cat\/ietorrequeralt\/?page_id=11429"},"modified":"2024-05-30T19:42:50","modified_gmt":"2024-05-30T17:42:50","slug":"cultura-digital","status":"publish","type":"page","link":"https:\/\/agora.xtec.cat\/ietorrequeralt\/edc\/cultura-digital\/","title":{"rendered":"Cultura digital"},"content":{"rendered":"<p>El document de l\u2019EDC ser\u00e0 la refer\u00e8ncia del centre en l\u2019\u00e0mbit de tecnologies digitals. Per tant, \u00e9s important que aquest document reculli la gesti\u00f3 di\u00e0ria de l\u2019organitzaci\u00f3 digital del centre i ens faciliti el seguiment de la transformaci\u00f3 digital del centre.<\/p>\n<p><a href=\"https:\/\/agora.xtec.cat\/ietorrequeralt\/edc\/cultura-digital\/servei-i-recursos-digitals\/\">\u00a0 \u00a0 \u00a0 \u00a0 \u00a0 \u00a0 \u00a0 \u00a0<img loading=\"lazy\" decoding=\"async\" class=\"alignnone wp-image-11434\" src=\"https:\/\/agora.xtec.cat\/ietorrequeralt\/wp-content\/uploads\/usu1262\/2023\/03\/20.png\" alt=\"\" width=\"208\" height=\"208\" \/>\u00a0 \u00a0 \u00a0 \u00a0 \u00a0 \u00a0 \u00a0 \u00a0 \u00a0 \u00a0 \u00a0 \u00a0 \u00a0 \u00a0 <\/a><a href=\"https:\/\/agora.xtec.cat\/ietorrequeralt\/edc\/cultura-digital\/documentacio-2\/\"><img loading=\"lazy\" decoding=\"async\" class=\"alignnone wp-image-11436\" src=\"https:\/\/agora.xtec.cat\/ietorrequeralt\/wp-content\/uploads\/usu1262\/2023\/03\/21.png\" alt=\"\" width=\"214\" height=\"214\" \/><\/a><\/p>\n<p>&nbsp;<\/p>\n<p><a href=\"https:\/\/agora.xtec.cat\/ietorrequeralt\/edc\/cultura-digital\/professorat-alumnat-i-families\/\">\u00a0 \u00a0 \u00a0 \u00a0 \u00a0 \u00a0 \u00a0 <img loading=\"lazy\" decoding=\"async\" class=\"alignnone wp-image-11438\" src=\"https:\/\/agora.xtec.cat\/ietorrequeralt\/wp-content\/uploads\/usu1262\/2023\/03\/22.png\" alt=\"\" width=\"215\" height=\"215\" \/>\u00a0 \u00a0 \u00a0 \u00a0 \u00a0 \u00a0 \u00a0 \u00a0 \u00a0 \u00a0 \u00a0 \u00a0 \u00a0 \u00a0<\/a><a href=\"https:\/\/agora.xtec.cat\/ietorrequeralt\/edc\/cultura-digital\/acords-i-protocols\/\"><img loading=\"lazy\" decoding=\"async\" class=\"alignnone wp-image-11440\" src=\"https:\/\/agora.xtec.cat\/ietorrequeralt\/wp-content\/uploads\/usu1262\/2023\/03\/23.png\" alt=\"\" width=\"216\" height=\"216\" \/><\/a><\/p>\n<p>&nbsp;<\/p>\n<p><a href=\"https:\/\/agora.xtec.cat\/ietorrequeralt\/edc\/cultura-digital\/comunicacio-i-xarxes\/\">\u00a0 \u00a0 \u00a0 \u00a0 \u00a0 \u00a0 <img loading=\"lazy\" decoding=\"async\" class=\"alignnone wp-image-11441\" src=\"https:\/\/agora.xtec.cat\/ietorrequeralt\/wp-content\/uploads\/usu1262\/2023\/03\/24.png\" alt=\"\" width=\"222\" height=\"222\" \/>\u00a0 \u00a0 \u00a0 \u00a0 \u00a0 \u00a0 \u00a0 \u00a0 \u00a0 \u00a0 \u00a0 \u00a0 \u00a0 \u00a0<\/a><a href=\"https:\/\/agora.xtec.cat\/ietorrequeralt\/edc\/cultura-digital\/sequenciacio-cda\/\"><img loading=\"lazy\" decoding=\"async\" class=\"alignnone wp-image-12609\" src=\"https:\/\/agora.xtec.cat\/ietorrequeralt\/wp-content\/uploads\/usu1262\/2023\/04\/28-300x300.jpg\" alt=\"\" width=\"220\" height=\"220\" srcset=\"https:\/\/agora.xtec.cat\/ietorrequeralt\/wp-content\/uploads\/usu1262\/2023\/04\/28-300x300.jpg 300w, https:\/\/agora.xtec.cat\/ietorrequeralt\/wp-content\/uploads\/usu1262\/2023\/04\/28-1024x1024.jpg 1024w, https:\/\/agora.xtec.cat\/ietorrequeralt\/wp-content\/uploads\/usu1262\/2023\/04\/28-150x150.jpg 150w, https:\/\/agora.xtec.cat\/ietorrequeralt\/wp-content\/uploads\/usu1262\/2023\/04\/28-768x768.jpg 768w, https:\/\/agora.xtec.cat\/ietorrequeralt\/wp-content\/uploads\/usu1262\/2023\/04\/28.jpg 1080w\" sizes=\"auto, (max-width: 220px) 100vw, 220px\" \/><\/a><\/p>\n<p>&nbsp;<\/p>\n","protected":false},"excerpt":{"rendered":"<p>El document de l\u2019EDC ser\u00e0 la refer\u00e8ncia del centre en l\u2019\u00e0mbit de tecnologies digitals. Per tant, \u00e9s important que aquest document reculli la gesti\u00f3 di\u00e0ria de l\u2019organitzaci\u00f3 digital del centre i ens faciliti el seguiment de la transformaci\u00f3 digital del centre.<br \/>\n<a href=\"https:\/\/agora.xtec.cat\/ietorrequeralt\/edc\/cultura-digital\/servei-i-recursos-digitals\/\">\u00a0 \u00a0 \u00a0 \u00a0&hellip;  <a href=\"https:\/\/agora.xtec.cat\/ietorrequeralt\/edc\/cultura-digital\/\" title=\"Read Cultura digital\">Llegeix m\u00e9s\u00bb<\/a><\/p>\n","protected":false},"author":1,"featured_media":0,"parent":11368,"menu_order":0,"comment_status":"closed","ping_status":"closed","template":"","meta":{"_bbp_topic_count":0,"_bbp_reply_count":0,"_bbp_total_topic_count":0,"_bbp_total_reply_count":0,"_bbp_voice_count":0,"_bbp_anonymous_reply_count":0,"_bbp_topic_count_hidden":0,"_bbp_reply_count_hidden":0,"_bbp_forum_subforum_count":0,"footnotes":""},"class_list":["post-11429","page","type-page","status-publish","hentry"],"post_mailing_queue_ids":[],"_links":{"self":[{"href":"https:\/\/agora.xtec.cat\/ietorrequeralt\/wp-json\/wp\/v2\/pages\/11429","targetHints":{"allow":["GET"]}}],"collection":[{"href":"https:\/\/agora.xtec.cat\/ietorrequeralt\/wp-json\/wp\/v2\/pages"}],"about":[{"href":"https:\/\/agora.xtec.cat\/ietorrequeralt\/wp-json\/wp\/v2\/types\/page"}],"author":[{"embeddable":true,"href":"https:\/\/agora.xtec.cat\/ietorrequeralt\/wp-json\/wp\/v2\/users\/1"}],"replies":[{"embeddable":true,"href":"https:\/\/agora.xtec.cat\/ietorrequeralt\/wp-json\/wp\/v2\/comments?post=11429"}],"version-history":[{"count":6,"href":"https:\/\/agora.xtec.cat\/ietorrequeralt\/wp-json\/wp\/v2\/pages\/11429\/revisions"}],"predecessor-version":[{"id":13734,"href":"https:\/\/agora.xtec.cat\/ietorrequeralt\/wp-json\/wp\/v2\/pages\/11429\/revisions\/13734"}],"up":[{"embeddable":true,"href":"https:\/\/agora.xtec.cat\/ietorrequeralt\/wp-json\/wp\/v2\/pages\/11368"}],"wp:attachment":[{"href":"https:\/\/agora.xtec.cat\/ietorrequeralt\/wp-json\/wp\/v2\/media?parent=11429"}],"curies":[{"name":"wp","href":"https:\/\/api.w.org\/{rel}","templated":true}]}}