{"id":11394,"date":"2022-05-09T16:50:08","date_gmt":"2022-05-09T14:50:08","guid":{"rendered":"https:\/\/agora.xtec.cat\/ietorrequeralt\/?page_id=11394"},"modified":"2025-07-08T09:36:18","modified_gmt":"2025-07-08T07:36:18","slug":"sec","status":"publish","type":"page","link":"https:\/\/agora.xtec.cat\/ietorrequeralt\/sec\/","title":{"rendered":"Secund\u00e0ria"},"content":{"rendered":"<p>Les vacances d\u2019estiu s\u00f3n un temps per descansar de l\u2019activitat escolar ordin\u00e0ria i per fer activitats de lleure que<br \/>\npermetin els nois i noies desconnectar de la rutina i afrontar amb forces renovades el nou curs. Al mateix<br \/>\ntemps, el per\u00edode estival tamb\u00e9 brinda una bona oportunitat per mantenir i refor\u00e7ar compet\u00e8ncies b\u00e0siques com<br \/>\nla lectura o el raonament matem\u00e0tic, i per consolidar h\u00e0bits personals de treball i d\u2019iniciativa personal.\u00a0<br \/>\n\u00c9s en aquest sentit que des del nostre centre volem fer una s\u00e8rie de propostes i recomanacions d\u2019activitats<br \/>\nd\u2019estiu perqu\u00e8 les fam\u00edlies pugueu facilitar als vostres fills i filles recursos apropiats perqu\u00e8, de manera<br \/>\naut\u00f2noma, puguin mantenir i refor\u00e7ar aquest h\u00e0bit de treball.<br \/>\n<strong>Tasques i recomanacions per realitzar durant l\u2019estiu per a l&#8217;alumnat de 1r a 4t d&#8217;ESO:<\/strong><br \/>\n<a href=\"https:\/\/agora.xtec.cat\/ietorrequeralt\/wp-content\/uploads\/usu1262\/2025\/06\/REFORC-DESTIU-ESO-2024-25-1-1.pdf\">https:\/\/agora.xtec.cat\/ietorrequeralt\/wp-content\/uploads\/usu1262\/2025\/06\/REFORC-DESTIU-ESO-2024-25-1-1.pdf<\/a><\/p>\n<p>Els llibres del curs 2025-26 es repartiran a l\u2019alumnat de 1r, 2n, 3r ESO i 4t ESO a inici de curs. La relaci\u00f3 de llibres \u00e9s la<br \/>\nseg\u00fcent:<br \/>\n<a href=\"https:\/\/agora.xtec.cat\/ietorrequeralt\/wp-content\/uploads\/usu1262\/2025\/07\/Llibres-curs-2025-26.pdf\">Llibres curs 2025-26<\/a><\/p>\n","protected":false},"excerpt":{"rendered":"<p>Les vacances d\u2019estiu s\u00f3n un temps per descansar de l\u2019activitat escolar ordin\u00e0ria i per fer activitats de lleure que<br \/>\npermetin els nois i noies desconnectar de la rutina i afrontar amb forces renovades el nou curs. Al mateix<br \/>\ntemps, el per\u00edode estival tamb\u00e9 brinda una bona oportunitat&hellip;  <a href=\"https:\/\/agora.xtec.cat\/ietorrequeralt\/sec\/\" title=\"Read Secund\u00e0ria\">Llegeix m\u00e9s\u00bb<\/a><\/p>\n","protected":false},"author":1,"featured_media":0,"parent":0,"menu_order":0,"comment_status":"closed","ping_status":"closed","template":"","meta":{"_bbp_topic_count":0,"_bbp_reply_count":0,"_bbp_total_topic_count":0,"_bbp_total_reply_count":0,"_bbp_voice_count":0,"_bbp_anonymous_reply_count":0,"_bbp_topic_count_hidden":0,"_bbp_reply_count_hidden":0,"_bbp_forum_subforum_count":0,"footnotes":""},"class_list":["post-11394","page","type-page","status-publish","hentry"],"post_mailing_queue_ids":[],"_links":{"self":[{"href":"https:\/\/agora.xtec.cat\/ietorrequeralt\/wp-json\/wp\/v2\/pages\/11394","targetHints":{"allow":["GET"]}}],"collection":[{"href":"https:\/\/agora.xtec.cat\/ietorrequeralt\/wp-json\/wp\/v2\/pages"}],"about":[{"href":"https:\/\/agora.xtec.cat\/ietorrequeralt\/wp-json\/wp\/v2\/types\/page"}],"author":[{"embeddable":true,"href":"https:\/\/agora.xtec.cat\/ietorrequeralt\/wp-json\/wp\/v2\/users\/1"}],"replies":[{"embeddable":true,"href":"https:\/\/agora.xtec.cat\/ietorrequeralt\/wp-json\/wp\/v2\/comments?post=11394"}],"version-history":[{"count":6,"href":"https:\/\/agora.xtec.cat\/ietorrequeralt\/wp-json\/wp\/v2\/pages\/11394\/revisions"}],"predecessor-version":[{"id":15896,"href":"https:\/\/agora.xtec.cat\/ietorrequeralt\/wp-json\/wp\/v2\/pages\/11394\/revisions\/15896"}],"wp:attachment":[{"href":"https:\/\/agora.xtec.cat\/ietorrequeralt\/wp-json\/wp\/v2\/media?parent=11394"}],"curies":[{"name":"wp","href":"https:\/\/api.w.org\/{rel}","templated":true}]}}