{"id":11368,"date":"2022-05-09T16:44:12","date_gmt":"2022-05-09T14:44:12","guid":{"rendered":"https:\/\/agora.xtec.cat\/ietorrequeralt\/?page_id=11368"},"modified":"2024-05-30T20:20:40","modified_gmt":"2024-05-30T18:20:40","slug":"edc","status":"publish","type":"page","link":"https:\/\/agora.xtec.cat\/ietorrequeralt\/edc\/","title":{"rendered":"EDC (Estrat\u00e8gia Digital de Centre)"},"content":{"rendered":"<p>L&#8217;Estrat\u00e8gia Digital de Centre (EDC) defineix i concreta les l\u00ednies d&#8217;actuaci\u00f3 d&#8217;un centre que fan possible que docents, alumnat i centre assoleixin la compet\u00e8ncia digital. Per aconseguir aquesta compet\u00e8ncia digital, l&#8217;EDC compr\u00e8n tots els \u00e0mbits del centre: organitzatius, metodol\u00f2gics, curriculars i comunicatius, els quals s&#8217;han de veure necess\u00e0riament implicats i, si escau, transformats, des d\u2019una perspectiva d&#8217;innovaci\u00f3 i de millora cont\u00ednua.<\/p>\n<p><a href=\"https:\/\/agora.xtec.cat\/ietorrequeralt\/wp-content\/uploads\/usu1262\/2024\/05\/1_Que-es-lEDC_v3-1-768x543-1.jpg\"><img loading=\"lazy\" decoding=\"async\" class=\"aligncenter wp-image-13745\" src=\"https:\/\/agora.xtec.cat\/ietorrequeralt\/wp-content\/uploads\/usu1262\/2024\/05\/1_Que-es-lEDC_v3-1-768x543-1.jpg\" alt=\"\" width=\"397\" height=\"281\" \/><\/a><\/p>\n<p>L&#8217;Institut Escola Torre Queralt est\u00e0 treballant per la digitalitzaci\u00f3 dels processos d\u2019ensenyament-aprenentatge, a fi de millorar la compet\u00e8ncia digital de l\u2019alumnat.<\/p>\n<p>Per tal de con\u00e8ixer l\u2019estrat\u00e8gia digital del centre podeu consultar els apartats:<\/p>\n<p><a href=\" https:\/\/agora.xtec.cat\/ietorrequeralt\/edc\/part-estrategica\/\">\u00a0 \u00a0 \u00a0 \u00a0 \u00a0 \u00a0 \u00a0 \u00a0 \u00a0 \u00a0 \u00a0 <img loading=\"lazy\" decoding=\"async\" class=\"size-medium wp-image-11310 alignnone\" src=\"https:\/\/agora.xtec.cat\/ietorrequeralt\/wp-content\/uploads\/usu1262\/2022\/05\/cultura-1bo-233x300.png\" alt=\"\" width=\"233\" height=\"300\" srcset=\"https:\/\/agora.xtec.cat\/ietorrequeralt\/wp-content\/uploads\/usu1262\/2022\/05\/cultura-1bo-233x300.png 233w, https:\/\/agora.xtec.cat\/ietorrequeralt\/wp-content\/uploads\/usu1262\/2022\/05\/cultura-1bo.png 242w\" sizes=\"auto, (max-width: 233px) 100vw, 233px\" \/>\u00a0 \u00a0 \u00a0 \u00a0 \u00a0 \u00a0 \u00a0 \u00a0 \u00a0 \u00a0 <\/a><a href=\"https:\/\/agora.xtec.cat\/ietorrequeralt\/edc\/cultura-digital\/\"><img loading=\"lazy\" decoding=\"async\" class=\"size-medium wp-image-11311 alignnone\" src=\"https:\/\/agora.xtec.cat\/ietorrequeralt\/wp-content\/uploads\/usu1262\/2022\/05\/cultura-bo2-184x300.png\" alt=\"\" width=\"184\" height=\"300\" srcset=\"https:\/\/agora.xtec.cat\/ietorrequeralt\/wp-content\/uploads\/usu1262\/2022\/05\/cultura-bo2-184x300.png 184w, https:\/\/agora.xtec.cat\/ietorrequeralt\/wp-content\/uploads\/usu1262\/2022\/05\/cultura-bo2.png 188w\" sizes=\"auto, (max-width: 184px) 100vw, 184px\" \/><\/a><\/p>\n<p>&nbsp;<\/p>\n","protected":false},"excerpt":{"rendered":"<p>L&#8217;Estrat\u00e8gia Digital de Centre (EDC) defineix i concreta les l\u00ednies d&#8217;actuaci\u00f3 d&#8217;un centre que fan possible que docents, alumnat i centre assoleixin la compet\u00e8ncia digital. Per aconseguir aquesta compet\u00e8ncia digital, l&#8217;EDC compr\u00e8n tots els \u00e0mbits del centre: organitzatius, metodol\u00f2gics, curriculars i comunicatius, els quals s&#8217;han&hellip;  <a href=\"https:\/\/agora.xtec.cat\/ietorrequeralt\/edc\/\" title=\"Read EDC (Estrat\u00e8gia Digital de Centre)\">Llegeix m\u00e9s\u00bb<\/a><\/p>\n","protected":false},"author":1,"featured_media":0,"parent":0,"menu_order":0,"comment_status":"closed","ping_status":"closed","template":"","meta":{"_bbp_topic_count":0,"_bbp_reply_count":0,"_bbp_total_topic_count":0,"_bbp_total_reply_count":0,"_bbp_voice_count":0,"_bbp_anonymous_reply_count":0,"_bbp_topic_count_hidden":0,"_bbp_reply_count_hidden":0,"_bbp_forum_subforum_count":0,"footnotes":""},"class_list":["post-11368","page","type-page","status-publish","hentry"],"post_mailing_queue_ids":[],"_links":{"self":[{"href":"https:\/\/agora.xtec.cat\/ietorrequeralt\/wp-json\/wp\/v2\/pages\/11368","targetHints":{"allow":["GET"]}}],"collection":[{"href":"https:\/\/agora.xtec.cat\/ietorrequeralt\/wp-json\/wp\/v2\/pages"}],"about":[{"href":"https:\/\/agora.xtec.cat\/ietorrequeralt\/wp-json\/wp\/v2\/types\/page"}],"author":[{"embeddable":true,"href":"https:\/\/agora.xtec.cat\/ietorrequeralt\/wp-json\/wp\/v2\/users\/1"}],"replies":[{"embeddable":true,"href":"https:\/\/agora.xtec.cat\/ietorrequeralt\/wp-json\/wp\/v2\/comments?post=11368"}],"version-history":[{"count":7,"href":"https:\/\/agora.xtec.cat\/ietorrequeralt\/wp-json\/wp\/v2\/pages\/11368\/revisions"}],"predecessor-version":[{"id":13753,"href":"https:\/\/agora.xtec.cat\/ietorrequeralt\/wp-json\/wp\/v2\/pages\/11368\/revisions\/13753"}],"wp:attachment":[{"href":"https:\/\/agora.xtec.cat\/ietorrequeralt\/wp-json\/wp\/v2\/media?parent=11368"}],"curies":[{"name":"wp","href":"https:\/\/api.w.org\/{rel}","templated":true}]}}