{"id":11347,"date":"2022-05-09T16:39:05","date_gmt":"2022-05-09T14:39:05","guid":{"rendered":"https:\/\/agora.xtec.cat\/ietorrequeralt\/?page_id=11347"},"modified":"2024-07-16T16:04:27","modified_gmt":"2024-07-16T14:04:27","slug":"equip-huma","status":"publish","type":"page","link":"https:\/\/agora.xtec.cat\/ietorrequeralt\/equip-huma\/","title":{"rendered":"Equip hum\u00e0"},"content":{"rendered":"<p><strong>DIRECCI\u00d3:<\/strong> \u00c0ngel Ibaceta Solanilla<br \/>\n<strong>Cap d&#8217;estudis PRIM\u00c0RIA:<\/strong> Anna Solans Mesalles<br \/>\n<strong>Cap d&#8217;estudis SECUND\u00c0RIA:<\/strong> Estefania Pedr\u00f3s M\u00e1s<br \/>\n<strong>Coordinaci\u00f3 pedag\u00f2gica:<\/strong> Silvia Bonilla Amador<br \/>\n<strong>Secretaria:<\/strong> Luis Miguel Cor Arias<br \/>\n<strong>Inspecci\u00f3:<\/strong> Alba Bosch Meda<\/p>\n","protected":false},"excerpt":{"rendered":"<p>DIRECCI\u00d3: \u00c0ngel Ibaceta Solanilla<br \/>\nCap d&#8217;estudis PRIM\u00c0RIA: Anna Solans Mesalles<br \/>\nCap d&#8217;estudis SECUND\u00c0RIA: Estefania Pedr\u00f3s M\u00e1s<br \/>\nCoordinaci\u00f3 pedag\u00f2gica: Silvia Bonilla Amador<br \/>\nSecretaria: Luis Miguel Cor Arias<br \/>\nInspecci\u00f3: Alba Bosch Meda<\/p>\n","protected":false},"author":1,"featured_media":0,"parent":0,"menu_order":0,"comment_status":"closed","ping_status":"closed","template":"","meta":{"_bbp_topic_count":0,"_bbp_reply_count":0,"_bbp_total_topic_count":0,"_bbp_total_reply_count":0,"_bbp_voice_count":0,"_bbp_anonymous_reply_count":0,"_bbp_topic_count_hidden":0,"_bbp_reply_count_hidden":0,"_bbp_forum_subforum_count":0,"footnotes":""},"class_list":["post-11347","page","type-page","status-publish","hentry"],"post_mailing_queue_ids":[],"_links":{"self":[{"href":"https:\/\/agora.xtec.cat\/ietorrequeralt\/wp-json\/wp\/v2\/pages\/11347","targetHints":{"allow":["GET"]}}],"collection":[{"href":"https:\/\/agora.xtec.cat\/ietorrequeralt\/wp-json\/wp\/v2\/pages"}],"about":[{"href":"https:\/\/agora.xtec.cat\/ietorrequeralt\/wp-json\/wp\/v2\/types\/page"}],"author":[{"embeddable":true,"href":"https:\/\/agora.xtec.cat\/ietorrequeralt\/wp-json\/wp\/v2\/users\/1"}],"replies":[{"embeddable":true,"href":"https:\/\/agora.xtec.cat\/ietorrequeralt\/wp-json\/wp\/v2\/comments?post=11347"}],"version-history":[{"count":6,"href":"https:\/\/agora.xtec.cat\/ietorrequeralt\/wp-json\/wp\/v2\/pages\/11347\/revisions"}],"predecessor-version":[{"id":13946,"href":"https:\/\/agora.xtec.cat\/ietorrequeralt\/wp-json\/wp\/v2\/pages\/11347\/revisions\/13946"}],"wp:attachment":[{"href":"https:\/\/agora.xtec.cat\/ietorrequeralt\/wp-json\/wp\/v2\/media?parent=11347"}],"curies":[{"name":"wp","href":"https:\/\/api.w.org\/{rel}","templated":true}]}}