{"id":11339,"date":"2022-05-09T16:37:02","date_gmt":"2022-05-09T14:37:02","guid":{"rendered":"https:\/\/agora.xtec.cat\/ietorrequeralt\/?page_id=11339"},"modified":"2025-06-25T10:02:48","modified_gmt":"2025-06-25T08:02:48","slug":"installacions","status":"publish","type":"page","link":"https:\/\/agora.xtec.cat\/ietorrequeralt\/installacions\/","title":{"rendered":"QUOTA ESCOLAR DE MATERIAL"},"content":{"rendered":"<p>Benvolgudes fam\u00edlies,<br \/>\nCom cada curs us fem saber que les quotes escolars que han de fer efectives tots els alumnes.<br \/>\nCal destacar que per realitzar el pagament recomanem abonar la quantitat a la consergeria del centre educatiu o realitzar un ingr\u00e9s o transfer\u00e8ncia banc\u00e0ria al compte corrent indicat en la circular que trobareu en aquest espai de la web del centre.<\/p>\n<p><a href=\"https:\/\/agora.xtec.cat\/ietorrequeralt\/wp-content\/uploads\/usu1262\/2025\/06\/PAGAMENT-QUOTES-2025-26.docx_page-0001.jpg\"><img loading=\"lazy\" decoding=\"async\" src=\"https:\/\/agora.xtec.cat\/ietorrequeralt\/wp-content\/uploads\/usu1262\/2025\/06\/PAGAMENT-QUOTES-2025-26.docx_page-0001-212x300.jpg\" alt=\"\" width=\"212\" height=\"300\" class=\"alignnone size-medium wp-image-15863\" srcset=\"https:\/\/agora.xtec.cat\/ietorrequeralt\/wp-content\/uploads\/usu1262\/2025\/06\/PAGAMENT-QUOTES-2025-26.docx_page-0001-212x300.jpg 212w, https:\/\/agora.xtec.cat\/ietorrequeralt\/wp-content\/uploads\/usu1262\/2025\/06\/PAGAMENT-QUOTES-2025-26.docx_page-0001-725x1024.jpg 725w, https:\/\/agora.xtec.cat\/ietorrequeralt\/wp-content\/uploads\/usu1262\/2025\/06\/PAGAMENT-QUOTES-2025-26.docx_page-0001-768x1085.jpg 768w, https:\/\/agora.xtec.cat\/ietorrequeralt\/wp-content\/uploads\/usu1262\/2025\/06\/PAGAMENT-QUOTES-2025-26.docx_page-0001-1087x1536.jpg 1087w, https:\/\/agora.xtec.cat\/ietorrequeralt\/wp-content\/uploads\/usu1262\/2025\/06\/PAGAMENT-QUOTES-2025-26.docx_page-0001.jpg 1242w\" sizes=\"auto, (max-width: 212px) 100vw, 212px\" \/><\/a><\/p>\n","protected":false},"excerpt":{"rendered":"<p>Benvolgudes fam\u00edlies,<br \/>\nCom cada curs us fem saber que les quotes escolars que han de fer efectives tots els alumnes.<br \/>\nCal destacar que per realitzar el pagament recomanem abonar la quantitat a la consergeria del centre educatiu o realitzar un ingr\u00e9s o transfer\u00e8ncia banc\u00e0ria al compte corrent&hellip;  <a href=\"https:\/\/agora.xtec.cat\/ietorrequeralt\/installacions\/\" title=\"Read QUOTA ESCOLAR DE MATERIAL\">Llegeix m\u00e9s\u00bb<\/a><\/p>\n","protected":false},"author":1,"featured_media":0,"parent":0,"menu_order":0,"comment_status":"closed","ping_status":"closed","template":"","meta":{"_bbp_topic_count":0,"_bbp_reply_count":0,"_bbp_total_topic_count":0,"_bbp_total_reply_count":0,"_bbp_voice_count":0,"_bbp_anonymous_reply_count":0,"_bbp_topic_count_hidden":0,"_bbp_reply_count_hidden":0,"_bbp_forum_subforum_count":0,"footnotes":""},"class_list":["post-11339","page","type-page","status-publish","hentry"],"post_mailing_queue_ids":[],"_links":{"self":[{"href":"https:\/\/agora.xtec.cat\/ietorrequeralt\/wp-json\/wp\/v2\/pages\/11339","targetHints":{"allow":["GET"]}}],"collection":[{"href":"https:\/\/agora.xtec.cat\/ietorrequeralt\/wp-json\/wp\/v2\/pages"}],"about":[{"href":"https:\/\/agora.xtec.cat\/ietorrequeralt\/wp-json\/wp\/v2\/types\/page"}],"author":[{"embeddable":true,"href":"https:\/\/agora.xtec.cat\/ietorrequeralt\/wp-json\/wp\/v2\/users\/1"}],"replies":[{"embeddable":true,"href":"https:\/\/agora.xtec.cat\/ietorrequeralt\/wp-json\/wp\/v2\/comments?post=11339"}],"version-history":[{"count":6,"href":"https:\/\/agora.xtec.cat\/ietorrequeralt\/wp-json\/wp\/v2\/pages\/11339\/revisions"}],"predecessor-version":[{"id":15864,"href":"https:\/\/agora.xtec.cat\/ietorrequeralt\/wp-json\/wp\/v2\/pages\/11339\/revisions\/15864"}],"wp:attachment":[{"href":"https:\/\/agora.xtec.cat\/ietorrequeralt\/wp-json\/wp\/v2\/media?parent=11339"}],"curies":[{"name":"wp","href":"https:\/\/api.w.org\/{rel}","templated":true}]}}