{"id":11330,"date":"2022-05-09T16:31:27","date_gmt":"2022-05-09T14:31:27","guid":{"rendered":"https:\/\/agora.xtec.cat\/ietorrequeralt\/?page_id=11330"},"modified":"2022-07-07T12:09:35","modified_gmt":"2022-07-07T10:09:35","slug":"qui-som","status":"publish","type":"page","link":"https:\/\/agora.xtec.cat\/ietorrequeralt\/qui-som\/","title":{"rendered":"Qui som"},"content":{"rendered":"<p>Som un nou centre educatiu, <strong>l&#8217;Institut Escola Torre Queralt<\/strong> del barri del Sec\u00e0 de Sant Pere de Lleida, resultant de la fusi\u00f3 de les dues escoles p\u00fabliques Terres de Ponent i Ginesta el curs 2016-17. \u00c9s el primer institut escola en la demarcaci\u00f3 de Lleida, una f\u00f3rmula que parla del projecte educatiu del barri, amb moltes oportunitats i possibilitats. \u00c9s un espai de conviv\u00e8ncia i d\u2019ensenyament-aprenentatge on l\u2019escolaritzaci\u00f3 comen\u00e7a a P3 i acabar\u00e0 a 4t d\u2019ESO.<\/p>\n<p>L\u2019AMPA i les fam\u00edlies tenen un paper fonamental a l\u2019hora de consolidar i cohesionar aquest nou repte tan important i significatiu per a les dues comunitats educatives que s\u2019han unit. El fet de ser un institut escola de barri, ho vivim com quelcom molt positiu que ens permet con\u00e8ixer cada alumne pel seu nom, la seva hist\u00f2ria, la seva situaci\u00f3, aconseguint una atenci\u00f3 molt personalitzada de la seva traject\u00f2ria i un tracte individualitzat amb cadascun d&#8217;ells, fruit del convenciment i d&#8217;una organitzaci\u00f3 amb un sistema inclusiu que ho fan possible.<\/p>\n<p>EL CENTRE T\u00c9 DOS EDIFICIS, per tant els alumnes es distribueixen per edats, cicles i cursos:<\/p>\n<p>\u2022 ESCOLA: Educaci\u00f3 Infantil i Prim\u00e0ria, de P3 a 6\u00e8, ubicada a l\u2019av. de Sant Pere, 54.<br \/>\n\u2022 INSTITUT: Educaci\u00f3 Secund\u00e0ria Obligat\u00f2ria, 1r a 4t d\u2019ESO, ubicat al c. Escoles, 2.<\/p>\n<p>L\u2019Institut Escola Torre Queralt \u00e9s un centre de titularitat p\u00fablica, obert a l\u2019entorn, actiu, respectu\u00f3s, innovador, participatiu i receptiu. Compta amb 340 alumnes i 38 docents.<\/p>\n<p>D&#8217;on neix la idea?<br \/>\nLa fusi\u00f3 va n\u00e9ixer arran de la manca d\u2019alumnat dels dos centres i per cohesionar els nens i joves de tot el barri. El curs seg\u00fcent de la fusi\u00f3 es va decidir, des del Departament d\u2019Ensenyament de la Generalitat de Catalunya, la creaci\u00f3 i integraci\u00f3 d\u2019un Institut Escola, que inclou les edats de 3 a 16 anys. A nivell organitzatiu suposa una \u00fanica direcci\u00f3 que representa una continu\u00eftat pedag\u00f2gica amb prim\u00e0ria, responsable de dirigir i portar aquest projecte a terme, juntament amb una secret\u00e0ria i dos caps d\u2019estudis. En el nostre cas un edifici ser\u00e0 l\u2019escola i l\u2019altre l\u2019institut. Aix\u00ed la din\u00e0mica ser\u00e0 diferent, per\u00f2 s\u2019enlla\u00e7ar\u00e0 en una \u00daNICA L\u00cdNIA METODOL\u00d2GICA I PEDAG\u00d2GICA TRANSVERSAL.<\/p>\n<p>Qu\u00e8 ens aporta?<br \/>\n\u00b7 Els alumnes, fam\u00edlies, personal docent i no docent hem estat capa\u00e7os de conviure, coordinar-nos i treballar junts per tal de formar una \u00fanica comunitat educativa, creant aix\u00ed una l\u00ednia pedag\u00f2gica amb les estrat\u00e8gies m\u00e9s positives i innovadores de les dues escoles.<\/p>\n<p>\u00b7 Partint que som un centre inclusiu, apostem per aquest projecte transversal al barri i d\u2019entorn educatiu. El nostre objectiu \u00e9s aconseguir una m\u00e0xima cohesi\u00f3, participaci\u00f3, esfor\u00e7 compartit, il\u00b7lusi\u00f3, confian\u00e7a i moltes dosis d\u2019amabilitat entre totes les persones que formen la comunitat educativa del centre.<\/p>\n<p>\u00b7 Cada alumne se sent acollit, acceptat i estimat ja des del primer moment que trepitja el centre. Sabem que una bona acollida predisposa positivament a adaptar-se i a aprendre.<\/p>\n<p>\u00b7 Vivim la interculturalitat com una font de riquesa on cadasc\u00fa pot aprendre molt de l&#8217;altre. Estem plenament conven\u00e7uts de la riquesa que la diversitat comporta. Diversitat no sols entre persones provinents de cultures diverses, sin\u00f3 tamb\u00e9 la diversitat que es d\u00f3na entre persones nascudes aqu\u00ed, individualitat que \u00e9s tret distintiu de tota persona i que cal atendre com es mereix.<\/p>\n<p>L\u2019Institut Escola Torre Queralt \u00e9s un projecte educatiu que s\u2019est\u00e0 duent a terme i que contempla un recorregut d\u2019implementaci\u00f3. Amb for\u00e7a i valentia volem impulsar el treball en equip per tal que aflori EL SENTIMENT DE PERTINEN\u00c7A REAL COM A UN CENTRE PROPI DEL BARRI DEL SEC\u00c0, posant especial \u00e8mfasi en la integraci\u00f3 del nou alumnat de l\u2019ESO.<\/p>\n","protected":false},"excerpt":{"rendered":"<p>Som un nou centre educatiu, l&#8217;Institut Escola Torre Queralt del barri del Sec\u00e0 de Sant Pere de Lleida, resultant de la fusi\u00f3 de les dues escoles p\u00fabliques Terres de Ponent i Ginesta el curs 2016-17. \u00c9s el primer institut escola en la demarcaci\u00f3 de Lleida,&hellip;  <a href=\"https:\/\/agora.xtec.cat\/ietorrequeralt\/qui-som\/\" title=\"Read Qui som\">Llegeix m\u00e9s\u00bb<\/a><\/p>\n","protected":false},"author":1,"featured_media":0,"parent":0,"menu_order":0,"comment_status":"closed","ping_status":"closed","template":"","meta":{"_bbp_topic_count":0,"_bbp_reply_count":0,"_bbp_total_topic_count":0,"_bbp_total_reply_count":0,"_bbp_voice_count":0,"_bbp_anonymous_reply_count":0,"_bbp_topic_count_hidden":0,"_bbp_reply_count_hidden":0,"_bbp_forum_subforum_count":0,"footnotes":""},"class_list":["post-11330","page","type-page","status-publish","hentry"],"post_mailing_queue_ids":[],"_links":{"self":[{"href":"https:\/\/agora.xtec.cat\/ietorrequeralt\/wp-json\/wp\/v2\/pages\/11330","targetHints":{"allow":["GET"]}}],"collection":[{"href":"https:\/\/agora.xtec.cat\/ietorrequeralt\/wp-json\/wp\/v2\/pages"}],"about":[{"href":"https:\/\/agora.xtec.cat\/ietorrequeralt\/wp-json\/wp\/v2\/types\/page"}],"author":[{"embeddable":true,"href":"https:\/\/agora.xtec.cat\/ietorrequeralt\/wp-json\/wp\/v2\/users\/1"}],"replies":[{"embeddable":true,"href":"https:\/\/agora.xtec.cat\/ietorrequeralt\/wp-json\/wp\/v2\/comments?post=11330"}],"version-history":[{"count":3,"href":"https:\/\/agora.xtec.cat\/ietorrequeralt\/wp-json\/wp\/v2\/pages\/11330\/revisions"}],"predecessor-version":[{"id":11614,"href":"https:\/\/agora.xtec.cat\/ietorrequeralt\/wp-json\/wp\/v2\/pages\/11330\/revisions\/11614"}],"wp:attachment":[{"href":"https:\/\/agora.xtec.cat\/ietorrequeralt\/wp-json\/wp\/v2\/media?parent=11330"}],"curies":[{"name":"wp","href":"https:\/\/api.w.org\/{rel}","templated":true}]}}